{"id":4666,"date":"2026-03-19T16:33:46","date_gmt":"2026-03-19T22:33:46","guid":{"rendered":"https:\/\/genios-gt.com\/?post_type=product&#038;p=4666"},"modified":"2026-03-19T16:33:47","modified_gmt":"2026-03-19T22:33:47","slug":"hebilla-escorpion-bronce-figura-g416","status":"publish","type":"product","link":"https:\/\/genios-gt.com\/index.php\/producto\/hebilla-escorpion-bronce-figura-g416\/","title":{"rendered":"HEBILLA ESCORPION BRONCE FIGURA G416"},"content":{"rendered":"<p data-start=\"79\" data-end=\"155\"><strong data-start=\"79\" data-end=\"107\">HEBILLA ESCORPI\u00d3N BRONCE<\/strong><br data-start=\"107\" data-end=\"110\" \/><strong data-start=\"110\" data-end=\"155\">Dise\u00f1o imponente \u2022 Calidad de importaci\u00f3n<\/strong><\/p>\n<p data-start=\"157\" data-end=\"372\">Atr\u00e9vete a destacar con una hebilla \u00fanica en forma de escorpi\u00f3n, s\u00edmbolo de fuerza, car\u00e1cter y personalidad. Su acabado en tono bronce le da un estilo rudo y elegante, perfecto para quienes buscan marcar diferencia.<\/p>\n<p data-start=\"374\" data-end=\"497\">\u2714 Dise\u00f1o detallado y llamativo<br data-start=\"404\" data-end=\"407\" \/>\u2714 Material: aleaci\u00f3n de zinc resistente<br data-start=\"446\" data-end=\"449\" \/>\u2714 Ideal para outfits casuales o estilo vaquero<\/p>\n<p data-start=\"499\" data-end=\"559\"><strong data-start=\"499\" data-end=\"510\">Tama\u00f1o:<\/strong> 9 x 7.5 cm<br data-start=\"521\" data-end=\"524\" \/><strong data-start=\"524\" data-end=\"533\">Peso:<\/strong> 78 g<br data-start=\"538\" data-end=\"541\" \/><strong data-start=\"541\" data-end=\"552\">C\u00f3digo:<\/strong> G416<\/p>\n<p data-start=\"561\" data-end=\"613\">\ud83d\udca5 <strong data-start=\"564\" data-end=\"586\">S\u00faper precio: Q175<\/strong><br data-start=\"586\" data-end=\"589\" \/>\ud83d\udce6 Pago contra entrega<\/p>\n<p data-start=\"615\" data-end=\"644\">\u26a0\ufe0f <em data-start=\"618\" data-end=\"644\">No incluye faja o cincho<\/em><\/p>\n","protected":false},"excerpt":{"rendered":"<p><span class=\"fe5nidar khvhiq1o r5qsrrlp i5tg98hk f9ovudaz przvwfww gx1rr48f gfz4du6o r7fjleex nz2484kf svot0ezm dcnh1tix sxl192xd t3g6t33p\"><span class=\"mpj7bzys xzlurrtv\">\u2714\ufe0f<\/span><\/span>Material: Aleaci\u00f3n de Zinc.<\/p>\n<p>\u2714\ufe0fDise\u00f1o: Silueta de Escorpi\u00f3n color bronce .<\/p>\n<p>\u2714\ufe0fEstilo: Retro Vintage.<\/p>\n<p>\ud83d\udcb5\u00a0En la compra de 2 o mas productos el envi\u00f3 es Gratis<\/p>\n<p>\ud83c\uddec\ud83c\uddf9\u00a0Env\u00edos a todo el pais.<\/p>\n<p>\ud83d\ude9a\u00a0Pagas al recibir.<\/p>\n","protected":false},"featured_media":4668,"comment_status":"open","ping_status":"closed","template":"","meta":{"_uag_custom_page_level_css":""},"product_cat":[131],"product_tag":[],"jetpack_sharing_enabled":true,"uagb_featured_image_src":{"full":["https:\/\/genios-gt.com\/wp-content\/uploads\/2026\/03\/HEBILLA-ESCORPION-G416-scaled.jpg",2560,2560,false],"thumbnail":["https:\/\/genios-gt.com\/wp-content\/uploads\/2026\/03\/HEBILLA-ESCORPION-G416-150x150.jpg",150,150,true],"medium":["https:\/\/genios-gt.com\/wp-content\/uploads\/2026\/03\/HEBILLA-ESCORPION-G416-300x300.jpg",300,300,true],"medium_large":["https:\/\/genios-gt.com\/wp-content\/uploads\/2026\/03\/HEBILLA-ESCORPION-G416-768x768.jpg",640,640,true],"large":["https:\/\/genios-gt.com\/wp-content\/uploads\/2026\/03\/HEBILLA-ESCORPION-G416-1024x1024.jpg",640,640,true],"1536x1536":["https:\/\/genios-gt.com\/wp-content\/uploads\/2026\/03\/HEBILLA-ESCORPION-G416-1536x1536.jpg",1536,1536,true],"2048x2048":["https:\/\/genios-gt.com\/wp-content\/uploads\/2026\/03\/HEBILLA-ESCORPION-G416-2048x2048.jpg",2048,2048,true],"mailpoet_newsletter_max":["https:\/\/genios-gt.com\/wp-content\/uploads\/2026\/03\/HEBILLA-ESCORPION-G416-1320x1320.jpg",1320,1320,true],"woocommerce_thumbnail":["https:\/\/genios-gt.com\/wp-content\/uploads\/2026\/03\/HEBILLA-ESCORPION-G416-320x320.jpg",320,320,true],"woocommerce_single":["https:\/\/genios-gt.com\/wp-content\/uploads\/2026\/03\/HEBILLA-ESCORPION-G416-600x600.jpg",600,600,true],"woocommerce_gallery_thumbnail":["https:\/\/genios-gt.com\/wp-content\/uploads\/2026\/03\/HEBILLA-ESCORPION-G416-100x100.jpg",100,100,true],"variation_swatches_image_size":["https:\/\/genios-gt.com\/wp-content\/uploads\/2026\/03\/HEBILLA-ESCORPION-G416-50x50.jpg",50,50,true],"variation_swatches_tooltip_size":["https:\/\/genios-gt.com\/wp-content\/uploads\/2026\/03\/HEBILLA-ESCORPION-G416-100x100.jpg",100,100,true],"thaps-thumb-img":["https:\/\/genios-gt.com\/wp-content\/uploads\/2026\/03\/HEBILLA-ESCORPION-G416-48x48.jpg",48,48,true]},"uagb_author_info":{"display_name":"Yemito","author_link":"https:\/\/genios-gt.com\/index.php\/author\/"},"uagb_comment_info":0,"uagb_excerpt":"\u2714\ufe0fMaterial: Aleaci\u00f3n de Zinc. \u2714\ufe0fDise\u00f1o: Silueta de Escorpi\u00f3n color bronce . \u2714\ufe0fEstilo: Retro Vintage. \ud83d\udcb5\u00a0En la compra de 2 o mas productos el envi\u00f3 es Gratis \ud83c\uddec\ud83c\uddf9\u00a0Env\u00edos a todo el pais. \ud83d\ude9a\u00a0Pagas al recibir.","_links":{"self":[{"href":"https:\/\/genios-gt.com\/index.php\/wp-json\/wp\/v2\/product\/4666"}],"collection":[{"href":"https:\/\/genios-gt.com\/index.php\/wp-json\/wp\/v2\/product"}],"about":[{"href":"https:\/\/genios-gt.com\/index.php\/wp-json\/wp\/v2\/types\/product"}],"replies":[{"embeddable":true,"href":"https:\/\/genios-gt.com\/index.php\/wp-json\/wp\/v2\/comments?post=4666"}],"wp:featuredmedia":[{"embeddable":true,"href":"https:\/\/genios-gt.com\/index.php\/wp-json\/wp\/v2\/media\/4668"}],"wp:attachment":[{"href":"https:\/\/genios-gt.com\/index.php\/wp-json\/wp\/v2\/media?parent=4666"}],"wp:term":[{"taxonomy":"product_cat","embeddable":true,"href":"https:\/\/genios-gt.com\/index.php\/wp-json\/wp\/v2\/product_cat?post=4666"},{"taxonomy":"product_tag","embeddable":true,"href":"https:\/\/genios-gt.com\/index.php\/wp-json\/wp\/v2\/product_tag?post=4666"}],"curies":[{"name":"wp","href":"https:\/\/api.w.org\/{rel}","templated":true}]}}