{"id":4625,"date":"2026-02-18T16:38:46","date_gmt":"2026-02-18T22:38:46","guid":{"rendered":"https:\/\/genios-gt.com\/?post_type=product&#038;p=4625"},"modified":"2026-02-18T16:38:47","modified_gmt":"2026-02-18T22:38:47","slug":"reloj-de-cuarzo-color-azul-y-plateado-g440","status":"publish","type":"product","link":"https:\/\/genios-gt.com\/index.php\/producto\/reloj-de-cuarzo-color-azul-y-plateado-g440\/","title":{"rendered":"RELOJ DE CUARZO COLOR AZUL Y PLATEADO G440"},"content":{"rendered":"<p><strong>\u00abClaridad que Inspira Confianza\u00bb<\/strong><\/p>\n<p data-path-to-node=\"9\"><b data-path-to-node=\"9\" data-index-in-node=\"0\">\u00bfBuscas un reloj que proyecte una imagen fresca, din\u00e1mica y profesional?<\/b><\/p>\n<p data-path-to-node=\"10\">Hay accesorios que tienen la capacidad de iluminar todo tu atuendo, y el <b data-path-to-node=\"10\" data-index-in-node=\"73\">Reloj G440<\/b> es uno de ellos. La combinaci\u00f3n del blanco con el azul es una de las m\u00e1s audaces y exitosas en la relojer\u00eda contempor\u00e1nea, evocando la precisi\u00f3n de los instrumentos n\u00e1uticos de lujo. Es la pieza ideal para el hombre que no teme usar el color para comunicar frescura y una mentalidad abierta al \u00e9xito.<\/p>\n<p data-path-to-node=\"11\">Su dise\u00f1o es perfecto para eventos de d\u00eda, reuniones creativas o simplemente para elevar un look casual con un toque de distinci\u00f3n \u00absport-chic\u00bb. La correa de piel azul se siente tan bien como se ve, asegurando que este reloj de <b data-path-to-node=\"11\" data-index-in-node=\"228\">importaci\u00f3n<\/b> se convierta r\u00e1pidamente en tu favorito por su comodidad y su est\u00e9tica impecable.<\/p>\n","protected":false},"excerpt":{"rendered":"<p>\u2714\ufe0f\u00a0Material: Acero Inoxidable.<\/p>\n<p>\u2714\ufe0f\u00a0Dise\u00f1o: Robusto Elegante.<\/p>\n<p>\u2714\ufe0f\u00a0Estilo: Vaquero.<\/p>\n<p>\ud83d\udcb5\u00a0En la compra de 2 o m\u00e1s obt\u00e9n un descuento especial<\/p>\n<p>\ud83c\uddec\ud83c\uddf9\u00a0Env\u00edos a todo el pa\u00eds.<\/p>\n<p>\ud83d\ude9a\u00a0Pagas al recibir<\/p>\n","protected":false},"featured_media":4626,"comment_status":"open","ping_status":"closed","template":"","meta":{"_uag_custom_page_level_css":""},"product_cat":[38],"product_tag":[],"jetpack_sharing_enabled":true,"uagb_featured_image_src":{"full":["https:\/\/genios-gt.com\/wp-content\/uploads\/2026\/02\/WhatsApp-Image-2026-02-18-at-4.22.49-PM.jpeg",1600,1600,false],"thumbnail":["https:\/\/genios-gt.com\/wp-content\/uploads\/2026\/02\/WhatsApp-Image-2026-02-18-at-4.22.49-PM-150x150.jpeg",150,150,true],"medium":["https:\/\/genios-gt.com\/wp-content\/uploads\/2026\/02\/WhatsApp-Image-2026-02-18-at-4.22.49-PM-300x300.jpeg",300,300,true],"medium_large":["https:\/\/genios-gt.com\/wp-content\/uploads\/2026\/02\/WhatsApp-Image-2026-02-18-at-4.22.49-PM-768x768.jpeg",640,640,true],"large":["https:\/\/genios-gt.com\/wp-content\/uploads\/2026\/02\/WhatsApp-Image-2026-02-18-at-4.22.49-PM-1024x1024.jpeg",640,640,true],"1536x1536":["https:\/\/genios-gt.com\/wp-content\/uploads\/2026\/02\/WhatsApp-Image-2026-02-18-at-4.22.49-PM-1536x1536.jpeg",1536,1536,true],"2048x2048":["https:\/\/genios-gt.com\/wp-content\/uploads\/2026\/02\/WhatsApp-Image-2026-02-18-at-4.22.49-PM.jpeg",1600,1600,false],"mailpoet_newsletter_max":["https:\/\/genios-gt.com\/wp-content\/uploads\/2026\/02\/WhatsApp-Image-2026-02-18-at-4.22.49-PM-1320x1320.jpeg",1320,1320,true],"woocommerce_thumbnail":["https:\/\/genios-gt.com\/wp-content\/uploads\/2026\/02\/WhatsApp-Image-2026-02-18-at-4.22.49-PM-320x320.jpeg",320,320,true],"woocommerce_single":["https:\/\/genios-gt.com\/wp-content\/uploads\/2026\/02\/WhatsApp-Image-2026-02-18-at-4.22.49-PM-600x600.jpeg",600,600,true],"woocommerce_gallery_thumbnail":["https:\/\/genios-gt.com\/wp-content\/uploads\/2026\/02\/WhatsApp-Image-2026-02-18-at-4.22.49-PM-100x100.jpeg",100,100,true],"variation_swatches_image_size":["https:\/\/genios-gt.com\/wp-content\/uploads\/2026\/02\/WhatsApp-Image-2026-02-18-at-4.22.49-PM-50x50.jpeg",50,50,true],"variation_swatches_tooltip_size":["https:\/\/genios-gt.com\/wp-content\/uploads\/2026\/02\/WhatsApp-Image-2026-02-18-at-4.22.49-PM-100x100.jpeg",100,100,true],"thaps-thumb-img":["https:\/\/genios-gt.com\/wp-content\/uploads\/2026\/02\/WhatsApp-Image-2026-02-18-at-4.22.49-PM-48x48.jpeg",48,48,true]},"uagb_author_info":{"display_name":"Yemito","author_link":"https:\/\/genios-gt.com\/index.php\/author\/"},"uagb_comment_info":0,"uagb_excerpt":"\u2714\ufe0f\u00a0Material: Acero Inoxidable. \u2714\ufe0f\u00a0Dise\u00f1o: Robusto Elegante. \u2714\ufe0f\u00a0Estilo: Vaquero. \ud83d\udcb5\u00a0En la compra de 2 o m\u00e1s obt\u00e9n un descuento especial \ud83c\uddec\ud83c\uddf9\u00a0Env\u00edos a todo el pa\u00eds. \ud83d\ude9a\u00a0Pagas al recibir","_links":{"self":[{"href":"https:\/\/genios-gt.com\/index.php\/wp-json\/wp\/v2\/product\/4625"}],"collection":[{"href":"https:\/\/genios-gt.com\/index.php\/wp-json\/wp\/v2\/product"}],"about":[{"href":"https:\/\/genios-gt.com\/index.php\/wp-json\/wp\/v2\/types\/product"}],"replies":[{"embeddable":true,"href":"https:\/\/genios-gt.com\/index.php\/wp-json\/wp\/v2\/comments?post=4625"}],"wp:featuredmedia":[{"embeddable":true,"href":"https:\/\/genios-gt.com\/index.php\/wp-json\/wp\/v2\/media\/4626"}],"wp:attachment":[{"href":"https:\/\/genios-gt.com\/index.php\/wp-json\/wp\/v2\/media?parent=4625"}],"wp:term":[{"taxonomy":"product_cat","embeddable":true,"href":"https:\/\/genios-gt.com\/index.php\/wp-json\/wp\/v2\/product_cat?post=4625"},{"taxonomy":"product_tag","embeddable":true,"href":"https:\/\/genios-gt.com\/index.php\/wp-json\/wp\/v2\/product_tag?post=4625"}],"curies":[{"name":"wp","href":"https:\/\/api.w.org\/{rel}","templated":true}]}}