{"id":4623,"date":"2026-02-18T16:34:57","date_gmt":"2026-02-18T22:34:57","guid":{"rendered":"https:\/\/genios-gt.com\/?post_type=product&#038;p=4623"},"modified":"2026-02-18T16:34:57","modified_gmt":"2026-02-18T22:34:57","slug":"reloj-de-cuarzo-color-negro-y-azul-g445","status":"publish","type":"product","link":"https:\/\/genios-gt.com\/index.php\/producto\/reloj-de-cuarzo-color-negro-y-azul-g445\/","title":{"rendered":"RELOJ DE CUARZO COLOR NEGRO Y AZUL G445"},"content":{"rendered":"<p><strong>\u00abEl Equilibrio de la Excelencia\u00bb<\/strong><\/p>\n<p data-path-to-node=\"9\"><b data-path-to-node=\"9\" data-index-in-node=\"0\">\u00bfBuscas un reloj que se adapte perfectamente de la oficina a una cena formal?<\/b><\/p>\n<p data-path-to-node=\"10\">Hay combinaciones que nunca fallan porque proyectan una imagen de orden y profesionalismo. El <b data-path-to-node=\"10\" data-index-in-node=\"94\">Reloj G445<\/b> utiliza el azul y el plata para comunicar una personalidad anal\u00edtica, segura y sofisticada. Mientras que otros modelos apuestan por el oro, el acabado plateado de esta pieza ofrece un lujo m\u00e1s discreto y moderno, ideal para el hombre que prefiere que su \u00e9xito hable por s\u00ed solo.<\/p>\n<p data-path-to-node=\"11\">La correa de piel negra aporta la seriedad necesaria para cualquier entorno ejecutivo, mientras que los detalles del dial demuestran un aprecio por la ingenier\u00eda y el dise\u00f1o complejo. Es un producto de <b data-path-to-node=\"11\" data-index-in-node=\"202\">importaci\u00f3n<\/b> pensado para ser el centro de tu estilo diario, elevando instant\u00e1neamente cualquier combinaci\u00f3n de vestimenta.<\/p>\n","protected":false},"excerpt":{"rendered":"<p>\u2714\ufe0f\u00a0Material: Acero Inoxidable.<\/p>\n<p>\u2714\ufe0f\u00a0Dise\u00f1o: Robusto Elegante.<\/p>\n<p>\u2714\ufe0f\u00a0Estilo: Vaquero.<\/p>\n<p>\ud83d\udcb5\u00a0En la compra de 2 o m\u00e1s obt\u00e9n un descuento especial<\/p>\n<p>\ud83c\uddec\ud83c\uddf9\u00a0Env\u00edos a todo el pa\u00eds.<\/p>\n<p>\ud83d\ude9a\u00a0Pagas al recibir<\/p>\n","protected":false},"featured_media":4624,"comment_status":"open","ping_status":"closed","template":"","meta":{"_uag_custom_page_level_css":""},"product_cat":[38],"product_tag":[],"jetpack_sharing_enabled":true,"uagb_featured_image_src":{"full":["https:\/\/genios-gt.com\/wp-content\/uploads\/2026\/02\/WhatsApp-Image-2026-02-18-at-4.22.48-PM-1.jpeg",1600,1600,false],"thumbnail":["https:\/\/genios-gt.com\/wp-content\/uploads\/2026\/02\/WhatsApp-Image-2026-02-18-at-4.22.48-PM-1-150x150.jpeg",150,150,true],"medium":["https:\/\/genios-gt.com\/wp-content\/uploads\/2026\/02\/WhatsApp-Image-2026-02-18-at-4.22.48-PM-1-300x300.jpeg",300,300,true],"medium_large":["https:\/\/genios-gt.com\/wp-content\/uploads\/2026\/02\/WhatsApp-Image-2026-02-18-at-4.22.48-PM-1-768x768.jpeg",640,640,true],"large":["https:\/\/genios-gt.com\/wp-content\/uploads\/2026\/02\/WhatsApp-Image-2026-02-18-at-4.22.48-PM-1-1024x1024.jpeg",640,640,true],"1536x1536":["https:\/\/genios-gt.com\/wp-content\/uploads\/2026\/02\/WhatsApp-Image-2026-02-18-at-4.22.48-PM-1-1536x1536.jpeg",1536,1536,true],"2048x2048":["https:\/\/genios-gt.com\/wp-content\/uploads\/2026\/02\/WhatsApp-Image-2026-02-18-at-4.22.48-PM-1.jpeg",1600,1600,false],"mailpoet_newsletter_max":["https:\/\/genios-gt.com\/wp-content\/uploads\/2026\/02\/WhatsApp-Image-2026-02-18-at-4.22.48-PM-1-1320x1320.jpeg",1320,1320,true],"woocommerce_thumbnail":["https:\/\/genios-gt.com\/wp-content\/uploads\/2026\/02\/WhatsApp-Image-2026-02-18-at-4.22.48-PM-1-320x320.jpeg",320,320,true],"woocommerce_single":["https:\/\/genios-gt.com\/wp-content\/uploads\/2026\/02\/WhatsApp-Image-2026-02-18-at-4.22.48-PM-1-600x600.jpeg",600,600,true],"woocommerce_gallery_thumbnail":["https:\/\/genios-gt.com\/wp-content\/uploads\/2026\/02\/WhatsApp-Image-2026-02-18-at-4.22.48-PM-1-100x100.jpeg",100,100,true],"variation_swatches_image_size":["https:\/\/genios-gt.com\/wp-content\/uploads\/2026\/02\/WhatsApp-Image-2026-02-18-at-4.22.48-PM-1-50x50.jpeg",50,50,true],"variation_swatches_tooltip_size":["https:\/\/genios-gt.com\/wp-content\/uploads\/2026\/02\/WhatsApp-Image-2026-02-18-at-4.22.48-PM-1-100x100.jpeg",100,100,true],"thaps-thumb-img":["https:\/\/genios-gt.com\/wp-content\/uploads\/2026\/02\/WhatsApp-Image-2026-02-18-at-4.22.48-PM-1-48x48.jpeg",48,48,true]},"uagb_author_info":{"display_name":"Yemito","author_link":"https:\/\/genios-gt.com\/index.php\/author\/"},"uagb_comment_info":0,"uagb_excerpt":"\u2714\ufe0f\u00a0Material: Acero Inoxidable. \u2714\ufe0f\u00a0Dise\u00f1o: Robusto Elegante. \u2714\ufe0f\u00a0Estilo: Vaquero. \ud83d\udcb5\u00a0En la compra de 2 o m\u00e1s obt\u00e9n un descuento especial \ud83c\uddec\ud83c\uddf9\u00a0Env\u00edos a todo el pa\u00eds. \ud83d\ude9a\u00a0Pagas al recibir","_links":{"self":[{"href":"https:\/\/genios-gt.com\/index.php\/wp-json\/wp\/v2\/product\/4623"}],"collection":[{"href":"https:\/\/genios-gt.com\/index.php\/wp-json\/wp\/v2\/product"}],"about":[{"href":"https:\/\/genios-gt.com\/index.php\/wp-json\/wp\/v2\/types\/product"}],"replies":[{"embeddable":true,"href":"https:\/\/genios-gt.com\/index.php\/wp-json\/wp\/v2\/comments?post=4623"}],"wp:featuredmedia":[{"embeddable":true,"href":"https:\/\/genios-gt.com\/index.php\/wp-json\/wp\/v2\/media\/4624"}],"wp:attachment":[{"href":"https:\/\/genios-gt.com\/index.php\/wp-json\/wp\/v2\/media?parent=4623"}],"wp:term":[{"taxonomy":"product_cat","embeddable":true,"href":"https:\/\/genios-gt.com\/index.php\/wp-json\/wp\/v2\/product_cat?post=4623"},{"taxonomy":"product_tag","embeddable":true,"href":"https:\/\/genios-gt.com\/index.php\/wp-json\/wp\/v2\/product_tag?post=4623"}],"curies":[{"name":"wp","href":"https:\/\/api.w.org\/{rel}","templated":true}]}}