{"id":4600,"date":"2026-02-17T15:01:48","date_gmt":"2026-02-17T21:01:48","guid":{"rendered":"https:\/\/genios-gt.com\/?post_type=product&#038;p=4600"},"modified":"2026-02-17T15:01:48","modified_gmt":"2026-02-17T21:01:48","slug":"argolla-hojas-doradas-g464","status":"publish","type":"product","link":"https:\/\/genios-gt.com\/index.php\/producto\/argolla-hojas-doradas-g464\/","title":{"rendered":"ARGOLLA HOJAS DORADAS G464"},"content":{"rendered":"<p><strong>\u00abElegancia que Florece\u00bb<\/strong><\/p>\n<p data-path-to-node=\"9\"><b data-path-to-node=\"9\" data-index-in-node=\"0\">\u00bfQuieres a\u00f1adir un toque po\u00e9tico y distinguido a tu estilo diario?<\/b><\/p>\n<p data-path-to-node=\"10\">A veces, la naturaleza es la mejor inspiraci\u00f3n para la moda. La <b data-path-to-node=\"10\" data-index-in-node=\"64\">Argolla G464<\/b> ha sido creada para la persona que aprecia la sutileza y el detalle. No es solo un accesorio para sujetar un pa\u00f1uelo; es una joya que simboliza crecimiento y armon\u00eda. Sus hojas doradas parecen entrelazarse de forma natural, convirtiendo un simple accesorio de cuello en el punto focal de todo tu atuendo.<\/p>\n<p data-path-to-node=\"11\">Imagina este dise\u00f1o sobre un pa\u00f1uelo de seda con estampados florales o en tonos tierra; la combinaci\u00f3n es sencillamente perfecta. Es la pieza ideal para eventos al aire libre, reuniones sociales o simplemente para elevar un look de oficina con un toque de feminidad y brillo cl\u00e1sico.<\/p>\n<p data-path-to-node=\"11\">Dale a tu estilo ese toque especial\u00a0<span class=\"x19la9d6 x1fc57z9 x6ikm8r x10wlt62 x19co3pv x11tp94h xfibh0p xiy17q3 x1xsqp64 x1lkfr7t xexx8yu xyri2b x18d9i69 x1c1uobl\"><span class=\"xrtxmta x1bhl96m\">\u2728<\/span><\/span><\/p>\n","protected":false},"excerpt":{"rendered":"<p>\u2714\ufe0f\u00a0Material: Acero Inoxidable<\/p>\n<p>\u2714\ufe0f\u00a0Dise\u00f1o: Exclusivo<\/p>\n<p>\u2714\ufe0f\u00a0Estilo: \u00danico<\/p>\n<p>\ud83d\udcb5\u00a0En la compra de 2 el env\u00edo es completamente Gratis.<\/p>\n<p>\ud83c\uddec\ud83c\uddf9\u00a0Env\u00edos a todo el pa\u00eds.<\/p>\n","protected":false},"featured_media":4601,"comment_status":"open","ping_status":"closed","template":"","meta":{"_uag_custom_page_level_css":""},"product_cat":[138],"product_tag":[],"jetpack_sharing_enabled":true,"uagb_featured_image_src":{"full":["https:\/\/genios-gt.com\/wp-content\/uploads\/2026\/02\/WhatsApp-Image-2026-02-17-at-2.19.25-PM.jpeg",1600,1600,false],"thumbnail":["https:\/\/genios-gt.com\/wp-content\/uploads\/2026\/02\/WhatsApp-Image-2026-02-17-at-2.19.25-PM-150x150.jpeg",150,150,true],"medium":["https:\/\/genios-gt.com\/wp-content\/uploads\/2026\/02\/WhatsApp-Image-2026-02-17-at-2.19.25-PM-300x300.jpeg",300,300,true],"medium_large":["https:\/\/genios-gt.com\/wp-content\/uploads\/2026\/02\/WhatsApp-Image-2026-02-17-at-2.19.25-PM-768x768.jpeg",640,640,true],"large":["https:\/\/genios-gt.com\/wp-content\/uploads\/2026\/02\/WhatsApp-Image-2026-02-17-at-2.19.25-PM-1024x1024.jpeg",640,640,true],"1536x1536":["https:\/\/genios-gt.com\/wp-content\/uploads\/2026\/02\/WhatsApp-Image-2026-02-17-at-2.19.25-PM-1536x1536.jpeg",1536,1536,true],"2048x2048":["https:\/\/genios-gt.com\/wp-content\/uploads\/2026\/02\/WhatsApp-Image-2026-02-17-at-2.19.25-PM.jpeg",1600,1600,false],"mailpoet_newsletter_max":["https:\/\/genios-gt.com\/wp-content\/uploads\/2026\/02\/WhatsApp-Image-2026-02-17-at-2.19.25-PM-1320x1320.jpeg",1320,1320,true],"woocommerce_thumbnail":["https:\/\/genios-gt.com\/wp-content\/uploads\/2026\/02\/WhatsApp-Image-2026-02-17-at-2.19.25-PM-320x320.jpeg",320,320,true],"woocommerce_single":["https:\/\/genios-gt.com\/wp-content\/uploads\/2026\/02\/WhatsApp-Image-2026-02-17-at-2.19.25-PM-600x600.jpeg",600,600,true],"woocommerce_gallery_thumbnail":["https:\/\/genios-gt.com\/wp-content\/uploads\/2026\/02\/WhatsApp-Image-2026-02-17-at-2.19.25-PM-100x100.jpeg",100,100,true],"variation_swatches_image_size":["https:\/\/genios-gt.com\/wp-content\/uploads\/2026\/02\/WhatsApp-Image-2026-02-17-at-2.19.25-PM-50x50.jpeg",50,50,true],"variation_swatches_tooltip_size":["https:\/\/genios-gt.com\/wp-content\/uploads\/2026\/02\/WhatsApp-Image-2026-02-17-at-2.19.25-PM-100x100.jpeg",100,100,true],"thaps-thumb-img":["https:\/\/genios-gt.com\/wp-content\/uploads\/2026\/02\/WhatsApp-Image-2026-02-17-at-2.19.25-PM-48x48.jpeg",48,48,true]},"uagb_author_info":{"display_name":"Yemito","author_link":"https:\/\/genios-gt.com\/index.php\/author\/"},"uagb_comment_info":0,"uagb_excerpt":"\u2714\ufe0f\u00a0Material: Acero Inoxidable \u2714\ufe0f\u00a0Dise\u00f1o: Exclusivo \u2714\ufe0f\u00a0Estilo: \u00danico \ud83d\udcb5\u00a0En la compra de 2 el env\u00edo es completamente Gratis. \ud83c\uddec\ud83c\uddf9\u00a0Env\u00edos a todo el pa\u00eds.","_links":{"self":[{"href":"https:\/\/genios-gt.com\/index.php\/wp-json\/wp\/v2\/product\/4600"}],"collection":[{"href":"https:\/\/genios-gt.com\/index.php\/wp-json\/wp\/v2\/product"}],"about":[{"href":"https:\/\/genios-gt.com\/index.php\/wp-json\/wp\/v2\/types\/product"}],"replies":[{"embeddable":true,"href":"https:\/\/genios-gt.com\/index.php\/wp-json\/wp\/v2\/comments?post=4600"}],"wp:featuredmedia":[{"embeddable":true,"href":"https:\/\/genios-gt.com\/index.php\/wp-json\/wp\/v2\/media\/4601"}],"wp:attachment":[{"href":"https:\/\/genios-gt.com\/index.php\/wp-json\/wp\/v2\/media?parent=4600"}],"wp:term":[{"taxonomy":"product_cat","embeddable":true,"href":"https:\/\/genios-gt.com\/index.php\/wp-json\/wp\/v2\/product_cat?post=4600"},{"taxonomy":"product_tag","embeddable":true,"href":"https:\/\/genios-gt.com\/index.php\/wp-json\/wp\/v2\/product_tag?post=4600"}],"curies":[{"name":"wp","href":"https:\/\/api.w.org\/{rel}","templated":true}]}}