{"id":4598,"date":"2026-02-17T14:58:02","date_gmt":"2026-02-17T20:58:02","guid":{"rendered":"https:\/\/genios-gt.com\/?post_type=product&#038;p=4598"},"modified":"2026-02-17T14:58:02","modified_gmt":"2026-02-17T20:58:02","slug":"argolla-cruzado-para-panuelo-g430-g431-g432","status":"publish","type":"product","link":"https:\/\/genios-gt.com\/index.php\/producto\/argolla-cruzado-para-panuelo-g430-g431-g432\/","title":{"rendered":"ARGOLLA CRUZADO PARA PA\u00d1UELO G430 \/ G431\/ G432"},"content":{"rendered":"<p><strong>\u00abLa Intersecci\u00f3n de la Moda y el Arte\u00bb<\/strong><\/p>\n<p data-path-to-node=\"8\"><b data-path-to-node=\"8\" data-index-in-node=\"0\">\u00bfBuscas un accesorio que rompa con lo tradicional sin perder la elegancia?<\/b><\/p>\n<p data-path-to-node=\"9\">La <b data-path-to-node=\"9\" data-index-in-node=\"3\">Argolla Cruzada<\/b> es para quienes ven la moda como una forma de expresi\u00f3n geom\u00e9trica. Mientras que las argollas circulares son un cl\u00e1sico, el dise\u00f1o en \u00abX\u00bb de los modelos <b data-path-to-node=\"9\" data-index-in-node=\"172\">G430, G431 y G432<\/b> a\u00f1ade una capa de complejidad visual que captura la mirada de inmediato. Es el detalle perfecto para la persona que busca proyectar una imagen din\u00e1mica, decidida y contempor\u00e1nea.<\/p>\n<p data-path-to-node=\"10\">Imagina la versi\u00f3n en <b data-path-to-node=\"10\" data-index-in-node=\"22\">negro (G431)<\/b> sobre un pa\u00f1uelo de seda gris, o la <b data-path-to-node=\"10\" data-index-in-node=\"71\">blanca (G432)<\/b> iluminando un blazer azul marino. Su forma cruzada permite que el pa\u00f1uelo se acomode de manera org\u00e1nica, creando pliegues que resaltan la textura de la prenda. No es solo un accesorio, es el punto donde la funcionalidad se encuentra con el dise\u00f1o de vanguardia.<\/p>\n<ul>\n<li>\n<p data-path-to-node=\"5,1,1,0,0\"><b data-path-to-node=\"5,1,1,0,0\" data-index-in-node=\"0\">G432 Blanco:<\/b> Elegancia pura y luminosa para un look fresco y profesional.<\/p>\n<\/li>\n<li>\n<p data-path-to-node=\"5,1,1,1,0\"><b data-path-to-node=\"5,1,1,1,0\" data-index-in-node=\"0\">G430 Rojo:<\/b> Un acento de pasi\u00f3n y poder que destaca sobre cualquier fondo.<\/p>\n<\/li>\n<li>\n<p data-path-to-node=\"5,1,1,2,0\"><b data-path-to-node=\"5,1,1,2,0\" data-index-in-node=\"0\">G431 Negro:<\/b> Sofisticaci\u00f3n absoluta y versatilidad para atuendos de noche o ejecutivos.<\/p>\n<\/li>\n<\/ul>\n<p>Dale a tu estilo ese toque especial\u00a0<span class=\"x19la9d6 x1fc57z9 x6ikm8r x10wlt62 x19co3pv x11tp94h xfibh0p xiy17q3 x1xsqp64 x1lkfr7t xexx8yu xyri2b x18d9i69 x1c1uobl\"><span class=\"xrtxmta x1bhl96m\">\u2728<\/span><\/span><\/p>\n","protected":false},"excerpt":{"rendered":"<p>\u2714\ufe0f\u00a0Material: Acero Inoxidable<\/p>\n<p>\u2714\ufe0f\u00a0Dise\u00f1o: Exclusivo<\/p>\n<p>\u2714\ufe0f\u00a0Estilo: \u00danico<\/p>\n<p>\ud83d\udcb5\u00a0En la compra de 2 el env\u00edo es completamente Gratis.<\/p>\n<p>\ud83c\uddec\ud83c\uddf9\u00a0Env\u00edos a todo el pa\u00eds.<\/p>\n","protected":false},"featured_media":4599,"comment_status":"open","ping_status":"closed","template":"","meta":{"_uag_custom_page_level_css":""},"product_cat":[138],"product_tag":[],"jetpack_sharing_enabled":true,"uagb_featured_image_src":{"full":["https:\/\/genios-gt.com\/wp-content\/uploads\/2026\/02\/WhatsApp-Image-2026-02-17-at-2.19.24-PM.jpeg",1600,1600,false],"thumbnail":["https:\/\/genios-gt.com\/wp-content\/uploads\/2026\/02\/WhatsApp-Image-2026-02-17-at-2.19.24-PM-150x150.jpeg",150,150,true],"medium":["https:\/\/genios-gt.com\/wp-content\/uploads\/2026\/02\/WhatsApp-Image-2026-02-17-at-2.19.24-PM-300x300.jpeg",300,300,true],"medium_large":["https:\/\/genios-gt.com\/wp-content\/uploads\/2026\/02\/WhatsApp-Image-2026-02-17-at-2.19.24-PM-768x768.jpeg",640,640,true],"large":["https:\/\/genios-gt.com\/wp-content\/uploads\/2026\/02\/WhatsApp-Image-2026-02-17-at-2.19.24-PM-1024x1024.jpeg",640,640,true],"1536x1536":["https:\/\/genios-gt.com\/wp-content\/uploads\/2026\/02\/WhatsApp-Image-2026-02-17-at-2.19.24-PM-1536x1536.jpeg",1536,1536,true],"2048x2048":["https:\/\/genios-gt.com\/wp-content\/uploads\/2026\/02\/WhatsApp-Image-2026-02-17-at-2.19.24-PM.jpeg",1600,1600,false],"mailpoet_newsletter_max":["https:\/\/genios-gt.com\/wp-content\/uploads\/2026\/02\/WhatsApp-Image-2026-02-17-at-2.19.24-PM-1320x1320.jpeg",1320,1320,true],"woocommerce_thumbnail":["https:\/\/genios-gt.com\/wp-content\/uploads\/2026\/02\/WhatsApp-Image-2026-02-17-at-2.19.24-PM-320x320.jpeg",320,320,true],"woocommerce_single":["https:\/\/genios-gt.com\/wp-content\/uploads\/2026\/02\/WhatsApp-Image-2026-02-17-at-2.19.24-PM-600x600.jpeg",600,600,true],"woocommerce_gallery_thumbnail":["https:\/\/genios-gt.com\/wp-content\/uploads\/2026\/02\/WhatsApp-Image-2026-02-17-at-2.19.24-PM-100x100.jpeg",100,100,true],"variation_swatches_image_size":["https:\/\/genios-gt.com\/wp-content\/uploads\/2026\/02\/WhatsApp-Image-2026-02-17-at-2.19.24-PM-50x50.jpeg",50,50,true],"variation_swatches_tooltip_size":["https:\/\/genios-gt.com\/wp-content\/uploads\/2026\/02\/WhatsApp-Image-2026-02-17-at-2.19.24-PM-100x100.jpeg",100,100,true],"thaps-thumb-img":["https:\/\/genios-gt.com\/wp-content\/uploads\/2026\/02\/WhatsApp-Image-2026-02-17-at-2.19.24-PM-48x48.jpeg",48,48,true]},"uagb_author_info":{"display_name":"Yemito","author_link":"https:\/\/genios-gt.com\/index.php\/author\/"},"uagb_comment_info":0,"uagb_excerpt":"\u2714\ufe0f\u00a0Material: Acero Inoxidable \u2714\ufe0f\u00a0Dise\u00f1o: Exclusivo \u2714\ufe0f\u00a0Estilo: \u00danico \ud83d\udcb5\u00a0En la compra de 2 el env\u00edo es completamente Gratis. \ud83c\uddec\ud83c\uddf9\u00a0Env\u00edos a todo el pa\u00eds.","_links":{"self":[{"href":"https:\/\/genios-gt.com\/index.php\/wp-json\/wp\/v2\/product\/4598"}],"collection":[{"href":"https:\/\/genios-gt.com\/index.php\/wp-json\/wp\/v2\/product"}],"about":[{"href":"https:\/\/genios-gt.com\/index.php\/wp-json\/wp\/v2\/types\/product"}],"replies":[{"embeddable":true,"href":"https:\/\/genios-gt.com\/index.php\/wp-json\/wp\/v2\/comments?post=4598"}],"wp:featuredmedia":[{"embeddable":true,"href":"https:\/\/genios-gt.com\/index.php\/wp-json\/wp\/v2\/media\/4599"}],"wp:attachment":[{"href":"https:\/\/genios-gt.com\/index.php\/wp-json\/wp\/v2\/media?parent=4598"}],"wp:term":[{"taxonomy":"product_cat","embeddable":true,"href":"https:\/\/genios-gt.com\/index.php\/wp-json\/wp\/v2\/product_cat?post=4598"},{"taxonomy":"product_tag","embeddable":true,"href":"https:\/\/genios-gt.com\/index.php\/wp-json\/wp\/v2\/product_tag?post=4598"}],"curies":[{"name":"wp","href":"https:\/\/api.w.org\/{rel}","templated":true}]}}