{"id":4595,"date":"2026-02-17T14:44:04","date_gmt":"2026-02-17T20:44:04","guid":{"rendered":"https:\/\/genios-gt.com\/?post_type=product&#038;p=4595"},"modified":"2026-02-17T14:44:04","modified_gmt":"2026-02-17T20:44:04","slug":"argolla-tipo-cilindro-egipcio-g425","status":"publish","type":"product","link":"https:\/\/genios-gt.com\/index.php\/producto\/argolla-tipo-cilindro-egipcio-g425\/","title":{"rendered":"ARGOLLA TIPO CILINDRO EGIPCIO G425"},"content":{"rendered":"<p><strong>\u00abLleva una Obra de Arte en tu Cuello\u00bb<\/strong><\/p>\n<p data-path-to-node=\"9\"><b data-path-to-node=\"9\" data-index-in-node=\"0\">\u00bfBuscas un accesorio que sea tema de conversaci\u00f3n en cada encuentro?<\/b><\/p>\n<p data-path-to-node=\"10\">A veces, la moda se convierte en arte, y la <b data-path-to-node=\"10\" data-index-in-node=\"44\">Argolla G419<\/b> es el ejemplo perfecto. No es simplemente un sujetador para tu pa\u00f1uelo; es una pieza que proyecta una personalidad intelectual, refinada y amante de los detalles. Su delicada ilustraci\u00f3n esmaltada a\u00f1ade una capa de sofisticaci\u00f3n que un accesorio liso simplemente no puede lograr.<\/p>\n<p data-path-to-node=\"11\">Imagina este cilindro dorado abrazando un pa\u00f1uelo de seda en una reuni\u00f3n de negocios o una cena especial. El contraste entre el brillo del acero y la suavidad del esmalte turquesa crea una armon\u00eda visual que eleva instant\u00e1neamente un atuendo b\u00e1sico a uno de \u00abalta gama\u00bb. Es la elecci\u00f3n ideal para quienes creen que la elegancia reside en las piezas con historia y significado.<\/p>\n<p data-path-to-node=\"11\">Dale a tu estilo ese toque especial\u00a0<span class=\"x19la9d6 x1fc57z9 x6ikm8r x10wlt62 x19co3pv x11tp94h xfibh0p xiy17q3 x1xsqp64 x1lkfr7t xexx8yu xyri2b x18d9i69 x1c1uobl\"><span class=\"xrtxmta x1bhl96m\">\u2728<\/span><\/span><\/p>\n","protected":false},"excerpt":{"rendered":"<p>\u2714\ufe0f\u00a0Material: Acero Inoxidable<\/p>\n<p>\u2714\ufe0f Dise\u00f1o: \u00danico.<\/p>\n<p>\u2714\ufe0f\u00a0Estilo: Con colores que alegran el coraz\u00f3n<\/p>\n<p>\ud83d\udcb5\u00a0En la compra de 2 el env\u00edo es completamente Gratis.<\/p>\n<p>\ud83c\uddec\ud83c\uddf9\u00a0Env\u00edos a todo el pa\u00eds.<\/p>\n<p>\ud83d\ude9a\u00a0Pagas al recibir<\/p>\n","protected":false},"featured_media":4571,"comment_status":"open","ping_status":"closed","template":"","meta":{"_uag_custom_page_level_css":""},"product_cat":[138],"product_tag":[],"jetpack_sharing_enabled":true,"uagb_featured_image_src":{"full":["https:\/\/genios-gt.com\/wp-content\/uploads\/2026\/02\/ARGOLLA-G419-scaled.jpg",2560,2560,false],"thumbnail":["https:\/\/genios-gt.com\/wp-content\/uploads\/2026\/02\/ARGOLLA-G419-150x150.jpg",150,150,true],"medium":["https:\/\/genios-gt.com\/wp-content\/uploads\/2026\/02\/ARGOLLA-G419-300x300.jpg",300,300,true],"medium_large":["https:\/\/genios-gt.com\/wp-content\/uploads\/2026\/02\/ARGOLLA-G419-768x768.jpg",640,640,true],"large":["https:\/\/genios-gt.com\/wp-content\/uploads\/2026\/02\/ARGOLLA-G419-1024x1024.jpg",640,640,true],"1536x1536":["https:\/\/genios-gt.com\/wp-content\/uploads\/2026\/02\/ARGOLLA-G419-1536x1536.jpg",1536,1536,true],"2048x2048":["https:\/\/genios-gt.com\/wp-content\/uploads\/2026\/02\/ARGOLLA-G419-2048x2048.jpg",2048,2048,true],"mailpoet_newsletter_max":["https:\/\/genios-gt.com\/wp-content\/uploads\/2026\/02\/ARGOLLA-G419-1320x1320.jpg",1320,1320,true],"woocommerce_thumbnail":["https:\/\/genios-gt.com\/wp-content\/uploads\/2026\/02\/ARGOLLA-G419-320x320.jpg",320,320,true],"woocommerce_single":["https:\/\/genios-gt.com\/wp-content\/uploads\/2026\/02\/ARGOLLA-G419-600x600.jpg",600,600,true],"woocommerce_gallery_thumbnail":["https:\/\/genios-gt.com\/wp-content\/uploads\/2026\/02\/ARGOLLA-G419-100x100.jpg",100,100,true],"variation_swatches_image_size":["https:\/\/genios-gt.com\/wp-content\/uploads\/2026\/02\/ARGOLLA-G419-50x50.jpg",50,50,true],"variation_swatches_tooltip_size":["https:\/\/genios-gt.com\/wp-content\/uploads\/2026\/02\/ARGOLLA-G419-100x100.jpg",100,100,true],"thaps-thumb-img":["https:\/\/genios-gt.com\/wp-content\/uploads\/2026\/02\/ARGOLLA-G419-48x48.jpg",48,48,true]},"uagb_author_info":{"display_name":"Yemito","author_link":"https:\/\/genios-gt.com\/index.php\/author\/"},"uagb_comment_info":0,"uagb_excerpt":"\u2714\ufe0f\u00a0Material: Acero Inoxidable \u2714\ufe0f Dise\u00f1o: \u00danico. \u2714\ufe0f\u00a0Estilo: Con colores que alegran el coraz\u00f3n \ud83d\udcb5\u00a0En la compra de 2 el env\u00edo es completamente Gratis. \ud83c\uddec\ud83c\uddf9\u00a0Env\u00edos a todo el pa\u00eds. \ud83d\ude9a\u00a0Pagas al recibir","_links":{"self":[{"href":"https:\/\/genios-gt.com\/index.php\/wp-json\/wp\/v2\/product\/4595"}],"collection":[{"href":"https:\/\/genios-gt.com\/index.php\/wp-json\/wp\/v2\/product"}],"about":[{"href":"https:\/\/genios-gt.com\/index.php\/wp-json\/wp\/v2\/types\/product"}],"replies":[{"embeddable":true,"href":"https:\/\/genios-gt.com\/index.php\/wp-json\/wp\/v2\/comments?post=4595"}],"wp:featuredmedia":[{"embeddable":true,"href":"https:\/\/genios-gt.com\/index.php\/wp-json\/wp\/v2\/media\/4571"}],"wp:attachment":[{"href":"https:\/\/genios-gt.com\/index.php\/wp-json\/wp\/v2\/media?parent=4595"}],"wp:term":[{"taxonomy":"product_cat","embeddable":true,"href":"https:\/\/genios-gt.com\/index.php\/wp-json\/wp\/v2\/product_cat?post=4595"},{"taxonomy":"product_tag","embeddable":true,"href":"https:\/\/genios-gt.com\/index.php\/wp-json\/wp\/v2\/product_tag?post=4595"}],"curies":[{"name":"wp","href":"https:\/\/api.w.org\/{rel}","templated":true}]}}