{"id":4593,"date":"2026-02-17T14:36:06","date_gmt":"2026-02-17T20:36:06","guid":{"rendered":"https:\/\/genios-gt.com\/?post_type=product&#038;p=4593"},"modified":"2026-02-17T14:36:06","modified_gmt":"2026-02-17T20:36:06","slug":"argolla-tipo-cilindro-para-panuelo-g424","status":"publish","type":"product","link":"https:\/\/genios-gt.com\/index.php\/producto\/argolla-tipo-cilindro-para-panuelo-g424\/","title":{"rendered":"ARGOLLA TIPO CILINDRO PARA PA\u00d1UELO G424"},"content":{"rendered":"<p><strong>\u00abArte en Movimiento\u00bb<\/strong><\/p>\n<p data-path-to-node=\"9\"><b data-path-to-node=\"9\" data-index-in-node=\"0\">\u00bfQuieres que tu pa\u00f1uelo sea el centro de todas las miradas?<\/b><\/p>\n<p data-path-to-node=\"10\">A veces, un accesorio es suficiente para cambiar por completo tu estado de \u00e1nimo y la forma en que los dem\u00e1s te perciben. La <b data-path-to-node=\"10\" data-index-in-node=\"125\">Argolla G424<\/b> no es solo un sujetador de pa\u00f1uelos; es una peque\u00f1a obra de arte que llevas contigo. Su dise\u00f1o de mosaico multicolor es una declaraci\u00f3n de creatividad, optimismo y confianza.<\/p>\n<p data-path-to-node=\"11\">Es la compa\u00f1era perfecta tanto para hombres como para mujeres que desean a\u00f1adir un toque de \u00abdise\u00f1o de autor\u00bb a su vestimenta. Imagina este cilindro vibrante sobre un pa\u00f1uelo de tonos neutros: instant\u00e1neamente, tu look pasa de ser b\u00e1sico a ser extraordinario. Es ideal para esos d\u00edas en los que quieres proyectar una imagen accesible, creativa y llena de vitalidad.<\/p>\n<p data-path-to-node=\"11\">Dale a tu estilo ese toque especial\u00a0<span class=\"x19la9d6 x1fc57z9 x6ikm8r x10wlt62 x19co3pv x11tp94h xfibh0p xiy17q3 x1xsqp64 x1lkfr7t xexx8yu xyri2b x18d9i69 x1c1uobl\"><span class=\"xrtxmta x1bhl96m\">\u2728<\/span><\/span><\/p>\n","protected":false},"excerpt":{"rendered":"<p>\u2714\ufe0f\u00a0Material: Acero Inoxidable<\/p>\n<p>\u2714\ufe0f\u00a0Dise\u00f1o: Exclusivo<\/p>\n<p>\u2714\ufe0f\u00a0Estilo: \u00danico<\/p>\n<p>\ud83d\udcb5\u00a0En la compra de 2 el env\u00edo es completamente Gratis.<\/p>\n<p>\ud83c\uddec\ud83c\uddf9\u00a0Env\u00edos a todo el pa\u00eds.<\/p>\n","protected":false},"featured_media":4594,"comment_status":"open","ping_status":"closed","template":"","meta":{"_uag_custom_page_level_css":""},"product_cat":[138],"product_tag":[],"jetpack_sharing_enabled":true,"uagb_featured_image_src":{"full":["https:\/\/genios-gt.com\/wp-content\/uploads\/2026\/02\/ARGOLLA-G424-scaled.jpg",2560,2560,false],"thumbnail":["https:\/\/genios-gt.com\/wp-content\/uploads\/2026\/02\/ARGOLLA-G424-150x150.jpg",150,150,true],"medium":["https:\/\/genios-gt.com\/wp-content\/uploads\/2026\/02\/ARGOLLA-G424-300x300.jpg",300,300,true],"medium_large":["https:\/\/genios-gt.com\/wp-content\/uploads\/2026\/02\/ARGOLLA-G424-768x768.jpg",640,640,true],"large":["https:\/\/genios-gt.com\/wp-content\/uploads\/2026\/02\/ARGOLLA-G424-1024x1024.jpg",640,640,true],"1536x1536":["https:\/\/genios-gt.com\/wp-content\/uploads\/2026\/02\/ARGOLLA-G424-1536x1536.jpg",1536,1536,true],"2048x2048":["https:\/\/genios-gt.com\/wp-content\/uploads\/2026\/02\/ARGOLLA-G424-2048x2048.jpg",2048,2048,true],"mailpoet_newsletter_max":["https:\/\/genios-gt.com\/wp-content\/uploads\/2026\/02\/ARGOLLA-G424-1320x1320.jpg",1320,1320,true],"woocommerce_thumbnail":["https:\/\/genios-gt.com\/wp-content\/uploads\/2026\/02\/ARGOLLA-G424-320x320.jpg",320,320,true],"woocommerce_single":["https:\/\/genios-gt.com\/wp-content\/uploads\/2026\/02\/ARGOLLA-G424-600x600.jpg",600,600,true],"woocommerce_gallery_thumbnail":["https:\/\/genios-gt.com\/wp-content\/uploads\/2026\/02\/ARGOLLA-G424-100x100.jpg",100,100,true],"variation_swatches_image_size":["https:\/\/genios-gt.com\/wp-content\/uploads\/2026\/02\/ARGOLLA-G424-50x50.jpg",50,50,true],"variation_swatches_tooltip_size":["https:\/\/genios-gt.com\/wp-content\/uploads\/2026\/02\/ARGOLLA-G424-100x100.jpg",100,100,true],"thaps-thumb-img":["https:\/\/genios-gt.com\/wp-content\/uploads\/2026\/02\/ARGOLLA-G424-48x48.jpg",48,48,true]},"uagb_author_info":{"display_name":"Yemito","author_link":"https:\/\/genios-gt.com\/index.php\/author\/"},"uagb_comment_info":0,"uagb_excerpt":"\u2714\ufe0f\u00a0Material: Acero Inoxidable \u2714\ufe0f\u00a0Dise\u00f1o: Exclusivo \u2714\ufe0f\u00a0Estilo: \u00danico \ud83d\udcb5\u00a0En la compra de 2 el env\u00edo es completamente Gratis. \ud83c\uddec\ud83c\uddf9\u00a0Env\u00edos a todo el pa\u00eds.","_links":{"self":[{"href":"https:\/\/genios-gt.com\/index.php\/wp-json\/wp\/v2\/product\/4593"}],"collection":[{"href":"https:\/\/genios-gt.com\/index.php\/wp-json\/wp\/v2\/product"}],"about":[{"href":"https:\/\/genios-gt.com\/index.php\/wp-json\/wp\/v2\/types\/product"}],"replies":[{"embeddable":true,"href":"https:\/\/genios-gt.com\/index.php\/wp-json\/wp\/v2\/comments?post=4593"}],"wp:featuredmedia":[{"embeddable":true,"href":"https:\/\/genios-gt.com\/index.php\/wp-json\/wp\/v2\/media\/4594"}],"wp:attachment":[{"href":"https:\/\/genios-gt.com\/index.php\/wp-json\/wp\/v2\/media?parent=4593"}],"wp:term":[{"taxonomy":"product_cat","embeddable":true,"href":"https:\/\/genios-gt.com\/index.php\/wp-json\/wp\/v2\/product_cat?post=4593"},{"taxonomy":"product_tag","embeddable":true,"href":"https:\/\/genios-gt.com\/index.php\/wp-json\/wp\/v2\/product_tag?post=4593"}],"curies":[{"name":"wp","href":"https:\/\/api.w.org\/{rel}","templated":true}]}}