{"id":4591,"date":"2026-02-17T14:28:27","date_gmt":"2026-02-17T20:28:27","guid":{"rendered":"https:\/\/genios-gt.com\/?post_type=product&#038;p=4591"},"modified":"2026-02-17T14:28:27","modified_gmt":"2026-02-17T20:28:27","slug":"argolla-triple-blanco-g426","status":"publish","type":"product","link":"https:\/\/genios-gt.com\/index.php\/producto\/argolla-triple-blanco-g426\/","title":{"rendered":"ARGOLLA TRIPLE BLANCO G426"},"content":{"rendered":"<p><strong>\u00abLa Magia de lo Simple\u00bb<\/strong><\/p>\n<p data-path-to-node=\"9\"><b data-path-to-node=\"9\" data-index-in-node=\"0\">\u00bfBuscas un accesorio que ilumine tu atuendo sin sobrecargarlo?<\/b><\/p>\n<p data-path-to-node=\"10\">A veces, el color blanco es todo lo que necesitas para elevar un look. La <b data-path-to-node=\"10\" data-index-in-node=\"74\">Argolla G426<\/b> ha sido creada para quienes buscan una elegancia sin esfuerzo. Su combinaci\u00f3n de blanco y dorado act\u00faa como un punto de luz cerca del rostro, aportando frescura y distinci\u00f3n inmediata a cualquier outfit, desde un traje sastre hasta un vestido de tarde.<\/p>\n<p data-path-to-node=\"11\">Imagina llevarla con un pa\u00f1uelo de tonos vibrantes para equilibrar el contraste, o con uno de tonos neutros para lograr un look monocrom\u00e1tico de alta costura. Es el accesorio ideal para esos d\u00edas donde el tiempo apremia: deslizas tu pa\u00f1uelo a trav\u00e9s de sus aros y, en un segundo, transformas un nudo simple en un detalle de pasarela.<\/p>\n<p data-path-to-node=\"11\">Dale a tu estilo ese toque especial\u00a0<span class=\"x19la9d6 x1fc57z9 x6ikm8r x10wlt62 x19co3pv x11tp94h xfibh0p xiy17q3 x1xsqp64 x1lkfr7t xexx8yu xyri2b x18d9i69 x1c1uobl\"><span class=\"xrtxmta x1bhl96m\">\u2728<\/span><\/span><\/p>\n","protected":false},"excerpt":{"rendered":"<p>\u2714\ufe0f\u00a0Material: Acero Inoxidable<\/p>\n<p>\u2714\ufe0f\u00a0Dise\u00f1o: Exclusivo<\/p>\n<p>\u2714\ufe0f Estilo: \u00danico<\/p>\n<p>\ud83d\udcb5\u00a0En la compra de 2 el env\u00edo es completamente Gratis.<\/p>\n<p>\ud83c\uddec\ud83c\uddf9\u00a0Env\u00edos a todo el pa\u00eds.<\/p>\n","protected":false},"featured_media":4592,"comment_status":"open","ping_status":"closed","template":"","meta":{"_uag_custom_page_level_css":""},"product_cat":[138],"product_tag":[],"jetpack_sharing_enabled":true,"uagb_featured_image_src":{"full":["https:\/\/genios-gt.com\/wp-content\/uploads\/2026\/02\/ARGOLLA-G426-scaled.jpg",2560,2560,false],"thumbnail":["https:\/\/genios-gt.com\/wp-content\/uploads\/2026\/02\/ARGOLLA-G426-150x150.jpg",150,150,true],"medium":["https:\/\/genios-gt.com\/wp-content\/uploads\/2026\/02\/ARGOLLA-G426-300x300.jpg",300,300,true],"medium_large":["https:\/\/genios-gt.com\/wp-content\/uploads\/2026\/02\/ARGOLLA-G426-768x768.jpg",640,640,true],"large":["https:\/\/genios-gt.com\/wp-content\/uploads\/2026\/02\/ARGOLLA-G426-1024x1024.jpg",640,640,true],"1536x1536":["https:\/\/genios-gt.com\/wp-content\/uploads\/2026\/02\/ARGOLLA-G426-1536x1536.jpg",1536,1536,true],"2048x2048":["https:\/\/genios-gt.com\/wp-content\/uploads\/2026\/02\/ARGOLLA-G426-2048x2048.jpg",2048,2048,true],"mailpoet_newsletter_max":["https:\/\/genios-gt.com\/wp-content\/uploads\/2026\/02\/ARGOLLA-G426-1320x1320.jpg",1320,1320,true],"woocommerce_thumbnail":["https:\/\/genios-gt.com\/wp-content\/uploads\/2026\/02\/ARGOLLA-G426-320x320.jpg",320,320,true],"woocommerce_single":["https:\/\/genios-gt.com\/wp-content\/uploads\/2026\/02\/ARGOLLA-G426-600x600.jpg",600,600,true],"woocommerce_gallery_thumbnail":["https:\/\/genios-gt.com\/wp-content\/uploads\/2026\/02\/ARGOLLA-G426-100x100.jpg",100,100,true],"variation_swatches_image_size":["https:\/\/genios-gt.com\/wp-content\/uploads\/2026\/02\/ARGOLLA-G426-50x50.jpg",50,50,true],"variation_swatches_tooltip_size":["https:\/\/genios-gt.com\/wp-content\/uploads\/2026\/02\/ARGOLLA-G426-100x100.jpg",100,100,true],"thaps-thumb-img":["https:\/\/genios-gt.com\/wp-content\/uploads\/2026\/02\/ARGOLLA-G426-48x48.jpg",48,48,true]},"uagb_author_info":{"display_name":"Yemito","author_link":"https:\/\/genios-gt.com\/index.php\/author\/"},"uagb_comment_info":0,"uagb_excerpt":"\u2714\ufe0f\u00a0Material: Acero Inoxidable \u2714\ufe0f\u00a0Dise\u00f1o: Exclusivo \u2714\ufe0f Estilo: \u00danico \ud83d\udcb5\u00a0En la compra de 2 el env\u00edo es completamente Gratis. \ud83c\uddec\ud83c\uddf9\u00a0Env\u00edos a todo el pa\u00eds.","_links":{"self":[{"href":"https:\/\/genios-gt.com\/index.php\/wp-json\/wp\/v2\/product\/4591"}],"collection":[{"href":"https:\/\/genios-gt.com\/index.php\/wp-json\/wp\/v2\/product"}],"about":[{"href":"https:\/\/genios-gt.com\/index.php\/wp-json\/wp\/v2\/types\/product"}],"replies":[{"embeddable":true,"href":"https:\/\/genios-gt.com\/index.php\/wp-json\/wp\/v2\/comments?post=4591"}],"wp:featuredmedia":[{"embeddable":true,"href":"https:\/\/genios-gt.com\/index.php\/wp-json\/wp\/v2\/media\/4592"}],"wp:attachment":[{"href":"https:\/\/genios-gt.com\/index.php\/wp-json\/wp\/v2\/media?parent=4591"}],"wp:term":[{"taxonomy":"product_cat","embeddable":true,"href":"https:\/\/genios-gt.com\/index.php\/wp-json\/wp\/v2\/product_cat?post=4591"},{"taxonomy":"product_tag","embeddable":true,"href":"https:\/\/genios-gt.com\/index.php\/wp-json\/wp\/v2\/product_tag?post=4591"}],"curies":[{"name":"wp","href":"https:\/\/api.w.org\/{rel}","templated":true}]}}