{"id":4570,"date":"2026-02-16T12:00:31","date_gmt":"2026-02-16T18:00:31","guid":{"rendered":"https:\/\/genios-gt.com\/?post_type=product&#038;p=4570"},"modified":"2026-02-16T12:00:31","modified_gmt":"2026-02-16T18:00:31","slug":"argolla-tipo-cilindro-para-panuelo-g420","status":"publish","type":"product","link":"https:\/\/genios-gt.com\/index.php\/producto\/argolla-tipo-cilindro-para-panuelo-g420\/","title":{"rendered":"ARGOLLA TIPO CILINDRO PARA PA\u00d1UELO G420"},"content":{"rendered":"<p data-path-to-node=\"10\"><strong>\u00abEl Detalle que Define tu Presencia\u00bb<\/strong><\/p>\n<p data-path-to-node=\"10\">A menudo, la diferencia entre un look com\u00fan y uno de alto impacto no est\u00e1 en la ropa, sino en los detalles. Un pa\u00f1uelo mal anudado puede verse descuidado; en cambio, con la <b data-path-to-node=\"10\" data-index-in-node=\"173\">Argolla G420<\/b>, logras una ca\u00edda perfecta y elegante de forma instant\u00e1nea.<\/p>\n<p data-path-to-node=\"11\">Imagina llegar a esa reuni\u00f3n importante o a ese evento especial. No tienes que preocuparte por si tu pa\u00f1uelo se desacomod\u00f3. El brillo del <b data-path-to-node=\"11\" data-index-in-node=\"138\">acero inoxidable<\/b> y el dise\u00f1o exclusivo de esta pieza proyectan una imagen de orden, autoridad y buen gusto. Es m\u00e1s que un accesorio: es una herramienta de confianza.<\/p>\n<p data-path-to-node=\"11\">Dale a tu estilo ese toque especial <span class=\"x19la9d6 x1fc57z9 x6ikm8r x10wlt62 x19co3pv x11tp94h xfibh0p xiy17q3 x1xsqp64 x1lkfr7t xexx8yu xyri2b x18d9i69 x1c1uobl\"><span class=\"xrtxmta x1bhl96m\">\u2728<\/span><\/span><\/p>\n","protected":false},"excerpt":{"rendered":"<p>\u2714\ufe0f\u00a0Material: Acero Inoxidable<\/p>\n<p>\u2714\ufe0f\u00a0Dise\u00f1o: Exclusivo<\/p>\n<p>\u2714\ufe0f\u00a0Estilo: Con colores que alegran el coraz\u00f3n<\/p>\n<p>\ud83d\udcb5\u00a0En la compra de 2 el env\u00edo es completamente Gratis.<\/p>\n<p>\ud83c\uddec\ud83c\uddf9\u00a0Env\u00edos a todo el pa\u00eds.<\/p>\n<p>\ud83d\ude9a\u00a0Pagas al recibir<\/p>\n","protected":false},"featured_media":4572,"comment_status":"open","ping_status":"closed","template":"","meta":{"_uag_custom_page_level_css":""},"product_cat":[138],"product_tag":[],"jetpack_sharing_enabled":true,"uagb_featured_image_src":{"full":["https:\/\/genios-gt.com\/wp-content\/uploads\/2026\/02\/ARGOLLA-TIPO-CILINDRO-G420-scaled.jpg",2560,2560,false],"thumbnail":["https:\/\/genios-gt.com\/wp-content\/uploads\/2026\/02\/ARGOLLA-TIPO-CILINDRO-G420-150x150.jpg",150,150,true],"medium":["https:\/\/genios-gt.com\/wp-content\/uploads\/2026\/02\/ARGOLLA-TIPO-CILINDRO-G420-300x300.jpg",300,300,true],"medium_large":["https:\/\/genios-gt.com\/wp-content\/uploads\/2026\/02\/ARGOLLA-TIPO-CILINDRO-G420-768x768.jpg",640,640,true],"large":["https:\/\/genios-gt.com\/wp-content\/uploads\/2026\/02\/ARGOLLA-TIPO-CILINDRO-G420-1024x1024.jpg",640,640,true],"1536x1536":["https:\/\/genios-gt.com\/wp-content\/uploads\/2026\/02\/ARGOLLA-TIPO-CILINDRO-G420-1536x1536.jpg",1536,1536,true],"2048x2048":["https:\/\/genios-gt.com\/wp-content\/uploads\/2026\/02\/ARGOLLA-TIPO-CILINDRO-G420-2048x2048.jpg",2048,2048,true],"mailpoet_newsletter_max":["https:\/\/genios-gt.com\/wp-content\/uploads\/2026\/02\/ARGOLLA-TIPO-CILINDRO-G420-1320x1320.jpg",1320,1320,true],"woocommerce_thumbnail":["https:\/\/genios-gt.com\/wp-content\/uploads\/2026\/02\/ARGOLLA-TIPO-CILINDRO-G420-320x320.jpg",320,320,true],"woocommerce_single":["https:\/\/genios-gt.com\/wp-content\/uploads\/2026\/02\/ARGOLLA-TIPO-CILINDRO-G420-600x600.jpg",600,600,true],"woocommerce_gallery_thumbnail":["https:\/\/genios-gt.com\/wp-content\/uploads\/2026\/02\/ARGOLLA-TIPO-CILINDRO-G420-100x100.jpg",100,100,true],"variation_swatches_image_size":["https:\/\/genios-gt.com\/wp-content\/uploads\/2026\/02\/ARGOLLA-TIPO-CILINDRO-G420-50x50.jpg",50,50,true],"variation_swatches_tooltip_size":["https:\/\/genios-gt.com\/wp-content\/uploads\/2026\/02\/ARGOLLA-TIPO-CILINDRO-G420-100x100.jpg",100,100,true],"thaps-thumb-img":["https:\/\/genios-gt.com\/wp-content\/uploads\/2026\/02\/ARGOLLA-TIPO-CILINDRO-G420-48x48.jpg",48,48,true]},"uagb_author_info":{"display_name":"Yemito","author_link":"https:\/\/genios-gt.com\/index.php\/author\/"},"uagb_comment_info":0,"uagb_excerpt":"\u2714\ufe0f\u00a0Material: Acero Inoxidable \u2714\ufe0f\u00a0Dise\u00f1o: Exclusivo \u2714\ufe0f\u00a0Estilo: Con colores que alegran el coraz\u00f3n \ud83d\udcb5\u00a0En la compra de 2 el env\u00edo es completamente Gratis. \ud83c\uddec\ud83c\uddf9\u00a0Env\u00edos a todo el pa\u00eds. \ud83d\ude9a\u00a0Pagas al recibir","_links":{"self":[{"href":"https:\/\/genios-gt.com\/index.php\/wp-json\/wp\/v2\/product\/4570"}],"collection":[{"href":"https:\/\/genios-gt.com\/index.php\/wp-json\/wp\/v2\/product"}],"about":[{"href":"https:\/\/genios-gt.com\/index.php\/wp-json\/wp\/v2\/types\/product"}],"replies":[{"embeddable":true,"href":"https:\/\/genios-gt.com\/index.php\/wp-json\/wp\/v2\/comments?post=4570"}],"wp:featuredmedia":[{"embeddable":true,"href":"https:\/\/genios-gt.com\/index.php\/wp-json\/wp\/v2\/media\/4572"}],"wp:attachment":[{"href":"https:\/\/genios-gt.com\/index.php\/wp-json\/wp\/v2\/media?parent=4570"}],"wp:term":[{"taxonomy":"product_cat","embeddable":true,"href":"https:\/\/genios-gt.com\/index.php\/wp-json\/wp\/v2\/product_cat?post=4570"},{"taxonomy":"product_tag","embeddable":true,"href":"https:\/\/genios-gt.com\/index.php\/wp-json\/wp\/v2\/product_tag?post=4570"}],"curies":[{"name":"wp","href":"https:\/\/api.w.org\/{rel}","templated":true}]}}