{"id":4563,"date":"2026-02-10T16:52:38","date_gmt":"2026-02-10T22:52:38","guid":{"rendered":"https:\/\/genios-gt.com\/?post_type=product&#038;p=4563"},"modified":"2026-02-10T16:52:38","modified_gmt":"2026-02-10T22:52:38","slug":"anillo-oro-rosa-azul-cielo-a7","status":"publish","type":"product","link":"https:\/\/genios-gt.com\/index.php\/producto\/anillo-oro-rosa-azul-cielo-a7\/","title":{"rendered":"ANILLO ORO ROSA AZUL CIELO A7"},"content":{"rendered":"<p><strong>\u00bfListo para atrapar miradas?<\/strong><br \/>\nEl Anillo oro rosa azul cielo no es solo un accesorio\u2026<br \/>\nEs s\u00edmbolo de energ\u00eda, calma y alegr\u00eda.<\/p>\n<p>Su dise\u00f1o en acero inoxidable con detalles en azules, verdes y rosa representa el atardecer que todo mundo apreciar\u00eda.<br \/>\nPerfecto para quienes se atreven a amar sin medida y destacar con estilo.<\/p>\n<p>\ud83d\udca5\u00a0Disponible en tallas 8 a 12<br \/>\n\ud83d\udc8e\u00a0Dise\u00f1o exclusivo \u2013 Producto de importaci\u00f3n<\/p>\n<p>\ud83d\udc98\u00a0\ud83c\udf81\u00a0\u00a1Y recuerda! Al comprar 2 anillos de nuestra colecci\u00f3n, el env\u00edo es completamente GRATIS<\/p>\n<p>Haz que tu presencia hable\u2026 con amor.<\/p>\n","protected":false},"excerpt":{"rendered":"<p>\u2714\ufe0f\u00a0Material: Acero Inoxidable<\/p>\n<p>\u2714\ufe0f\u00a0Dise\u00f1o: Exclusivo<\/p>\n<p>\u2714\ufe0f Estilo: Con colores que alegran el coraz\u00f3n<\/p>\n<p>\ud83d\udcb5\u00a0En la compra de 2 el env\u00edo es completamente Gratis.<\/p>\n<p>\ud83c\uddec\ud83c\uddf9\u00a0Env\u00edos a todo el pa\u00eds.<\/p>\n<p>\ud83d\ude9a\u00a0Pagas al recibir<\/p>\n","protected":false},"featured_media":4564,"comment_status":"open","ping_status":"closed","template":"","meta":{"_uag_custom_page_level_css":""},"product_cat":[21],"product_tag":[],"jetpack_sharing_enabled":true,"uagb_featured_image_src":{"full":["https:\/\/genios-gt.com\/wp-content\/uploads\/2026\/02\/WhatsApp-Image-2026-02-10-at-3.36.10-PM-1.jpeg",1600,1600,false],"thumbnail":["https:\/\/genios-gt.com\/wp-content\/uploads\/2026\/02\/WhatsApp-Image-2026-02-10-at-3.36.10-PM-1-150x150.jpeg",150,150,true],"medium":["https:\/\/genios-gt.com\/wp-content\/uploads\/2026\/02\/WhatsApp-Image-2026-02-10-at-3.36.10-PM-1-300x300.jpeg",300,300,true],"medium_large":["https:\/\/genios-gt.com\/wp-content\/uploads\/2026\/02\/WhatsApp-Image-2026-02-10-at-3.36.10-PM-1-768x768.jpeg",640,640,true],"large":["https:\/\/genios-gt.com\/wp-content\/uploads\/2026\/02\/WhatsApp-Image-2026-02-10-at-3.36.10-PM-1-1024x1024.jpeg",640,640,true],"1536x1536":["https:\/\/genios-gt.com\/wp-content\/uploads\/2026\/02\/WhatsApp-Image-2026-02-10-at-3.36.10-PM-1-1536x1536.jpeg",1536,1536,true],"2048x2048":["https:\/\/genios-gt.com\/wp-content\/uploads\/2026\/02\/WhatsApp-Image-2026-02-10-at-3.36.10-PM-1.jpeg",1600,1600,false],"mailpoet_newsletter_max":["https:\/\/genios-gt.com\/wp-content\/uploads\/2026\/02\/WhatsApp-Image-2026-02-10-at-3.36.10-PM-1-1320x1320.jpeg",1320,1320,true],"woocommerce_thumbnail":["https:\/\/genios-gt.com\/wp-content\/uploads\/2026\/02\/WhatsApp-Image-2026-02-10-at-3.36.10-PM-1-320x320.jpeg",320,320,true],"woocommerce_single":["https:\/\/genios-gt.com\/wp-content\/uploads\/2026\/02\/WhatsApp-Image-2026-02-10-at-3.36.10-PM-1-600x600.jpeg",600,600,true],"woocommerce_gallery_thumbnail":["https:\/\/genios-gt.com\/wp-content\/uploads\/2026\/02\/WhatsApp-Image-2026-02-10-at-3.36.10-PM-1-100x100.jpeg",100,100,true],"variation_swatches_image_size":["https:\/\/genios-gt.com\/wp-content\/uploads\/2026\/02\/WhatsApp-Image-2026-02-10-at-3.36.10-PM-1-50x50.jpeg",50,50,true],"variation_swatches_tooltip_size":["https:\/\/genios-gt.com\/wp-content\/uploads\/2026\/02\/WhatsApp-Image-2026-02-10-at-3.36.10-PM-1-100x100.jpeg",100,100,true],"thaps-thumb-img":["https:\/\/genios-gt.com\/wp-content\/uploads\/2026\/02\/WhatsApp-Image-2026-02-10-at-3.36.10-PM-1-48x48.jpeg",48,48,true]},"uagb_author_info":{"display_name":"Yemito","author_link":"https:\/\/genios-gt.com\/index.php\/author\/"},"uagb_comment_info":0,"uagb_excerpt":"\u2714\ufe0f\u00a0Material: Acero Inoxidable \u2714\ufe0f\u00a0Dise\u00f1o: Exclusivo \u2714\ufe0f Estilo: Con colores que alegran el coraz\u00f3n \ud83d\udcb5\u00a0En la compra de 2 el env\u00edo es completamente Gratis. \ud83c\uddec\ud83c\uddf9\u00a0Env\u00edos a todo el pa\u00eds. \ud83d\ude9a\u00a0Pagas al recibir","_links":{"self":[{"href":"https:\/\/genios-gt.com\/index.php\/wp-json\/wp\/v2\/product\/4563"}],"collection":[{"href":"https:\/\/genios-gt.com\/index.php\/wp-json\/wp\/v2\/product"}],"about":[{"href":"https:\/\/genios-gt.com\/index.php\/wp-json\/wp\/v2\/types\/product"}],"replies":[{"embeddable":true,"href":"https:\/\/genios-gt.com\/index.php\/wp-json\/wp\/v2\/comments?post=4563"}],"wp:featuredmedia":[{"embeddable":true,"href":"https:\/\/genios-gt.com\/index.php\/wp-json\/wp\/v2\/media\/4564"}],"wp:attachment":[{"href":"https:\/\/genios-gt.com\/index.php\/wp-json\/wp\/v2\/media?parent=4563"}],"wp:term":[{"taxonomy":"product_cat","embeddable":true,"href":"https:\/\/genios-gt.com\/index.php\/wp-json\/wp\/v2\/product_cat?post=4563"},{"taxonomy":"product_tag","embeddable":true,"href":"https:\/\/genios-gt.com\/index.php\/wp-json\/wp\/v2\/product_tag?post=4563"}],"curies":[{"name":"wp","href":"https:\/\/api.w.org\/{rel}","templated":true}]}}