{"id":4553,"date":"2026-02-10T16:13:51","date_gmt":"2026-02-10T22:13:51","guid":{"rendered":"https:\/\/genios-gt.com\/?post_type=product&#038;p=4553"},"modified":"2026-02-10T16:13:51","modified_gmt":"2026-02-10T22:13:51","slug":"anillo-flecha-de-cupido-amor-intenso-a9","status":"publish","type":"product","link":"https:\/\/genios-gt.com\/index.php\/producto\/anillo-flecha-de-cupido-amor-intenso-a9\/","title":{"rendered":"ANILLO FLECHA DE CUPIDO AMOR INTENSO A9"},"content":{"rendered":"<p><strong>Dicen que el amor entra por los ojos\u2026<\/strong><br \/>\nY este Anillo Flecha de Cupido est\u00e1 dise\u00f1ado para flechar directo al coraz\u00f3n.<\/p>\n<p>Su dise\u00f1o elegante con detalles en madera y acero inoxidable representa el impacto del primer vistazo, esa conexi\u00f3n \u00fanica que no se explica\u2026 solo se siente.<\/p>\n<p>Ideal para los que creen en el amor, el estilo\u2026 y en dejar huella.<\/p>\n<p>\u2728\u00a0Tallas disponibles del 8 al 12<br \/>\n\ud83d\udc8d\u00a0Dise\u00f1os exclusivos \u2014 Producto de importaci\u00f3n<\/p>\n<p>\ud83c\udf81\u00a0\u00a1Y recuerda! Al comprar 2 anillos de nuestra colecci\u00f3n, el envi\u00f3 es completamente GRATIS.<\/p>\n<p>\u00bfA qui\u00e9n vas a flechar hoy?<\/p>\n","protected":false},"excerpt":{"rendered":"<p>\u2714\ufe0f\u00a0Material: Acero Inoxidable<\/p>\n<p>\u2714\ufe0f\u00a0Dise\u00f1o: Exclusivo<\/p>\n<p>\u2714\ufe0f Estilo: Flecha Incrustada y detalles en madera roja.<\/p>\n<p>\ud83d\udcb5\u00a0En la compra de 2 el env\u00edo es Gratis<\/p>\n<p>\ud83c\uddec\ud83c\uddf9\u00a0Env\u00edos a todo el pa\u00eds.<\/p>\n<p>\ud83d\ude9a\u00a0Pagas al recibir<\/p>\n","protected":false},"featured_media":4554,"comment_status":"open","ping_status":"closed","template":"","meta":{"_uag_custom_page_level_css":""},"product_cat":[63],"product_tag":[],"jetpack_sharing_enabled":true,"uagb_featured_image_src":{"full":["https:\/\/genios-gt.com\/wp-content\/uploads\/2026\/02\/WhatsApp-Image-2026-02-10-at-3.36.09-PM-2.jpeg",1600,1600,false],"thumbnail":["https:\/\/genios-gt.com\/wp-content\/uploads\/2026\/02\/WhatsApp-Image-2026-02-10-at-3.36.09-PM-2-150x150.jpeg",150,150,true],"medium":["https:\/\/genios-gt.com\/wp-content\/uploads\/2026\/02\/WhatsApp-Image-2026-02-10-at-3.36.09-PM-2-300x300.jpeg",300,300,true],"medium_large":["https:\/\/genios-gt.com\/wp-content\/uploads\/2026\/02\/WhatsApp-Image-2026-02-10-at-3.36.09-PM-2-768x768.jpeg",640,640,true],"large":["https:\/\/genios-gt.com\/wp-content\/uploads\/2026\/02\/WhatsApp-Image-2026-02-10-at-3.36.09-PM-2-1024x1024.jpeg",640,640,true],"1536x1536":["https:\/\/genios-gt.com\/wp-content\/uploads\/2026\/02\/WhatsApp-Image-2026-02-10-at-3.36.09-PM-2-1536x1536.jpeg",1536,1536,true],"2048x2048":["https:\/\/genios-gt.com\/wp-content\/uploads\/2026\/02\/WhatsApp-Image-2026-02-10-at-3.36.09-PM-2.jpeg",1600,1600,false],"mailpoet_newsletter_max":["https:\/\/genios-gt.com\/wp-content\/uploads\/2026\/02\/WhatsApp-Image-2026-02-10-at-3.36.09-PM-2-1320x1320.jpeg",1320,1320,true],"woocommerce_thumbnail":["https:\/\/genios-gt.com\/wp-content\/uploads\/2026\/02\/WhatsApp-Image-2026-02-10-at-3.36.09-PM-2-320x320.jpeg",320,320,true],"woocommerce_single":["https:\/\/genios-gt.com\/wp-content\/uploads\/2026\/02\/WhatsApp-Image-2026-02-10-at-3.36.09-PM-2-600x600.jpeg",600,600,true],"woocommerce_gallery_thumbnail":["https:\/\/genios-gt.com\/wp-content\/uploads\/2026\/02\/WhatsApp-Image-2026-02-10-at-3.36.09-PM-2-100x100.jpeg",100,100,true],"variation_swatches_image_size":["https:\/\/genios-gt.com\/wp-content\/uploads\/2026\/02\/WhatsApp-Image-2026-02-10-at-3.36.09-PM-2-50x50.jpeg",50,50,true],"variation_swatches_tooltip_size":["https:\/\/genios-gt.com\/wp-content\/uploads\/2026\/02\/WhatsApp-Image-2026-02-10-at-3.36.09-PM-2-100x100.jpeg",100,100,true],"thaps-thumb-img":["https:\/\/genios-gt.com\/wp-content\/uploads\/2026\/02\/WhatsApp-Image-2026-02-10-at-3.36.09-PM-2-48x48.jpeg",48,48,true]},"uagb_author_info":{"display_name":"Yemito","author_link":"https:\/\/genios-gt.com\/index.php\/author\/"},"uagb_comment_info":0,"uagb_excerpt":"\u2714\ufe0f\u00a0Material: Acero Inoxidable \u2714\ufe0f\u00a0Dise\u00f1o: Exclusivo \u2714\ufe0f Estilo: Flecha Incrustada y detalles en madera roja. \ud83d\udcb5\u00a0En la compra de 2 el env\u00edo es Gratis \ud83c\uddec\ud83c\uddf9\u00a0Env\u00edos a todo el pa\u00eds. \ud83d\ude9a\u00a0Pagas al recibir","_links":{"self":[{"href":"https:\/\/genios-gt.com\/index.php\/wp-json\/wp\/v2\/product\/4553"}],"collection":[{"href":"https:\/\/genios-gt.com\/index.php\/wp-json\/wp\/v2\/product"}],"about":[{"href":"https:\/\/genios-gt.com\/index.php\/wp-json\/wp\/v2\/types\/product"}],"replies":[{"embeddable":true,"href":"https:\/\/genios-gt.com\/index.php\/wp-json\/wp\/v2\/comments?post=4553"}],"wp:featuredmedia":[{"embeddable":true,"href":"https:\/\/genios-gt.com\/index.php\/wp-json\/wp\/v2\/media\/4554"}],"wp:attachment":[{"href":"https:\/\/genios-gt.com\/index.php\/wp-json\/wp\/v2\/media?parent=4553"}],"wp:term":[{"taxonomy":"product_cat","embeddable":true,"href":"https:\/\/genios-gt.com\/index.php\/wp-json\/wp\/v2\/product_cat?post=4553"},{"taxonomy":"product_tag","embeddable":true,"href":"https:\/\/genios-gt.com\/index.php\/wp-json\/wp\/v2\/product_tag?post=4553"}],"curies":[{"name":"wp","href":"https:\/\/api.w.org\/{rel}","templated":true}]}}