{"id":4441,"date":"2025-12-09T12:39:49","date_gmt":"2025-12-09T18:39:49","guid":{"rendered":"https:\/\/genios-gt.com\/?post_type=product&#038;p=4441"},"modified":"2026-02-10T13:04:10","modified_gmt":"2026-02-10T19:04:10","slug":"anillo-flecha-de-cupido","status":"publish","type":"product","link":"https:\/\/genios-gt.com\/index.php\/producto\/anillo-flecha-de-cupido\/","title":{"rendered":"ANILLO FLECHA DE CUPIDO DORADO A3 \/ NEGRO A4"},"content":{"rendered":"<p><strong>Dicen que el amor entra por los ojos\u2026<\/strong><br \/>\nY este Anillo Flecha de Cupido est\u00e1 dise\u00f1ado para flechar directo al coraz\u00f3n.<\/p>\n<p>Su dise\u00f1o elegante con detalles en madera y acero inoxidable representa el impacto del primer vistazo, esa conexi\u00f3n \u00fanica que no se explica\u2026 solo se siente.<\/p>\n<p>Ideal para los que creen en el amor, el estilo\u2026 y en dejar huella.<\/p>\n<ol>\n<li>\u2728 A3 Dorado<\/li>\n<li>\u2728 A4 Negro<\/li>\n<\/ol>\n<p>\u2728 Tallas disponibles del 8 al 12<br \/>\n\ud83d\udc8d Dise\u00f1os exclusivos \u2014 Producto de importaci\u00f3n<\/p>\n<p>\ud83c\udf81 \u00a1Y recuerda! Al comprar 2 anillos de nuestra colecci\u00f3n, el envi\u00f3 es completamente GRATIS.<\/p>\n<p>\u00bfA qui\u00e9n vas a flechar hoy?<\/p>\n","protected":false},"excerpt":{"rendered":"<p>\u2714\ufe0f\u00a0Material: Acero Inoxidable<\/p>\n<p>\u2714\ufe0f Dise\u00f1o: Exclusivo<\/p>\n<p>\u2714\ufe0f Estilo: Flecha Incrustada y detalles en madera<\/p>\n<p>\ud83d\udcb5 En la compra de 2 el env\u00edo es Gratis<\/p>\n<p>\ud83c\uddec\ud83c\uddf9 Env\u00edos a todo el pa\u00eds.<\/p>\n<p>\ud83d\ude9a\u00a0Pagas al recibir<\/p>\n","protected":false},"featured_media":4445,"comment_status":"open","ping_status":"closed","template":"","meta":{"_uag_custom_page_level_css":""},"product_cat":[21],"product_tag":[],"jetpack_sharing_enabled":true,"uagb_featured_image_src":{"full":["https:\/\/genios-gt.com\/wp-content\/uploads\/2025\/12\/FLECHA-DE-CUPIDO-1-scaled.jpg",2560,2560,false],"thumbnail":["https:\/\/genios-gt.com\/wp-content\/uploads\/2025\/12\/FLECHA-DE-CUPIDO-1-150x150.jpg",150,150,true],"medium":["https:\/\/genios-gt.com\/wp-content\/uploads\/2025\/12\/FLECHA-DE-CUPIDO-1-300x300.jpg",300,300,true],"medium_large":["https:\/\/genios-gt.com\/wp-content\/uploads\/2025\/12\/FLECHA-DE-CUPIDO-1-768x768.jpg",640,640,true],"large":["https:\/\/genios-gt.com\/wp-content\/uploads\/2025\/12\/FLECHA-DE-CUPIDO-1-1024x1024.jpg",640,640,true],"1536x1536":["https:\/\/genios-gt.com\/wp-content\/uploads\/2025\/12\/FLECHA-DE-CUPIDO-1-1536x1536.jpg",1536,1536,true],"2048x2048":["https:\/\/genios-gt.com\/wp-content\/uploads\/2025\/12\/FLECHA-DE-CUPIDO-1-2048x2048.jpg",2048,2048,true],"mailpoet_newsletter_max":["https:\/\/genios-gt.com\/wp-content\/uploads\/2025\/12\/FLECHA-DE-CUPIDO-1-1320x1320.jpg",1320,1320,true],"woocommerce_thumbnail":["https:\/\/genios-gt.com\/wp-content\/uploads\/2025\/12\/FLECHA-DE-CUPIDO-1-320x320.jpg",320,320,true],"woocommerce_single":["https:\/\/genios-gt.com\/wp-content\/uploads\/2025\/12\/FLECHA-DE-CUPIDO-1-600x600.jpg",600,600,true],"woocommerce_gallery_thumbnail":["https:\/\/genios-gt.com\/wp-content\/uploads\/2025\/12\/FLECHA-DE-CUPIDO-1-100x100.jpg",100,100,true],"variation_swatches_image_size":["https:\/\/genios-gt.com\/wp-content\/uploads\/2025\/12\/FLECHA-DE-CUPIDO-1-50x50.jpg",50,50,true],"variation_swatches_tooltip_size":["https:\/\/genios-gt.com\/wp-content\/uploads\/2025\/12\/FLECHA-DE-CUPIDO-1-100x100.jpg",100,100,true],"thaps-thumb-img":["https:\/\/genios-gt.com\/wp-content\/uploads\/2025\/12\/FLECHA-DE-CUPIDO-1-48x48.jpg",48,48,true]},"uagb_author_info":{"display_name":"Yemito","author_link":"https:\/\/genios-gt.com\/index.php\/author\/"},"uagb_comment_info":0,"uagb_excerpt":"\u2714\ufe0f\u00a0Material: Acero Inoxidable \u2714\ufe0f Dise\u00f1o: Exclusivo \u2714\ufe0f Estilo: Flecha Incrustada y detalles en madera \ud83d\udcb5 En la compra de 2 el env\u00edo es Gratis \ud83c\uddec\ud83c\uddf9 Env\u00edos a todo el pa\u00eds. \ud83d\ude9a\u00a0Pagas al recibir","_links":{"self":[{"href":"https:\/\/genios-gt.com\/index.php\/wp-json\/wp\/v2\/product\/4441"}],"collection":[{"href":"https:\/\/genios-gt.com\/index.php\/wp-json\/wp\/v2\/product"}],"about":[{"href":"https:\/\/genios-gt.com\/index.php\/wp-json\/wp\/v2\/types\/product"}],"replies":[{"embeddable":true,"href":"https:\/\/genios-gt.com\/index.php\/wp-json\/wp\/v2\/comments?post=4441"}],"wp:featuredmedia":[{"embeddable":true,"href":"https:\/\/genios-gt.com\/index.php\/wp-json\/wp\/v2\/media\/4445"}],"wp:attachment":[{"href":"https:\/\/genios-gt.com\/index.php\/wp-json\/wp\/v2\/media?parent=4441"}],"wp:term":[{"taxonomy":"product_cat","embeddable":true,"href":"https:\/\/genios-gt.com\/index.php\/wp-json\/wp\/v2\/product_cat?post=4441"},{"taxonomy":"product_tag","embeddable":true,"href":"https:\/\/genios-gt.com\/index.php\/wp-json\/wp\/v2\/product_tag?post=4441"}],"curies":[{"name":"wp","href":"https:\/\/api.w.org\/{rel}","templated":true}]}}