{"id":4378,"date":"2025-11-12T11:56:18","date_gmt":"2025-11-12T17:56:18","guid":{"rendered":"https:\/\/genios-gt.com\/?post_type=product&#038;p=4378"},"modified":"2026-02-04T14:42:10","modified_gmt":"2026-02-04T20:42:10","slug":"hebilla-casco-de-wey-g300","status":"publish","type":"product","link":"https:\/\/genios-gt.com\/index.php\/producto\/hebilla-casco-de-wey-g300\/","title":{"rendered":"HEBILLA CASCO DE WEY G300"},"content":{"rendered":"<p><strong>\ud83e\udd20 Hebilla Casco de G\u00fcey \u2013 Modelo G300<\/strong><br \/>\n\u00a1Un dise\u00f1o rudo, con car\u00e1cter y tradici\u00f3n vaquera!<br \/>\n\u26a1 Relieve detallado con acabado envejecido estilo western<br \/>\n\u2705 Material: Aleaci\u00f3n de Zinc<br \/>\n\ud83d\udccf Tama\u00f1o: 9\u00d77 cm<br \/>\n\u2696\ufe0f Peso: 75 g<\/p>\n<p>Ideal para destacar tu outfit con un toque western aut\u00e9ntico.<br \/>\n\ud83d\udcb0 Precio especial: Q150<br \/>\n\ud83d\udeab No incluye faja o cincho<br \/>\n\ud83d\udce6 Pago contra entrega<br \/>\n\ud83d\udcf2 Pedidos al: 5814-4154<br \/>\n\ud83c\udf10 www.genios-gt.com<\/p>\n<p>\u00a1Haz que tu estilo hable por ti! \ud83d\udca5<\/p>\n","protected":false},"excerpt":{"rendered":"<p><span class=\"fe5nidar khvhiq1o r5qsrrlp i5tg98hk f9ovudaz przvwfww gx1rr48f gfz4du6o r7fjleex nz2484kf svot0ezm dcnh1tix sxl192xd t3g6t33p\"><span class=\"mpj7bzys xzlurrtv\">\u2714\ufe0f <\/span><\/span>Material: Aleaci\u00f3n de Zinc.<\/p>\n<p>\u2714\ufe0f Dise\u00f1o: casco de guey en relieve<\/p>\n<p>\u2714\ufe0f Estilo: Retro Vintage.<\/p>\n<p>\ud83d\udcb5 En la compra de 2 o m\u00e1s envi\u00f3 Gratis<\/p>\n<p>\ud83c\uddec\ud83c\uddf9 Env\u00edos a todo el pa\u00eds.<\/p>\n<p>\ud83d\ude9a\u00a0Pagas al recibir.<\/p>\n","protected":false},"featured_media":4379,"comment_status":"open","ping_status":"closed","template":"","meta":{"_uag_custom_page_level_css":""},"product_cat":[131],"product_tag":[],"jetpack_sharing_enabled":true,"uagb_featured_image_src":{"full":["https:\/\/genios-gt.com\/wp-content\/uploads\/2025\/11\/HEBILLA-CASCO-DE-WUEY-BRONCE-scaled.jpg",2560,2560,false],"thumbnail":["https:\/\/genios-gt.com\/wp-content\/uploads\/2025\/11\/HEBILLA-CASCO-DE-WUEY-BRONCE-150x150.jpg",150,150,true],"medium":["https:\/\/genios-gt.com\/wp-content\/uploads\/2025\/11\/HEBILLA-CASCO-DE-WUEY-BRONCE-300x300.jpg",300,300,true],"medium_large":["https:\/\/genios-gt.com\/wp-content\/uploads\/2025\/11\/HEBILLA-CASCO-DE-WUEY-BRONCE-768x768.jpg",640,640,true],"large":["https:\/\/genios-gt.com\/wp-content\/uploads\/2025\/11\/HEBILLA-CASCO-DE-WUEY-BRONCE-1024x1024.jpg",640,640,true],"1536x1536":["https:\/\/genios-gt.com\/wp-content\/uploads\/2025\/11\/HEBILLA-CASCO-DE-WUEY-BRONCE-1536x1536.jpg",1536,1536,true],"2048x2048":["https:\/\/genios-gt.com\/wp-content\/uploads\/2025\/11\/HEBILLA-CASCO-DE-WUEY-BRONCE-2048x2048.jpg",2048,2048,true],"mailpoet_newsletter_max":["https:\/\/genios-gt.com\/wp-content\/uploads\/2025\/11\/HEBILLA-CASCO-DE-WUEY-BRONCE-1320x1320.jpg",1320,1320,true],"woocommerce_thumbnail":["https:\/\/genios-gt.com\/wp-content\/uploads\/2025\/11\/HEBILLA-CASCO-DE-WUEY-BRONCE-320x320.jpg",320,320,true],"woocommerce_single":["https:\/\/genios-gt.com\/wp-content\/uploads\/2025\/11\/HEBILLA-CASCO-DE-WUEY-BRONCE-600x600.jpg",600,600,true],"woocommerce_gallery_thumbnail":["https:\/\/genios-gt.com\/wp-content\/uploads\/2025\/11\/HEBILLA-CASCO-DE-WUEY-BRONCE-100x100.jpg",100,100,true],"variation_swatches_image_size":["https:\/\/genios-gt.com\/wp-content\/uploads\/2025\/11\/HEBILLA-CASCO-DE-WUEY-BRONCE-50x50.jpg",50,50,true],"variation_swatches_tooltip_size":["https:\/\/genios-gt.com\/wp-content\/uploads\/2025\/11\/HEBILLA-CASCO-DE-WUEY-BRONCE-100x100.jpg",100,100,true],"thaps-thumb-img":["https:\/\/genios-gt.com\/wp-content\/uploads\/2025\/11\/HEBILLA-CASCO-DE-WUEY-BRONCE-48x48.jpg",48,48,true]},"uagb_author_info":{"display_name":"Yemito","author_link":"https:\/\/genios-gt.com\/index.php\/author\/"},"uagb_comment_info":0,"uagb_excerpt":"\u2714\ufe0f Material: Aleaci\u00f3n de Zinc. \u2714\ufe0f Dise\u00f1o: casco de guey en relieve \u2714\ufe0f Estilo: Retro Vintage. \ud83d\udcb5 En la compra de 2 o m\u00e1s envi\u00f3 Gratis \ud83c\uddec\ud83c\uddf9 Env\u00edos a todo el pa\u00eds. \ud83d\ude9a\u00a0Pagas al recibir.","_links":{"self":[{"href":"https:\/\/genios-gt.com\/index.php\/wp-json\/wp\/v2\/product\/4378"}],"collection":[{"href":"https:\/\/genios-gt.com\/index.php\/wp-json\/wp\/v2\/product"}],"about":[{"href":"https:\/\/genios-gt.com\/index.php\/wp-json\/wp\/v2\/types\/product"}],"replies":[{"embeddable":true,"href":"https:\/\/genios-gt.com\/index.php\/wp-json\/wp\/v2\/comments?post=4378"}],"wp:featuredmedia":[{"embeddable":true,"href":"https:\/\/genios-gt.com\/index.php\/wp-json\/wp\/v2\/media\/4379"}],"wp:attachment":[{"href":"https:\/\/genios-gt.com\/index.php\/wp-json\/wp\/v2\/media?parent=4378"}],"wp:term":[{"taxonomy":"product_cat","embeddable":true,"href":"https:\/\/genios-gt.com\/index.php\/wp-json\/wp\/v2\/product_cat?post=4378"},{"taxonomy":"product_tag","embeddable":true,"href":"https:\/\/genios-gt.com\/index.php\/wp-json\/wp\/v2\/product_tag?post=4378"}],"curies":[{"name":"wp","href":"https:\/\/api.w.org\/{rel}","templated":true}]}}