{"id":4359,"date":"2026-03-06T13:28:01","date_gmt":"2026-03-06T19:28:01","guid":{"rendered":"https:\/\/genios-gt.com\/?post_type=product&#038;p=4359"},"modified":"2026-03-06T13:28:01","modified_gmt":"2026-03-06T19:28:01","slug":"dragon-asiatico-100-acero-inoxidable-g203","status":"publish","type":"product","link":"https:\/\/genios-gt.com\/index.php\/producto\/dragon-asiatico-100-acero-inoxidable-g203\/","title":{"rendered":"DRAGON ASIATICO 100% ACERO INOXIDABLE G203"},"content":{"rendered":"<p>Pulsera Drag\u00f3n Asi\u00e1tico \u2013 Dise\u00f1o Ex\u00f3tico y Poderoso<br \/>\nMaterial: 100% Acero Inoxidable<br \/>\nEstilo: Serpiente de eslabones<br \/>\nCategor\u00eda: Pulsera ex\u00f3tica<\/p>\n<p>Inspirada en la fuerza, el misticismo y la sabidur\u00eda del drag\u00f3n oriental, esta pulsera es mucho m\u00e1s que un accesorio: es una declaraci\u00f3n de poder y personalidad.<\/p>\n<p>Su dise\u00f1o \u00fanico tipo serpiente entrelazada representa energ\u00eda, protecci\u00f3n y transformaci\u00f3n. Fabricada con eslabones de acero inoxidable de alta resistencia, esta pieza garantiza durabilidad, brillo y elegancia por mucho tiempo.<\/p>\n<p>Ideal para quienes buscan:<br \/>\n\u2714 Un estilo original y llamativo<br \/>\n\u2714 Un s\u00edmbolo de fuerza y car\u00e1cter<br \/>\n\u2714 Un accesorio con identidad propia<\/p>\n<p>Perfecta para looks urbanos, casuales o de colecci\u00f3n.<br \/>\nL\u00facela con orgullo. Imp\u00f3n tu estilo.<\/p>\n","protected":false},"excerpt":{"rendered":"<p>Pulsera Drag\u00f3n Asi\u00e1tico \u2013 Dise\u00f1o Ex\u00f3tico y Poderoso Material: 100% Acero Inoxidable Estilo: Serpiente de eslabones Categor\u00eda: Pulsera ex\u00f3tica Inspirada en la fuerza, el misticismo y la sabidur\u00eda del drag\u00f3n oriental, esta pulsera es mucho m\u00e1s que un accesorio: es una declaraci\u00f3n de poder y personalidad. Su dise\u00f1o \u00fanico tipo serpiente entrelazada representa energ\u00eda, protecci\u00f3n &hellip;<\/p>\n<p class=\"read-more\"> <a class=\" thunk-readmore button \" href=\"https:\/\/genios-gt.com\/index.php\/producto\/dragon-asiatico-100-acero-inoxidable-g203\/\"> <span class=\"screen-reader-text\">DRAGON ASIATICO 100% ACERO INOXIDABLE G203<\/span>Leer m\u00e1s<\/a><\/p>\n","protected":false},"featured_media":4642,"comment_status":"open","ping_status":"closed","template":"","meta":{"_uag_custom_page_level_css":""},"product_cat":[57],"product_tag":[],"jetpack_sharing_enabled":true,"uagb_featured_image_src":{"full":["https:\/\/genios-gt.com\/wp-content\/uploads\/2025\/11\/H9cedf28960b146d59a7580c6000843cfL.jpg",1200,1200,false],"thumbnail":["https:\/\/genios-gt.com\/wp-content\/uploads\/2025\/11\/H9cedf28960b146d59a7580c6000843cfL-150x150.jpg",150,150,true],"medium":["https:\/\/genios-gt.com\/wp-content\/uploads\/2025\/11\/H9cedf28960b146d59a7580c6000843cfL-300x300.jpg",300,300,true],"medium_large":["https:\/\/genios-gt.com\/wp-content\/uploads\/2025\/11\/H9cedf28960b146d59a7580c6000843cfL-768x768.jpg",640,640,true],"large":["https:\/\/genios-gt.com\/wp-content\/uploads\/2025\/11\/H9cedf28960b146d59a7580c6000843cfL-1024x1024.jpg",640,640,true],"1536x1536":["https:\/\/genios-gt.com\/wp-content\/uploads\/2025\/11\/H9cedf28960b146d59a7580c6000843cfL.jpg",1200,1200,false],"2048x2048":["https:\/\/genios-gt.com\/wp-content\/uploads\/2025\/11\/H9cedf28960b146d59a7580c6000843cfL.jpg",1200,1200,false],"mailpoet_newsletter_max":["https:\/\/genios-gt.com\/wp-content\/uploads\/2025\/11\/H9cedf28960b146d59a7580c6000843cfL.jpg",1200,1200,false],"woocommerce_thumbnail":["https:\/\/genios-gt.com\/wp-content\/uploads\/2025\/11\/H9cedf28960b146d59a7580c6000843cfL-320x320.jpg",320,320,true],"woocommerce_single":["https:\/\/genios-gt.com\/wp-content\/uploads\/2025\/11\/H9cedf28960b146d59a7580c6000843cfL-600x600.jpg",600,600,true],"woocommerce_gallery_thumbnail":["https:\/\/genios-gt.com\/wp-content\/uploads\/2025\/11\/H9cedf28960b146d59a7580c6000843cfL-100x100.jpg",100,100,true],"variation_swatches_image_size":["https:\/\/genios-gt.com\/wp-content\/uploads\/2025\/11\/H9cedf28960b146d59a7580c6000843cfL-50x50.jpg",50,50,true],"variation_swatches_tooltip_size":["https:\/\/genios-gt.com\/wp-content\/uploads\/2025\/11\/H9cedf28960b146d59a7580c6000843cfL-100x100.jpg",100,100,true],"thaps-thumb-img":["https:\/\/genios-gt.com\/wp-content\/uploads\/2025\/11\/H9cedf28960b146d59a7580c6000843cfL-48x48.jpg",48,48,true]},"uagb_author_info":{"display_name":"Yemito","author_link":"https:\/\/genios-gt.com\/index.php\/author\/"},"uagb_comment_info":0,"uagb_excerpt":"Pulsera Drag\u00f3n Asi\u00e1tico \u2013 Dise\u00f1o Ex\u00f3tico y Poderoso Material: 100% Acero Inoxidable Estilo: Serpiente de eslabones Categor\u00eda: Pulsera ex\u00f3tica Inspirada en la fuerza, el misticismo y la sabidur\u00eda del drag\u00f3n oriental, esta pulsera es mucho m\u00e1s que un accesorio: es una declaraci\u00f3n de poder y personalidad. Su dise\u00f1o \u00fanico tipo serpiente entrelazada representa energ\u00eda, protecci\u00f3n&hellip;","_links":{"self":[{"href":"https:\/\/genios-gt.com\/index.php\/wp-json\/wp\/v2\/product\/4359"}],"collection":[{"href":"https:\/\/genios-gt.com\/index.php\/wp-json\/wp\/v2\/product"}],"about":[{"href":"https:\/\/genios-gt.com\/index.php\/wp-json\/wp\/v2\/types\/product"}],"replies":[{"embeddable":true,"href":"https:\/\/genios-gt.com\/index.php\/wp-json\/wp\/v2\/comments?post=4359"}],"wp:featuredmedia":[{"embeddable":true,"href":"https:\/\/genios-gt.com\/index.php\/wp-json\/wp\/v2\/media\/4642"}],"wp:attachment":[{"href":"https:\/\/genios-gt.com\/index.php\/wp-json\/wp\/v2\/media?parent=4359"}],"wp:term":[{"taxonomy":"product_cat","embeddable":true,"href":"https:\/\/genios-gt.com\/index.php\/wp-json\/wp\/v2\/product_cat?post=4359"},{"taxonomy":"product_tag","embeddable":true,"href":"https:\/\/genios-gt.com\/index.php\/wp-json\/wp\/v2\/product_tag?post=4359"}],"curies":[{"name":"wp","href":"https:\/\/api.w.org\/{rel}","templated":true}]}}