{"id":4354,"date":"2025-10-29T18:53:18","date_gmt":"2025-10-30T00:53:18","guid":{"rendered":"https:\/\/genios-gt.com\/?post_type=product&#038;p=4354"},"modified":"2025-10-29T18:53:18","modified_gmt":"2025-10-30T00:53:18","slug":"pulsera-magnetica-g337","status":"publish","type":"product","link":"https:\/\/genios-gt.com\/index.php\/producto\/pulsera-magnetica-g337\/","title":{"rendered":"PULSERA MAGNETICA G337"},"content":{"rendered":"<p><strong>Pulsera Magn\u00e9tica Antiestr\u00e9s G337 \u2013 Dorada de Alta Calidad<\/strong><\/p>\n<p>C\u00f3digo: G337<br \/>\nDisponibilidad: \u00a1En stock!<br \/>\nPago contra entrega<\/p>\n<p><strong>Descripci\u00f3n del producto:<\/strong><\/p>\n<p>Una joya poderosa que combina estilo, elegancia y bienestar. La Pulsera G337 est\u00e1 dise\u00f1ada para quienes buscan mejorar su salud sin sacrificar presencia y buen gusto.<\/p>\n<p><strong>Beneficios destacados:<\/strong><br \/>\n\u2714 Ayuda a reducir el estr\u00e9s, la ansiedad, el dolor articular y muscular.<br \/>\n\u2714 Contribuye a una mejor circulaci\u00f3n sangu\u00ednea.<br \/>\n\u2714 Ideal para personas con dolores de cabeza frecuentes o tensi\u00f3n cervical.<br \/>\n\u2714 Aporta una sensaci\u00f3n de bienestar general gracias a su tecnolog\u00eda magn\u00e9tica.<\/p>\n<p><strong>Caracter\u00edsticas t\u00e9cnicas:<\/strong><br \/>\n\u2013 Material: 100% Acero inoxidable de alta calidad<br \/>\n\u2013 Color: Dorado<br \/>\n\u2013 Talla: 21 cm<br \/>\n\u2013 Peso: 67 g<br \/>\n\u2013 Grosor: 1.6 mm<br \/>\n\u2013 Incluye imanes de neodimio terap\u00e9uticos<\/p>\n<p>Ideal para usar en el trabajo, gimnasio o eventos.<br \/>\nDale a tu cuerpo el alivio que merece y a tu estilo un toque impactante.<\/p>\n<p>\u00a1Adqui\u00e9rela hoy y siente la diferencia!<\/p>\n","protected":false},"excerpt":{"rendered":"<p>\u2714\ufe0fMaterial: Acero inoxidable<\/p>\n<p>\u2714\ufe0fTalla 21cm. Ajustable.<\/p>\n<p>\u2714\ufe0fDise\u00f1o: Grueso de eslabones.<\/p>\n<p>\u2714\ufe0fEstilo:\u00a0 Elegante<\/p>\n<p>\ud83d\udcb5\u00a0En la compra de 2 o mas Envi\u00f3 Gratis.<\/p>\n<p>\ud83c\uddec\ud83c\uddf9\u00a0Env\u00edos a todo el pais.<\/p>\n<p>\ud83d\ude9a\u00a0Pagas al recibir.<\/p>\n","protected":false},"featured_media":4355,"comment_status":"open","ping_status":"closed","template":"","meta":{"_uag_custom_page_level_css":""},"product_cat":[57],"product_tag":[],"jetpack_sharing_enabled":true,"uagb_featured_image_src":{"full":["https:\/\/genios-gt.com\/wp-content\/uploads\/2025\/10\/MAGNETICA-DORADA-CIRCULAR-scaled.jpg",2560,2560,false],"thumbnail":["https:\/\/genios-gt.com\/wp-content\/uploads\/2025\/10\/MAGNETICA-DORADA-CIRCULAR-150x150.jpg",150,150,true],"medium":["https:\/\/genios-gt.com\/wp-content\/uploads\/2025\/10\/MAGNETICA-DORADA-CIRCULAR-300x300.jpg",300,300,true],"medium_large":["https:\/\/genios-gt.com\/wp-content\/uploads\/2025\/10\/MAGNETICA-DORADA-CIRCULAR-768x768.jpg",640,640,true],"large":["https:\/\/genios-gt.com\/wp-content\/uploads\/2025\/10\/MAGNETICA-DORADA-CIRCULAR-1024x1024.jpg",640,640,true],"1536x1536":["https:\/\/genios-gt.com\/wp-content\/uploads\/2025\/10\/MAGNETICA-DORADA-CIRCULAR-1536x1536.jpg",1536,1536,true],"2048x2048":["https:\/\/genios-gt.com\/wp-content\/uploads\/2025\/10\/MAGNETICA-DORADA-CIRCULAR-2048x2048.jpg",2048,2048,true],"mailpoet_newsletter_max":["https:\/\/genios-gt.com\/wp-content\/uploads\/2025\/10\/MAGNETICA-DORADA-CIRCULAR-1320x1320.jpg",1320,1320,true],"woocommerce_thumbnail":["https:\/\/genios-gt.com\/wp-content\/uploads\/2025\/10\/MAGNETICA-DORADA-CIRCULAR-320x320.jpg",320,320,true],"woocommerce_single":["https:\/\/genios-gt.com\/wp-content\/uploads\/2025\/10\/MAGNETICA-DORADA-CIRCULAR-600x600.jpg",600,600,true],"woocommerce_gallery_thumbnail":["https:\/\/genios-gt.com\/wp-content\/uploads\/2025\/10\/MAGNETICA-DORADA-CIRCULAR-100x100.jpg",100,100,true],"variation_swatches_image_size":["https:\/\/genios-gt.com\/wp-content\/uploads\/2025\/10\/MAGNETICA-DORADA-CIRCULAR-50x50.jpg",50,50,true],"variation_swatches_tooltip_size":["https:\/\/genios-gt.com\/wp-content\/uploads\/2025\/10\/MAGNETICA-DORADA-CIRCULAR-100x100.jpg",100,100,true],"thaps-thumb-img":["https:\/\/genios-gt.com\/wp-content\/uploads\/2025\/10\/MAGNETICA-DORADA-CIRCULAR-48x48.jpg",48,48,true]},"uagb_author_info":{"display_name":"Yemito","author_link":"https:\/\/genios-gt.com\/index.php\/author\/"},"uagb_comment_info":0,"uagb_excerpt":"\u2714\ufe0fMaterial: Acero inoxidable \u2714\ufe0fTalla 21cm. Ajustable. \u2714\ufe0fDise\u00f1o: Grueso de eslabones. \u2714\ufe0fEstilo:\u00a0 Elegante \ud83d\udcb5\u00a0En la compra de 2 o mas Envi\u00f3 Gratis. \ud83c\uddec\ud83c\uddf9\u00a0Env\u00edos a todo el pais. \ud83d\ude9a\u00a0Pagas al recibir.","_links":{"self":[{"href":"https:\/\/genios-gt.com\/index.php\/wp-json\/wp\/v2\/product\/4354"}],"collection":[{"href":"https:\/\/genios-gt.com\/index.php\/wp-json\/wp\/v2\/product"}],"about":[{"href":"https:\/\/genios-gt.com\/index.php\/wp-json\/wp\/v2\/types\/product"}],"replies":[{"embeddable":true,"href":"https:\/\/genios-gt.com\/index.php\/wp-json\/wp\/v2\/comments?post=4354"}],"wp:featuredmedia":[{"embeddable":true,"href":"https:\/\/genios-gt.com\/index.php\/wp-json\/wp\/v2\/media\/4355"}],"wp:attachment":[{"href":"https:\/\/genios-gt.com\/index.php\/wp-json\/wp\/v2\/media?parent=4354"}],"wp:term":[{"taxonomy":"product_cat","embeddable":true,"href":"https:\/\/genios-gt.com\/index.php\/wp-json\/wp\/v2\/product_cat?post=4354"},{"taxonomy":"product_tag","embeddable":true,"href":"https:\/\/genios-gt.com\/index.php\/wp-json\/wp\/v2\/product_tag?post=4354"}],"curies":[{"name":"wp","href":"https:\/\/api.w.org\/{rel}","templated":true}]}}