{"id":4342,"date":"2025-10-27T19:16:55","date_gmt":"2025-10-28T01:16:55","guid":{"rendered":"https:\/\/genios-gt.com\/?post_type=product&#038;p=4342"},"modified":"2025-10-27T19:16:55","modified_gmt":"2025-10-28T01:16:55","slug":"pulsera-magnetica-g329","status":"publish","type":"product","link":"https:\/\/genios-gt.com\/index.php\/producto\/pulsera-magnetica-g329\/","title":{"rendered":"PULSERA MAGNETICA G329"},"content":{"rendered":"<p><strong>Pulsera Magn\u00e9tica Antiestr\u00e9s G329 \u2013 Estilo, Elegancia y Bienestar<\/strong><\/p>\n<p>Luce bien y si\u00e9ntete mejor. La pulsera G329 combina un dise\u00f1o sofisticado en acabado dorado con el poder terap\u00e9utico de los imanes de neodimio, reconocidos por sus beneficios en el alivio del estr\u00e9s, la ansiedad, dolores articulares, musculares y mucho m\u00e1s.<\/p>\n<p><strong>Material premium:<\/strong><br \/>\n\u2013 100% acero inoxidable<br \/>\n\u2013 Imanes de neodimio integrados<\/p>\n<p><strong>Opciones de talla y peso:<\/strong><br \/>\n\u2013 Talla 21 ajustable | Peso: 36 g | Grosor: 10 mm<br \/>\n\u2013 Talla 22 ajustable | Peso: 48 g | Grosor: 12 mm<\/p>\n<p><strong>Ideal para:<\/strong><br \/>\n\u2714 Personas con migra\u00f1as o cefaleas<br \/>\n\u2714 Dolor cervical o tensi\u00f3n muscular<br \/>\n\u2714 Estr\u00e9s diario y ansiedad<br \/>\n\u2714 Estilo elegante para eventos o uso diario<\/p>\n<p>C\u00f3digo: G329<\/p>\n<p>\ud83d\udcde Pedidos al WhatsApp: 5814-4154<br \/>\n\ud83d\uded2 Pago contra entrega<br \/>\n\ud83c\udf10 www.genios-gt.com<\/p>\n<p>Un regalo con estilo que tambi\u00e9n mejora tu bienestar.<\/p>\n","protected":false},"excerpt":{"rendered":"<p>\u2714\ufe0fMaterial: Acero inoxidable<\/p>\n<p>\u2714\ufe0fTalla 22 cm ajustable<\/p>\n<p>\u2714\ufe0fDise\u00f1o: Delgado de eslabones.<\/p>\n<p>\u2714\ufe0fEstilo:\u00a0 Elegante con dise\u00f1o<\/p>\n<p>\ud83d\udcb5\u00a0En la compra de 2 o mas Envi\u00f3 Gratis.<\/p>\n<p>\ud83c\uddec\ud83c\uddf9\u00a0Env\u00edos a todo el pais.<\/p>\n<p>\ud83d\ude9a\u00a0Pagas al recibir.<\/p>\n","protected":false},"featured_media":4343,"comment_status":"open","ping_status":"closed","template":"","meta":{"_uag_custom_page_level_css":""},"product_cat":[57],"product_tag":[],"jetpack_sharing_enabled":true,"uagb_featured_image_src":{"full":["https:\/\/genios-gt.com\/wp-content\/uploads\/2025\/10\/PULSERA-MAGNETICA-TRIANGULAR-scaled.jpg",2560,2560,false],"thumbnail":["https:\/\/genios-gt.com\/wp-content\/uploads\/2025\/10\/PULSERA-MAGNETICA-TRIANGULAR-150x150.jpg",150,150,true],"medium":["https:\/\/genios-gt.com\/wp-content\/uploads\/2025\/10\/PULSERA-MAGNETICA-TRIANGULAR-300x300.jpg",300,300,true],"medium_large":["https:\/\/genios-gt.com\/wp-content\/uploads\/2025\/10\/PULSERA-MAGNETICA-TRIANGULAR-768x768.jpg",640,640,true],"large":["https:\/\/genios-gt.com\/wp-content\/uploads\/2025\/10\/PULSERA-MAGNETICA-TRIANGULAR-1024x1024.jpg",640,640,true],"1536x1536":["https:\/\/genios-gt.com\/wp-content\/uploads\/2025\/10\/PULSERA-MAGNETICA-TRIANGULAR-1536x1536.jpg",1536,1536,true],"2048x2048":["https:\/\/genios-gt.com\/wp-content\/uploads\/2025\/10\/PULSERA-MAGNETICA-TRIANGULAR-2048x2048.jpg",2048,2048,true],"mailpoet_newsletter_max":["https:\/\/genios-gt.com\/wp-content\/uploads\/2025\/10\/PULSERA-MAGNETICA-TRIANGULAR-1320x1320.jpg",1320,1320,true],"woocommerce_thumbnail":["https:\/\/genios-gt.com\/wp-content\/uploads\/2025\/10\/PULSERA-MAGNETICA-TRIANGULAR-320x320.jpg",320,320,true],"woocommerce_single":["https:\/\/genios-gt.com\/wp-content\/uploads\/2025\/10\/PULSERA-MAGNETICA-TRIANGULAR-600x600.jpg",600,600,true],"woocommerce_gallery_thumbnail":["https:\/\/genios-gt.com\/wp-content\/uploads\/2025\/10\/PULSERA-MAGNETICA-TRIANGULAR-100x100.jpg",100,100,true],"variation_swatches_image_size":["https:\/\/genios-gt.com\/wp-content\/uploads\/2025\/10\/PULSERA-MAGNETICA-TRIANGULAR-50x50.jpg",50,50,true],"variation_swatches_tooltip_size":["https:\/\/genios-gt.com\/wp-content\/uploads\/2025\/10\/PULSERA-MAGNETICA-TRIANGULAR-100x100.jpg",100,100,true],"thaps-thumb-img":["https:\/\/genios-gt.com\/wp-content\/uploads\/2025\/10\/PULSERA-MAGNETICA-TRIANGULAR-48x48.jpg",48,48,true]},"uagb_author_info":{"display_name":"Yemito","author_link":"https:\/\/genios-gt.com\/index.php\/author\/"},"uagb_comment_info":0,"uagb_excerpt":"\u2714\ufe0fMaterial: Acero inoxidable \u2714\ufe0fTalla 22 cm ajustable \u2714\ufe0fDise\u00f1o: Delgado de eslabones. \u2714\ufe0fEstilo:\u00a0 Elegante con dise\u00f1o \ud83d\udcb5\u00a0En la compra de 2 o mas Envi\u00f3 Gratis. \ud83c\uddec\ud83c\uddf9\u00a0Env\u00edos a todo el pais. \ud83d\ude9a\u00a0Pagas al recibir.","_links":{"self":[{"href":"https:\/\/genios-gt.com\/index.php\/wp-json\/wp\/v2\/product\/4342"}],"collection":[{"href":"https:\/\/genios-gt.com\/index.php\/wp-json\/wp\/v2\/product"}],"about":[{"href":"https:\/\/genios-gt.com\/index.php\/wp-json\/wp\/v2\/types\/product"}],"replies":[{"embeddable":true,"href":"https:\/\/genios-gt.com\/index.php\/wp-json\/wp\/v2\/comments?post=4342"}],"wp:featuredmedia":[{"embeddable":true,"href":"https:\/\/genios-gt.com\/index.php\/wp-json\/wp\/v2\/media\/4343"}],"wp:attachment":[{"href":"https:\/\/genios-gt.com\/index.php\/wp-json\/wp\/v2\/media?parent=4342"}],"wp:term":[{"taxonomy":"product_cat","embeddable":true,"href":"https:\/\/genios-gt.com\/index.php\/wp-json\/wp\/v2\/product_cat?post=4342"},{"taxonomy":"product_tag","embeddable":true,"href":"https:\/\/genios-gt.com\/index.php\/wp-json\/wp\/v2\/product_tag?post=4342"}],"curies":[{"name":"wp","href":"https:\/\/api.w.org\/{rel}","templated":true}]}}