{"id":4340,"date":"2025-10-27T19:12:39","date_gmt":"2025-10-28T01:12:39","guid":{"rendered":"https:\/\/genios-gt.com\/?post_type=product&#038;p=4340"},"modified":"2025-10-28T17:21:02","modified_gmt":"2025-10-28T23:21:02","slug":"pulsera-magnetica-g326","status":"publish","type":"product","link":"https:\/\/genios-gt.com\/index.php\/producto\/pulsera-magnetica-g326\/","title":{"rendered":"PULSERA MAGNETICA G326"},"content":{"rendered":"<p><strong>Pulsera Magn\u00e9tica Antiestr\u00e9s G326 \u2013 Elegancia y Bienestar en Una Sola Pieza<\/strong><\/p>\n<p>La combinaci\u00f3n perfecta entre lujo y salud. Nuestra pulsera magn\u00e9tica dorada G326 no solo resalta por su dise\u00f1o elegante y moderno, sino tambi\u00e9n por sus propiedades terap\u00e9uticas. Fabricada en 100% acero inoxidable con imanes de neodimio, ayuda a controlar el estr\u00e9s, la ansiedad, dolores articulares y musculares.<\/p>\n<p><strong>Componentes de bienestar integrados:<\/strong><br \/>\n* Imanes de Neodimio<br \/>\n* Infrarrojo lejano<br \/>\n* Ion negativo<br \/>\n* Polvo de Germanio<br \/>\n* Im\u00e1n de Hematita<br \/>\n* Turmalina<\/p>\n<p><strong>Beneficios posibles:<\/strong><br \/>\n\u2714 Mejora la circulaci\u00f3n<br \/>\n\u2714 Reduce el dolor y la inflamaci\u00f3n<br \/>\n\u2714 Estimula la relajaci\u00f3n y el enfoque mental<br \/>\n\u2714 Alivio de migra\u00f1as, tensi\u00f3n muscular y estr\u00e9s cr\u00f3nico<\/p>\n<p><strong>Especificaciones:<\/strong><br \/>\n\u2013 Talla: 21 (ajustable)<br \/>\n\u2013 Peso: 52 g<br \/>\n\u2013 Grosor: 12 mm<br \/>\n\u2013 C\u00f3digo: G326<\/p>\n<p>\ud83d\udcde Pedidos al WhatsApp: 5814-4154<br \/>\n\ud83d\uded2 Pago contra entrega<br \/>\n\ud83c\udf10 www.genios-gt.com<\/p>\n<p>Dise\u00f1o exclusivo. Energ\u00eda natural. Bienestar diario.<\/p>\n","protected":false},"excerpt":{"rendered":"<p>\u2714\ufe0fMaterial: Acero inoxidable<\/p>\n<p>\u2714\ufe0fTalla 21cm. Ajustable.<\/p>\n<p>\u2714\ufe0fDise\u00f1o: Delgado de eslabones.<\/p>\n<p>\u2714\ufe0fEstilo:\u00a0 Elegante<\/p>\n<p>\ud83d\udcb5\u00a0En la compra de 2 o mas Envi\u00f3 Gratis.<\/p>\n<p>\ud83c\uddec\ud83c\uddf9\u00a0Env\u00edos a todo el pais.<\/p>\n<p>\ud83d\ude9a\u00a0Pagas al recibir.<\/p>\n","protected":false},"featured_media":4341,"comment_status":"open","ping_status":"closed","template":"","meta":{"_uag_custom_page_level_css":""},"product_cat":[57],"product_tag":[],"jetpack_sharing_enabled":true,"uagb_featured_image_src":{"full":["https:\/\/genios-gt.com\/wp-content\/uploads\/2025\/10\/DORADA-DE-CORAZONES-scaled.jpg",2560,2560,false],"thumbnail":["https:\/\/genios-gt.com\/wp-content\/uploads\/2025\/10\/DORADA-DE-CORAZONES-150x150.jpg",150,150,true],"medium":["https:\/\/genios-gt.com\/wp-content\/uploads\/2025\/10\/DORADA-DE-CORAZONES-300x300.jpg",300,300,true],"medium_large":["https:\/\/genios-gt.com\/wp-content\/uploads\/2025\/10\/DORADA-DE-CORAZONES-768x768.jpg",640,640,true],"large":["https:\/\/genios-gt.com\/wp-content\/uploads\/2025\/10\/DORADA-DE-CORAZONES-1024x1024.jpg",640,640,true],"1536x1536":["https:\/\/genios-gt.com\/wp-content\/uploads\/2025\/10\/DORADA-DE-CORAZONES-1536x1536.jpg",1536,1536,true],"2048x2048":["https:\/\/genios-gt.com\/wp-content\/uploads\/2025\/10\/DORADA-DE-CORAZONES-2048x2048.jpg",2048,2048,true],"mailpoet_newsletter_max":["https:\/\/genios-gt.com\/wp-content\/uploads\/2025\/10\/DORADA-DE-CORAZONES-1320x1320.jpg",1320,1320,true],"woocommerce_thumbnail":["https:\/\/genios-gt.com\/wp-content\/uploads\/2025\/10\/DORADA-DE-CORAZONES-320x320.jpg",320,320,true],"woocommerce_single":["https:\/\/genios-gt.com\/wp-content\/uploads\/2025\/10\/DORADA-DE-CORAZONES-600x600.jpg",600,600,true],"woocommerce_gallery_thumbnail":["https:\/\/genios-gt.com\/wp-content\/uploads\/2025\/10\/DORADA-DE-CORAZONES-100x100.jpg",100,100,true],"variation_swatches_image_size":["https:\/\/genios-gt.com\/wp-content\/uploads\/2025\/10\/DORADA-DE-CORAZONES-50x50.jpg",50,50,true],"variation_swatches_tooltip_size":["https:\/\/genios-gt.com\/wp-content\/uploads\/2025\/10\/DORADA-DE-CORAZONES-100x100.jpg",100,100,true],"thaps-thumb-img":["https:\/\/genios-gt.com\/wp-content\/uploads\/2025\/10\/DORADA-DE-CORAZONES-48x48.jpg",48,48,true]},"uagb_author_info":{"display_name":"Yemito","author_link":"https:\/\/genios-gt.com\/index.php\/author\/"},"uagb_comment_info":0,"uagb_excerpt":"\u2714\ufe0fMaterial: Acero inoxidable \u2714\ufe0fTalla 21cm. Ajustable. \u2714\ufe0fDise\u00f1o: Delgado de eslabones. \u2714\ufe0fEstilo:\u00a0 Elegante \ud83d\udcb5\u00a0En la compra de 2 o mas Envi\u00f3 Gratis. \ud83c\uddec\ud83c\uddf9\u00a0Env\u00edos a todo el pais. \ud83d\ude9a\u00a0Pagas al recibir.","_links":{"self":[{"href":"https:\/\/genios-gt.com\/index.php\/wp-json\/wp\/v2\/product\/4340"}],"collection":[{"href":"https:\/\/genios-gt.com\/index.php\/wp-json\/wp\/v2\/product"}],"about":[{"href":"https:\/\/genios-gt.com\/index.php\/wp-json\/wp\/v2\/types\/product"}],"replies":[{"embeddable":true,"href":"https:\/\/genios-gt.com\/index.php\/wp-json\/wp\/v2\/comments?post=4340"}],"wp:featuredmedia":[{"embeddable":true,"href":"https:\/\/genios-gt.com\/index.php\/wp-json\/wp\/v2\/media\/4341"}],"wp:attachment":[{"href":"https:\/\/genios-gt.com\/index.php\/wp-json\/wp\/v2\/media?parent=4340"}],"wp:term":[{"taxonomy":"product_cat","embeddable":true,"href":"https:\/\/genios-gt.com\/index.php\/wp-json\/wp\/v2\/product_cat?post=4340"},{"taxonomy":"product_tag","embeddable":true,"href":"https:\/\/genios-gt.com\/index.php\/wp-json\/wp\/v2\/product_tag?post=4340"}],"curies":[{"name":"wp","href":"https:\/\/api.w.org\/{rel}","templated":true}]}}