{"id":4331,"date":"2025-10-27T18:50:24","date_gmt":"2025-10-28T00:50:24","guid":{"rendered":"https:\/\/genios-gt.com\/?post_type=product&#038;p=4331"},"modified":"2025-10-28T17:23:26","modified_gmt":"2025-10-28T23:23:26","slug":"pulsera-magnetica-g313","status":"publish","type":"product","link":"https:\/\/genios-gt.com\/index.php\/producto\/pulsera-magnetica-g313\/","title":{"rendered":"PULSERA MAGNETICA G313"},"content":{"rendered":"<p><strong>Pulsera Antiestr\u00e9s Magn\u00e9tica G313 \u2013 Elegancia y bienestar en un solo accesorio<\/strong><\/p>\n<p>Dise\u00f1ada para quienes buscan estilo y salud, la pulsera G313 combina un dise\u00f1o moderno con una poderosa tecnolog\u00eda natural. Elaborada en 100% acero inoxidable y equipada con imanes de neodimio, esta pulsera antiestr\u00e9s est\u00e1 pensada para ayudarte a reducir el estr\u00e9s, el dolor y mejorar tu bienestar general.<\/p>\n<p>Incluye componentes terap\u00e9uticos como:<br \/>\n* Imanes de Neodimio<br \/>\n* Polvo de Germanio<br \/>\n* Im\u00e1n de Hematita<br \/>\n* Rayos Infrarrojos<br \/>\n* Iones Negativos<br \/>\n* Turmalina<\/p>\n<p>Beneficios:<br \/>\n\u2714 Alivio del estr\u00e9s y la ansiedad<br \/>\n\u2714 Reducci\u00f3n de dolores musculares y articulares<br \/>\n\u2714 Estimulaci\u00f3n de la circulaci\u00f3n y energ\u00eda<br \/>\n\u2714 Mejora del estado de \u00e1nimo<\/p>\n<p><strong>Especificaciones:<\/strong><br \/>\n\u2013 Talla: 21 ajustable<br \/>\n\u2013 Peso: 29 g<br \/>\n\u2013 Grosor: 12 mm<br \/>\n\u2013 C\u00f3digo: G313<\/p>\n<p>\ud83d\udee1 Calidad, estilo y salud en tu mu\u00f1eca.<br \/>\n\ud83d\udcde WhatsApp: 5814-4154<br \/>\n\ud83c\udf10 www.genios-gt.com<br \/>\n\ud83d\ude9a \u00a1Pago contra entrega!<\/p>\n<p>Transforma tu d\u00eda a d\u00eda con el poder de la magnetoterapia.<\/p>\n","protected":false},"excerpt":{"rendered":"<p>\u2714\ufe0fMaterial: Acero inoxidable<\/p>\n<p>\u2714\ufe0fTalla 21cm. Ajustable.<\/p>\n<p>\u2714\ufe0fDise\u00f1o: Delgado de eslabones.<\/p>\n<p>\u2714\ufe0fEstilo:\u00a0 Elegante combinada<\/p>\n<p>\ud83d\udcb5\u00a0En la compra de 2 o mas Envi\u00f3 Gratis.<\/p>\n<p>\ud83c\uddec\ud83c\uddf9\u00a0Env\u00edos a todo el pais.<\/p>\n<p>\ud83d\ude9a\u00a0Pagas al recibir.<\/p>\n","protected":false},"featured_media":4332,"comment_status":"open","ping_status":"closed","template":"","meta":{"_uag_custom_page_level_css":""},"product_cat":[57],"product_tag":[],"jetpack_sharing_enabled":true,"uagb_featured_image_src":{"full":["https:\/\/genios-gt.com\/wp-content\/uploads\/2025\/10\/NEGRA-CON-DORADO-scaled.jpg",2560,2560,false],"thumbnail":["https:\/\/genios-gt.com\/wp-content\/uploads\/2025\/10\/NEGRA-CON-DORADO-150x150.jpg",150,150,true],"medium":["https:\/\/genios-gt.com\/wp-content\/uploads\/2025\/10\/NEGRA-CON-DORADO-300x300.jpg",300,300,true],"medium_large":["https:\/\/genios-gt.com\/wp-content\/uploads\/2025\/10\/NEGRA-CON-DORADO-768x768.jpg",640,640,true],"large":["https:\/\/genios-gt.com\/wp-content\/uploads\/2025\/10\/NEGRA-CON-DORADO-1024x1024.jpg",640,640,true],"1536x1536":["https:\/\/genios-gt.com\/wp-content\/uploads\/2025\/10\/NEGRA-CON-DORADO-1536x1536.jpg",1536,1536,true],"2048x2048":["https:\/\/genios-gt.com\/wp-content\/uploads\/2025\/10\/NEGRA-CON-DORADO-2048x2048.jpg",2048,2048,true],"mailpoet_newsletter_max":["https:\/\/genios-gt.com\/wp-content\/uploads\/2025\/10\/NEGRA-CON-DORADO-1320x1320.jpg",1320,1320,true],"woocommerce_thumbnail":["https:\/\/genios-gt.com\/wp-content\/uploads\/2025\/10\/NEGRA-CON-DORADO-320x320.jpg",320,320,true],"woocommerce_single":["https:\/\/genios-gt.com\/wp-content\/uploads\/2025\/10\/NEGRA-CON-DORADO-600x600.jpg",600,600,true],"woocommerce_gallery_thumbnail":["https:\/\/genios-gt.com\/wp-content\/uploads\/2025\/10\/NEGRA-CON-DORADO-100x100.jpg",100,100,true],"variation_swatches_image_size":["https:\/\/genios-gt.com\/wp-content\/uploads\/2025\/10\/NEGRA-CON-DORADO-50x50.jpg",50,50,true],"variation_swatches_tooltip_size":["https:\/\/genios-gt.com\/wp-content\/uploads\/2025\/10\/NEGRA-CON-DORADO-100x100.jpg",100,100,true],"thaps-thumb-img":["https:\/\/genios-gt.com\/wp-content\/uploads\/2025\/10\/NEGRA-CON-DORADO-48x48.jpg",48,48,true]},"uagb_author_info":{"display_name":"Yemito","author_link":"https:\/\/genios-gt.com\/index.php\/author\/"},"uagb_comment_info":0,"uagb_excerpt":"\u2714\ufe0fMaterial: Acero inoxidable \u2714\ufe0fTalla 21cm. Ajustable. \u2714\ufe0fDise\u00f1o: Delgado de eslabones. \u2714\ufe0fEstilo:\u00a0 Elegante combinada \ud83d\udcb5\u00a0En la compra de 2 o mas Envi\u00f3 Gratis. \ud83c\uddec\ud83c\uddf9\u00a0Env\u00edos a todo el pais. \ud83d\ude9a\u00a0Pagas al recibir.","_links":{"self":[{"href":"https:\/\/genios-gt.com\/index.php\/wp-json\/wp\/v2\/product\/4331"}],"collection":[{"href":"https:\/\/genios-gt.com\/index.php\/wp-json\/wp\/v2\/product"}],"about":[{"href":"https:\/\/genios-gt.com\/index.php\/wp-json\/wp\/v2\/types\/product"}],"replies":[{"embeddable":true,"href":"https:\/\/genios-gt.com\/index.php\/wp-json\/wp\/v2\/comments?post=4331"}],"wp:featuredmedia":[{"embeddable":true,"href":"https:\/\/genios-gt.com\/index.php\/wp-json\/wp\/v2\/media\/4332"}],"wp:attachment":[{"href":"https:\/\/genios-gt.com\/index.php\/wp-json\/wp\/v2\/media?parent=4331"}],"wp:term":[{"taxonomy":"product_cat","embeddable":true,"href":"https:\/\/genios-gt.com\/index.php\/wp-json\/wp\/v2\/product_cat?post=4331"},{"taxonomy":"product_tag","embeddable":true,"href":"https:\/\/genios-gt.com\/index.php\/wp-json\/wp\/v2\/product_tag?post=4331"}],"curies":[{"name":"wp","href":"https:\/\/api.w.org\/{rel}","templated":true}]}}