{"id":4321,"date":"2025-10-27T17:00:25","date_gmt":"2025-10-27T23:00:25","guid":{"rendered":"https:\/\/genios-gt.com\/?post_type=product&#038;p=4321"},"modified":"2025-10-27T17:00:25","modified_gmt":"2025-10-27T23:00:25","slug":"pulsera-magnetica-delgada-g317","status":"publish","type":"product","link":"https:\/\/genios-gt.com\/index.php\/producto\/pulsera-magnetica-delgada-g317\/","title":{"rendered":"PULSERA MAGNETICA DELGADA G317"},"content":{"rendered":"<p>\u2714\ufe0fMaterial: Acero inoxidable<\/p>\n<p>+ imanes\u00a0 componentes naturales<\/p>\n<p>\u2714\ufe0fTalla 22cm. Ajustable.<\/p>\n<p>\u2714\ufe0fDise\u00f1o: Delgado de eslabones.<\/p>\n<p>\u2714\ufe0fEstilo: Simple y Elegante<\/p>\n<p>\ud83d\udcb5\u00a0En la compra de 2 o mas Envi\u00f3 Gratis.<\/p>\n<p>\ud83c\uddec\ud83c\uddf9\u00a0Env\u00edos a todo el pais.<\/p>\n<p>\ud83d\ude9a\u00a0Pagas al recibir.<\/p>\n","protected":false},"excerpt":{"rendered":"<p>Pulsera Magn\u00e9tica Antiestr\u00e9s \u2013 Belleza y Bienestar en un Solo Accesorio<\/p>\n<p>Equilibra tu estilo y tu salud con esta elegante pulsera magn\u00e9tica anti estr\u00e9s, dise\u00f1ada no solo para lucir incre\u00edble, sino tambi\u00e9n para ayudarte a reducir el estr\u00e9s, la ansiedad, el dolor articular y la fatiga emocional.<\/p>\n<p>Caracter\u00edsticas:<br \/>\n&#8211; Material: 100% acero inoxidable de alta calidad<br \/>\n&#8211; Incluye: Imanes de neodimio, polvo de germanio, ion negativo, hematita, turmalina e infrarrojo<\/p>\n<p>&#8211; Talla: 21 cm ajustable<br \/>\n&#8211; Peso: 32 g<br \/>\n&#8211; Grosor: 8 mm<br \/>\n&#8211; C\u00f3digo: G317<\/p>\n<p>Beneficios:<br \/>\n\u2714 Mejora la circulaci\u00f3n<br \/>\n\u2714 Disminuye dolores musculares y articulares<br \/>\n\u2714 Reduce el estr\u00e9s y mejora el estado de \u00e1nimo<br \/>\n\u2714 Aporta un toque moderno y elegante a tu look<\/p>\n<p>Pago contra entrega disponible<br \/>\nCont\u00e1ctanos al 5814-4154<br \/>\nwww.genios-gt.com<\/p>\n","protected":false},"featured_media":4322,"comment_status":"open","ping_status":"closed","template":"","meta":{"_uag_custom_page_level_css":""},"product_cat":[57],"product_tag":[],"jetpack_sharing_enabled":true,"uagb_featured_image_src":{"full":["https:\/\/genios-gt.com\/wp-content\/uploads\/2025\/10\/DIAMANTADA-ROSA-scaled.jpg",2560,2560,false],"thumbnail":["https:\/\/genios-gt.com\/wp-content\/uploads\/2025\/10\/DIAMANTADA-ROSA-150x150.jpg",150,150,true],"medium":["https:\/\/genios-gt.com\/wp-content\/uploads\/2025\/10\/DIAMANTADA-ROSA-300x300.jpg",300,300,true],"medium_large":["https:\/\/genios-gt.com\/wp-content\/uploads\/2025\/10\/DIAMANTADA-ROSA-768x768.jpg",640,640,true],"large":["https:\/\/genios-gt.com\/wp-content\/uploads\/2025\/10\/DIAMANTADA-ROSA-1024x1024.jpg",640,640,true],"1536x1536":["https:\/\/genios-gt.com\/wp-content\/uploads\/2025\/10\/DIAMANTADA-ROSA-1536x1536.jpg",1536,1536,true],"2048x2048":["https:\/\/genios-gt.com\/wp-content\/uploads\/2025\/10\/DIAMANTADA-ROSA-2048x2048.jpg",2048,2048,true],"mailpoet_newsletter_max":["https:\/\/genios-gt.com\/wp-content\/uploads\/2025\/10\/DIAMANTADA-ROSA-1320x1320.jpg",1320,1320,true],"woocommerce_thumbnail":["https:\/\/genios-gt.com\/wp-content\/uploads\/2025\/10\/DIAMANTADA-ROSA-320x320.jpg",320,320,true],"woocommerce_single":["https:\/\/genios-gt.com\/wp-content\/uploads\/2025\/10\/DIAMANTADA-ROSA-600x600.jpg",600,600,true],"woocommerce_gallery_thumbnail":["https:\/\/genios-gt.com\/wp-content\/uploads\/2025\/10\/DIAMANTADA-ROSA-100x100.jpg",100,100,true],"variation_swatches_image_size":["https:\/\/genios-gt.com\/wp-content\/uploads\/2025\/10\/DIAMANTADA-ROSA-50x50.jpg",50,50,true],"variation_swatches_tooltip_size":["https:\/\/genios-gt.com\/wp-content\/uploads\/2025\/10\/DIAMANTADA-ROSA-100x100.jpg",100,100,true],"thaps-thumb-img":["https:\/\/genios-gt.com\/wp-content\/uploads\/2025\/10\/DIAMANTADA-ROSA-48x48.jpg",48,48,true]},"uagb_author_info":{"display_name":"Yemito","author_link":"https:\/\/genios-gt.com\/index.php\/author\/"},"uagb_comment_info":0,"uagb_excerpt":"Pulsera Magn\u00e9tica Antiestr\u00e9s \u2013 Belleza y Bienestar en un Solo Accesorio Equilibra tu estilo y tu salud con esta elegante pulsera magn\u00e9tica anti estr\u00e9s, dise\u00f1ada no solo para lucir incre\u00edble, sino tambi\u00e9n para ayudarte a reducir el estr\u00e9s, la ansiedad, el dolor articular y la fatiga emocional. Caracter\u00edsticas: - Material: 100% acero inoxidable de alta&hellip;","_links":{"self":[{"href":"https:\/\/genios-gt.com\/index.php\/wp-json\/wp\/v2\/product\/4321"}],"collection":[{"href":"https:\/\/genios-gt.com\/index.php\/wp-json\/wp\/v2\/product"}],"about":[{"href":"https:\/\/genios-gt.com\/index.php\/wp-json\/wp\/v2\/types\/product"}],"replies":[{"embeddable":true,"href":"https:\/\/genios-gt.com\/index.php\/wp-json\/wp\/v2\/comments?post=4321"}],"wp:featuredmedia":[{"embeddable":true,"href":"https:\/\/genios-gt.com\/index.php\/wp-json\/wp\/v2\/media\/4322"}],"wp:attachment":[{"href":"https:\/\/genios-gt.com\/index.php\/wp-json\/wp\/v2\/media?parent=4321"}],"wp:term":[{"taxonomy":"product_cat","embeddable":true,"href":"https:\/\/genios-gt.com\/index.php\/wp-json\/wp\/v2\/product_cat?post=4321"},{"taxonomy":"product_tag","embeddable":true,"href":"https:\/\/genios-gt.com\/index.php\/wp-json\/wp\/v2\/product_tag?post=4321"}],"curies":[{"name":"wp","href":"https:\/\/api.w.org\/{rel}","templated":true}]}}