{"id":4273,"date":"2025-10-12T08:46:09","date_gmt":"2025-10-12T14:46:09","guid":{"rendered":"https:\/\/genios-gt.com\/?post_type=product&#038;p=4273"},"modified":"2025-10-12T17:38:00","modified_gmt":"2025-10-12T23:38:00","slug":"corbata-de-escorpion-fluorecente-g283","status":"publish","type":"product","link":"https:\/\/genios-gt.com\/index.php\/producto\/corbata-de-escorpion-fluorecente-g283\/","title":{"rendered":"CORBATA DE ESCORPION FLUORECENTE G283"},"content":{"rendered":"<p>Corbata Bolo Medall\u00f3n Dorado con Escorpi\u00f3n \u2013 Estilo Letal que Brilla en la Oscuridad<\/p>\n<p>Atr\u00e9vete a destacar con esta corbata bolo de medall\u00f3n dorado, que contiene un escorpi\u00f3n real encapsulado, sobre un fondo fluorescente que brilla en la oscuridad.<\/p>\n<p>Este dise\u00f1o \u00fanico combina lo ex\u00f3tico con lo elegante, ideal para quienes no temen mostrar su personalidad fuerte, misteriosa y segura. El escorpi\u00f3n simboliza protecci\u00f3n, poder y resiliencia, mientras que su brillo nocturno a\u00f1ade un toque impactante e inolvidable.<\/p>\n<p>Perfecta para quienes buscan una pieza fuera de lo com\u00fan y llena de car\u00e1cter.<\/p>\n<p>No solo se ve\u2026 se impone. \ud83e\udd82\u2728<\/p>\n","protected":false},"excerpt":{"rendered":"<p>\u2714\ufe0fMaterial: Cord\u00f3n de Cuero.\u00a0 Puntas y Bot\u00f3n:, aleaci\u00f3n de Zinc.<\/p>\n<p>\u2714\ufe0fDise\u00f1o: Medall\u00f3n fluorescente con escorpi\u00f3n real.<\/p>\n<p>\u2714\ufe0fEstilo: Vintage.<\/p>\n<p>\ud83d\udcb5\u00a0En la compra de 2 o mas Envi\u00f3 Gratis.<\/p>\n<p>\ud83c\uddec\ud83c\uddf9\u00a0Env\u00edos a todo el pais.<\/p>\n<p>\ud83d\ude9a\u00a0Pagas al recibir.<\/p>\n","protected":false},"featured_media":4274,"comment_status":"open","ping_status":"closed","template":"","meta":{"_uag_custom_page_level_css":""},"product_cat":[68],"product_tag":[],"jetpack_sharing_enabled":true,"uagb_featured_image_src":{"full":["https:\/\/genios-gt.com\/wp-content\/uploads\/2025\/10\/ESCORPION-OVALADO-DORADO-scaled.jpg",2560,2560,false],"thumbnail":["https:\/\/genios-gt.com\/wp-content\/uploads\/2025\/10\/ESCORPION-OVALADO-DORADO-150x150.jpg",150,150,true],"medium":["https:\/\/genios-gt.com\/wp-content\/uploads\/2025\/10\/ESCORPION-OVALADO-DORADO-300x300.jpg",300,300,true],"medium_large":["https:\/\/genios-gt.com\/wp-content\/uploads\/2025\/10\/ESCORPION-OVALADO-DORADO-768x768.jpg",640,640,true],"large":["https:\/\/genios-gt.com\/wp-content\/uploads\/2025\/10\/ESCORPION-OVALADO-DORADO-1024x1024.jpg",640,640,true],"1536x1536":["https:\/\/genios-gt.com\/wp-content\/uploads\/2025\/10\/ESCORPION-OVALADO-DORADO-1536x1536.jpg",1536,1536,true],"2048x2048":["https:\/\/genios-gt.com\/wp-content\/uploads\/2025\/10\/ESCORPION-OVALADO-DORADO-2048x2048.jpg",2048,2048,true],"mailpoet_newsletter_max":["https:\/\/genios-gt.com\/wp-content\/uploads\/2025\/10\/ESCORPION-OVALADO-DORADO-1320x1320.jpg",1320,1320,true],"woocommerce_thumbnail":["https:\/\/genios-gt.com\/wp-content\/uploads\/2025\/10\/ESCORPION-OVALADO-DORADO-320x320.jpg",320,320,true],"woocommerce_single":["https:\/\/genios-gt.com\/wp-content\/uploads\/2025\/10\/ESCORPION-OVALADO-DORADO-600x600.jpg",600,600,true],"woocommerce_gallery_thumbnail":["https:\/\/genios-gt.com\/wp-content\/uploads\/2025\/10\/ESCORPION-OVALADO-DORADO-100x100.jpg",100,100,true],"variation_swatches_image_size":["https:\/\/genios-gt.com\/wp-content\/uploads\/2025\/10\/ESCORPION-OVALADO-DORADO-50x50.jpg",50,50,true],"variation_swatches_tooltip_size":["https:\/\/genios-gt.com\/wp-content\/uploads\/2025\/10\/ESCORPION-OVALADO-DORADO-100x100.jpg",100,100,true],"thaps-thumb-img":["https:\/\/genios-gt.com\/wp-content\/uploads\/2025\/10\/ESCORPION-OVALADO-DORADO-48x48.jpg",48,48,true]},"uagb_author_info":{"display_name":"Yemito","author_link":"https:\/\/genios-gt.com\/index.php\/author\/"},"uagb_comment_info":0,"uagb_excerpt":"\u2714\ufe0fMaterial: Cord\u00f3n de Cuero.\u00a0 Puntas y Bot\u00f3n:, aleaci\u00f3n de Zinc. \u2714\ufe0fDise\u00f1o: Medall\u00f3n fluorescente con escorpi\u00f3n real. \u2714\ufe0fEstilo: Vintage. \ud83d\udcb5\u00a0En la compra de 2 o mas Envi\u00f3 Gratis. \ud83c\uddec\ud83c\uddf9\u00a0Env\u00edos a todo el pais. \ud83d\ude9a\u00a0Pagas al recibir.","_links":{"self":[{"href":"https:\/\/genios-gt.com\/index.php\/wp-json\/wp\/v2\/product\/4273"}],"collection":[{"href":"https:\/\/genios-gt.com\/index.php\/wp-json\/wp\/v2\/product"}],"about":[{"href":"https:\/\/genios-gt.com\/index.php\/wp-json\/wp\/v2\/types\/product"}],"replies":[{"embeddable":true,"href":"https:\/\/genios-gt.com\/index.php\/wp-json\/wp\/v2\/comments?post=4273"}],"wp:featuredmedia":[{"embeddable":true,"href":"https:\/\/genios-gt.com\/index.php\/wp-json\/wp\/v2\/media\/4274"}],"wp:attachment":[{"href":"https:\/\/genios-gt.com\/index.php\/wp-json\/wp\/v2\/media?parent=4273"}],"wp:term":[{"taxonomy":"product_cat","embeddable":true,"href":"https:\/\/genios-gt.com\/index.php\/wp-json\/wp\/v2\/product_cat?post=4273"},{"taxonomy":"product_tag","embeddable":true,"href":"https:\/\/genios-gt.com\/index.php\/wp-json\/wp\/v2\/product_tag?post=4273"}],"curies":[{"name":"wp","href":"https:\/\/api.w.org\/{rel}","templated":true}]}}