{"id":4242,"date":"2025-10-10T11:41:13","date_gmt":"2025-10-10T17:41:13","guid":{"rendered":"https:\/\/genios-gt.com\/?post_type=product&#038;p=4242"},"modified":"2026-02-15T14:13:04","modified_gmt":"2026-02-15T20:13:04","slug":"corbata-alas-doradas-con-piedra-esmeralda-g297","status":"publish","type":"product","link":"https:\/\/genios-gt.com\/index.php\/producto\/corbata-alas-doradas-con-piedra-esmeralda-g297\/","title":{"rendered":"CORBATA ALAS DORADAS CON PIEDRA ESMERALDA G297"},"content":{"rendered":"<p>orbata Bolo Alas Doradas con Esmeralda \u2013 Elegancia Natural con Estilo \u00danico<\/p>\n<p>Destaca con una pieza que combina lujo, fuerza y distinci\u00f3n: nuestra corbata bolo con alas doradas, realzada con una piedra tipo esmeralda al centro y lazos de tela que aportan un toque cl\u00e1sico y refinado.<\/p>\n<p>Las alas representan libertad y grandeza, mientras que la esmeralda a\u00f1ade un aire de elegancia natural y energ\u00eda vibrante. Ideal para quienes desean expresar su estilo con personalidad y sofisticaci\u00f3n.<\/p>\n<p>Perfecta para eventos formales o para quienes valoran los detalles \u00fanicos en su vestimenta diaria.<\/p>\n<p>Un s\u00edmbolo de clase, poder y autenticidad. \ud83d\udc9a\ud83d\udd4a\ufe0f<\/p>\n<p>\u00a0<\/p>\n<p>DESCRIPCI\u00d3N<\/p>\n<p>*Material aleaci\u00f3n de zinc<\/p>\n<p>*Tama\u00f1o 4.2cm x 4.6cm<\/p>\n<p>*Peso total en gramos 30<\/p>\n<p>*Largo total de el lazo 1 metro<\/p>\n","protected":false},"excerpt":{"rendered":"<p>\u2714\ufe0fMaterial: Cord\u00f3n de Cuero.\u00a0 Puntas y Bot\u00f3n:, aleaci\u00f3n de Zinc.<\/p>\n<p>\u2714\ufe0fDise\u00f1o: Silueta, figura alas y corona de rey con piedra color esmeralda.<\/p>\n<p>\u2714\ufe0fEstilo: Vintage.<\/p>\n<p>\ud83d\udcb5\u00a0En la compra de 2 o mas Envi\u00f3 Gratis.<\/p>\n<p>\ud83c\uddec\ud83c\uddf9\u00a0Env\u00edos a todo el pais.<\/p>\n<p>\ud83d\ude9a\u00a0Pagas al recibir.<\/p>\n","protected":false},"featured_media":4299,"comment_status":"open","ping_status":"closed","template":"","meta":{"_uag_custom_page_level_css":""},"product_cat":[68],"product_tag":[],"jetpack_sharing_enabled":true,"uagb_featured_image_src":{"full":["https:\/\/genios-gt.com\/wp-content\/uploads\/2025\/10\/ALAS-DORADAS-Y-PIEDRA-VERDE-1-scaled.jpg",2560,2560,false],"thumbnail":["https:\/\/genios-gt.com\/wp-content\/uploads\/2025\/10\/ALAS-DORADAS-Y-PIEDRA-VERDE-1-150x150.jpg",150,150,true],"medium":["https:\/\/genios-gt.com\/wp-content\/uploads\/2025\/10\/ALAS-DORADAS-Y-PIEDRA-VERDE-1-300x300.jpg",300,300,true],"medium_large":["https:\/\/genios-gt.com\/wp-content\/uploads\/2025\/10\/ALAS-DORADAS-Y-PIEDRA-VERDE-1-768x768.jpg",640,640,true],"large":["https:\/\/genios-gt.com\/wp-content\/uploads\/2025\/10\/ALAS-DORADAS-Y-PIEDRA-VERDE-1-1024x1024.jpg",640,640,true],"1536x1536":["https:\/\/genios-gt.com\/wp-content\/uploads\/2025\/10\/ALAS-DORADAS-Y-PIEDRA-VERDE-1-1536x1536.jpg",1536,1536,true],"2048x2048":["https:\/\/genios-gt.com\/wp-content\/uploads\/2025\/10\/ALAS-DORADAS-Y-PIEDRA-VERDE-1-2048x2048.jpg",2048,2048,true],"mailpoet_newsletter_max":["https:\/\/genios-gt.com\/wp-content\/uploads\/2025\/10\/ALAS-DORADAS-Y-PIEDRA-VERDE-1-1320x1320.jpg",1320,1320,true],"woocommerce_thumbnail":["https:\/\/genios-gt.com\/wp-content\/uploads\/2025\/10\/ALAS-DORADAS-Y-PIEDRA-VERDE-1-320x320.jpg",320,320,true],"woocommerce_single":["https:\/\/genios-gt.com\/wp-content\/uploads\/2025\/10\/ALAS-DORADAS-Y-PIEDRA-VERDE-1-600x600.jpg",600,600,true],"woocommerce_gallery_thumbnail":["https:\/\/genios-gt.com\/wp-content\/uploads\/2025\/10\/ALAS-DORADAS-Y-PIEDRA-VERDE-1-100x100.jpg",100,100,true],"variation_swatches_image_size":["https:\/\/genios-gt.com\/wp-content\/uploads\/2025\/10\/ALAS-DORADAS-Y-PIEDRA-VERDE-1-50x50.jpg",50,50,true],"variation_swatches_tooltip_size":["https:\/\/genios-gt.com\/wp-content\/uploads\/2025\/10\/ALAS-DORADAS-Y-PIEDRA-VERDE-1-100x100.jpg",100,100,true],"thaps-thumb-img":["https:\/\/genios-gt.com\/wp-content\/uploads\/2025\/10\/ALAS-DORADAS-Y-PIEDRA-VERDE-1-48x48.jpg",48,48,true]},"uagb_author_info":{"display_name":"Yemito","author_link":"https:\/\/genios-gt.com\/index.php\/author\/"},"uagb_comment_info":1,"uagb_excerpt":"\u2714\ufe0fMaterial: Cord\u00f3n de Cuero.\u00a0 Puntas y Bot\u00f3n:, aleaci\u00f3n de Zinc. \u2714\ufe0fDise\u00f1o: Silueta, figura alas y corona de rey con piedra color esmeralda. \u2714\ufe0fEstilo: Vintage. \ud83d\udcb5\u00a0En la compra de 2 o mas Envi\u00f3 Gratis. \ud83c\uddec\ud83c\uddf9\u00a0Env\u00edos a todo el pais. \ud83d\ude9a\u00a0Pagas al recibir.","_links":{"self":[{"href":"https:\/\/genios-gt.com\/index.php\/wp-json\/wp\/v2\/product\/4242"}],"collection":[{"href":"https:\/\/genios-gt.com\/index.php\/wp-json\/wp\/v2\/product"}],"about":[{"href":"https:\/\/genios-gt.com\/index.php\/wp-json\/wp\/v2\/types\/product"}],"replies":[{"embeddable":true,"href":"https:\/\/genios-gt.com\/index.php\/wp-json\/wp\/v2\/comments?post=4242"}],"wp:featuredmedia":[{"embeddable":true,"href":"https:\/\/genios-gt.com\/index.php\/wp-json\/wp\/v2\/media\/4299"}],"wp:attachment":[{"href":"https:\/\/genios-gt.com\/index.php\/wp-json\/wp\/v2\/media?parent=4242"}],"wp:term":[{"taxonomy":"product_cat","embeddable":true,"href":"https:\/\/genios-gt.com\/index.php\/wp-json\/wp\/v2\/product_cat?post=4242"},{"taxonomy":"product_tag","embeddable":true,"href":"https:\/\/genios-gt.com\/index.php\/wp-json\/wp\/v2\/product_tag?post=4242"}],"curies":[{"name":"wp","href":"https:\/\/api.w.org\/{rel}","templated":true}]}}