{"id":4240,"date":"2025-10-10T11:31:56","date_gmt":"2025-10-10T17:31:56","guid":{"rendered":"https:\/\/genios-gt.com\/?post_type=product&#038;p=4240"},"modified":"2025-10-12T14:02:11","modified_gmt":"2025-10-12T20:02:11","slug":"corbata-cabeza-de-aguila-dorada-g280","status":"publish","type":"product","link":"https:\/\/genios-gt.com\/index.php\/producto\/corbata-cabeza-de-aguila-dorada-g280\/","title":{"rendered":"CORBATA CABEZA DE AGUILA DORADA G280"},"content":{"rendered":"<p>Corbata Bolo Medall\u00f3n Dorado con Cabeza de \u00c1guila \u2013 Poder y Distinci\u00f3n en un Solo Detalle<\/p>\n<p>Imponente y refinada, esta corbata bolo de medall\u00f3n dorado ovalado presenta una cabeza de \u00e1guila dorada sobre un elegante fondo plateado, creando un contraste que resalta fuerza, autoridad y sofisticaci\u00f3n.<\/p>\n<p>El dise\u00f1o equilibra lo cl\u00e1sico y lo moderno, ideal para quienes buscan un accesorio que transmita car\u00e1cter sin perder la elegancia. Cada detalle del medall\u00f3n ha sido cuidadosamente trabajado para reflejar presencia y buen gusto.<\/p>\n<p>Perfecta para ocasiones especiales o para quienes marcan diferencia con su estilo todos los d\u00edas.<\/p>\n<p>Refleja liderazgo. Inspira respeto. Viste con poder. \ud83e\udd85\ud83d\udcbc<\/p>\n<p>\u00a0<\/p>\n<p>\u00a0<\/p>\n<p>DESCRIPCI\u00d3N<\/p>\n<p>*Material aleaci\u00f3n de zinc<\/p>\n<p>*Tama\u00f1o\u00a0 4cm x 4.8cm<\/p>\n<p>*Peso total en gramos 56<\/p>\n<p>*Largo total de el lazo 1 metro<\/p>\n<p>\u00a0<\/p>\n","protected":false},"excerpt":{"rendered":"<p>\u2714\ufe0fDise\u00f1o: Ovalado, figura cabeza de \u00c1guila.<\/p>\n<p>\u2714\ufe0fEstilo: Vintage.<\/p>\n<p>\ud83d\udcb5\u00a0En la compra de 2 o mas Envi\u00f3 Gratis.<\/p>\n<p>\ud83c\uddec\ud83c\uddf9\u00a0Env\u00edos a todo el pais.<\/p>\n<p>\ud83d\ude9a\u00a0Pagas al recibir.<\/p>\n","protected":false},"featured_media":4300,"comment_status":"open","ping_status":"closed","template":"","meta":{"_uag_custom_page_level_css":""},"product_cat":[68],"product_tag":[],"jetpack_sharing_enabled":true,"uagb_featured_image_src":{"full":["https:\/\/genios-gt.com\/wp-content\/uploads\/2025\/10\/AGUILA-CABEZA-DORADA-1-scaled.jpg",2560,2560,false],"thumbnail":["https:\/\/genios-gt.com\/wp-content\/uploads\/2025\/10\/AGUILA-CABEZA-DORADA-1-150x150.jpg",150,150,true],"medium":["https:\/\/genios-gt.com\/wp-content\/uploads\/2025\/10\/AGUILA-CABEZA-DORADA-1-300x300.jpg",300,300,true],"medium_large":["https:\/\/genios-gt.com\/wp-content\/uploads\/2025\/10\/AGUILA-CABEZA-DORADA-1-768x768.jpg",640,640,true],"large":["https:\/\/genios-gt.com\/wp-content\/uploads\/2025\/10\/AGUILA-CABEZA-DORADA-1-1024x1024.jpg",640,640,true],"1536x1536":["https:\/\/genios-gt.com\/wp-content\/uploads\/2025\/10\/AGUILA-CABEZA-DORADA-1-1536x1536.jpg",1536,1536,true],"2048x2048":["https:\/\/genios-gt.com\/wp-content\/uploads\/2025\/10\/AGUILA-CABEZA-DORADA-1-2048x2048.jpg",2048,2048,true],"mailpoet_newsletter_max":["https:\/\/genios-gt.com\/wp-content\/uploads\/2025\/10\/AGUILA-CABEZA-DORADA-1-1320x1320.jpg",1320,1320,true],"woocommerce_thumbnail":["https:\/\/genios-gt.com\/wp-content\/uploads\/2025\/10\/AGUILA-CABEZA-DORADA-1-320x320.jpg",320,320,true],"woocommerce_single":["https:\/\/genios-gt.com\/wp-content\/uploads\/2025\/10\/AGUILA-CABEZA-DORADA-1-600x600.jpg",600,600,true],"woocommerce_gallery_thumbnail":["https:\/\/genios-gt.com\/wp-content\/uploads\/2025\/10\/AGUILA-CABEZA-DORADA-1-100x100.jpg",100,100,true],"variation_swatches_image_size":["https:\/\/genios-gt.com\/wp-content\/uploads\/2025\/10\/AGUILA-CABEZA-DORADA-1-50x50.jpg",50,50,true],"variation_swatches_tooltip_size":["https:\/\/genios-gt.com\/wp-content\/uploads\/2025\/10\/AGUILA-CABEZA-DORADA-1-100x100.jpg",100,100,true],"thaps-thumb-img":["https:\/\/genios-gt.com\/wp-content\/uploads\/2025\/10\/AGUILA-CABEZA-DORADA-1-48x48.jpg",48,48,true]},"uagb_author_info":{"display_name":"Yemito","author_link":"https:\/\/genios-gt.com\/index.php\/author\/"},"uagb_comment_info":0,"uagb_excerpt":"\u2714\ufe0fDise\u00f1o: Ovalado, figura cabeza de \u00c1guila. \u2714\ufe0fEstilo: Vintage. \ud83d\udcb5\u00a0En la compra de 2 o mas Envi\u00f3 Gratis. \ud83c\uddec\ud83c\uddf9\u00a0Env\u00edos a todo el pais. \ud83d\ude9a\u00a0Pagas al recibir.","_links":{"self":[{"href":"https:\/\/genios-gt.com\/index.php\/wp-json\/wp\/v2\/product\/4240"}],"collection":[{"href":"https:\/\/genios-gt.com\/index.php\/wp-json\/wp\/v2\/product"}],"about":[{"href":"https:\/\/genios-gt.com\/index.php\/wp-json\/wp\/v2\/types\/product"}],"replies":[{"embeddable":true,"href":"https:\/\/genios-gt.com\/index.php\/wp-json\/wp\/v2\/comments?post=4240"}],"wp:featuredmedia":[{"embeddable":true,"href":"https:\/\/genios-gt.com\/index.php\/wp-json\/wp\/v2\/media\/4300"}],"wp:attachment":[{"href":"https:\/\/genios-gt.com\/index.php\/wp-json\/wp\/v2\/media?parent=4240"}],"wp:term":[{"taxonomy":"product_cat","embeddable":true,"href":"https:\/\/genios-gt.com\/index.php\/wp-json\/wp\/v2\/product_cat?post=4240"},{"taxonomy":"product_tag","embeddable":true,"href":"https:\/\/genios-gt.com\/index.php\/wp-json\/wp\/v2\/product_tag?post=4240"}],"curies":[{"name":"wp","href":"https:\/\/api.w.org\/{rel}","templated":true}]}}