{"id":4238,"date":"2025-10-10T11:08:26","date_gmt":"2025-10-10T17:08:26","guid":{"rendered":"https:\/\/genios-gt.com\/?post_type=product&#038;p=4238"},"modified":"2025-10-12T14:03:33","modified_gmt":"2025-10-12T20:03:33","slug":"corbata-aguila-en-vuelo-dorada-g310","status":"publish","type":"product","link":"https:\/\/genios-gt.com\/index.php\/producto\/corbata-aguila-en-vuelo-dorada-g310\/","title":{"rendered":"CORBATA AGUILA EN VUELO, DORADA G310"},"content":{"rendered":"<p>Corbata Bolo \u00c1guila en Vuelo Dorado \u2013 Fuerza y Elegancia en Movimiento<\/p>\n<p>Eleva tu estilo con esta majestuosa corbata bolo de \u00e1guila en pleno vuelo, elaborada en un intenso color dorado que simboliza poder, \u00e9xito y grandeza.<\/p>\n<p>Su dise\u00f1o din\u00e1mico captura el momento exacto en que el \u00e1guila se despliega con libertad, proyectando una imagen de confianza y liderazgo. Cada detalle resalta con un acabado brillante que la convierte en el centro de atenci\u00f3n.<\/p>\n<p>Perfecta para quienes desean destacar con elegancia y seguridad, esta corbata es m\u00e1s que un accesorio: es una declaraci\u00f3n de actitud.<\/p>\n<p>Vuela alto, viste con prop\u00f3sito. \ud83e\udd85\u2728<\/p>\n<p>\u00a0<\/p>\n<p><strong>DESCRIPCI\u00d3N\u00a0<\/strong><\/p>\n<p>*Material aleaci\u00f3n de zinc<\/p>\n<p>*Tama\u00f1o alto 3.8cm x largo 4.3cm<\/p>\n<p>*Peso total en gramos 37<\/p>\n<p>*Largo total de el lazo 1 metro<\/p>\n","protected":false},"excerpt":{"rendered":"<p>\u2714\ufe0fMaterial: Cord\u00f3n de Cuero.\u00a0 Puntas y Bot\u00f3n:, aleaci\u00f3n de Zinc.<\/p>\n<p>\u2714\ufe0fDise\u00f1o: Silueta, figura de \u00c1guila en pleno vuelo.<\/p>\n<p>\u2714\ufe0fEstilo: Vintage.<\/p>\n<p>\ud83d\udcb5\u00a0En la compra de 2 o mas Envi\u00f3 Gratis.<\/p>\n<p>\ud83c\uddec\ud83c\uddf9\u00a0Env\u00edos a todo el pais.<\/p>\n<p>\ud83d\ude9a\u00a0Pagas al recibir.<\/p>\n","protected":false},"featured_media":4301,"comment_status":"open","ping_status":"closed","template":"","meta":{"_uag_custom_page_level_css":""},"product_cat":[68],"product_tag":[],"jetpack_sharing_enabled":true,"uagb_featured_image_src":{"full":["https:\/\/genios-gt.com\/wp-content\/uploads\/2025\/10\/AGUILA-DORADA-1-scaled.jpg",2560,2560,false],"thumbnail":["https:\/\/genios-gt.com\/wp-content\/uploads\/2025\/10\/AGUILA-DORADA-1-150x150.jpg",150,150,true],"medium":["https:\/\/genios-gt.com\/wp-content\/uploads\/2025\/10\/AGUILA-DORADA-1-300x300.jpg",300,300,true],"medium_large":["https:\/\/genios-gt.com\/wp-content\/uploads\/2025\/10\/AGUILA-DORADA-1-768x768.jpg",640,640,true],"large":["https:\/\/genios-gt.com\/wp-content\/uploads\/2025\/10\/AGUILA-DORADA-1-1024x1024.jpg",640,640,true],"1536x1536":["https:\/\/genios-gt.com\/wp-content\/uploads\/2025\/10\/AGUILA-DORADA-1-1536x1536.jpg",1536,1536,true],"2048x2048":["https:\/\/genios-gt.com\/wp-content\/uploads\/2025\/10\/AGUILA-DORADA-1-2048x2048.jpg",2048,2048,true],"mailpoet_newsletter_max":["https:\/\/genios-gt.com\/wp-content\/uploads\/2025\/10\/AGUILA-DORADA-1-1320x1320.jpg",1320,1320,true],"woocommerce_thumbnail":["https:\/\/genios-gt.com\/wp-content\/uploads\/2025\/10\/AGUILA-DORADA-1-320x320.jpg",320,320,true],"woocommerce_single":["https:\/\/genios-gt.com\/wp-content\/uploads\/2025\/10\/AGUILA-DORADA-1-600x600.jpg",600,600,true],"woocommerce_gallery_thumbnail":["https:\/\/genios-gt.com\/wp-content\/uploads\/2025\/10\/AGUILA-DORADA-1-100x100.jpg",100,100,true],"variation_swatches_image_size":["https:\/\/genios-gt.com\/wp-content\/uploads\/2025\/10\/AGUILA-DORADA-1-50x50.jpg",50,50,true],"variation_swatches_tooltip_size":["https:\/\/genios-gt.com\/wp-content\/uploads\/2025\/10\/AGUILA-DORADA-1-100x100.jpg",100,100,true],"thaps-thumb-img":["https:\/\/genios-gt.com\/wp-content\/uploads\/2025\/10\/AGUILA-DORADA-1-48x48.jpg",48,48,true]},"uagb_author_info":{"display_name":"Yemito","author_link":"https:\/\/genios-gt.com\/index.php\/author\/"},"uagb_comment_info":0,"uagb_excerpt":"\u2714\ufe0fMaterial: Cord\u00f3n de Cuero.\u00a0 Puntas y Bot\u00f3n:, aleaci\u00f3n de Zinc. \u2714\ufe0fDise\u00f1o: Silueta, figura de \u00c1guila en pleno vuelo. \u2714\ufe0fEstilo: Vintage. \ud83d\udcb5\u00a0En la compra de 2 o mas Envi\u00f3 Gratis. \ud83c\uddec\ud83c\uddf9\u00a0Env\u00edos a todo el pais. \ud83d\ude9a\u00a0Pagas al recibir.","_links":{"self":[{"href":"https:\/\/genios-gt.com\/index.php\/wp-json\/wp\/v2\/product\/4238"}],"collection":[{"href":"https:\/\/genios-gt.com\/index.php\/wp-json\/wp\/v2\/product"}],"about":[{"href":"https:\/\/genios-gt.com\/index.php\/wp-json\/wp\/v2\/types\/product"}],"replies":[{"embeddable":true,"href":"https:\/\/genios-gt.com\/index.php\/wp-json\/wp\/v2\/comments?post=4238"}],"wp:featuredmedia":[{"embeddable":true,"href":"https:\/\/genios-gt.com\/index.php\/wp-json\/wp\/v2\/media\/4301"}],"wp:attachment":[{"href":"https:\/\/genios-gt.com\/index.php\/wp-json\/wp\/v2\/media?parent=4238"}],"wp:term":[{"taxonomy":"product_cat","embeddable":true,"href":"https:\/\/genios-gt.com\/index.php\/wp-json\/wp\/v2\/product_cat?post=4238"},{"taxonomy":"product_tag","embeddable":true,"href":"https:\/\/genios-gt.com\/index.php\/wp-json\/wp\/v2\/product_tag?post=4238"}],"curies":[{"name":"wp","href":"https:\/\/api.w.org\/{rel}","templated":true}]}}