{"id":4234,"date":"2025-10-09T19:06:10","date_gmt":"2025-10-10T01:06:10","guid":{"rendered":"https:\/\/genios-gt.com\/?post_type=product&#038;p=4234"},"modified":"2025-10-12T14:23:06","modified_gmt":"2025-10-12T20:23:06","slug":"corbata-de-aguila-medallon-dorado-g281","status":"publish","type":"product","link":"https:\/\/genios-gt.com\/index.php\/producto\/corbata-de-aguila-medallon-dorado-g281\/","title":{"rendered":"CORBATA DE AGUILA MEDALLON DORADO G281"},"content":{"rendered":"<p>Corbata Bolo Medall\u00f3n Dorado Ovalado \u2013 Poder que Resalta, D\u00eda y Noche<\/p>\n<p>Haz una declaraci\u00f3n de estilo con nuestra imponente corbata bolo de medall\u00f3n dorado ovalado, que lleva en su interior una majestuosa imagen de \u00e1guila, s\u00edmbolo de libertad, fuerza y visi\u00f3n.<\/p>\n<p>Esta pieza \u00fanica no solo destaca por su dise\u00f1o elegante y sofisticado, sino que adem\u00e1s brilla en la oscuridad, aportando un toque moderno y sorprendente que te har\u00e1 destacar incluso en ambientes con poca luz.<\/p>\n<p>Ideal para quienes buscan elegancia con personalidad, este accesorio combina lo cl\u00e1sico con lo innovador, convirti\u00e9ndose en el centro de atenci\u00f3n donde vayas.<\/p>\n<p>Atr\u00e9vete a brillar. De d\u00eda, elegante. De noche, inolvidable. \ud83e\udd85\u2728<\/p>\n<p>\u00a0<\/p>\n<p><strong>DESCRIPCION<\/strong><\/p>\n<p>*Material aleaci\u00f3n de zinc<\/p>\n<p>*Tama\u00f1o alto 3.8cm x largo 5cm<\/p>\n<p>*Peso total en gramos 55<\/p>\n<p>*Largo total de el lazo 1 metro<\/p>\n<p>\u00a0<\/p>\n<p>\u00a0<\/p>\n","protected":false},"excerpt":{"rendered":"<p>\u2714\ufe0fMaterial: Cord\u00f3n de Cuero.\u00a0 Puntas y Bot\u00f3n:, aleaci\u00f3n de Zinc.<\/p>\n<p>\u2714\ufe0fDise\u00f1o: Medall\u00f3n ovalado dorado , foto de \u00c1guila.<\/p>\n<p>\u2714\ufe0fEstilo: Vintage.<\/p>\n<p>\ud83d\udcb5\u00a0En la compra de 2 o mas Envi\u00f3 Gratis.<\/p>\n<p>\ud83c\uddec\ud83c\uddf9\u00a0Env\u00edos a todo el pais.<\/p>\n<p>\ud83d\ude9a Pagas al recibir.<\/p>\n","protected":false},"featured_media":4303,"comment_status":"open","ping_status":"closed","template":"","meta":{"_uag_custom_page_level_css":""},"product_cat":[68],"product_tag":[],"jetpack_sharing_enabled":true,"uagb_featured_image_src":{"full":["https:\/\/genios-gt.com\/wp-content\/uploads\/2025\/10\/AGUILA-OVALADA-DORADA-1-scaled.jpg",2560,2560,false],"thumbnail":["https:\/\/genios-gt.com\/wp-content\/uploads\/2025\/10\/AGUILA-OVALADA-DORADA-1-150x150.jpg",150,150,true],"medium":["https:\/\/genios-gt.com\/wp-content\/uploads\/2025\/10\/AGUILA-OVALADA-DORADA-1-300x300.jpg",300,300,true],"medium_large":["https:\/\/genios-gt.com\/wp-content\/uploads\/2025\/10\/AGUILA-OVALADA-DORADA-1-768x768.jpg",640,640,true],"large":["https:\/\/genios-gt.com\/wp-content\/uploads\/2025\/10\/AGUILA-OVALADA-DORADA-1-1024x1024.jpg",640,640,true],"1536x1536":["https:\/\/genios-gt.com\/wp-content\/uploads\/2025\/10\/AGUILA-OVALADA-DORADA-1-1536x1536.jpg",1536,1536,true],"2048x2048":["https:\/\/genios-gt.com\/wp-content\/uploads\/2025\/10\/AGUILA-OVALADA-DORADA-1-2048x2048.jpg",2048,2048,true],"mailpoet_newsletter_max":["https:\/\/genios-gt.com\/wp-content\/uploads\/2025\/10\/AGUILA-OVALADA-DORADA-1-1320x1320.jpg",1320,1320,true],"woocommerce_thumbnail":["https:\/\/genios-gt.com\/wp-content\/uploads\/2025\/10\/AGUILA-OVALADA-DORADA-1-320x320.jpg",320,320,true],"woocommerce_single":["https:\/\/genios-gt.com\/wp-content\/uploads\/2025\/10\/AGUILA-OVALADA-DORADA-1-600x600.jpg",600,600,true],"woocommerce_gallery_thumbnail":["https:\/\/genios-gt.com\/wp-content\/uploads\/2025\/10\/AGUILA-OVALADA-DORADA-1-100x100.jpg",100,100,true],"variation_swatches_image_size":["https:\/\/genios-gt.com\/wp-content\/uploads\/2025\/10\/AGUILA-OVALADA-DORADA-1-50x50.jpg",50,50,true],"variation_swatches_tooltip_size":["https:\/\/genios-gt.com\/wp-content\/uploads\/2025\/10\/AGUILA-OVALADA-DORADA-1-100x100.jpg",100,100,true],"thaps-thumb-img":["https:\/\/genios-gt.com\/wp-content\/uploads\/2025\/10\/AGUILA-OVALADA-DORADA-1-48x48.jpg",48,48,true]},"uagb_author_info":{"display_name":"Yemito","author_link":"https:\/\/genios-gt.com\/index.php\/author\/"},"uagb_comment_info":0,"uagb_excerpt":"\u2714\ufe0fMaterial: Cord\u00f3n de Cuero.\u00a0 Puntas y Bot\u00f3n:, aleaci\u00f3n de Zinc. \u2714\ufe0fDise\u00f1o: Medall\u00f3n ovalado dorado , foto de \u00c1guila. \u2714\ufe0fEstilo: Vintage. \ud83d\udcb5\u00a0En la compra de 2 o mas Envi\u00f3 Gratis. \ud83c\uddec\ud83c\uddf9\u00a0Env\u00edos a todo el pais. \ud83d\ude9a Pagas al recibir.","_links":{"self":[{"href":"https:\/\/genios-gt.com\/index.php\/wp-json\/wp\/v2\/product\/4234"}],"collection":[{"href":"https:\/\/genios-gt.com\/index.php\/wp-json\/wp\/v2\/product"}],"about":[{"href":"https:\/\/genios-gt.com\/index.php\/wp-json\/wp\/v2\/types\/product"}],"replies":[{"embeddable":true,"href":"https:\/\/genios-gt.com\/index.php\/wp-json\/wp\/v2\/comments?post=4234"}],"wp:featuredmedia":[{"embeddable":true,"href":"https:\/\/genios-gt.com\/index.php\/wp-json\/wp\/v2\/media\/4303"}],"wp:attachment":[{"href":"https:\/\/genios-gt.com\/index.php\/wp-json\/wp\/v2\/media?parent=4234"}],"wp:term":[{"taxonomy":"product_cat","embeddable":true,"href":"https:\/\/genios-gt.com\/index.php\/wp-json\/wp\/v2\/product_cat?post=4234"},{"taxonomy":"product_tag","embeddable":true,"href":"https:\/\/genios-gt.com\/index.php\/wp-json\/wp\/v2\/product_tag?post=4234"}],"curies":[{"name":"wp","href":"https:\/\/api.w.org\/{rel}","templated":true}]}}