{"id":4231,"date":"2025-10-09T18:56:50","date_gmt":"2025-10-10T00:56:50","guid":{"rendered":"https:\/\/genios-gt.com\/?post_type=product&#038;p=4231"},"modified":"2025-10-12T14:24:35","modified_gmt":"2025-10-12T20:24:35","slug":"corbata-de-aguila-cabeza-dorada-g285","status":"publish","type":"product","link":"https:\/\/genios-gt.com\/index.php\/producto\/corbata-de-aguila-cabeza-dorada-g285\/","title":{"rendered":"CORBATA DE AGUILA CABEZA DORADA  G285"},"content":{"rendered":"<p><strong>Corbata Bolo \u00c1guila Dorada \u2013 Estilo que Impone<\/strong><\/p>\n<p><strong>Luce aut\u00e9ntico y con car\u00e1cter con nuestra exclusiva corbata bolo en forma de \u00e1guila con cabeza dorada. Este dise\u00f1o combina fuerza, elegancia y un toque moderno que no pasar\u00e1 desapercibido. La figura del \u00e1guila simboliza liderazgo y visi\u00f3n, y su acabado dorado aporta un brillo sofisticado que eleva cualquier atuendo.<\/strong><\/p>\n<p><strong>Ideal para quienes buscan un estilo fuera de lo com\u00fan, esta corbata bolo es perfecta tanto para eventos formales como para ocasiones especiales donde quieres destacar. Su dise\u00f1o moderno y refinado la convierte en el accesorio perfecto para quienes aprecian la moda con personalidad.<\/strong><\/p>\n<p><strong>\u00a1Haz que tu presencia hable por ti! Elegancia, poder y distinci\u00f3n en una sola pieza.<\/strong><\/p>\n<p>\u00a0<\/p>\n<p>*Material aleaci\u00f3n de zinc<\/p>\n<p>*Tama\u00f1o alto 3.6cm x largo6.5cm<\/p>\n<p>*Peso total en gramos 29<\/p>\n<p>*Largo total de el lazo 1 metro<\/p>\n","protected":false},"excerpt":{"rendered":"<p>\u2714\ufe0fMaterial: Cord\u00f3n de Cuero.\u00a0 Puntas y Bot\u00f3n:, aleaci\u00f3n de Zinc.<\/p>\n<p>\u2714\ufe0fDise\u00f1o: Silueta, figura de \u00c1guila.<\/p>\n<p>\u2714\ufe0fEstilo: Vintage.<\/p>\n<p>\ud83d\udcb5\u00a0En la compra de 2 o mas Envi\u00f3 Gratis.<\/p>\n<p>\ud83c\uddec\ud83c\uddf9\u00a0Env\u00edos a todo el pais.<\/p>\n<p>\ud83d\ude9a\u00a0Pagas al recibir.<\/p>\n","protected":false},"featured_media":4304,"comment_status":"open","ping_status":"closed","template":"","meta":{"_uag_custom_page_level_css":""},"product_cat":[68],"product_tag":[],"jetpack_sharing_enabled":true,"uagb_featured_image_src":{"full":["https:\/\/genios-gt.com\/wp-content\/uploads\/2025\/10\/AGUILA-CAVEZA-DORADA-2-scaled.jpg",2560,2560,false],"thumbnail":["https:\/\/genios-gt.com\/wp-content\/uploads\/2025\/10\/AGUILA-CAVEZA-DORADA-2-150x150.jpg",150,150,true],"medium":["https:\/\/genios-gt.com\/wp-content\/uploads\/2025\/10\/AGUILA-CAVEZA-DORADA-2-300x300.jpg",300,300,true],"medium_large":["https:\/\/genios-gt.com\/wp-content\/uploads\/2025\/10\/AGUILA-CAVEZA-DORADA-2-768x768.jpg",640,640,true],"large":["https:\/\/genios-gt.com\/wp-content\/uploads\/2025\/10\/AGUILA-CAVEZA-DORADA-2-1024x1024.jpg",640,640,true],"1536x1536":["https:\/\/genios-gt.com\/wp-content\/uploads\/2025\/10\/AGUILA-CAVEZA-DORADA-2-1536x1536.jpg",1536,1536,true],"2048x2048":["https:\/\/genios-gt.com\/wp-content\/uploads\/2025\/10\/AGUILA-CAVEZA-DORADA-2-2048x2048.jpg",2048,2048,true],"mailpoet_newsletter_max":["https:\/\/genios-gt.com\/wp-content\/uploads\/2025\/10\/AGUILA-CAVEZA-DORADA-2-1320x1320.jpg",1320,1320,true],"woocommerce_thumbnail":["https:\/\/genios-gt.com\/wp-content\/uploads\/2025\/10\/AGUILA-CAVEZA-DORADA-2-320x320.jpg",320,320,true],"woocommerce_single":["https:\/\/genios-gt.com\/wp-content\/uploads\/2025\/10\/AGUILA-CAVEZA-DORADA-2-600x600.jpg",600,600,true],"woocommerce_gallery_thumbnail":["https:\/\/genios-gt.com\/wp-content\/uploads\/2025\/10\/AGUILA-CAVEZA-DORADA-2-100x100.jpg",100,100,true],"variation_swatches_image_size":["https:\/\/genios-gt.com\/wp-content\/uploads\/2025\/10\/AGUILA-CAVEZA-DORADA-2-50x50.jpg",50,50,true],"variation_swatches_tooltip_size":["https:\/\/genios-gt.com\/wp-content\/uploads\/2025\/10\/AGUILA-CAVEZA-DORADA-2-100x100.jpg",100,100,true],"thaps-thumb-img":["https:\/\/genios-gt.com\/wp-content\/uploads\/2025\/10\/AGUILA-CAVEZA-DORADA-2-48x48.jpg",48,48,true]},"uagb_author_info":{"display_name":"Yemito","author_link":"https:\/\/genios-gt.com\/index.php\/author\/"},"uagb_comment_info":0,"uagb_excerpt":"\u2714\ufe0fMaterial: Cord\u00f3n de Cuero.\u00a0 Puntas y Bot\u00f3n:, aleaci\u00f3n de Zinc. \u2714\ufe0fDise\u00f1o: Silueta, figura de \u00c1guila. \u2714\ufe0fEstilo: Vintage. \ud83d\udcb5\u00a0En la compra de 2 o mas Envi\u00f3 Gratis. \ud83c\uddec\ud83c\uddf9\u00a0Env\u00edos a todo el pais. \ud83d\ude9a\u00a0Pagas al recibir.","_links":{"self":[{"href":"https:\/\/genios-gt.com\/index.php\/wp-json\/wp\/v2\/product\/4231"}],"collection":[{"href":"https:\/\/genios-gt.com\/index.php\/wp-json\/wp\/v2\/product"}],"about":[{"href":"https:\/\/genios-gt.com\/index.php\/wp-json\/wp\/v2\/types\/product"}],"replies":[{"embeddable":true,"href":"https:\/\/genios-gt.com\/index.php\/wp-json\/wp\/v2\/comments?post=4231"}],"wp:featuredmedia":[{"embeddable":true,"href":"https:\/\/genios-gt.com\/index.php\/wp-json\/wp\/v2\/media\/4304"}],"wp:attachment":[{"href":"https:\/\/genios-gt.com\/index.php\/wp-json\/wp\/v2\/media?parent=4231"}],"wp:term":[{"taxonomy":"product_cat","embeddable":true,"href":"https:\/\/genios-gt.com\/index.php\/wp-json\/wp\/v2\/product_cat?post=4231"},{"taxonomy":"product_tag","embeddable":true,"href":"https:\/\/genios-gt.com\/index.php\/wp-json\/wp\/v2\/product_tag?post=4231"}],"curies":[{"name":"wp","href":"https:\/\/api.w.org\/{rel}","templated":true}]}}