{"id":4130,"date":"2025-02-07T09:42:57","date_gmt":"2025-02-07T15:42:57","guid":{"rendered":"https:\/\/genios-gt.com\/?post_type=product&#038;p=4130"},"modified":"2025-11-13T10:37:25","modified_gmt":"2025-11-13T16:37:25","slug":"reloj-colmi-v73-smats-whatch","status":"publish","type":"product","link":"https:\/\/genios-gt.com\/index.php\/producto\/reloj-colmi-v73-smats-whatch\/","title":{"rendered":"RELOJ COLMI V73 SMATS WHATCH"},"content":{"rendered":"<ul>\n<li><strong>COLMI \u2013 Tu primer reloj inteligente.<\/strong><\/li>\n<li>Especificaciones b\u00e1sicas del COLMI V73<\/li>\n<li>CPU: JL7012A6S<\/li>\n<li>\u25cf Memoria flash: RAM 578 KB ROM 128 Mb<\/li>\n<li>\u25cfBluetooth: 5.3<\/li>\n<li>\u25cfPantalla: AMOLED 1,43 pulgadas<\/li>\n<li>\u25cfResoluci\u00f3n: 466\u00d7466 p\u00edxeles<\/li>\n<li>\u25cfBater\u00eda: 240 mAh<\/li>\n<li>\u25cfNivel de impermeabilidad: IP67<\/li>\n<li>\u25cfAPLICACI\u00d3N: \u00abCOLMI Fit\u00bb<\/li>\n<li>Adecuado para tel\u00e9fonos m\u00f3viles con Android 4.4 o superior, o iOS 8.0 o superior<img loading=\"lazy\" decoding=\"async\" class=\"alignnone size-medium wp-image-4131\" src=\"https:\/\/genios-gt.com\/wp-content\/uploads\/2025\/02\/twenty-one-3-300x300.webp\" alt=\"\" width=\"300\" height=\"300\" srcset=\"https:\/\/genios-gt.com\/wp-content\/uploads\/2025\/02\/twenty-one-3-300x300.webp 300w, https:\/\/genios-gt.com\/wp-content\/uploads\/2025\/02\/twenty-one-3-150x150.webp 150w, https:\/\/genios-gt.com\/wp-content\/uploads\/2025\/02\/twenty-one-3-768x768.webp 768w, https:\/\/genios-gt.com\/wp-content\/uploads\/2025\/02\/twenty-one-3-320x320.webp 320w, https:\/\/genios-gt.com\/wp-content\/uploads\/2025\/02\/twenty-one-3-600x600.webp 600w, https:\/\/genios-gt.com\/wp-content\/uploads\/2025\/02\/twenty-one-3-100x100.webp 100w, https:\/\/genios-gt.com\/wp-content\/uploads\/2025\/02\/twenty-one-3-50x50.webp 50w, https:\/\/genios-gt.com\/wp-content\/uploads\/2025\/02\/twenty-one-3-48x48.webp 48w, https:\/\/genios-gt.com\/wp-content\/uploads\/2025\/02\/twenty-one-3.webp 1000w\" sizes=\"(max-width: 300px) 100vw, 300px\" \/> <img loading=\"lazy\" decoding=\"async\" class=\"alignnone size-medium wp-image-4132\" src=\"https:\/\/genios-gt.com\/wp-content\/uploads\/2025\/02\/twenty-four-2-300x300.webp\" alt=\"\" width=\"300\" height=\"300\" srcset=\"https:\/\/genios-gt.com\/wp-content\/uploads\/2025\/02\/twenty-four-2-300x300.webp 300w, https:\/\/genios-gt.com\/wp-content\/uploads\/2025\/02\/twenty-four-2-150x150.webp 150w, https:\/\/genios-gt.com\/wp-content\/uploads\/2025\/02\/twenty-four-2-768x768.webp 768w, https:\/\/genios-gt.com\/wp-content\/uploads\/2025\/02\/twenty-four-2-320x320.webp 320w, https:\/\/genios-gt.com\/wp-content\/uploads\/2025\/02\/twenty-four-2-600x600.webp 600w, https:\/\/genios-gt.com\/wp-content\/uploads\/2025\/02\/twenty-four-2-100x100.webp 100w, https:\/\/genios-gt.com\/wp-content\/uploads\/2025\/02\/twenty-four-2-50x50.webp 50w, https:\/\/genios-gt.com\/wp-content\/uploads\/2025\/02\/twenty-four-2-48x48.webp 48w, https:\/\/genios-gt.com\/wp-content\/uploads\/2025\/02\/twenty-four-2.webp 1000w\" sizes=\"(max-width: 300px) 100vw, 300px\" \/> <img loading=\"lazy\" decoding=\"async\" class=\"alignnone size-medium wp-image-4133\" src=\"https:\/\/genios-gt.com\/wp-content\/uploads\/2025\/02\/20-4-300x300.webp\" alt=\"\" width=\"300\" height=\"300\" srcset=\"https:\/\/genios-gt.com\/wp-content\/uploads\/2025\/02\/20-4-300x300.webp 300w, https:\/\/genios-gt.com\/wp-content\/uploads\/2025\/02\/20-4-150x150.webp 150w, https:\/\/genios-gt.com\/wp-content\/uploads\/2025\/02\/20-4-768x768.webp 768w, https:\/\/genios-gt.com\/wp-content\/uploads\/2025\/02\/20-4-320x320.webp 320w, https:\/\/genios-gt.com\/wp-content\/uploads\/2025\/02\/20-4-600x600.webp 600w, https:\/\/genios-gt.com\/wp-content\/uploads\/2025\/02\/20-4-100x100.webp 100w, https:\/\/genios-gt.com\/wp-content\/uploads\/2025\/02\/20-4-50x50.webp 50w, https:\/\/genios-gt.com\/wp-content\/uploads\/2025\/02\/20-4-48x48.webp 48w, https:\/\/genios-gt.com\/wp-content\/uploads\/2025\/02\/20-4.webp 1000w\" sizes=\"(max-width: 300px) 100vw, 300px\" \/> <img loading=\"lazy\" decoding=\"async\" class=\"alignnone size-medium wp-image-4134\" src=\"https:\/\/genios-gt.com\/wp-content\/uploads\/2025\/02\/19-5-300x300.webp\" alt=\"\" width=\"300\" height=\"300\" srcset=\"https:\/\/genios-gt.com\/wp-content\/uploads\/2025\/02\/19-5-300x300.webp 300w, https:\/\/genios-gt.com\/wp-content\/uploads\/2025\/02\/19-5-150x150.webp 150w, https:\/\/genios-gt.com\/wp-content\/uploads\/2025\/02\/19-5-768x768.webp 768w, https:\/\/genios-gt.com\/wp-content\/uploads\/2025\/02\/19-5-320x320.webp 320w, https:\/\/genios-gt.com\/wp-content\/uploads\/2025\/02\/19-5-600x600.webp 600w, https:\/\/genios-gt.com\/wp-content\/uploads\/2025\/02\/19-5-100x100.webp 100w, https:\/\/genios-gt.com\/wp-content\/uploads\/2025\/02\/19-5-50x50.webp 50w, https:\/\/genios-gt.com\/wp-content\/uploads\/2025\/02\/19-5-48x48.webp 48w, https:\/\/genios-gt.com\/wp-content\/uploads\/2025\/02\/19-5.webp 1000w\" sizes=\"(max-width: 300px) 100vw, 300px\" \/> <img loading=\"lazy\" decoding=\"async\" class=\"alignnone size-medium wp-image-4135\" src=\"https:\/\/genios-gt.com\/wp-content\/uploads\/2025\/02\/18-5-300x300.webp\" alt=\"\" width=\"300\" height=\"300\" srcset=\"https:\/\/genios-gt.com\/wp-content\/uploads\/2025\/02\/18-5-300x300.webp 300w, https:\/\/genios-gt.com\/wp-content\/uploads\/2025\/02\/18-5-150x150.webp 150w, https:\/\/genios-gt.com\/wp-content\/uploads\/2025\/02\/18-5-768x768.webp 768w, https:\/\/genios-gt.com\/wp-content\/uploads\/2025\/02\/18-5-320x320.webp 320w, https:\/\/genios-gt.com\/wp-content\/uploads\/2025\/02\/18-5-600x600.webp 600w, https:\/\/genios-gt.com\/wp-content\/uploads\/2025\/02\/18-5-100x100.webp 100w, https:\/\/genios-gt.com\/wp-content\/uploads\/2025\/02\/18-5-50x50.webp 50w, https:\/\/genios-gt.com\/wp-content\/uploads\/2025\/02\/18-5-48x48.webp 48w, https:\/\/genios-gt.com\/wp-content\/uploads\/2025\/02\/18-5.webp 1000w\" sizes=\"(max-width: 300px) 100vw, 300px\" \/> <img loading=\"lazy\" decoding=\"async\" class=\"alignnone size-medium wp-image-4136\" src=\"https:\/\/genios-gt.com\/wp-content\/uploads\/2025\/02\/17-6-300x300.webp\" alt=\"\" width=\"300\" height=\"300\" srcset=\"https:\/\/genios-gt.com\/wp-content\/uploads\/2025\/02\/17-6-300x300.webp 300w, https:\/\/genios-gt.com\/wp-content\/uploads\/2025\/02\/17-6-150x150.webp 150w, https:\/\/genios-gt.com\/wp-content\/uploads\/2025\/02\/17-6-768x768.webp 768w, https:\/\/genios-gt.com\/wp-content\/uploads\/2025\/02\/17-6-320x320.webp 320w, https:\/\/genios-gt.com\/wp-content\/uploads\/2025\/02\/17-6-600x600.webp 600w, https:\/\/genios-gt.com\/wp-content\/uploads\/2025\/02\/17-6-100x100.webp 100w, https:\/\/genios-gt.com\/wp-content\/uploads\/2025\/02\/17-6-50x50.webp 50w, https:\/\/genios-gt.com\/wp-content\/uploads\/2025\/02\/17-6-48x48.webp 48w, https:\/\/genios-gt.com\/wp-content\/uploads\/2025\/02\/17-6.webp 1000w\" sizes=\"(max-width: 300px) 100vw, 300px\" \/>.<\/li>\n<\/ul>\n","protected":false},"excerpt":{"rendered":"<p><span class=\"x3nfvp2 x1j61x8r x1fcty0u xdj266r xhhsvwb xat24cr xgzva0m xxymvpz xlup9mm x1kky2od\"><img loading=\"lazy\" decoding=\"async\" src=\"https:\/\/static.xx.fbcdn.net\/images\/emoji.php\/v9\/t51\/1\/16\/2714.png\" alt=\"\u2714\ufe0f\" width=\"16\" height=\"16\" \/><\/span>Precio unidad: Q450<br \/>\n<span class=\"x3nfvp2 x1j61x8r x1fcty0u xdj266r xhhsvwb xat24cr xgzva0m xxymvpz xlup9mm x1kky2od\"><img loading=\"lazy\" decoding=\"async\" src=\"https:\/\/static.xx.fbcdn.net\/images\/emoji.php\/v9\/t51\/1\/16\/2714.png\" alt=\"\u2714\ufe0f\" width=\"16\" height=\"16\" \/><\/span>A partir de 2 o mas envio gratis<\/p>\n<p>\ud83c\uddec\ud83c\uddf9\u00a0Enviamos a toda Guatemala!<br \/>\n\ud83d\udce6\u00a0Pagas al recibir!\u00a0\ud83d\udcb6<\/p>\n","protected":false},"featured_media":4202,"comment_status":"open","ping_status":"closed","template":"","meta":{"_uag_custom_page_level_css":""},"product_cat":[106],"product_tag":[],"jetpack_sharing_enabled":true,"uagb_featured_image_src":{"full":["https:\/\/genios-gt.com\/wp-content\/uploads\/2025\/02\/RELOJ-V73-scaled.jpg",2560,2560,false],"thumbnail":["https:\/\/genios-gt.com\/wp-content\/uploads\/2025\/02\/RELOJ-V73-150x150.jpg",150,150,true],"medium":["https:\/\/genios-gt.com\/wp-content\/uploads\/2025\/02\/RELOJ-V73-300x300.jpg",300,300,true],"medium_large":["https:\/\/genios-gt.com\/wp-content\/uploads\/2025\/02\/RELOJ-V73-768x768.jpg",640,640,true],"large":["https:\/\/genios-gt.com\/wp-content\/uploads\/2025\/02\/RELOJ-V73-1024x1024.jpg",640,640,true],"1536x1536":["https:\/\/genios-gt.com\/wp-content\/uploads\/2025\/02\/RELOJ-V73-1536x1536.jpg",1536,1536,true],"2048x2048":["https:\/\/genios-gt.com\/wp-content\/uploads\/2025\/02\/RELOJ-V73-2048x2048.jpg",2048,2048,true],"mailpoet_newsletter_max":["https:\/\/genios-gt.com\/wp-content\/uploads\/2025\/02\/RELOJ-V73-1320x1320.jpg",1320,1320,true],"woocommerce_thumbnail":["https:\/\/genios-gt.com\/wp-content\/uploads\/2025\/02\/RELOJ-V73-320x320.jpg",320,320,true],"woocommerce_single":["https:\/\/genios-gt.com\/wp-content\/uploads\/2025\/02\/RELOJ-V73-600x600.jpg",600,600,true],"woocommerce_gallery_thumbnail":["https:\/\/genios-gt.com\/wp-content\/uploads\/2025\/02\/RELOJ-V73-100x100.jpg",100,100,true],"variation_swatches_image_size":["https:\/\/genios-gt.com\/wp-content\/uploads\/2025\/02\/RELOJ-V73-50x50.jpg",50,50,true],"variation_swatches_tooltip_size":["https:\/\/genios-gt.com\/wp-content\/uploads\/2025\/02\/RELOJ-V73-100x100.jpg",100,100,true],"thaps-thumb-img":["https:\/\/genios-gt.com\/wp-content\/uploads\/2025\/02\/RELOJ-V73-48x48.jpg",48,48,true]},"uagb_author_info":{"display_name":"Yemito","author_link":"https:\/\/genios-gt.com\/index.php\/author\/"},"uagb_comment_info":0,"uagb_excerpt":"Precio unidad: Q450 A partir de 2 o mas envio gratis \ud83c\uddec\ud83c\uddf9\u00a0Enviamos a toda Guatemala! \ud83d\udce6\u00a0Pagas al recibir!\u00a0\ud83d\udcb6","_links":{"self":[{"href":"https:\/\/genios-gt.com\/index.php\/wp-json\/wp\/v2\/product\/4130"}],"collection":[{"href":"https:\/\/genios-gt.com\/index.php\/wp-json\/wp\/v2\/product"}],"about":[{"href":"https:\/\/genios-gt.com\/index.php\/wp-json\/wp\/v2\/types\/product"}],"replies":[{"embeddable":true,"href":"https:\/\/genios-gt.com\/index.php\/wp-json\/wp\/v2\/comments?post=4130"}],"wp:featuredmedia":[{"embeddable":true,"href":"https:\/\/genios-gt.com\/index.php\/wp-json\/wp\/v2\/media\/4202"}],"wp:attachment":[{"href":"https:\/\/genios-gt.com\/index.php\/wp-json\/wp\/v2\/media?parent=4130"}],"wp:term":[{"taxonomy":"product_cat","embeddable":true,"href":"https:\/\/genios-gt.com\/index.php\/wp-json\/wp\/v2\/product_cat?post=4130"},{"taxonomy":"product_tag","embeddable":true,"href":"https:\/\/genios-gt.com\/index.php\/wp-json\/wp\/v2\/product_tag?post=4130"}],"curies":[{"name":"wp","href":"https:\/\/api.w.org\/{rel}","templated":true}]}}