{"id":4117,"date":"2025-02-01T11:11:45","date_gmt":"2025-02-01T17:11:45","guid":{"rendered":"https:\/\/genios-gt.com\/?post_type=product&#038;p=4117"},"modified":"2025-11-13T08:57:20","modified_gmt":"2025-11-13T14:57:20","slug":"reloj-colmi-p71","status":"publish","type":"product","link":"https:\/\/genios-gt.com\/index.php\/producto\/reloj-colmi-p71\/","title":{"rendered":"RELOJ COLMI P71"},"content":{"rendered":"<p><iframe loading=\"lazy\" title=\"RELOJ INTELIGENTE COLMI P71\" width=\"540\" height=\"960\" src=\"https:\/\/www.youtube.com\/embed\/EsvHtnaLxFE?feature=oembed\" frameborder=\"0\" allow=\"accelerometer; autoplay; clipboard-write; encrypted-media; gyroscope; picture-in-picture; web-share\" referrerpolicy=\"strict-origin-when-cross-origin\" allowfullscreen><\/iframe><\/p>\n<h2>\ud835\ude3e\ud835\ude56\ud835\ude67\ud835\ude56\ud835\ude58\ud835\ude69\ud835\ude5a\ud835\ude67\ud835\ude5e\ud835\ude68\ud835\ude69\ud835\ude5e\ud835\ude58\ud835\ude56\ud835\ude68 \ud835\ude5c\ud835\ude5a\ud835\ude63\ud835\ude5a\ud835\ude67\ud835\ude56\ud835\ude61\ud835\ude5a\ud835\ude68\u2600<\/h2>\n<p>Pantalla s\u00faper grande: COLMI P71 utiliza una pantalla de 1,9 pulgadas con im\u00e1genes claras, amplio campo de visi\u00f3n, contenido v\u00edvido y un uso m\u00e1s conveniente.<\/p>\n<p>Super chip: COLMI P71 utiliza RTL8763EWE como el chip principal, que tiene un mayor rendimiento, m\u00e1s fuerte y m\u00e1s r\u00e1pido, y funciona de forma natural y sin problemas.<\/p>\n<p>Ultra-multifuncional: COLMI P71 tiene una variedad de funciones, incluyendo llamadas, ejercicio, medici\u00f3n de la frecuencia card\u00edaca y ox\u00edgeno en la sangre, juegos, calculadoras,\u00a0etc.<\/p>\n","protected":false},"excerpt":{"rendered":"<p><span class=\"x3nfvp2 x1j61x8r x1fcty0u xdj266r xhhsvwb xat24cr xgzva0m xxymvpz xlup9mm x1kky2od\"><img loading=\"lazy\" decoding=\"async\" src=\"https:\/\/static.xx.fbcdn.net\/images\/emoji.php\/v9\/t51\/1\/16\/2714.png\" alt=\"\u2714\ufe0f\" width=\"16\" height=\"16\" \/><\/span>Precio unidad: <strong>Q395<\/strong><br \/>\n<span class=\"x3nfvp2 x1j61x8r x1fcty0u xdj266r xhhsvwb xat24cr xgzva0m xxymvpz xlup9mm x1kky2od\"><img loading=\"lazy\" decoding=\"async\" src=\"https:\/\/static.xx.fbcdn.net\/images\/emoji.php\/v9\/t51\/1\/16\/2714.png\" alt=\"\u2714\ufe0f\" width=\"16\" height=\"16\" \/><\/span>\u00a0envio gratis<\/p>\n<p>\ud83c\uddec\ud83c\uddf9\u00a0Enviamos a toda Guatemala!<br \/>\n\ud83d\udce6\u00a0Pagas al recibir!\u00a0\ud83d\udcb6<\/p>\n","protected":false},"featured_media":4203,"comment_status":"open","ping_status":"closed","template":"","meta":{"_uag_custom_page_level_css":""},"product_cat":[106],"product_tag":[],"jetpack_sharing_enabled":true,"uagb_featured_image_src":{"full":["https:\/\/genios-gt.com\/wp-content\/uploads\/2025\/02\/RELOJ-P71-scaled.jpg",2560,2560,false],"thumbnail":["https:\/\/genios-gt.com\/wp-content\/uploads\/2025\/02\/RELOJ-P71-150x150.jpg",150,150,true],"medium":["https:\/\/genios-gt.com\/wp-content\/uploads\/2025\/02\/RELOJ-P71-300x300.jpg",300,300,true],"medium_large":["https:\/\/genios-gt.com\/wp-content\/uploads\/2025\/02\/RELOJ-P71-768x768.jpg",640,640,true],"large":["https:\/\/genios-gt.com\/wp-content\/uploads\/2025\/02\/RELOJ-P71-1024x1024.jpg",640,640,true],"1536x1536":["https:\/\/genios-gt.com\/wp-content\/uploads\/2025\/02\/RELOJ-P71-1536x1536.jpg",1536,1536,true],"2048x2048":["https:\/\/genios-gt.com\/wp-content\/uploads\/2025\/02\/RELOJ-P71-2048x2048.jpg",2048,2048,true],"mailpoet_newsletter_max":["https:\/\/genios-gt.com\/wp-content\/uploads\/2025\/02\/RELOJ-P71-1320x1320.jpg",1320,1320,true],"woocommerce_thumbnail":["https:\/\/genios-gt.com\/wp-content\/uploads\/2025\/02\/RELOJ-P71-320x320.jpg",320,320,true],"woocommerce_single":["https:\/\/genios-gt.com\/wp-content\/uploads\/2025\/02\/RELOJ-P71-600x600.jpg",600,600,true],"woocommerce_gallery_thumbnail":["https:\/\/genios-gt.com\/wp-content\/uploads\/2025\/02\/RELOJ-P71-100x100.jpg",100,100,true],"variation_swatches_image_size":["https:\/\/genios-gt.com\/wp-content\/uploads\/2025\/02\/RELOJ-P71-50x50.jpg",50,50,true],"variation_swatches_tooltip_size":["https:\/\/genios-gt.com\/wp-content\/uploads\/2025\/02\/RELOJ-P71-100x100.jpg",100,100,true],"thaps-thumb-img":["https:\/\/genios-gt.com\/wp-content\/uploads\/2025\/02\/RELOJ-P71-48x48.jpg",48,48,true]},"uagb_author_info":{"display_name":"Yemito","author_link":"https:\/\/genios-gt.com\/index.php\/author\/"},"uagb_comment_info":0,"uagb_excerpt":"Precio unidad: Q395 \u00a0envio gratis \ud83c\uddec\ud83c\uddf9\u00a0Enviamos a toda Guatemala! \ud83d\udce6\u00a0Pagas al recibir!\u00a0\ud83d\udcb6","_links":{"self":[{"href":"https:\/\/genios-gt.com\/index.php\/wp-json\/wp\/v2\/product\/4117"}],"collection":[{"href":"https:\/\/genios-gt.com\/index.php\/wp-json\/wp\/v2\/product"}],"about":[{"href":"https:\/\/genios-gt.com\/index.php\/wp-json\/wp\/v2\/types\/product"}],"replies":[{"embeddable":true,"href":"https:\/\/genios-gt.com\/index.php\/wp-json\/wp\/v2\/comments?post=4117"}],"wp:featuredmedia":[{"embeddable":true,"href":"https:\/\/genios-gt.com\/index.php\/wp-json\/wp\/v2\/media\/4203"}],"wp:attachment":[{"href":"https:\/\/genios-gt.com\/index.php\/wp-json\/wp\/v2\/media?parent=4117"}],"wp:term":[{"taxonomy":"product_cat","embeddable":true,"href":"https:\/\/genios-gt.com\/index.php\/wp-json\/wp\/v2\/product_cat?post=4117"},{"taxonomy":"product_tag","embeddable":true,"href":"https:\/\/genios-gt.com\/index.php\/wp-json\/wp\/v2\/product_tag?post=4117"}],"curies":[{"name":"wp","href":"https:\/\/api.w.org\/{rel}","templated":true}]}}