{"id":4093,"date":"2024-12-18T13:40:29","date_gmt":"2024-12-18T19:40:29","guid":{"rendered":"https:\/\/genios-gt.com\/?post_type=product&#038;p=4093"},"modified":"2025-07-26T13:08:27","modified_gmt":"2025-07-26T19:08:27","slug":"v71","status":"publish","type":"product","link":"https:\/\/genios-gt.com\/index.php\/producto\/v71\/","title":{"rendered":"RELOJ INTELIGENTE COLMI V71 GRADO MILITAR"},"content":{"rendered":"<div class=\"J_module\">\n<div class=\"detail-decorate-json-renderer-container\">\n<div class=\"magic-0\">\n<div class=\"magic-4\" data-spm-anchor-id=\"a2700.details.0.i79.6ea22840zS8rLR\">\n<div class=\"magic-5\">\n<div class=\"magic-6\">\n<p><iframe loading=\"lazy\" title=\"SMARTWHATCH V71 GRADO MILITAR\" width=\"640\" height=\"480\" src=\"https:\/\/www.youtube.com\/embed\/gkTaaFhbtOw?feature=oembed\" frameborder=\"0\" allow=\"accelerometer; autoplay; clipboard-write; encrypted-media; gyroscope; picture-in-picture; web-share\" referrerpolicy=\"strict-origin-when-cross-origin\" allowfullscreen><\/iframe><\/p>\n<p><b><span class=\"magic-2\">Pantalla Ultra HD:<\/span> <\/b><\/p>\n<div>Experimente una pantalla ultra HD de 1,46 pulgadas con resoluci\u00f3n 360*360 en un reloj inteligente y recupere verdaderamente varios colores. La pantalla del V71 no solo es m\u00e1s grande, sino tambi\u00e9n m\u00e1s clara, lo que garantiza que cada detalle sea n\u00edtido y f\u00e1cil de leer.<\/div>\n<div><\/div>\n<div><b>Personalizaci\u00f3n incomparable:<\/b><\/div>\n<div>Personaliza tu COLMI V71 eligiendo una esfera de reloj del mercado de esferas de reloj de la aplicaci\u00f3n. Adem\u00e1s, es compatible con m\u00e1s de 100 modos deportivos y br\u00fajula. Ya sea que quieras impresionar con tu atuendo diario o con deportes al aire libre, este reloj inteligente lo tiene todo.<\/div>\n<div><\/div>\n<div><b>Bater\u00eda de larga duraci\u00f3n:<\/b><\/div>\n<div>Con hasta 10 d\u00edas de duraci\u00f3n de bater\u00eda con una sola carga, el COLMI V71 garantiza que nunca te tomar\u00e1 desprevenido. Mantente conectado, controla tu actividad f\u00edsica y disfruta de tus funciones favoritas sin la molestia de tener que recargarlas constantemente.<\/div>\n<\/div>\n<\/div>\n<\/div>\n<\/div>\n<\/div>\n<\/div>\n<div class=\"J_module\">\n<div id=\"ali-anchor-AliMagic-s1gmju\" class=\"magic-9\" data-section=\"AliMagic-s1gmju\" data-section-title=\"Products Description\">Descripci\u00f3n de productos<\/div>\n<\/div>\n<div class=\"J_module\">\n<div class=\"icbu-pc-detailManyImage magic-10\">\n<div class=\"magic-11\"><img decoding=\"async\" class=\"magic-12\" src=\"https:\/\/sc04.alicdn.com\/kf\/A11491f17d56f4e0ea83d26a8e9f46881M\/201988473\/A11491f17d56f4e0ea83d26a8e9f46881M.jpg\" data-src=\"\/\/sc04.alicdn.com\/kf\/A11491f17d56f4e0ea83d26a8e9f46881M\/201988473\/A11491f17d56f4e0ea83d26a8e9f46881M.jpg\" \/><\/div>\n<div class=\"magic-11\"><img decoding=\"async\" class=\"magic-12\" src=\"https:\/\/sc04.alicdn.com\/kf\/Af886ed2121d7429999b724a7d10d83bcL\/201988473\/Af886ed2121d7429999b724a7d10d83bcL.jpg\" data-src=\"\/\/sc04.alicdn.com\/kf\/Af886ed2121d7429999b724a7d10d83bcL\/201988473\/Af886ed2121d7429999b724a7d10d83bcL.jpg\" \/><\/div>\n<div class=\"magic-11\"><img decoding=\"async\" class=\"magic-12\" src=\"https:\/\/sc04.alicdn.com\/kf\/Afa285b98c5a049f699461693e14eb8c0Z\/201988473\/Afa285b98c5a049f699461693e14eb8c0Z.jpg\" data-src=\"\/\/sc04.alicdn.com\/kf\/Afa285b98c5a049f699461693e14eb8c0Z\/201988473\/Afa285b98c5a049f699461693e14eb8c0Z.jpg\" \/><\/div>\n<div class=\"magic-11\"><img decoding=\"async\" class=\"magic-12\" src=\"https:\/\/sc04.alicdn.com\/kf\/A664db748e4b642bfbfa451afe4733a4an\/201988473\/A664db748e4b642bfbfa451afe4733a4an.jpg\" data-src=\"\/\/sc04.alicdn.com\/kf\/A664db748e4b642bfbfa451afe4733a4an\/201988473\/A664db748e4b642bfbfa451afe4733a4an.jpg\" \/><\/div>\n<div class=\"magic-11\"><img decoding=\"async\" class=\"magic-12\" src=\"https:\/\/sc04.alicdn.com\/kf\/A8428dc0615b94ab59974625ec471d7a8U\/201988473\/A8428dc0615b94ab59974625ec471d7a8U.jpg\" data-src=\"\/\/sc04.alicdn.com\/kf\/A8428dc0615b94ab59974625ec471d7a8U\/201988473\/A8428dc0615b94ab59974625ec471d7a8U.jpg\" \/><\/div>\n<div class=\"magic-11\"><img decoding=\"async\" class=\"magic-12\" src=\"https:\/\/sc04.alicdn.com\/kf\/Ac6e799cf476f4b0482f13e39cae4a351H\/201988473\/Ac6e799cf476f4b0482f13e39cae4a351H.jpg\" data-src=\"\/\/sc04.alicdn.com\/kf\/Ac6e799cf476f4b0482f13e39cae4a351H\/201988473\/Ac6e799cf476f4b0482f13e39cae4a351H.jpg\" \/><\/div>\n<div class=\"magic-11\"><img decoding=\"async\" class=\"magic-12\" src=\"https:\/\/sc04.alicdn.com\/kf\/A90fb228c6f594fd9a8bcb873d29056afe\/201988473\/A90fb228c6f594fd9a8bcb873d29056afe.jpg\" data-src=\"\/\/sc04.alicdn.com\/kf\/A90fb228c6f594fd9a8bcb873d29056afe\/201988473\/A90fb228c6f594fd9a8bcb873d29056afe.jpg\" \/><\/div>\n<div class=\"magic-11\"><img decoding=\"async\" class=\"magic-12\" src=\"https:\/\/sc04.alicdn.com\/kf\/A98dbb7b1a16d4a3e838b00d3641ee8c4L\/201988473\/A98dbb7b1a16d4a3e838b00d3641ee8c4L.jpg\" data-src=\"\/\/sc04.alicdn.com\/kf\/A98dbb7b1a16d4a3e838b00d3641ee8c4L\/201988473\/A98dbb7b1a16d4a3e838b00d3641ee8c4L.jpg\" \/><\/div>\n<div class=\"magic-11\"><img decoding=\"async\" class=\"magic-12\" src=\"https:\/\/sc04.alicdn.com\/kf\/A57d6cd8f6b6041fc9b482e205c1625d9v\/201988473\/A57d6cd8f6b6041fc9b482e205c1625d9v.jpg\" data-src=\"\/\/sc04.alicdn.com\/kf\/A57d6cd8f6b6041fc9b482e205c1625d9v\/201988473\/A57d6cd8f6b6041fc9b482e205c1625d9v.jpg\" \/><\/div>\n<div class=\"magic-11\"><img decoding=\"async\" class=\"magic-12\" src=\"https:\/\/sc04.alicdn.com\/kf\/Aaacab4f5d2d440c29efe5d3db2686c433\/201988473\/Aaacab4f5d2d440c29efe5d3db2686c433.jpg\" data-src=\"\/\/sc04.alicdn.com\/kf\/Aaacab4f5d2d440c29efe5d3db2686c433\/201988473\/Aaacab4f5d2d440c29efe5d3db2686c433.jpg\" \/><\/div>\n<\/div>\n<\/div>\n","protected":false},"excerpt":{"rendered":"<p><span class=\"x3nfvp2 x1j61x8r x1fcty0u xdj266r xhhsvwb xat24cr xgzva0m xxymvpz xlup9mm x1kky2od\"><img loading=\"lazy\" decoding=\"async\" src=\"https:\/\/static.xx.fbcdn.net\/images\/emoji.php\/v9\/t51\/1\/16\/2714.png\" alt=\"\u2714\ufe0f\" width=\"16\" height=\"16\" \/><\/span>Precio unidad: Q475<br \/>\n<span class=\"x3nfvp2 x1j61x8r x1fcty0u xdj266r xhhsvwb xat24cr xgzva0m xxymvpz xlup9mm x1kky2od\"><img loading=\"lazy\" decoding=\"async\" src=\"https:\/\/static.xx.fbcdn.net\/images\/emoji.php\/v9\/t51\/1\/16\/2714.png\" alt=\"\u2714\ufe0f\" width=\"16\" height=\"16\" \/><\/span>A partir de 3 o m\u00e1s: Q427<\/p>\n<p>\ud83c\uddec\ud83c\uddf9\u00a0Enviamos a toda Guatemala!<br \/>\n\ud83d\udce6\u00a0Pagas al recibir!\u00a0\ud83d\udcb6<\/p>\n","protected":false},"featured_media":4205,"comment_status":"open","ping_status":"closed","template":"","meta":{"_uag_custom_page_level_css":""},"product_cat":[106],"product_tag":[],"jetpack_sharing_enabled":true,"uagb_featured_image_src":{"full":["https:\/\/genios-gt.com\/wp-content\/uploads\/2024\/12\/RELOJ-V71-1-scaled.jpg",2560,2560,false],"thumbnail":["https:\/\/genios-gt.com\/wp-content\/uploads\/2024\/12\/RELOJ-V71-1-150x150.jpg",150,150,true],"medium":["https:\/\/genios-gt.com\/wp-content\/uploads\/2024\/12\/RELOJ-V71-1-300x300.jpg",300,300,true],"medium_large":["https:\/\/genios-gt.com\/wp-content\/uploads\/2024\/12\/RELOJ-V71-1-768x768.jpg",640,640,true],"large":["https:\/\/genios-gt.com\/wp-content\/uploads\/2024\/12\/RELOJ-V71-1-1024x1024.jpg",640,640,true],"1536x1536":["https:\/\/genios-gt.com\/wp-content\/uploads\/2024\/12\/RELOJ-V71-1-1536x1536.jpg",1536,1536,true],"2048x2048":["https:\/\/genios-gt.com\/wp-content\/uploads\/2024\/12\/RELOJ-V71-1-2048x2048.jpg",2048,2048,true],"mailpoet_newsletter_max":["https:\/\/genios-gt.com\/wp-content\/uploads\/2024\/12\/RELOJ-V71-1-1320x1320.jpg",1320,1320,true],"woocommerce_thumbnail":["https:\/\/genios-gt.com\/wp-content\/uploads\/2024\/12\/RELOJ-V71-1-320x320.jpg",320,320,true],"woocommerce_single":["https:\/\/genios-gt.com\/wp-content\/uploads\/2024\/12\/RELOJ-V71-1-600x600.jpg",600,600,true],"woocommerce_gallery_thumbnail":["https:\/\/genios-gt.com\/wp-content\/uploads\/2024\/12\/RELOJ-V71-1-100x100.jpg",100,100,true],"variation_swatches_image_size":["https:\/\/genios-gt.com\/wp-content\/uploads\/2024\/12\/RELOJ-V71-1-50x50.jpg",50,50,true],"variation_swatches_tooltip_size":["https:\/\/genios-gt.com\/wp-content\/uploads\/2024\/12\/RELOJ-V71-1-100x100.jpg",100,100,true],"thaps-thumb-img":["https:\/\/genios-gt.com\/wp-content\/uploads\/2024\/12\/RELOJ-V71-1-48x48.jpg",48,48,true]},"uagb_author_info":{"display_name":"Rodanim","author_link":"https:\/\/genios-gt.com\/index.php\/author\/"},"uagb_comment_info":0,"uagb_excerpt":"Precio unidad: Q475 A partir de 3 o m\u00e1s: Q427 \ud83c\uddec\ud83c\uddf9\u00a0Enviamos a toda Guatemala! \ud83d\udce6\u00a0Pagas al recibir!\u00a0\ud83d\udcb6","_links":{"self":[{"href":"https:\/\/genios-gt.com\/index.php\/wp-json\/wp\/v2\/product\/4093"}],"collection":[{"href":"https:\/\/genios-gt.com\/index.php\/wp-json\/wp\/v2\/product"}],"about":[{"href":"https:\/\/genios-gt.com\/index.php\/wp-json\/wp\/v2\/types\/product"}],"replies":[{"embeddable":true,"href":"https:\/\/genios-gt.com\/index.php\/wp-json\/wp\/v2\/comments?post=4093"}],"wp:featuredmedia":[{"embeddable":true,"href":"https:\/\/genios-gt.com\/index.php\/wp-json\/wp\/v2\/media\/4205"}],"wp:attachment":[{"href":"https:\/\/genios-gt.com\/index.php\/wp-json\/wp\/v2\/media?parent=4093"}],"wp:term":[{"taxonomy":"product_cat","embeddable":true,"href":"https:\/\/genios-gt.com\/index.php\/wp-json\/wp\/v2\/product_cat?post=4093"},{"taxonomy":"product_tag","embeddable":true,"href":"https:\/\/genios-gt.com\/index.php\/wp-json\/wp\/v2\/product_tag?post=4093"}],"curies":[{"name":"wp","href":"https:\/\/api.w.org\/{rel}","templated":true}]}}