{"id":3952,"date":"2024-12-09T19:50:58","date_gmt":"2024-12-10T01:50:58","guid":{"rendered":"https:\/\/genios-gt.com\/?post_type=product&#038;p=3952"},"modified":"2025-12-09T13:36:21","modified_gmt":"2025-12-09T19:36:21","slug":"anillo-de-corona-diamante-negro-ajustable-g16","status":"publish","type":"product","link":"https:\/\/genios-gt.com\/index.php\/producto\/anillo-de-corona-diamante-negro-ajustable-g16\/","title":{"rendered":"ANILLO DE CORONA DIAMANTE NEGRO AJUSTABLE G16"},"content":{"rendered":"<p><strong>Anillo Grande Labrado con Piedra Negra, Corona Robusta Diamantada y Ajustable de Aleaci\u00f3n:<\/strong><\/p>\n<p>Este anillo destaca por su dise\u00f1o imponente y detallado, ideal para quien busca una pieza de joyer\u00eda llamativa y sofisticada. El anillo est\u00e1 fabricado en aleaci\u00f3n de alta calidad, con un acabado pulido que le da un brillo especial. Su estructura es grande y robusta, proporcionando un impacto visual inmediato, pero a la vez es ajustable para adaptarse c\u00f3modamente a diferentes tama\u00f1os de dedo.<\/p>\n<p>En el centro, se encuentra una piedra negra de gran tama\u00f1o, que puede ser \u00f3nix o un material sint\u00e9tico con un color intenso y profundo. La piedra est\u00e1 perfectamente labrada, con bordes suaves o tallados que resaltan su elegancia, y se fija de manera segura en el anillo para que se convierta en el foco de la pieza.<\/p>\n<p>La caracter\u00edstica m\u00e1s destacada del anillo es la corona robusta y diamantada que rodea la piedra. Esta corona tiene un dise\u00f1o majestuoso, con detalles intrincados que imitan una corona real, proporcionando un toque de poder y lujo. La corona est\u00e1 adornada con peque\u00f1os cortes diamantados, dando un brillo adicional que captura la luz y aporta un aire de sofisticaci\u00f3n.<\/p>\n<p>Este anillo es una opci\u00f3n perfecta para quienes buscan un accesorio de impacto, con un dise\u00f1o fuerte, elegante y atemporal. Su estilo combina lo cl\u00e1sico con un toque moderno, siendo ideal para ocasiones especiales o para agregar car\u00e1cter a un look diario.<\/p>\n","protected":false},"excerpt":{"rendered":"<p>\u2714\ufe0fMaterial: Aleaci\u00f3n.<\/p>\n<p>\u2714\ufe0fDise\u00f1o; Elegante Deslumbrante .<\/p>\n<p>\u2714\ufe0fEstilo: Grande Robusto<\/p>\n<p>\ud83d\udcb5\u00a0En la compra de 2 o mas obt\u00e9n un descuento especial<\/p>\n<p>\ud83c\uddec\ud83c\uddf9\u00a0Env\u00edos a todo el pais.<\/p>\n","protected":false},"featured_media":3953,"comment_status":"open","ping_status":"closed","template":"","meta":{"_uag_custom_page_level_css":""},"product_cat":[21],"product_tag":[],"jetpack_sharing_enabled":true,"uagb_featured_image_src":{"full":["https:\/\/genios-gt.com\/wp-content\/uploads\/2024\/12\/Imagen-de-WhatsApp-2024-12-09-a-las-19.46.17_85faf5be.jpg",648,648,false],"thumbnail":["https:\/\/genios-gt.com\/wp-content\/uploads\/2024\/12\/Imagen-de-WhatsApp-2024-12-09-a-las-19.46.17_85faf5be-150x150.jpg",150,150,true],"medium":["https:\/\/genios-gt.com\/wp-content\/uploads\/2024\/12\/Imagen-de-WhatsApp-2024-12-09-a-las-19.46.17_85faf5be-300x300.jpg",300,300,true],"medium_large":["https:\/\/genios-gt.com\/wp-content\/uploads\/2024\/12\/Imagen-de-WhatsApp-2024-12-09-a-las-19.46.17_85faf5be.jpg",640,640,false],"large":["https:\/\/genios-gt.com\/wp-content\/uploads\/2024\/12\/Imagen-de-WhatsApp-2024-12-09-a-las-19.46.17_85faf5be.jpg",640,640,false],"1536x1536":["https:\/\/genios-gt.com\/wp-content\/uploads\/2024\/12\/Imagen-de-WhatsApp-2024-12-09-a-las-19.46.17_85faf5be.jpg",648,648,false],"2048x2048":["https:\/\/genios-gt.com\/wp-content\/uploads\/2024\/12\/Imagen-de-WhatsApp-2024-12-09-a-las-19.46.17_85faf5be.jpg",648,648,false],"mailpoet_newsletter_max":["https:\/\/genios-gt.com\/wp-content\/uploads\/2024\/12\/Imagen-de-WhatsApp-2024-12-09-a-las-19.46.17_85faf5be.jpg",648,648,false],"woocommerce_thumbnail":["https:\/\/genios-gt.com\/wp-content\/uploads\/2024\/12\/Imagen-de-WhatsApp-2024-12-09-a-las-19.46.17_85faf5be-320x320.jpg",320,320,true],"woocommerce_single":["https:\/\/genios-gt.com\/wp-content\/uploads\/2024\/12\/Imagen-de-WhatsApp-2024-12-09-a-las-19.46.17_85faf5be-600x600.jpg",600,600,true],"woocommerce_gallery_thumbnail":["https:\/\/genios-gt.com\/wp-content\/uploads\/2024\/12\/Imagen-de-WhatsApp-2024-12-09-a-las-19.46.17_85faf5be-100x100.jpg",100,100,true],"variation_swatches_image_size":["https:\/\/genios-gt.com\/wp-content\/uploads\/2024\/12\/Imagen-de-WhatsApp-2024-12-09-a-las-19.46.17_85faf5be-50x50.jpg",50,50,true],"variation_swatches_tooltip_size":["https:\/\/genios-gt.com\/wp-content\/uploads\/2024\/12\/Imagen-de-WhatsApp-2024-12-09-a-las-19.46.17_85faf5be-100x100.jpg",100,100,true],"thaps-thumb-img":["https:\/\/genios-gt.com\/wp-content\/uploads\/2024\/12\/Imagen-de-WhatsApp-2024-12-09-a-las-19.46.17_85faf5be-48x48.jpg",48,48,true]},"uagb_author_info":{"display_name":"Yemito","author_link":"https:\/\/genios-gt.com\/index.php\/author\/"},"uagb_comment_info":0,"uagb_excerpt":"\u2714\ufe0fMaterial: Aleaci\u00f3n. \u2714\ufe0fDise\u00f1o; Elegante Deslumbrante . \u2714\ufe0fEstilo: Grande Robusto \ud83d\udcb5\u00a0En la compra de 2 o mas obt\u00e9n un descuento especial \ud83c\uddec\ud83c\uddf9\u00a0Env\u00edos a todo el pais.","_links":{"self":[{"href":"https:\/\/genios-gt.com\/index.php\/wp-json\/wp\/v2\/product\/3952"}],"collection":[{"href":"https:\/\/genios-gt.com\/index.php\/wp-json\/wp\/v2\/product"}],"about":[{"href":"https:\/\/genios-gt.com\/index.php\/wp-json\/wp\/v2\/types\/product"}],"replies":[{"embeddable":true,"href":"https:\/\/genios-gt.com\/index.php\/wp-json\/wp\/v2\/comments?post=3952"}],"wp:featuredmedia":[{"embeddable":true,"href":"https:\/\/genios-gt.com\/index.php\/wp-json\/wp\/v2\/media\/3953"}],"wp:attachment":[{"href":"https:\/\/genios-gt.com\/index.php\/wp-json\/wp\/v2\/media?parent=3952"}],"wp:term":[{"taxonomy":"product_cat","embeddable":true,"href":"https:\/\/genios-gt.com\/index.php\/wp-json\/wp\/v2\/product_cat?post=3952"},{"taxonomy":"product_tag","embeddable":true,"href":"https:\/\/genios-gt.com\/index.php\/wp-json\/wp\/v2\/product_tag?post=3952"}],"curies":[{"name":"wp","href":"https:\/\/api.w.org\/{rel}","templated":true}]}}