{"id":3942,"date":"2024-12-09T18:39:02","date_gmt":"2024-12-10T00:39:02","guid":{"rendered":"https:\/\/genios-gt.com\/?post_type=product&#038;p=3942"},"modified":"2025-01-08T16:46:19","modified_gmt":"2025-01-08T22:46:19","slug":"anillo-de-rey-hormiga-g7","status":"publish","type":"product","link":"https:\/\/genios-gt.com\/index.php\/producto\/anillo-de-rey-hormiga-g7\/","title":{"rendered":"ANILLO DE REY HORMIGA G7"},"content":{"rendered":"<p>\u00a0<\/p>\n<p><strong>Anillo con Hormiga en \u00c1mbar Labrado con Corona de Rey para Caballero:<\/strong> El anillo es de dise\u00f1o elegante y distintivo, pensado para un caballero que aprecia lo singular y lo refinado. El anillo esta echo en Aleaci\u00f3n , con detalles en oro o plata, dependiendo de la preferencia, que realzan su sofisticaci\u00f3n. En el centro del anillo se encuentra un impresionante cabuch\u00f3n de \u00e1mbar, donde dentro de la resina se conserva una peque\u00f1a hormiga, cuidadosamente atrapada en su interior, creando una pieza \u00fanica de la naturaleza.<\/p>\n<p>El \u00e1mbar est\u00e1 pulido a la perfecci\u00f3n, permitiendo que la hormiga se aprecie de manera n\u00edtida. La base del anillo tiene un dise\u00f1o cl\u00e1sico, mientras que en la parte superior se observa una corona de rey, tallada con finos detalles que aportan un aire regia al conjunto. La corona est\u00e1 adornada con detalles intrincados, como peque\u00f1as esferas o grabados de estilo medieval, haciendo referencia al poder y la nobleza.<\/p>\n<p>Este anillo es ideal para un caballero que busca un accesorio con historia y simbolismo, combinado con un dise\u00f1o artesanal de gran belleza.<\/p>\n","protected":false},"excerpt":{"rendered":"<p>\u2714\ufe0fMaterial: Aleaci\u00f3n.<\/p>\n<p>\u2714\ufe0fDise\u00f1o; Elegante Deslumbrante .<\/p>\n<p>\u2714\ufe0fEstilo: hormiga en \u00c1mbar<\/p>\n<p>\ud83d\udcb5\u00a0En la compra de 2 o mas obt\u00e9n un descuento especial<\/p>\n<p>\ud83c\uddec\ud83c\uddf9\u00a0Env\u00edos a todo el pais.<\/p>\n","protected":false},"featured_media":3943,"comment_status":"open","ping_status":"closed","template":"","meta":{"_uag_custom_page_level_css":""},"product_cat":[21],"product_tag":[],"jetpack_sharing_enabled":true,"uagb_featured_image_src":{"full":["https:\/\/genios-gt.com\/wp-content\/uploads\/2024\/12\/Imagen-de-WhatsApp-2024-12-09-a-las-18.24.42_e9a0972e.jpg",800,800,false],"thumbnail":["https:\/\/genios-gt.com\/wp-content\/uploads\/2024\/12\/Imagen-de-WhatsApp-2024-12-09-a-las-18.24.42_e9a0972e-150x150.jpg",150,150,true],"medium":["https:\/\/genios-gt.com\/wp-content\/uploads\/2024\/12\/Imagen-de-WhatsApp-2024-12-09-a-las-18.24.42_e9a0972e-300x300.jpg",300,300,true],"medium_large":["https:\/\/genios-gt.com\/wp-content\/uploads\/2024\/12\/Imagen-de-WhatsApp-2024-12-09-a-las-18.24.42_e9a0972e-768x768.jpg",640,640,true],"large":["https:\/\/genios-gt.com\/wp-content\/uploads\/2024\/12\/Imagen-de-WhatsApp-2024-12-09-a-las-18.24.42_e9a0972e.jpg",640,640,false],"1536x1536":["https:\/\/genios-gt.com\/wp-content\/uploads\/2024\/12\/Imagen-de-WhatsApp-2024-12-09-a-las-18.24.42_e9a0972e.jpg",800,800,false],"2048x2048":["https:\/\/genios-gt.com\/wp-content\/uploads\/2024\/12\/Imagen-de-WhatsApp-2024-12-09-a-las-18.24.42_e9a0972e.jpg",800,800,false],"mailpoet_newsletter_max":["https:\/\/genios-gt.com\/wp-content\/uploads\/2024\/12\/Imagen-de-WhatsApp-2024-12-09-a-las-18.24.42_e9a0972e.jpg",800,800,false],"woocommerce_thumbnail":["https:\/\/genios-gt.com\/wp-content\/uploads\/2024\/12\/Imagen-de-WhatsApp-2024-12-09-a-las-18.24.42_e9a0972e-320x320.jpg",320,320,true],"woocommerce_single":["https:\/\/genios-gt.com\/wp-content\/uploads\/2024\/12\/Imagen-de-WhatsApp-2024-12-09-a-las-18.24.42_e9a0972e-600x600.jpg",600,600,true],"woocommerce_gallery_thumbnail":["https:\/\/genios-gt.com\/wp-content\/uploads\/2024\/12\/Imagen-de-WhatsApp-2024-12-09-a-las-18.24.42_e9a0972e-100x100.jpg",100,100,true],"variation_swatches_image_size":["https:\/\/genios-gt.com\/wp-content\/uploads\/2024\/12\/Imagen-de-WhatsApp-2024-12-09-a-las-18.24.42_e9a0972e-50x50.jpg",50,50,true],"variation_swatches_tooltip_size":["https:\/\/genios-gt.com\/wp-content\/uploads\/2024\/12\/Imagen-de-WhatsApp-2024-12-09-a-las-18.24.42_e9a0972e-100x100.jpg",100,100,true],"thaps-thumb-img":["https:\/\/genios-gt.com\/wp-content\/uploads\/2024\/12\/Imagen-de-WhatsApp-2024-12-09-a-las-18.24.42_e9a0972e-48x48.jpg",48,48,true]},"uagb_author_info":{"display_name":"Yemito","author_link":"https:\/\/genios-gt.com\/index.php\/author\/"},"uagb_comment_info":0,"uagb_excerpt":"\u2714\ufe0fMaterial: Aleaci\u00f3n. \u2714\ufe0fDise\u00f1o; Elegante Deslumbrante . \u2714\ufe0fEstilo: hormiga en \u00c1mbar \ud83d\udcb5\u00a0En la compra de 2 o mas obt\u00e9n un descuento especial \ud83c\uddec\ud83c\uddf9\u00a0Env\u00edos a todo el pais.","_links":{"self":[{"href":"https:\/\/genios-gt.com\/index.php\/wp-json\/wp\/v2\/product\/3942"}],"collection":[{"href":"https:\/\/genios-gt.com\/index.php\/wp-json\/wp\/v2\/product"}],"about":[{"href":"https:\/\/genios-gt.com\/index.php\/wp-json\/wp\/v2\/types\/product"}],"replies":[{"embeddable":true,"href":"https:\/\/genios-gt.com\/index.php\/wp-json\/wp\/v2\/comments?post=3942"}],"wp:featuredmedia":[{"embeddable":true,"href":"https:\/\/genios-gt.com\/index.php\/wp-json\/wp\/v2\/media\/3943"}],"wp:attachment":[{"href":"https:\/\/genios-gt.com\/index.php\/wp-json\/wp\/v2\/media?parent=3942"}],"wp:term":[{"taxonomy":"product_cat","embeddable":true,"href":"https:\/\/genios-gt.com\/index.php\/wp-json\/wp\/v2\/product_cat?post=3942"},{"taxonomy":"product_tag","embeddable":true,"href":"https:\/\/genios-gt.com\/index.php\/wp-json\/wp\/v2\/product_tag?post=3942"}],"curies":[{"name":"wp","href":"https:\/\/api.w.org\/{rel}","templated":true}]}}