{"id":3935,"date":"2024-12-09T17:46:10","date_gmt":"2024-12-09T23:46:10","guid":{"rendered":"https:\/\/genios-gt.com\/?post_type=product&#038;p=3935"},"modified":"2025-01-08T17:11:49","modified_gmt":"2025-01-08T23:11:49","slug":"anillo-dorado-insignia-de-aguila-g19","status":"publish","type":"product","link":"https:\/\/genios-gt.com\/index.php\/producto\/anillo-dorado-insignia-de-aguila-g19\/","title":{"rendered":"ANILLO DORADO INSIGNIA DE AGUILA G19"},"content":{"rendered":"<div class=\"flex-shrink-0 flex flex-col relative items-end\">\n<div>\n<div class=\"pt-0\">\n<div class=\"gizmo-bot-avatar flex h-8 w-8 items-center justify-center overflow-hidden rounded-full\">\n<div class=\"relative p-1 rounded-sm flex items-center justify-center bg-token-main-surface-primary text-token-text-primary h-8 w-8\"><\/div>\n<\/div>\n<\/div>\n<\/div>\n<\/div>\n<div class=\"group\/conversation-turn relative flex w-full min-w-0 flex-col agent-turn\">\n<div class=\"flex-col gap-1 md:gap-3\">\n<div class=\"flex max-w-full flex-col flex-grow\">\n<div class=\"min-h-8 text-message flex w-full flex-col items-end gap-2 whitespace-normal break-words text-start [.text-message+&]:mt-5\" dir=\"auto\" data-message-author-role=\"assistant\" data-message-id=\"7d3fe10b-ce44-4fee-ad20-e0a756ef6139\" data-message-model-slug=\"gpt-4o-mini\">\n<div class=\"flex w-full flex-col gap-1 empty:hidden first:pt-[3px]\">\n<div class=\"markdown prose w-full break-words dark:prose-invert light\">\n<p>Aqu\u00ed tienes una descripci\u00f3n para el anillo dorado de \u00e1guila ajustable para caballero:<\/p>\n<hr \/>\n<p><strong>Anillo Dorado de \u00c1guila Ajustable para Caballero<\/strong><\/p>\n<p>Este elegante anillo dorado para caballero presenta un impresionante dise\u00f1o de \u00e1guila, s\u00edmbolo de poder, libertad y visi\u00f3n aguda. La figura del \u00e1guila, meticulosamente trabajada, se alza con gran detalle, destacando su majestuosidad y fuerza. El acabado dorado aporta un toque de sofisticaci\u00f3n, convirti\u00e9ndolo en una pieza \u00fanica y atemporal. Adem\u00e1s, su dise\u00f1o ajustable garantiza un ajuste perfecto para cualquier tama\u00f1o de dedo, brindando comodidad y estilo en todo momento.<\/p>\n<\/div>\n<\/div>\n<\/div>\n<\/div>\n<\/div>\n<\/div>\n<p>Disponible en tallas 9, 10, 11 y 12.<\/p>\n","protected":false},"excerpt":{"rendered":"<p>\u2714\ufe0fMaterial: Aleaci\u00f3n.<\/p>\n<p>\u2714\ufe0fDise\u00f1o: Elegante Deslumbrante .<\/p>\n<p>\u2714\ufe0fEstilo: \u00c1guila, dorado.<\/p>\n<p>\ud83d\udcb5\u00a0En la compra de 2 o mas obt\u00e9n un descuento especial<\/p>\n<p>\ud83c\uddec\ud83c\uddf9\u00a0Env\u00edos a todo el pa\u00eds.<\/p>\n","protected":false},"featured_media":3936,"comment_status":"open","ping_status":"closed","template":"","meta":{"_uag_custom_page_level_css":""},"product_cat":[21],"product_tag":[],"jetpack_sharing_enabled":true,"uagb_featured_image_src":{"full":["https:\/\/genios-gt.com\/wp-content\/uploads\/2024\/12\/Imagen-de-WhatsApp-2024-12-09-a-las-17.41.14_4b65be6d.jpg",800,800,false],"thumbnail":["https:\/\/genios-gt.com\/wp-content\/uploads\/2024\/12\/Imagen-de-WhatsApp-2024-12-09-a-las-17.41.14_4b65be6d-150x150.jpg",150,150,true],"medium":["https:\/\/genios-gt.com\/wp-content\/uploads\/2024\/12\/Imagen-de-WhatsApp-2024-12-09-a-las-17.41.14_4b65be6d-300x300.jpg",300,300,true],"medium_large":["https:\/\/genios-gt.com\/wp-content\/uploads\/2024\/12\/Imagen-de-WhatsApp-2024-12-09-a-las-17.41.14_4b65be6d-768x768.jpg",640,640,true],"large":["https:\/\/genios-gt.com\/wp-content\/uploads\/2024\/12\/Imagen-de-WhatsApp-2024-12-09-a-las-17.41.14_4b65be6d.jpg",640,640,false],"1536x1536":["https:\/\/genios-gt.com\/wp-content\/uploads\/2024\/12\/Imagen-de-WhatsApp-2024-12-09-a-las-17.41.14_4b65be6d.jpg",800,800,false],"2048x2048":["https:\/\/genios-gt.com\/wp-content\/uploads\/2024\/12\/Imagen-de-WhatsApp-2024-12-09-a-las-17.41.14_4b65be6d.jpg",800,800,false],"mailpoet_newsletter_max":["https:\/\/genios-gt.com\/wp-content\/uploads\/2024\/12\/Imagen-de-WhatsApp-2024-12-09-a-las-17.41.14_4b65be6d.jpg",800,800,false],"woocommerce_thumbnail":["https:\/\/genios-gt.com\/wp-content\/uploads\/2024\/12\/Imagen-de-WhatsApp-2024-12-09-a-las-17.41.14_4b65be6d-320x320.jpg",320,320,true],"woocommerce_single":["https:\/\/genios-gt.com\/wp-content\/uploads\/2024\/12\/Imagen-de-WhatsApp-2024-12-09-a-las-17.41.14_4b65be6d-600x600.jpg",600,600,true],"woocommerce_gallery_thumbnail":["https:\/\/genios-gt.com\/wp-content\/uploads\/2024\/12\/Imagen-de-WhatsApp-2024-12-09-a-las-17.41.14_4b65be6d-100x100.jpg",100,100,true],"variation_swatches_image_size":["https:\/\/genios-gt.com\/wp-content\/uploads\/2024\/12\/Imagen-de-WhatsApp-2024-12-09-a-las-17.41.14_4b65be6d-50x50.jpg",50,50,true],"variation_swatches_tooltip_size":["https:\/\/genios-gt.com\/wp-content\/uploads\/2024\/12\/Imagen-de-WhatsApp-2024-12-09-a-las-17.41.14_4b65be6d-100x100.jpg",100,100,true],"thaps-thumb-img":["https:\/\/genios-gt.com\/wp-content\/uploads\/2024\/12\/Imagen-de-WhatsApp-2024-12-09-a-las-17.41.14_4b65be6d-48x48.jpg",48,48,true]},"uagb_author_info":{"display_name":"Yemito","author_link":"https:\/\/genios-gt.com\/index.php\/author\/"},"uagb_comment_info":0,"uagb_excerpt":"\u2714\ufe0fMaterial: Aleaci\u00f3n. \u2714\ufe0fDise\u00f1o: Elegante Deslumbrante . \u2714\ufe0fEstilo: \u00c1guila, dorado. \ud83d\udcb5\u00a0En la compra de 2 o mas obt\u00e9n un descuento especial \ud83c\uddec\ud83c\uddf9\u00a0Env\u00edos a todo el pa\u00eds.","_links":{"self":[{"href":"https:\/\/genios-gt.com\/index.php\/wp-json\/wp\/v2\/product\/3935"}],"collection":[{"href":"https:\/\/genios-gt.com\/index.php\/wp-json\/wp\/v2\/product"}],"about":[{"href":"https:\/\/genios-gt.com\/index.php\/wp-json\/wp\/v2\/types\/product"}],"replies":[{"embeddable":true,"href":"https:\/\/genios-gt.com\/index.php\/wp-json\/wp\/v2\/comments?post=3935"}],"wp:featuredmedia":[{"embeddable":true,"href":"https:\/\/genios-gt.com\/index.php\/wp-json\/wp\/v2\/media\/3936"}],"wp:attachment":[{"href":"https:\/\/genios-gt.com\/index.php\/wp-json\/wp\/v2\/media?parent=3935"}],"wp:term":[{"taxonomy":"product_cat","embeddable":true,"href":"https:\/\/genios-gt.com\/index.php\/wp-json\/wp\/v2\/product_cat?post=3935"},{"taxonomy":"product_tag","embeddable":true,"href":"https:\/\/genios-gt.com\/index.php\/wp-json\/wp\/v2\/product_tag?post=3935"}],"curies":[{"name":"wp","href":"https:\/\/api.w.org\/{rel}","templated":true}]}}