{"id":3925,"date":"2024-12-06T19:38:20","date_gmt":"2024-12-07T01:38:20","guid":{"rendered":"https:\/\/genios-gt.com\/?post_type=product&#038;p=3925"},"modified":"2025-09-10T13:46:27","modified_gmt":"2025-09-10T19:46:27","slug":"pulsera-dorada-de-maximo-libido-masculino","status":"publish","type":"product","link":"https:\/\/genios-gt.com\/index.php\/producto\/pulsera-dorada-de-maximo-libido-masculino\/","title":{"rendered":"PULSERA DORADA DE MAXIMO LIBIDO MASCULINO G186"},"content":{"rendered":"<p>Material: Acero inoxidable 316L y caucho genuino.<\/p>\n<p>\u2714\ufe0fDise\u00f1o: De Secciones y tubo de maya cil\u00edndrico.<\/p>\n<p>\u2714\ufe0fEstilo: Delgado, juvenil elegante.<\/p>\n<p>\ud83d\udcb5\u00a0En la compra de 2 o mas Envi\u00f3 Gratis.<\/p>\n<p>\ud83c\uddec\ud83c\uddf9\u00a0Env\u00edos a todo el pais.<\/p>\n<p>\ud83d\ude9a\u00a0Pagas al recibir.<\/p>\n","protected":false},"excerpt":{"rendered":"<h4 class=\"AnswerParser_AnswerParserH4__ghxg8\">Pulsera de Acero 316L y Caucho Aut\u00e9ntico y propiedades especiales<\/h4>\n<p><span class=\"AnswerParser_TextContainer__z_Iiv\" data-testid=\"youchat-text\">Presentamos la\u00a0<strong>pulsera de acero 316L<\/strong>\u00a0combinada con\u00a0<strong>caucho aut\u00e9ntico ajustable<\/strong>, dise\u00f1ada no solo para ofrecer un estilo moderno, sino tambi\u00e9n para\u00a0<strong>mejorar la actividad sexual en hombres<\/strong>. Con un elegante broche que asegura un ajuste perfecto, esta pulsera es el complemento ideal para quienes buscan maximizar su bienestar y confianza. Beneficios<\/span><span class=\"AnswerParser_TextContainer__z_Iiv\" data-testid=\"youchat-text\"><strong>\u00a0Destacados:<\/strong><\/span><\/p>\n<ul class=\"AnswerParser_AnswerParserUnorderedList__P_1FW\">\n<li class=\"AnswerParser_ListItem__XqLOV\"><span class=\"AnswerParser_TextContainer__z_Iiv\" data-testid=\"youchat-text\"><strong>Estilo y Comodidad<\/strong>: La mezcla de acero inoxidable y caucho proporciona una pulsera resistente y ligera, ideal para el uso diario. Su dise\u00f1o ajustable garantiza que se adapte c\u00f3modamente a cualquier mu\u00f1eca.<\/span><\/li>\n<li class=\"AnswerParser_ListItem__XqLOV\"><span class=\"AnswerParser_TextContainer__z_Iiv\" data-testid=\"youchat-text\"><strong>Mejora de la Actividad Sexual<\/strong>: Esta pulsera est\u00e1 dise\u00f1ada con propiedades que pueden contribuir a aumentar la libido y mejorar la circulaci\u00f3n sangu\u00ednea, lo que puede resultar en una mejor funci\u00f3n sexual.<\/span><\/li>\n<li class=\"AnswerParser_ListItem__XqLOV\"><span class=\"AnswerParser_TextContainer__z_Iiv\" data-testid=\"youchat-text\"><strong>Energ\u00eda Positiva<\/strong>: Se cree que los materiales utilizados, junto con la carga energ\u00e9tica de la pulsera, pueden ayudar a equilibrar las energ\u00edas del cuerpo, promoviendo un estado de \u00e1nimo positivo y aumentando la confianza personal.<\/span><\/li>\n<\/ul>\n<p><span class=\"AnswerParser_TextContainer__z_Iiv\" data-testid=\"youchat-text\"><strong>Invitaci\u00f3n a la Acci\u00f3n: No<\/strong><\/span><span class=\"AnswerParser_TextContainer__z_Iiv\" data-testid=\"youchat-text\">\u00a0esperes m\u00e1s para experimentar los beneficios de la\u00a0<strong>pulsera de acero 316L y caucho aut\u00e9ntico<\/strong>.\u00a0<strong>Haz de tu bienestar una prioridad<\/strong>\u00a0y adquiere la tuya hoy mismo. \u00a1Potencia tu vida y confianza con estilo!<\/span><\/p>\n","protected":false},"featured_media":3920,"comment_status":"open","ping_status":"closed","template":"","meta":{"_uag_custom_page_level_css":""},"product_cat":[57],"product_tag":[],"jetpack_sharing_enabled":true,"uagb_featured_image_src":{"full":["https:\/\/genios-gt.com\/wp-content\/uploads\/2024\/12\/PULSERA-DORADA-CAUCHO-Y-ACERO.jpg",1000,1239,false],"thumbnail":["https:\/\/genios-gt.com\/wp-content\/uploads\/2024\/12\/PULSERA-DORADA-CAUCHO-Y-ACERO-150x150.jpg",150,150,true],"medium":["https:\/\/genios-gt.com\/wp-content\/uploads\/2024\/12\/PULSERA-DORADA-CAUCHO-Y-ACERO-242x300.jpg",242,300,true],"medium_large":["https:\/\/genios-gt.com\/wp-content\/uploads\/2024\/12\/PULSERA-DORADA-CAUCHO-Y-ACERO-768x952.jpg",640,793,true],"large":["https:\/\/genios-gt.com\/wp-content\/uploads\/2024\/12\/PULSERA-DORADA-CAUCHO-Y-ACERO-826x1024.jpg",640,793,true],"1536x1536":["https:\/\/genios-gt.com\/wp-content\/uploads\/2024\/12\/PULSERA-DORADA-CAUCHO-Y-ACERO.jpg",1000,1239,false],"2048x2048":["https:\/\/genios-gt.com\/wp-content\/uploads\/2024\/12\/PULSERA-DORADA-CAUCHO-Y-ACERO.jpg",1000,1239,false],"mailpoet_newsletter_max":["https:\/\/genios-gt.com\/wp-content\/uploads\/2024\/12\/PULSERA-DORADA-CAUCHO-Y-ACERO.jpg",1000,1239,false],"woocommerce_thumbnail":["https:\/\/genios-gt.com\/wp-content\/uploads\/2024\/12\/PULSERA-DORADA-CAUCHO-Y-ACERO-320x396.jpg",320,396,true],"woocommerce_single":["https:\/\/genios-gt.com\/wp-content\/uploads\/2024\/12\/PULSERA-DORADA-CAUCHO-Y-ACERO-600x743.jpg",600,743,true],"woocommerce_gallery_thumbnail":["https:\/\/genios-gt.com\/wp-content\/uploads\/2024\/12\/PULSERA-DORADA-CAUCHO-Y-ACERO-100x100.jpg",100,100,true],"variation_swatches_image_size":["https:\/\/genios-gt.com\/wp-content\/uploads\/2024\/12\/PULSERA-DORADA-CAUCHO-Y-ACERO-50x50.jpg",50,50,true],"variation_swatches_tooltip_size":["https:\/\/genios-gt.com\/wp-content\/uploads\/2024\/12\/PULSERA-DORADA-CAUCHO-Y-ACERO-100x100.jpg",100,100,true],"thaps-thumb-img":["https:\/\/genios-gt.com\/wp-content\/uploads\/2024\/12\/PULSERA-DORADA-CAUCHO-Y-ACERO-48x59.jpg",48,59,true]},"uagb_author_info":{"display_name":"Yemito","author_link":"https:\/\/genios-gt.com\/index.php\/author\/"},"uagb_comment_info":0,"uagb_excerpt":"Pulsera de Acero 316L y Caucho Aut\u00e9ntico y propiedades especiales Presentamos la\u00a0pulsera de acero 316L\u00a0combinada con\u00a0caucho aut\u00e9ntico ajustable, dise\u00f1ada no solo para ofrecer un estilo moderno, sino tambi\u00e9n para\u00a0mejorar la actividad sexual en hombres. Con un elegante broche que asegura un ajuste perfecto, esta pulsera es el complemento ideal para quienes buscan maximizar su bienestar&hellip;","_links":{"self":[{"href":"https:\/\/genios-gt.com\/index.php\/wp-json\/wp\/v2\/product\/3925"}],"collection":[{"href":"https:\/\/genios-gt.com\/index.php\/wp-json\/wp\/v2\/product"}],"about":[{"href":"https:\/\/genios-gt.com\/index.php\/wp-json\/wp\/v2\/types\/product"}],"replies":[{"embeddable":true,"href":"https:\/\/genios-gt.com\/index.php\/wp-json\/wp\/v2\/comments?post=3925"}],"wp:featuredmedia":[{"embeddable":true,"href":"https:\/\/genios-gt.com\/index.php\/wp-json\/wp\/v2\/media\/3920"}],"wp:attachment":[{"href":"https:\/\/genios-gt.com\/index.php\/wp-json\/wp\/v2\/media?parent=3925"}],"wp:term":[{"taxonomy":"product_cat","embeddable":true,"href":"https:\/\/genios-gt.com\/index.php\/wp-json\/wp\/v2\/product_cat?post=3925"},{"taxonomy":"product_tag","embeddable":true,"href":"https:\/\/genios-gt.com\/index.php\/wp-json\/wp\/v2\/product_tag?post=3925"}],"curies":[{"name":"wp","href":"https:\/\/api.w.org\/{rel}","templated":true}]}}