{"id":3911,"date":"2024-12-06T19:02:56","date_gmt":"2024-12-07T01:02:56","guid":{"rendered":"https:\/\/genios-gt.com\/?post_type=product&#038;p=3911"},"modified":"2025-10-27T18:56:42","modified_gmt":"2025-10-28T00:56:42","slug":"pulsera-plateada-lisa-de-magnoterapia-natural-g184","status":"publish","type":"product","link":"https:\/\/genios-gt.com\/index.php\/producto\/pulsera-plateada-lisa-de-magnoterapia-natural-g184\/","title":{"rendered":"PULSERA MAGNETICA G185"},"content":{"rendered":"<p><strong>Pulsera Antiestr\u00e9s Magn\u00e9tica G185 \u2013 Fuerza, estilo y bienestar diario<\/strong><\/p>\n<p>La pulsera G185 es la combinaci\u00f3n perfecta entre elegancia y tecnolog\u00eda natural. Fabricada en 100% acero inoxidable de alta calidad y equipada con imanes de neodimio, ofrece beneficios \u00fanicos para el cuerpo y la mente.<\/p>\n<p><strong>Componentes terap\u00e9uticos integrados:<\/strong><br \/>\n* Imanes de Neodimio<br \/>\n* Iones Negativos<br \/>\n* Polvo de Germanio<br \/>\n* Rayos Infrarrojos<\/p>\n<p>Beneficios potenciales:<br \/>\n\u2714 Reducci\u00f3n del estr\u00e9s, ansiedad y fatiga mental<br \/>\n\u2714 Alivio de dolores articulares y musculares<br \/>\n\u2714 Mejora la circulaci\u00f3n sangu\u00ednea<br \/>\n\u2714 Apoyo en estados de depresi\u00f3n leve<\/p>\n<p>Especificaciones:<br \/>\n\u2013 Talla: 23 ajustable<br \/>\n\u2013 Peso: 39 g<br \/>\n\u2013 Grosor: 1.5 mm<br \/>\n\u2013 C\u00f3digo: G185<br \/>\n\u2013 Precio especial: Q.399<\/p>\n<p>\ud83d\udc8e Dise\u00f1o moderno, discreto y funcional<br \/>\n\ud83d\udcde WhatsApp: 5814-4154<br \/>\n\ud83c\udf10 www.genios-gt.com<br \/>\n\ud83d\ude9a Pago contra entrega en todo el pa\u00eds<\/p>\n<p>Luce bien y si\u00e9ntete mejor con el poder de la magnetoterapia.<\/p>\n","protected":false},"excerpt":{"rendered":"<p>\u2714\ufe0fMaterial: Acero inoxidable<\/p>\n<p>\u2714\ufe0fTalla 23cm. Ajustable.<\/p>\n<p>\u2714\ufe0fDise\u00f1o: Grueso de eslabones.<\/p>\n<p>\u2714\ufe0fEstilo:\u00a0 Elegante<\/p>\n<p>\ud83d\udcb5\u00a0En la compra de 2 o mas Envi\u00f3 Gratis.<\/p>\n<p>\ud83c\uddec\ud83c\uddf9\u00a0Env\u00edos a todo el pais.<\/p>\n<p>\ud83d\ude9a\u00a0Pagas al recibir.<\/p>\n","protected":false},"featured_media":4334,"comment_status":"open","ping_status":"closed","template":"","meta":{"_uag_custom_page_level_css":""},"product_cat":[57],"product_tag":[],"jetpack_sharing_enabled":true,"uagb_featured_image_src":{"full":["https:\/\/genios-gt.com\/wp-content\/uploads\/2024\/12\/PLATEADA-LIZA-ANCHA-scaled.jpg",2560,2560,false],"thumbnail":["https:\/\/genios-gt.com\/wp-content\/uploads\/2024\/12\/PLATEADA-LIZA-ANCHA-150x150.jpg",150,150,true],"medium":["https:\/\/genios-gt.com\/wp-content\/uploads\/2024\/12\/PLATEADA-LIZA-ANCHA-300x300.jpg",300,300,true],"medium_large":["https:\/\/genios-gt.com\/wp-content\/uploads\/2024\/12\/PLATEADA-LIZA-ANCHA-768x768.jpg",640,640,true],"large":["https:\/\/genios-gt.com\/wp-content\/uploads\/2024\/12\/PLATEADA-LIZA-ANCHA-1024x1024.jpg",640,640,true],"1536x1536":["https:\/\/genios-gt.com\/wp-content\/uploads\/2024\/12\/PLATEADA-LIZA-ANCHA-1536x1536.jpg",1536,1536,true],"2048x2048":["https:\/\/genios-gt.com\/wp-content\/uploads\/2024\/12\/PLATEADA-LIZA-ANCHA-2048x2048.jpg",2048,2048,true],"mailpoet_newsletter_max":["https:\/\/genios-gt.com\/wp-content\/uploads\/2024\/12\/PLATEADA-LIZA-ANCHA-1320x1320.jpg",1320,1320,true],"woocommerce_thumbnail":["https:\/\/genios-gt.com\/wp-content\/uploads\/2024\/12\/PLATEADA-LIZA-ANCHA-320x320.jpg",320,320,true],"woocommerce_single":["https:\/\/genios-gt.com\/wp-content\/uploads\/2024\/12\/PLATEADA-LIZA-ANCHA-600x600.jpg",600,600,true],"woocommerce_gallery_thumbnail":["https:\/\/genios-gt.com\/wp-content\/uploads\/2024\/12\/PLATEADA-LIZA-ANCHA-100x100.jpg",100,100,true],"variation_swatches_image_size":["https:\/\/genios-gt.com\/wp-content\/uploads\/2024\/12\/PLATEADA-LIZA-ANCHA-50x50.jpg",50,50,true],"variation_swatches_tooltip_size":["https:\/\/genios-gt.com\/wp-content\/uploads\/2024\/12\/PLATEADA-LIZA-ANCHA-100x100.jpg",100,100,true],"thaps-thumb-img":["https:\/\/genios-gt.com\/wp-content\/uploads\/2024\/12\/PLATEADA-LIZA-ANCHA-48x48.jpg",48,48,true]},"uagb_author_info":{"display_name":"Yemito","author_link":"https:\/\/genios-gt.com\/index.php\/author\/"},"uagb_comment_info":0,"uagb_excerpt":"\u2714\ufe0fMaterial: Acero inoxidable \u2714\ufe0fTalla 23cm. Ajustable. \u2714\ufe0fDise\u00f1o: Grueso de eslabones. \u2714\ufe0fEstilo:\u00a0 Elegante \ud83d\udcb5\u00a0En la compra de 2 o mas Envi\u00f3 Gratis. \ud83c\uddec\ud83c\uddf9\u00a0Env\u00edos a todo el pais. \ud83d\ude9a\u00a0Pagas al recibir.","_links":{"self":[{"href":"https:\/\/genios-gt.com\/index.php\/wp-json\/wp\/v2\/product\/3911"}],"collection":[{"href":"https:\/\/genios-gt.com\/index.php\/wp-json\/wp\/v2\/product"}],"about":[{"href":"https:\/\/genios-gt.com\/index.php\/wp-json\/wp\/v2\/types\/product"}],"replies":[{"embeddable":true,"href":"https:\/\/genios-gt.com\/index.php\/wp-json\/wp\/v2\/comments?post=3911"}],"wp:featuredmedia":[{"embeddable":true,"href":"https:\/\/genios-gt.com\/index.php\/wp-json\/wp\/v2\/media\/4334"}],"wp:attachment":[{"href":"https:\/\/genios-gt.com\/index.php\/wp-json\/wp\/v2\/media?parent=3911"}],"wp:term":[{"taxonomy":"product_cat","embeddable":true,"href":"https:\/\/genios-gt.com\/index.php\/wp-json\/wp\/v2\/product_cat?post=3911"},{"taxonomy":"product_tag","embeddable":true,"href":"https:\/\/genios-gt.com\/index.php\/wp-json\/wp\/v2\/product_tag?post=3911"}],"curies":[{"name":"wp","href":"https:\/\/api.w.org\/{rel}","templated":true}]}}