{"id":3906,"date":"2024-12-06T18:49:41","date_gmt":"2024-12-07T00:49:41","guid":{"rendered":"https:\/\/genios-gt.com\/?post_type=product&#038;p=3906"},"modified":"2025-09-10T14:01:27","modified_gmt":"2025-09-10T20:01:27","slug":"pulsera-dorada-de-magnoterapia-natural-g184","status":"publish","type":"product","link":"https:\/\/genios-gt.com\/index.php\/producto\/pulsera-dorada-de-magnoterapia-natural-g184\/","title":{"rendered":"PULSERA DORADA LISA DE MAGNOTERAPIA NATURAL G184"},"content":{"rendered":"<div data-testid=\"chat-turn-9-you-chat-updates\">\n<div class=\"_6l30on0\">\n<div class=\"_6l30on8 _6l30ona\">\n<div class=\"_168r17wh\" data-testid=\"step-Searching\" aria-label=\"Workflow step: Searching\">\n<div class=\"_168r17wl\">\n<div class=\"_168r17wi\">\n<div class=\"_168r17wj\"><\/div>\n<div class=\"_168r17wn\"><\/div>\n<\/div>\n<div class=\"_168r17ww\">\n<hr class=\"_1jlenx70 _1jlenx71\" \/>\n<\/div>\n<\/div>\n<\/div>\n<div class=\"_168r17wh\" data-testid=\"step-Responding\" aria-label=\"Workflow step: Responding\">\n<div class=\"_168r17wo\">\n<div class=\"_168r17w0 _168r17w1\">\n<div class=\"\"><\/div>\n<\/div>\n<\/div>\n<div class=\"_168r17wl\">\n<div class=\"_168r17wi\">\n<div class=\"_168r17wj\"><\/div>\n<div class=\"_168r17wn\"><\/div>\n<\/div>\n<\/div>\n<\/div>\n<\/div>\n<\/div>\n<\/div>\n<div class=\"sc-8a4f6624-5 eTCxAj\" data-testid=\"youchat-answer-turn-9\" data-pinnedconversationturnid=\"5afbb9ba-e636-449f-92a2-8259201c92e4\">\n<div class=\"AnswerParser_AnswerParserSharedStyles__0GZUj\">\n<h4 class=\"AnswerParser_AnswerParserH4__ghxg8\">Pulsera de Acero 316L con Imanes y Germanio<\/h4>\n<p><span class=\"AnswerParser_TextContainer__z_Iiv\" data-testid=\"youchat-text\">Transforma tu bienestar con nuestra\u00a0<strong>pulsera de acero 316L<\/strong>, una joya que combina estilo y salud. Dise\u00f1ada con\u00a0<strong>imanes<\/strong>,\u00a0<strong>germanio<\/strong>\u00a0y\u00a0<strong>iones negativos infrarrojos<\/strong>, esta pulsera no solo es un accesorio atractivo, sino tambi\u00e9n una herramienta poderosa para mejorar tu calidad de vida.<\/span><span class=\"AnswerParser_TextContainer__z_Iiv\" data-testid=\"youchat-text\"><strong>Beneficios para la Salud:<\/strong><\/span><\/p>\n<ul class=\"AnswerParser_AnswerParserUnorderedList__P_1FW\">\n<li class=\"AnswerParser_ListItem__XqLOV\"><span class=\"AnswerParser_TextContainer__z_Iiv\" data-testid=\"youchat-text\"><strong>Alivio del Estr\u00e9s<\/strong>: Los\u00a0<strong>iones negativos<\/strong>\u00a0presentes en la pulsera ayudan a reducir el estr\u00e9s y la ansiedad, promoviendo una sensaci\u00f3n de calma y bienestar. Este efecto puede ser especialmente \u00fatil en momentos de alta tensi\u00f3n.<\/span><\/li>\n<li class=\"AnswerParser_ListItem__XqLOV\"><span class=\"AnswerParser_TextContainer__z_Iiv\" data-testid=\"youchat-text\"><strong>Control del Dolor Articular<\/strong>: Los\u00a0<strong>imanes<\/strong>\u00a0tienen propiedades antiinflamatorias que pueden ayudar a aliviar el dolor en las articulaciones y los m\u00fasculos. Estudios han demostrado que las pulseras magn\u00e9ticas pueden ser efectivas para reducir la rigidez y el malestar asociado con condiciones como la artritis y la artrosis\u00a0<\/span><\/li>\n<\/ul>\n<p>\u00a0<\/p>\n<ul class=\"AnswerParser_AnswerParserUnorderedList__P_1FW\">\n<li class=\"AnswerParser_ListItem__XqLOV\"><span class=\"AnswerParser_TextContainer__z_Iiv\" data-testid=\"youchat-text\"><strong>Mejora de la Circulaci\u00f3n<\/strong>: El\u00a0<strong>germanio<\/strong>\u00a0y los imanes trabajan en conjunto para mejorar la circulaci\u00f3n sangu\u00ednea, lo que puede resultar en una mayor oxigenaci\u00f3n de los tejidos y una recuperaci\u00f3n m\u00e1s r\u00e1pida despu\u00e9s de la actividad f\u00edsica.<\/span><\/li>\n<li class=\"AnswerParser_ListItem__XqLOV\"><span class=\"AnswerParser_TextContainer__z_Iiv\" data-testid=\"youchat-text\"><strong>Propiedades Antioxidantes<\/strong>: El germanio tambi\u00e9n es conocido por sus propiedades antioxidantes, que ayudan a proteger las c\u00e9lulas del da\u00f1o y a mantener un equilibrio saludable en el cuerpo.<\/span><\/li>\n<\/ul>\n<p><span class=\"AnswerParser_TextContainer__z_Iiv\" data-testid=\"youchat-text\"><strong>Estilo y Comodidad:<\/strong><\/span><span class=\"AnswerParser_TextContainer__z_Iiv\" data-testid=\"youchat-text\">Hecha de\u00a0<strong>acero inoxidable 316L<\/strong>, esta pulsera es resistente a la corrosi\u00f3n y al desgaste, lo que la convierte en una opci\u00f3n ideal para el uso diario. Su dise\u00f1o elegante y moderno se adapta a cualquier ocasi\u00f3n, permiti\u00e9ndote lucir bien mientras cuidas de tu salud.<\/span><\/p>\n<\/div>\n<div class=\"AnswerParser_AnswerParserSharedStyles__0GZUj\"><span class=\"AnswerParser_TextContainer__z_Iiv\" data-testid=\"youchat-text\"><strong>Invitaci\u00f3n a la Acci\u00f3n: No<\/strong><\/span><span class=\"AnswerParser_TextContainer__z_Iiv\" data-testid=\"youchat-text\">\u00a0dejes pasar la oportunidad de mejorar tu bienestar de manera natural.\u00a0<strong>Adquiere hoy mismo tu pulsera de acero 316L con imanes y germanio<\/strong>\u00a0y experimenta los beneficios que puede ofrecerte. \u00a1Tu cuerpo y mente te lo agradecer\u00e1n!<\/span><\/div>\n<\/div>\n","protected":false},"excerpt":{"rendered":"<p>\u2714\ufe0fMaterial: Acero inoxidable 316L<\/p>\n<p>\u2714\ufe0fTalla 22cm. Ajustable.<\/p>\n<p>\u2714\ufe0fDise\u00f1o: Delgado de eslabones.<\/p>\n<p>\u2714\ufe0fEstilo: Simple y Elegante<\/p>\n<p>\ud83d\udcb5\u00a0En la compra de 2 o mas Envi\u00f3 Gratis.<\/p>\n<p>\ud83c\uddec\ud83c\uddf9\u00a0Env\u00edos a todo el pais.<\/p>\n<p>\ud83d\ude9a\u00a0Pagas al recibir.<\/p>\n","protected":false},"featured_media":3907,"comment_status":"open","ping_status":"closed","template":"","meta":{"_uag_custom_page_level_css":""},"product_cat":[57],"product_tag":[],"jetpack_sharing_enabled":true,"uagb_featured_image_src":{"full":["https:\/\/genios-gt.com\/wp-content\/uploads\/2024\/12\/PULSERA-DORADA-ANTI-STRES-IMANES.jpg",1000,1239,false],"thumbnail":["https:\/\/genios-gt.com\/wp-content\/uploads\/2024\/12\/PULSERA-DORADA-ANTI-STRES-IMANES-150x150.jpg",150,150,true],"medium":["https:\/\/genios-gt.com\/wp-content\/uploads\/2024\/12\/PULSERA-DORADA-ANTI-STRES-IMANES-242x300.jpg",242,300,true],"medium_large":["https:\/\/genios-gt.com\/wp-content\/uploads\/2024\/12\/PULSERA-DORADA-ANTI-STRES-IMANES-768x952.jpg",640,793,true],"large":["https:\/\/genios-gt.com\/wp-content\/uploads\/2024\/12\/PULSERA-DORADA-ANTI-STRES-IMANES-826x1024.jpg",640,793,true],"1536x1536":["https:\/\/genios-gt.com\/wp-content\/uploads\/2024\/12\/PULSERA-DORADA-ANTI-STRES-IMANES.jpg",1000,1239,false],"2048x2048":["https:\/\/genios-gt.com\/wp-content\/uploads\/2024\/12\/PULSERA-DORADA-ANTI-STRES-IMANES.jpg",1000,1239,false],"mailpoet_newsletter_max":["https:\/\/genios-gt.com\/wp-content\/uploads\/2024\/12\/PULSERA-DORADA-ANTI-STRES-IMANES.jpg",1000,1239,false],"woocommerce_thumbnail":["https:\/\/genios-gt.com\/wp-content\/uploads\/2024\/12\/PULSERA-DORADA-ANTI-STRES-IMANES-320x396.jpg",320,396,true],"woocommerce_single":["https:\/\/genios-gt.com\/wp-content\/uploads\/2024\/12\/PULSERA-DORADA-ANTI-STRES-IMANES-600x743.jpg",600,743,true],"woocommerce_gallery_thumbnail":["https:\/\/genios-gt.com\/wp-content\/uploads\/2024\/12\/PULSERA-DORADA-ANTI-STRES-IMANES-100x100.jpg",100,100,true],"variation_swatches_image_size":["https:\/\/genios-gt.com\/wp-content\/uploads\/2024\/12\/PULSERA-DORADA-ANTI-STRES-IMANES-50x50.jpg",50,50,true],"variation_swatches_tooltip_size":["https:\/\/genios-gt.com\/wp-content\/uploads\/2024\/12\/PULSERA-DORADA-ANTI-STRES-IMANES-100x100.jpg",100,100,true],"thaps-thumb-img":["https:\/\/genios-gt.com\/wp-content\/uploads\/2024\/12\/PULSERA-DORADA-ANTI-STRES-IMANES-48x59.jpg",48,59,true]},"uagb_author_info":{"display_name":"Yemito","author_link":"https:\/\/genios-gt.com\/index.php\/author\/"},"uagb_comment_info":0,"uagb_excerpt":"\u2714\ufe0fMaterial: Acero inoxidable 316L \u2714\ufe0fTalla 22cm. Ajustable. \u2714\ufe0fDise\u00f1o: Delgado de eslabones. \u2714\ufe0fEstilo: Simple y Elegante \ud83d\udcb5\u00a0En la compra de 2 o mas Envi\u00f3 Gratis. \ud83c\uddec\ud83c\uddf9\u00a0Env\u00edos a todo el pais. \ud83d\ude9a\u00a0Pagas al recibir.","_links":{"self":[{"href":"https:\/\/genios-gt.com\/index.php\/wp-json\/wp\/v2\/product\/3906"}],"collection":[{"href":"https:\/\/genios-gt.com\/index.php\/wp-json\/wp\/v2\/product"}],"about":[{"href":"https:\/\/genios-gt.com\/index.php\/wp-json\/wp\/v2\/types\/product"}],"replies":[{"embeddable":true,"href":"https:\/\/genios-gt.com\/index.php\/wp-json\/wp\/v2\/comments?post=3906"}],"wp:featuredmedia":[{"embeddable":true,"href":"https:\/\/genios-gt.com\/index.php\/wp-json\/wp\/v2\/media\/3907"}],"wp:attachment":[{"href":"https:\/\/genios-gt.com\/index.php\/wp-json\/wp\/v2\/media?parent=3906"}],"wp:term":[{"taxonomy":"product_cat","embeddable":true,"href":"https:\/\/genios-gt.com\/index.php\/wp-json\/wp\/v2\/product_cat?post=3906"},{"taxonomy":"product_tag","embeddable":true,"href":"https:\/\/genios-gt.com\/index.php\/wp-json\/wp\/v2\/product_tag?post=3906"}],"curies":[{"name":"wp","href":"https:\/\/api.w.org\/{rel}","templated":true}]}}