{"id":3904,"date":"2024-12-06T17:57:56","date_gmt":"2024-12-06T23:57:56","guid":{"rendered":"https:\/\/genios-gt.com\/?post_type=product&#038;p=3904"},"modified":"2024-12-06T17:57:56","modified_gmt":"2024-12-06T23:57:56","slug":"pulseras-de-tigres-g180","status":"publish","type":"product","link":"https:\/\/genios-gt.com\/index.php\/producto\/pulseras-de-tigres-g180\/","title":{"rendered":"PULSERAS DE TIGRES G180"},"content":{"rendered":"<p>\u2714\ufe0fMaterial: Acero inoxidable<\/p>\n<p>\u2714\ufe0fDise\u00f1o: De tigres , entorchado<\/p>\n<p>\u2714\ufe0fEstilo: Juvenil Elegante.<\/p>\n<p>\ud83d\udcb5\u00a0En la compra de 2 o mas Envi\u00f3 Gratis.<\/p>\n<p>\ud83c\uddec\ud83c\uddf9\u00a0Env\u00edos a todo el pais.<\/p>\n<p>\ud83d\ude9a\u00a0Pagas al recibir.<\/p>\n","protected":false},"excerpt":{"rendered":"<p><span class=\"AnswerParser_TextContainer__z_Iiv\" data-testid=\"youchat-text\"><strong>Pulsera de Tigres Abierta Entorchada Labrada.<\/strong><\/span><\/p>\n<p><span class=\"AnswerParser_TextContainer__z_Iiv\" data-testid=\"youchat-text\">Descubre la belleza de nuestra\u00a0<strong>pulsera de tigres abierta entorchada<\/strong>, un accesorio que combina un dise\u00f1o audaz con un toque de elegancia. Fabricada en\u00a0<strong>acero inoxidable 316L<\/strong>, esta pulsera es resistente y perfecta para el uso diario.<\/span><\/p>\n<ul class=\"AnswerParser_AnswerParserUnorderedList__P_1FW\">\n<li class=\"AnswerParser_ListItem__XqLOV\"><strong>Dise\u00f1o Entorchado<\/strong>: El estilo entorchado ofrece un acabado texturizado que resalta la fuerza y el car\u00e1cter de la pieza, evocando la majestuosidad de los tigres.<\/li>\n<li class=\"AnswerParser_ListItem__XqLOV\"><strong>Estilo Abierto<\/strong>: Gracias a su dise\u00f1o abierto, se ajusta c\u00f3modamente a diferentes tama\u00f1os de mu\u00f1eca, proporcionando tanto estilo como comodidad.<\/li>\n<li class=\"AnswerParser_ListItem__XqLOV\"><strong>Material de Alta Calidad<\/strong>: El acero 316L es conocido por su durabilidad y resistencia a la corrosi\u00f3n, as\u00ed como por ser hipoalerg\u00e9nico, lo que la hace ideal para cualquier tipo de piel.<\/li>\n<\/ul>\n<p><span class=\"AnswerParser_TextContainer__z_Iiv\" data-testid=\"youchat-text\">Agrega un toque de audacia y sofisticaci\u00f3n a tu colecci\u00f3n de joyas con la\u00a0<strong>pulsera de tigres abierta entorchada labrada<\/strong>. \u00a1Hazla tuya y destaca con estilo!<\/span><\/p>\n","protected":false},"featured_media":3905,"comment_status":"open","ping_status":"closed","template":"","meta":{"_uag_custom_page_level_css":""},"product_cat":[57],"product_tag":[],"jetpack_sharing_enabled":true,"uagb_featured_image_src":{"full":["https:\/\/genios-gt.com\/wp-content\/uploads\/2024\/12\/PULSERA-DE-TIGRES-AJUSTABLE.jpg",1000,1239,false],"thumbnail":["https:\/\/genios-gt.com\/wp-content\/uploads\/2024\/12\/PULSERA-DE-TIGRES-AJUSTABLE-150x150.jpg",150,150,true],"medium":["https:\/\/genios-gt.com\/wp-content\/uploads\/2024\/12\/PULSERA-DE-TIGRES-AJUSTABLE-242x300.jpg",242,300,true],"medium_large":["https:\/\/genios-gt.com\/wp-content\/uploads\/2024\/12\/PULSERA-DE-TIGRES-AJUSTABLE-768x952.jpg",640,793,true],"large":["https:\/\/genios-gt.com\/wp-content\/uploads\/2024\/12\/PULSERA-DE-TIGRES-AJUSTABLE-826x1024.jpg",640,793,true],"1536x1536":["https:\/\/genios-gt.com\/wp-content\/uploads\/2024\/12\/PULSERA-DE-TIGRES-AJUSTABLE.jpg",1000,1239,false],"2048x2048":["https:\/\/genios-gt.com\/wp-content\/uploads\/2024\/12\/PULSERA-DE-TIGRES-AJUSTABLE.jpg",1000,1239,false],"mailpoet_newsletter_max":["https:\/\/genios-gt.com\/wp-content\/uploads\/2024\/12\/PULSERA-DE-TIGRES-AJUSTABLE.jpg",1000,1239,false],"woocommerce_thumbnail":["https:\/\/genios-gt.com\/wp-content\/uploads\/2024\/12\/PULSERA-DE-TIGRES-AJUSTABLE-320x396.jpg",320,396,true],"woocommerce_single":["https:\/\/genios-gt.com\/wp-content\/uploads\/2024\/12\/PULSERA-DE-TIGRES-AJUSTABLE-600x743.jpg",600,743,true],"woocommerce_gallery_thumbnail":["https:\/\/genios-gt.com\/wp-content\/uploads\/2024\/12\/PULSERA-DE-TIGRES-AJUSTABLE-100x100.jpg",100,100,true],"variation_swatches_image_size":["https:\/\/genios-gt.com\/wp-content\/uploads\/2024\/12\/PULSERA-DE-TIGRES-AJUSTABLE-50x50.jpg",50,50,true],"variation_swatches_tooltip_size":["https:\/\/genios-gt.com\/wp-content\/uploads\/2024\/12\/PULSERA-DE-TIGRES-AJUSTABLE-100x100.jpg",100,100,true],"thaps-thumb-img":["https:\/\/genios-gt.com\/wp-content\/uploads\/2024\/12\/PULSERA-DE-TIGRES-AJUSTABLE-48x59.jpg",48,59,true]},"uagb_author_info":{"display_name":"Yemito","author_link":"https:\/\/genios-gt.com\/index.php\/author\/"},"uagb_comment_info":0,"uagb_excerpt":"Pulsera de Tigres Abierta Entorchada Labrada. Descubre la belleza de nuestra\u00a0pulsera de tigres abierta entorchada, un accesorio que combina un dise\u00f1o audaz con un toque de elegancia. Fabricada en\u00a0acero inoxidable 316L, esta pulsera es resistente y perfecta para el uso diario. Dise\u00f1o Entorchado: El estilo entorchado ofrece un acabado texturizado que resalta la fuerza y&hellip;","_links":{"self":[{"href":"https:\/\/genios-gt.com\/index.php\/wp-json\/wp\/v2\/product\/3904"}],"collection":[{"href":"https:\/\/genios-gt.com\/index.php\/wp-json\/wp\/v2\/product"}],"about":[{"href":"https:\/\/genios-gt.com\/index.php\/wp-json\/wp\/v2\/types\/product"}],"replies":[{"embeddable":true,"href":"https:\/\/genios-gt.com\/index.php\/wp-json\/wp\/v2\/comments?post=3904"}],"wp:featuredmedia":[{"embeddable":true,"href":"https:\/\/genios-gt.com\/index.php\/wp-json\/wp\/v2\/media\/3905"}],"wp:attachment":[{"href":"https:\/\/genios-gt.com\/index.php\/wp-json\/wp\/v2\/media?parent=3904"}],"wp:term":[{"taxonomy":"product_cat","embeddable":true,"href":"https:\/\/genios-gt.com\/index.php\/wp-json\/wp\/v2\/product_cat?post=3904"},{"taxonomy":"product_tag","embeddable":true,"href":"https:\/\/genios-gt.com\/index.php\/wp-json\/wp\/v2\/product_tag?post=3904"}],"curies":[{"name":"wp","href":"https:\/\/api.w.org\/{rel}","templated":true}]}}