{"id":3899,"date":"2024-12-06T17:48:57","date_gmt":"2024-12-06T23:48:57","guid":{"rendered":"https:\/\/genios-gt.com\/?post_type=product&#038;p=3899"},"modified":"2024-12-12T11:55:04","modified_gmt":"2024-12-12T17:55:04","slug":"pulsera-cabezas-de-serpientes","status":"publish","type":"product","link":"https:\/\/genios-gt.com\/index.php\/producto\/pulsera-cabezas-de-serpientes\/","title":{"rendered":"PULSERA CABEZAS DE SERPIENTES"},"content":{"rendered":"<p><span class=\"AnswerParser_TextContainer__z_Iiv\" data-testid=\"youchat-text\"><strong>Pulsera Cabeza de Serpiente con Broche de Argolla. <\/strong><\/span><\/p>\n<p><span class=\"AnswerParser_TextContainer__z_Iiv\" data-testid=\"youchat-text\">Descubre la elegancia y el estilo de nuestra\u00a0<strong>pulsera cabeza de serpiente<\/strong>, una pieza \u00fanica que destaca por su dise\u00f1o trenzado en\u00a0<strong>acero inoxidable 316L<\/strong>. Este material no solo garantiza durabilidad y resistencia a la corrosi\u00f3n, sino que tambi\u00e9n es hipoalerg\u00e9nico, ideal para el uso diario.<\/span><\/p>\n<ul class=\"AnswerParser_AnswerParserUnorderedList__P_1FW\">\n<li class=\"AnswerParser_ListItem__XqLOV\"><strong>Dise\u00f1o Distintivo<\/strong>: Con una fascinante cabeza de serpiente como adorno, esta pulsera aporta un toque audaz y moderno a cualquier atuendo.<\/li>\n<li class=\"AnswerParser_ListItem__XqLOV\"><strong>Cierre Seguro<\/strong>: Equipado con un\u00a0<strong>broche de argolla<\/strong>, asegura que la pulsera se mantenga en su lugar, brindando comodidad y confianza.<\/li>\n<li class=\"AnswerParser_ListItem__XqLOV\"><strong>Versatilidad<\/strong>: Perfecta para cualquier ocasi\u00f3n, ya sea una salida casual o una ocasi\u00f3n especial.<\/li>\n<\/ul>\n<p><span class=\"AnswerParser_TextContainer__z_Iiv\" data-testid=\"youchat-text\">Aporta un toque de personalidad a tu colecci\u00f3n de joyas con esta impresionante pulsera. \u00a1Hazla tuya hoy!<\/span><\/p>\n","protected":false},"excerpt":{"rendered":"<p>\u2714\ufe0fMaterial: Acero inoxidable<\/p>\n<p>\u2714\ufe0fDise\u00f1o: Trenzado<\/p>\n<p>\u2714\ufe0fEstilo: De serpientes.<\/p>\n<p>\ud83d\udcb5\u00a0En la compra de 2 o mas Envi\u00f3 Gratis.<\/p>\n<p>\ud83c\uddec\ud83c\uddf9\u00a0Env\u00edos a todo el pais.<\/p>\n<p>\ud83d\ude9a\u00a0Pagas al recibir.<\/p>\n","protected":false},"featured_media":3903,"comment_status":"open","ping_status":"closed","template":"","meta":{"_uag_custom_page_level_css":""},"product_cat":[57],"product_tag":[],"jetpack_sharing_enabled":true,"uagb_featured_image_src":{"full":["https:\/\/genios-gt.com\/wp-content\/uploads\/2024\/12\/PULSERA-DE-SERPIENTES-ARGOLLA.jpg",1000,1239,false],"thumbnail":["https:\/\/genios-gt.com\/wp-content\/uploads\/2024\/12\/PULSERA-DE-SERPIENTES-ARGOLLA-150x150.jpg",150,150,true],"medium":["https:\/\/genios-gt.com\/wp-content\/uploads\/2024\/12\/PULSERA-DE-SERPIENTES-ARGOLLA-242x300.jpg",242,300,true],"medium_large":["https:\/\/genios-gt.com\/wp-content\/uploads\/2024\/12\/PULSERA-DE-SERPIENTES-ARGOLLA-768x952.jpg",640,793,true],"large":["https:\/\/genios-gt.com\/wp-content\/uploads\/2024\/12\/PULSERA-DE-SERPIENTES-ARGOLLA-826x1024.jpg",640,793,true],"1536x1536":["https:\/\/genios-gt.com\/wp-content\/uploads\/2024\/12\/PULSERA-DE-SERPIENTES-ARGOLLA.jpg",1000,1239,false],"2048x2048":["https:\/\/genios-gt.com\/wp-content\/uploads\/2024\/12\/PULSERA-DE-SERPIENTES-ARGOLLA.jpg",1000,1239,false],"mailpoet_newsletter_max":["https:\/\/genios-gt.com\/wp-content\/uploads\/2024\/12\/PULSERA-DE-SERPIENTES-ARGOLLA.jpg",1000,1239,false],"woocommerce_thumbnail":["https:\/\/genios-gt.com\/wp-content\/uploads\/2024\/12\/PULSERA-DE-SERPIENTES-ARGOLLA-320x396.jpg",320,396,true],"woocommerce_single":["https:\/\/genios-gt.com\/wp-content\/uploads\/2024\/12\/PULSERA-DE-SERPIENTES-ARGOLLA-600x743.jpg",600,743,true],"woocommerce_gallery_thumbnail":["https:\/\/genios-gt.com\/wp-content\/uploads\/2024\/12\/PULSERA-DE-SERPIENTES-ARGOLLA-100x100.jpg",100,100,true],"variation_swatches_image_size":["https:\/\/genios-gt.com\/wp-content\/uploads\/2024\/12\/PULSERA-DE-SERPIENTES-ARGOLLA-50x50.jpg",50,50,true],"variation_swatches_tooltip_size":["https:\/\/genios-gt.com\/wp-content\/uploads\/2024\/12\/PULSERA-DE-SERPIENTES-ARGOLLA-100x100.jpg",100,100,true],"thaps-thumb-img":["https:\/\/genios-gt.com\/wp-content\/uploads\/2024\/12\/PULSERA-DE-SERPIENTES-ARGOLLA-48x59.jpg",48,59,true]},"uagb_author_info":{"display_name":"Yemito","author_link":"https:\/\/genios-gt.com\/index.php\/author\/"},"uagb_comment_info":0,"uagb_excerpt":"\u2714\ufe0fMaterial: Acero inoxidable \u2714\ufe0fDise\u00f1o: Trenzado \u2714\ufe0fEstilo: De serpientes. \ud83d\udcb5\u00a0En la compra de 2 o mas Envi\u00f3 Gratis. \ud83c\uddec\ud83c\uddf9\u00a0Env\u00edos a todo el pais. \ud83d\ude9a\u00a0Pagas al recibir.","_links":{"self":[{"href":"https:\/\/genios-gt.com\/index.php\/wp-json\/wp\/v2\/product\/3899"}],"collection":[{"href":"https:\/\/genios-gt.com\/index.php\/wp-json\/wp\/v2\/product"}],"about":[{"href":"https:\/\/genios-gt.com\/index.php\/wp-json\/wp\/v2\/types\/product"}],"replies":[{"embeddable":true,"href":"https:\/\/genios-gt.com\/index.php\/wp-json\/wp\/v2\/comments?post=3899"}],"wp:featuredmedia":[{"embeddable":true,"href":"https:\/\/genios-gt.com\/index.php\/wp-json\/wp\/v2\/media\/3903"}],"wp:attachment":[{"href":"https:\/\/genios-gt.com\/index.php\/wp-json\/wp\/v2\/media?parent=3899"}],"wp:term":[{"taxonomy":"product_cat","embeddable":true,"href":"https:\/\/genios-gt.com\/index.php\/wp-json\/wp\/v2\/product_cat?post=3899"},{"taxonomy":"product_tag","embeddable":true,"href":"https:\/\/genios-gt.com\/index.php\/wp-json\/wp\/v2\/product_tag?post=3899"}],"curies":[{"name":"wp","href":"https:\/\/api.w.org\/{rel}","templated":true}]}}