{"id":3896,"date":"2024-12-06T17:25:20","date_gmt":"2024-12-06T23:25:20","guid":{"rendered":"https:\/\/genios-gt.com\/?post_type=product&#038;p=3896"},"modified":"2025-09-10T13:53:54","modified_gmt":"2025-09-10T19:53:54","slug":"pulsera-de-media-luna-entorchada-g181","status":"publish","type":"product","link":"https:\/\/genios-gt.com\/index.php\/producto\/pulsera-de-media-luna-entorchada-g181\/","title":{"rendered":"PULSERA DE MEDIA LUNA ENTORCHADA G181"},"content":{"rendered":"<h4 class=\"AnswerParser_AnswerParserH4__ghxg8\">Pulsera de Media Luna Dorada Entorchada con P\u00faas en Ambos Extremos<\/h4>\n<p><span class=\"AnswerParser_TextContainer__z_Iiv\" data-testid=\"youchat-text\"><strong>\u00a1Te presentamos nuestra hermosa pulsera de media luna dorada entorchada, con p\u00faas en ambos extremos y fabricada en acero inoxidable 316L!<\/strong>\u00a0Este accesorio es ideal para quienes buscan un dise\u00f1o moderno y llamativo.<\/span><\/p>\n<ul class=\"AnswerParser_AnswerParserUnorderedList__P_1FW\">\n<li class=\"AnswerParser_ListItem__XqLOV\"><span class=\"AnswerParser_TextContainer__z_Iiv\" data-testid=\"youchat-text\"><strong>Dise\u00f1o de Media Luna<\/strong>: La pulsera presenta una forma de media luna que aporta un toque elegante y contempor\u00e1neo. Su dise\u00f1o entorchado a\u00f1ade textura y profundidad, haciendo que sea un accesorio destacado.<\/span><\/li>\n<li class=\"AnswerParser_ListItem__XqLOV\"><span class=\"AnswerParser_TextContainer__z_Iiv\" data-testid=\"youchat-text\"><strong>P\u00faas en Ambos Extremos<\/strong>: Las p\u00faas en los extremos no solo son un detalle est\u00e9tico, sino que tambi\u00e9n aportan un aire audaz y distintivo. Este dise\u00f1o es perfecto para quienes desean expresar su personalidad \u00fanica.<\/span><\/li>\n<li class=\"AnswerParser_ListItem__XqLOV\"><span class=\"AnswerParser_TextContainer__z_Iiv\" data-testid=\"youchat-text\"><strong>Material de Alta Calidad<\/strong>: Hecha de\u00a0<strong>acero inoxidable 316L<\/strong>, esta pulsera es resistente a la corrosi\u00f3n y al desgaste, asegurando que mantenga su brillo y calidad a lo largo del tiempo. Es ideal para el uso diario y para ocasiones especiales.<\/span><\/li>\n<li class=\"AnswerParser_ListItem__XqLOV\"><span class=\"AnswerParser_TextContainer__z_Iiv\" data-testid=\"youchat-text\"><strong>Comodidad y Estilo<\/strong>: Su dise\u00f1o abierto permite un ajuste c\u00f3modo en la mu\u00f1eca, lo que la hace f\u00e1cil de llevar durante todo el d\u00eda. Puedes combinarla con otras pulseras para un look m\u00e1s personalizado o usarla sola para un impacto visual.<\/span><\/li>\n<\/ul>\n<p><span class=\"AnswerParser_TextContainer__z_Iiv\" data-testid=\"youchat-text\"><strong>\u00a1No te pierdas la oportunidad de lucir esta espectacular pulsera que refleja tu estilo audaz y moderno!<\/strong><\/span><\/p>\n","protected":false},"excerpt":{"rendered":"<p>\u2714\ufe0fMaterial: Acero inoxidable<\/p>\n<p>\u2714\ufe0fDise\u00f1o: Media luna<\/p>\n<p>\u2714\ufe0fEstilo: Delgado, juvenil elegante.<\/p>\n<p>\ud83d\udcb5\u00a0En la compra de 2 o mas Envi\u00f3 Gratis.<\/p>\n<p>\ud83c\uddec\ud83c\uddf9\u00a0Env\u00edos a todo el pais.<\/p>\n<p>\ud83d\ude9a\u00a0Pagas al recibir.<\/p>\n","protected":false},"featured_media":3897,"comment_status":"open","ping_status":"closed","template":"","meta":{"_uag_custom_page_level_css":""},"product_cat":[57],"product_tag":[],"jetpack_sharing_enabled":true,"uagb_featured_image_src":{"full":["https:\/\/genios-gt.com\/wp-content\/uploads\/2024\/12\/PULSERA-DE-MEDIA-LUNA-DORADO.jpg",1000,1239,false],"thumbnail":["https:\/\/genios-gt.com\/wp-content\/uploads\/2024\/12\/PULSERA-DE-MEDIA-LUNA-DORADO-150x150.jpg",150,150,true],"medium":["https:\/\/genios-gt.com\/wp-content\/uploads\/2024\/12\/PULSERA-DE-MEDIA-LUNA-DORADO-242x300.jpg",242,300,true],"medium_large":["https:\/\/genios-gt.com\/wp-content\/uploads\/2024\/12\/PULSERA-DE-MEDIA-LUNA-DORADO-768x952.jpg",640,793,true],"large":["https:\/\/genios-gt.com\/wp-content\/uploads\/2024\/12\/PULSERA-DE-MEDIA-LUNA-DORADO-826x1024.jpg",640,793,true],"1536x1536":["https:\/\/genios-gt.com\/wp-content\/uploads\/2024\/12\/PULSERA-DE-MEDIA-LUNA-DORADO.jpg",1000,1239,false],"2048x2048":["https:\/\/genios-gt.com\/wp-content\/uploads\/2024\/12\/PULSERA-DE-MEDIA-LUNA-DORADO.jpg",1000,1239,false],"mailpoet_newsletter_max":["https:\/\/genios-gt.com\/wp-content\/uploads\/2024\/12\/PULSERA-DE-MEDIA-LUNA-DORADO.jpg",1000,1239,false],"woocommerce_thumbnail":["https:\/\/genios-gt.com\/wp-content\/uploads\/2024\/12\/PULSERA-DE-MEDIA-LUNA-DORADO-320x396.jpg",320,396,true],"woocommerce_single":["https:\/\/genios-gt.com\/wp-content\/uploads\/2024\/12\/PULSERA-DE-MEDIA-LUNA-DORADO-600x743.jpg",600,743,true],"woocommerce_gallery_thumbnail":["https:\/\/genios-gt.com\/wp-content\/uploads\/2024\/12\/PULSERA-DE-MEDIA-LUNA-DORADO-100x100.jpg",100,100,true],"variation_swatches_image_size":["https:\/\/genios-gt.com\/wp-content\/uploads\/2024\/12\/PULSERA-DE-MEDIA-LUNA-DORADO-50x50.jpg",50,50,true],"variation_swatches_tooltip_size":["https:\/\/genios-gt.com\/wp-content\/uploads\/2024\/12\/PULSERA-DE-MEDIA-LUNA-DORADO-100x100.jpg",100,100,true],"thaps-thumb-img":["https:\/\/genios-gt.com\/wp-content\/uploads\/2024\/12\/PULSERA-DE-MEDIA-LUNA-DORADO-48x59.jpg",48,59,true]},"uagb_author_info":{"display_name":"Yemito","author_link":"https:\/\/genios-gt.com\/index.php\/author\/"},"uagb_comment_info":0,"uagb_excerpt":"\u2714\ufe0fMaterial: Acero inoxidable \u2714\ufe0fDise\u00f1o: Media luna \u2714\ufe0fEstilo: Delgado, juvenil elegante. \ud83d\udcb5\u00a0En la compra de 2 o mas Envi\u00f3 Gratis. \ud83c\uddec\ud83c\uddf9\u00a0Env\u00edos a todo el pais. \ud83d\ude9a\u00a0Pagas al recibir.","_links":{"self":[{"href":"https:\/\/genios-gt.com\/index.php\/wp-json\/wp\/v2\/product\/3896"}],"collection":[{"href":"https:\/\/genios-gt.com\/index.php\/wp-json\/wp\/v2\/product"}],"about":[{"href":"https:\/\/genios-gt.com\/index.php\/wp-json\/wp\/v2\/types\/product"}],"replies":[{"embeddable":true,"href":"https:\/\/genios-gt.com\/index.php\/wp-json\/wp\/v2\/comments?post=3896"}],"wp:featuredmedia":[{"embeddable":true,"href":"https:\/\/genios-gt.com\/index.php\/wp-json\/wp\/v2\/media\/3897"}],"wp:attachment":[{"href":"https:\/\/genios-gt.com\/index.php\/wp-json\/wp\/v2\/media?parent=3896"}],"wp:term":[{"taxonomy":"product_cat","embeddable":true,"href":"https:\/\/genios-gt.com\/index.php\/wp-json\/wp\/v2\/product_cat?post=3896"},{"taxonomy":"product_tag","embeddable":true,"href":"https:\/\/genios-gt.com\/index.php\/wp-json\/wp\/v2\/product_tag?post=3896"}],"curies":[{"name":"wp","href":"https:\/\/api.w.org\/{rel}","templated":true}]}}