{"id":3893,"date":"2024-12-06T16:42:23","date_gmt":"2024-12-06T22:42:23","guid":{"rendered":"https:\/\/genios-gt.com\/?post_type=product&#038;p=3893"},"modified":"2024-12-12T12:08:42","modified_gmt":"2024-12-12T18:08:42","slug":"3893","status":"publish","type":"product","link":"https:\/\/genios-gt.com\/index.php\/producto\/3893\/","title":{"rendered":"PULSERA DE LOBO LABRADA"},"content":{"rendered":"<div class=\"sc-8a4f6624-5 eTCxAj\" data-testid=\"youchat-answer-turn-8\" data-pinnedconversationturnid=\"d25875c7-6b29-454c-b968-d0477d81a304\">\n<div class=\"AnswerParser_AnswerParserSharedStyles__0GZUj\">\n<h4 class=\"AnswerParser_AnswerParserH4__ghxg8\">Pulsera Doble Trenzado con Cabeza de Lobo Labrada<\/h4>\n<p><span class=\"AnswerParser_TextContainer__z_Iiv\" data-testid=\"youchat-text\"><strong>\u00a1Descubre nuestra impresionante pulsera doble trenzado con cabeza de lobo labrada en el broche!<\/strong>\u00a0Este accesorio es perfecto para quienes buscan un estilo distintivo y lleno de car\u00e1cter.<\/span><\/p>\n<ul class=\"AnswerParser_AnswerParserUnorderedList__P_1FW\">\n<li class=\"AnswerParser_ListItem__XqLOV\"><span class=\"AnswerParser_TextContainer__z_Iiv\" data-testid=\"youchat-text\"><strong>Dise\u00f1o Doble Trenzado<\/strong>: La pulsera presenta un dise\u00f1o trenzado que no solo es visualmente atractivo, sino que tambi\u00e9n proporciona una gran resistencia y durabilidad. Este estilo a\u00f1ade un toque de sofisticaci\u00f3n y robustez.<\/span><\/li>\n<li class=\"AnswerParser_ListItem__XqLOV\"><span class=\"AnswerParser_TextContainer__z_Iiv\" data-testid=\"youchat-text\"><strong>Cabeza de Lobo Labrada<\/strong>: En el broche, encontrar\u00e1s una cabeza de lobo meticulosamente labrada, simbolizando fuerza, lealtad y protecci\u00f3n. Este detalle hace que la pulsera sea \u00fanica y significativa, ideal para quienes se sienten conectados con la esencia del lobo.<\/span><\/li>\n<li class=\"AnswerParser_ListItem__XqLOV\"><span class=\"AnswerParser_TextContainer__z_Iiv\" data-testid=\"youchat-text\"><strong>Material de Alta Calidad<\/strong>: Fabricada en materiales de alta calidad, esta pulsera es resistente y c\u00f3moda de llevar. Su dise\u00f1o permite que se ajuste perfectamente a la mu\u00f1eca, asegurando que puedas usarla durante todo el d\u00eda sin inconvenientes.<\/span><\/li>\n<\/ul>\n<p><span class=\"AnswerParser_TextContainer__z_Iiv\" data-testid=\"youchat-text\"><strong>\u00a1No te pierdas la oportunidad de lucir esta espectacular pulsera que refleja tu personalidad fuerte y \u00fanica!<\/strong><\/span><\/p>\n<\/div>\n<\/div>\n<div class=\"zlhh2y1\">\n<div class=\"zlhh2y2\">\n<div class=\"_9s99ve0\">\n<div class=\"_9hjuzd0\" data-testid=\"8-attribute\"><\/div>\n<\/div>\n<\/div>\n<\/div>\n","protected":false},"excerpt":{"rendered":"<p>Pulsera Doble Trenzado con Cabeza de Lobo Labrada \u00a1Descubre nuestra impresionante pulsera doble trenzado con cabeza de lobo labrada en el broche!\u00a0Este accesorio es perfecto para quienes buscan un estilo distintivo y lleno de car\u00e1cter. Dise\u00f1o Doble Trenzado: La pulsera presenta un dise\u00f1o trenzado que no solo es visualmente atractivo, sino que tambi\u00e9n proporciona una &hellip;<\/p>\n<p class=\"read-more\"> <a class=\" thunk-readmore button \" href=\"https:\/\/genios-gt.com\/index.php\/producto\/3893\/\"> <span class=\"screen-reader-text\">PULSERA DE LOBO LABRADA<\/span>Leer m\u00e1s<\/a><\/p>\n","protected":false},"featured_media":3895,"comment_status":"open","ping_status":"closed","template":"","meta":{"_uag_custom_page_level_css":""},"product_cat":[63],"product_tag":[],"jetpack_sharing_enabled":true,"uagb_featured_image_src":{"full":["https:\/\/genios-gt.com\/wp-content\/uploads\/2024\/12\/LOBO-LABRADO-1.jpg",1000,1239,false],"thumbnail":["https:\/\/genios-gt.com\/wp-content\/uploads\/2024\/12\/LOBO-LABRADO-1-150x150.jpg",150,150,true],"medium":["https:\/\/genios-gt.com\/wp-content\/uploads\/2024\/12\/LOBO-LABRADO-1-242x300.jpg",242,300,true],"medium_large":["https:\/\/genios-gt.com\/wp-content\/uploads\/2024\/12\/LOBO-LABRADO-1-768x952.jpg",640,793,true],"large":["https:\/\/genios-gt.com\/wp-content\/uploads\/2024\/12\/LOBO-LABRADO-1-826x1024.jpg",640,793,true],"1536x1536":["https:\/\/genios-gt.com\/wp-content\/uploads\/2024\/12\/LOBO-LABRADO-1.jpg",1000,1239,false],"2048x2048":["https:\/\/genios-gt.com\/wp-content\/uploads\/2024\/12\/LOBO-LABRADO-1.jpg",1000,1239,false],"mailpoet_newsletter_max":["https:\/\/genios-gt.com\/wp-content\/uploads\/2024\/12\/LOBO-LABRADO-1.jpg",1000,1239,false],"woocommerce_thumbnail":["https:\/\/genios-gt.com\/wp-content\/uploads\/2024\/12\/LOBO-LABRADO-1-320x396.jpg",320,396,true],"woocommerce_single":["https:\/\/genios-gt.com\/wp-content\/uploads\/2024\/12\/LOBO-LABRADO-1-600x743.jpg",600,743,true],"woocommerce_gallery_thumbnail":["https:\/\/genios-gt.com\/wp-content\/uploads\/2024\/12\/LOBO-LABRADO-1-100x100.jpg",100,100,true],"variation_swatches_image_size":["https:\/\/genios-gt.com\/wp-content\/uploads\/2024\/12\/LOBO-LABRADO-1-50x50.jpg",50,50,true],"variation_swatches_tooltip_size":["https:\/\/genios-gt.com\/wp-content\/uploads\/2024\/12\/LOBO-LABRADO-1-100x100.jpg",100,100,true],"thaps-thumb-img":["https:\/\/genios-gt.com\/wp-content\/uploads\/2024\/12\/LOBO-LABRADO-1-48x59.jpg",48,59,true]},"uagb_author_info":{"display_name":"Yemito","author_link":"https:\/\/genios-gt.com\/index.php\/author\/"},"uagb_comment_info":0,"uagb_excerpt":"Pulsera Doble Trenzado con Cabeza de Lobo Labrada \u00a1Descubre nuestra impresionante pulsera doble trenzado con cabeza de lobo labrada en el broche!\u00a0Este accesorio es perfecto para quienes buscan un estilo distintivo y lleno de car\u00e1cter. Dise\u00f1o Doble Trenzado: La pulsera presenta un dise\u00f1o trenzado que no solo es visualmente atractivo, sino que tambi\u00e9n proporciona una&hellip;","_links":{"self":[{"href":"https:\/\/genios-gt.com\/index.php\/wp-json\/wp\/v2\/product\/3893"}],"collection":[{"href":"https:\/\/genios-gt.com\/index.php\/wp-json\/wp\/v2\/product"}],"about":[{"href":"https:\/\/genios-gt.com\/index.php\/wp-json\/wp\/v2\/types\/product"}],"replies":[{"embeddable":true,"href":"https:\/\/genios-gt.com\/index.php\/wp-json\/wp\/v2\/comments?post=3893"}],"wp:featuredmedia":[{"embeddable":true,"href":"https:\/\/genios-gt.com\/index.php\/wp-json\/wp\/v2\/media\/3895"}],"wp:attachment":[{"href":"https:\/\/genios-gt.com\/index.php\/wp-json\/wp\/v2\/media?parent=3893"}],"wp:term":[{"taxonomy":"product_cat","embeddable":true,"href":"https:\/\/genios-gt.com\/index.php\/wp-json\/wp\/v2\/product_cat?post=3893"},{"taxonomy":"product_tag","embeddable":true,"href":"https:\/\/genios-gt.com\/index.php\/wp-json\/wp\/v2\/product_tag?post=3893"}],"curies":[{"name":"wp","href":"https:\/\/api.w.org\/{rel}","templated":true}]}}