{"id":3891,"date":"2024-12-06T15:34:14","date_gmt":"2024-12-06T21:34:14","guid":{"rendered":"https:\/\/genios-gt.com\/?post_type=product&#038;p=3891"},"modified":"2025-09-10T16:29:50","modified_gmt":"2025-09-10T22:29:50","slug":"pulsera-de-dragones-negros","status":"publish","type":"product","link":"https:\/\/genios-gt.com\/index.php\/producto\/pulsera-de-dragones-negros\/","title":{"rendered":"PULSERA DE DRAGONES NEGROS"},"content":{"rendered":"<h4 class=\"AnswerParser_AnswerParserH4__ghxg8\">Pulsera Abierta con Cabezas de Drag\u00f3n en Cada Extremo<\/h4>\n<p><span class=\"AnswerParser_TextContainer__z_Iiv\" data-testid=\"youchat-text\"><strong>\u00a1Descubre nuestra impresionante pulsera abierta con cabezas de drag\u00f3n en cada extremo, elaborada en acero inoxidable 316L color plata!<\/strong>\u00a0Este accesorio es perfecto para quienes buscan un estilo audaz y distintivo.<\/span><\/p>\n<ul class=\"AnswerParser_AnswerParserUnorderedList__P_1FW\">\n<li class=\"AnswerParser_ListItem__XqLOV\"><span class=\"AnswerParser_TextContainer__z_Iiv\" data-testid=\"youchat-text\"><strong>Dise\u00f1o \u00danico<\/strong>: La pulsera presenta un dise\u00f1o abierto que permite un ajuste c\u00f3modo en la mu\u00f1eca, con cabezas de drag\u00f3n detalladamente elaboradas en cada extremo. Este s\u00edmbolo mitol\u00f3gico representa fuerza y poder, a\u00f1adiendo un toque de car\u00e1cter a tu look.<\/span><\/li>\n<li class=\"AnswerParser_ListItem__XqLOV\"><span class=\"AnswerParser_TextContainer__z_Iiv\" data-testid=\"youchat-text\"><strong>Material de Alta Calidad<\/strong>: Fabricada en\u00a0<strong>acero inoxidable 316L<\/strong>, esta pulsera es resistente a la corrosi\u00f3n y al desgaste, asegurando que mantenga su brillo y calidad a lo largo del tiempo. Es ideal para el uso diario y para ocasiones especiales.<\/span><\/li>\n<li class=\"AnswerParser_ListItem__XqLOV\"><span class=\"AnswerParser_TextContainer__z_Iiv\" data-testid=\"youchat-text\"><strong>Versatilidad<\/strong>: Su dise\u00f1o elegante y llamativo la hace perfecta para combinar con diferentes estilos, ya sea casual o formal. Puedes usarla sola para un look impactante o combinarla con otras pulseras para un estilo m\u00e1s personalizado.<\/span><\/li>\n<\/ul>\n<p><span class=\"AnswerParser_TextContainer__z_Iiv\" data-testid=\"youchat-text\"><strong>\u00a1No te pierdas la oportunidad de lucir esta espectacular pulsera que refleja tu personalidad fuerte y \u00fanica!<\/strong><\/span><\/p>\n","protected":false},"excerpt":{"rendered":"<p>\u2714\ufe0fMaterial: Acero inoxidable<\/p>\n<p>\u2714\ufe0fDise\u00f1o: Dragones Negros.<\/p>\n<p>\u2714\ufe0fEstilo: Juvenil Elegante.<\/p>\n<p>\ud83d\udcb5\u00a0En la compra de 2 o mas Envi\u00f3 Gratis.<\/p>\n<p>\ud83c\uddec\ud83c\uddf9\u00a0Env\u00edos a todo el pais.<\/p>\n<p>\ud83d\ude9a\u00a0Pagas al recibir.<\/p>\n","protected":false},"featured_media":3892,"comment_status":"open","ping_status":"closed","template":"","meta":{"_uag_custom_page_level_css":""},"product_cat":[57],"product_tag":[],"jetpack_sharing_enabled":true,"uagb_featured_image_src":{"full":["https:\/\/genios-gt.com\/wp-content\/uploads\/2024\/12\/PULSERA-DE-DRAGONES-NEGROS.jpg",1000,1239,false],"thumbnail":["https:\/\/genios-gt.com\/wp-content\/uploads\/2024\/12\/PULSERA-DE-DRAGONES-NEGROS-150x150.jpg",150,150,true],"medium":["https:\/\/genios-gt.com\/wp-content\/uploads\/2024\/12\/PULSERA-DE-DRAGONES-NEGROS-242x300.jpg",242,300,true],"medium_large":["https:\/\/genios-gt.com\/wp-content\/uploads\/2024\/12\/PULSERA-DE-DRAGONES-NEGROS-768x952.jpg",640,793,true],"large":["https:\/\/genios-gt.com\/wp-content\/uploads\/2024\/12\/PULSERA-DE-DRAGONES-NEGROS-826x1024.jpg",640,793,true],"1536x1536":["https:\/\/genios-gt.com\/wp-content\/uploads\/2024\/12\/PULSERA-DE-DRAGONES-NEGROS.jpg",1000,1239,false],"2048x2048":["https:\/\/genios-gt.com\/wp-content\/uploads\/2024\/12\/PULSERA-DE-DRAGONES-NEGROS.jpg",1000,1239,false],"mailpoet_newsletter_max":["https:\/\/genios-gt.com\/wp-content\/uploads\/2024\/12\/PULSERA-DE-DRAGONES-NEGROS.jpg",1000,1239,false],"woocommerce_thumbnail":["https:\/\/genios-gt.com\/wp-content\/uploads\/2024\/12\/PULSERA-DE-DRAGONES-NEGROS-320x396.jpg",320,396,true],"woocommerce_single":["https:\/\/genios-gt.com\/wp-content\/uploads\/2024\/12\/PULSERA-DE-DRAGONES-NEGROS-600x743.jpg",600,743,true],"woocommerce_gallery_thumbnail":["https:\/\/genios-gt.com\/wp-content\/uploads\/2024\/12\/PULSERA-DE-DRAGONES-NEGROS-100x100.jpg",100,100,true],"variation_swatches_image_size":["https:\/\/genios-gt.com\/wp-content\/uploads\/2024\/12\/PULSERA-DE-DRAGONES-NEGROS-50x50.jpg",50,50,true],"variation_swatches_tooltip_size":["https:\/\/genios-gt.com\/wp-content\/uploads\/2024\/12\/PULSERA-DE-DRAGONES-NEGROS-100x100.jpg",100,100,true],"thaps-thumb-img":["https:\/\/genios-gt.com\/wp-content\/uploads\/2024\/12\/PULSERA-DE-DRAGONES-NEGROS-48x59.jpg",48,59,true]},"uagb_author_info":{"display_name":"Yemito","author_link":"https:\/\/genios-gt.com\/index.php\/author\/"},"uagb_comment_info":0,"uagb_excerpt":"\u2714\ufe0fMaterial: Acero inoxidable \u2714\ufe0fDise\u00f1o: Dragones Negros. \u2714\ufe0fEstilo: Juvenil Elegante. \ud83d\udcb5\u00a0En la compra de 2 o mas Envi\u00f3 Gratis. \ud83c\uddec\ud83c\uddf9\u00a0Env\u00edos a todo el pais. \ud83d\ude9a\u00a0Pagas al recibir.","_links":{"self":[{"href":"https:\/\/genios-gt.com\/index.php\/wp-json\/wp\/v2\/product\/3891"}],"collection":[{"href":"https:\/\/genios-gt.com\/index.php\/wp-json\/wp\/v2\/product"}],"about":[{"href":"https:\/\/genios-gt.com\/index.php\/wp-json\/wp\/v2\/types\/product"}],"replies":[{"embeddable":true,"href":"https:\/\/genios-gt.com\/index.php\/wp-json\/wp\/v2\/comments?post=3891"}],"wp:featuredmedia":[{"embeddable":true,"href":"https:\/\/genios-gt.com\/index.php\/wp-json\/wp\/v2\/media\/3892"}],"wp:attachment":[{"href":"https:\/\/genios-gt.com\/index.php\/wp-json\/wp\/v2\/media?parent=3891"}],"wp:term":[{"taxonomy":"product_cat","embeddable":true,"href":"https:\/\/genios-gt.com\/index.php\/wp-json\/wp\/v2\/product_cat?post=3891"},{"taxonomy":"product_tag","embeddable":true,"href":"https:\/\/genios-gt.com\/index.php\/wp-json\/wp\/v2\/product_tag?post=3891"}],"curies":[{"name":"wp","href":"https:\/\/api.w.org\/{rel}","templated":true}]}}