{"id":3889,"date":"2024-12-06T15:32:01","date_gmt":"2024-12-06T21:32:01","guid":{"rendered":"https:\/\/genios-gt.com\/?post_type=product&#038;p=3889"},"modified":"2024-12-12T13:29:53","modified_gmt":"2024-12-12T19:29:53","slug":"pulsera-de-ancla-marina","status":"publish","type":"product","link":"https:\/\/genios-gt.com\/index.php\/producto\/pulsera-de-ancla-marina\/","title":{"rendered":"PULSERA DE ANCLA MARINA"},"content":{"rendered":"<div class=\"sc-8a4f6624-5 eTCxAj\" data-testid=\"youchat-answer-turn-9\" data-pinnedconversationturnid=\"baffaf8f-3927-458a-a8a0-762a9011733a\">\n<div class=\"AnswerParser_AnswerParserSharedStyles__0GZUj\">\n<h4 class=\"AnswerParser_AnswerParserH4__ghxg8\">Pulsera Trenzada con Broche de Doble Seguro y Insignia de Ancla Marina<\/h4>\n<p><span class=\"AnswerParser_TextContainer__z_Iiv\" data-testid=\"youchat-text\"><strong>\u00a1Te presentamos nuestra elegante pulsera trenzada con broche de doble seguro y una distintiva insignia de ancla marina, fabricada en acero inoxidable 316L!<\/strong>\u00a0Este accesorio es ideal para quienes buscan un estilo n\u00e1utico y moderno.<\/span><\/p>\n<ul class=\"AnswerParser_AnswerParserUnorderedList__P_1FW\">\n<li class=\"AnswerParser_ListItem__XqLOV\"><span class=\"AnswerParser_TextContainer__z_Iiv\" data-testid=\"youchat-text\"><strong>Dise\u00f1o Trenzado<\/strong>: La pulsera cuenta con un dise\u00f1o trenzado que no solo es atractivo, sino que tambi\u00e9n proporciona resistencia y durabilidad. Este estilo es perfecto para quienes desean un look casual pero con car\u00e1cter.<\/span><\/li>\n<li class=\"AnswerParser_ListItem__XqLOV\"><span class=\"AnswerParser_TextContainer__z_Iiv\" data-testid=\"youchat-text\"><strong>Broche de Doble Seguro<\/strong>: Equipado con un broche de doble seguro, garantiza que la pulsera se mantenga firmemente en su lugar, brindando tranquilidad y comodidad durante su uso.<\/span><\/li>\n<li class=\"AnswerParser_ListItem__XqLOV\"><span class=\"AnswerParser_TextContainer__z_Iiv\" data-testid=\"youchat-text\"><strong>Insignia de Ancla Marina<\/strong>: La insignia de ancla marina a\u00f1ade un toque simb\u00f3lico, representando estabilidad y conexi\u00f3n con el mar. Este detalle hace que la pulsera sea \u00fanica y significativa, ideal para los amantes de la navegaci\u00f3n y el estilo mar\u00edtimo.<\/span><\/li>\n<li class=\"AnswerParser_ListItem__XqLOV\"><span class=\"AnswerParser_TextContainer__z_Iiv\" data-testid=\"youchat-text\"><strong>Material de Alta Calidad<\/strong>: Hecha de\u00a0<strong>acero inoxidable 316L<\/strong>, esta pulsera es resistente a la corrosi\u00f3n y al desgaste, asegurando que mantenga su brillo y calidad a lo largo del tiempo. Es perfecta para el uso diario y para ocasiones especiales.<\/span><\/li>\n<\/ul>\n<p><span class=\"AnswerParser_TextContainer__z_Iiv\" data-testid=\"youchat-text\"><strong>\u00a1No te pierdas la oportunidad de lucir esta espectacular pulsera que refleja tu amor por el mar y tu estilo \u00fanico!<\/strong><\/span><\/p>\n<\/div>\n<\/div>\n<div class=\"zlhh2y1\">\n<div class=\"zlhh2y2\">\n<div class=\"_9s99ve0\">\n<div class=\"_9hjuzd0\" data-testid=\"9-attribute\"><\/div>\n<\/div>\n<\/div>\n<\/div>\n","protected":false},"excerpt":{"rendered":"<p>\u2714\ufe0fMaterial: Acero inoxidable<\/p>\n<p>\u2714\ufe0fDise\u00f1o: Transado e insignia de Ancla marina<\/p>\n<p>\u2714\ufe0fEstilo: Juvenil Elegante.<\/p>\n<p>\ud83d\udcb5\u00a0En la compra de 2 o mas Envi\u00f3 Gratis.<\/p>\n<p>\ud83c\uddec\ud83c\uddf9\u00a0Env\u00edos a todo el pais.<\/p>\n<p>\ud83d\ude9a\u00a0Pagas al recibir.<\/p>\n","protected":false},"featured_media":3890,"comment_status":"open","ping_status":"closed","template":"","meta":{"_uag_custom_page_level_css":""},"product_cat":[57],"product_tag":[],"jetpack_sharing_enabled":true,"uagb_featured_image_src":{"full":["https:\/\/genios-gt.com\/wp-content\/uploads\/2024\/12\/PULSERA-DE-ANCLA.jpg",1000,1239,false],"thumbnail":["https:\/\/genios-gt.com\/wp-content\/uploads\/2024\/12\/PULSERA-DE-ANCLA-150x150.jpg",150,150,true],"medium":["https:\/\/genios-gt.com\/wp-content\/uploads\/2024\/12\/PULSERA-DE-ANCLA-242x300.jpg",242,300,true],"medium_large":["https:\/\/genios-gt.com\/wp-content\/uploads\/2024\/12\/PULSERA-DE-ANCLA-768x952.jpg",640,793,true],"large":["https:\/\/genios-gt.com\/wp-content\/uploads\/2024\/12\/PULSERA-DE-ANCLA-826x1024.jpg",640,793,true],"1536x1536":["https:\/\/genios-gt.com\/wp-content\/uploads\/2024\/12\/PULSERA-DE-ANCLA.jpg",1000,1239,false],"2048x2048":["https:\/\/genios-gt.com\/wp-content\/uploads\/2024\/12\/PULSERA-DE-ANCLA.jpg",1000,1239,false],"mailpoet_newsletter_max":["https:\/\/genios-gt.com\/wp-content\/uploads\/2024\/12\/PULSERA-DE-ANCLA.jpg",1000,1239,false],"woocommerce_thumbnail":["https:\/\/genios-gt.com\/wp-content\/uploads\/2024\/12\/PULSERA-DE-ANCLA-320x396.jpg",320,396,true],"woocommerce_single":["https:\/\/genios-gt.com\/wp-content\/uploads\/2024\/12\/PULSERA-DE-ANCLA-600x743.jpg",600,743,true],"woocommerce_gallery_thumbnail":["https:\/\/genios-gt.com\/wp-content\/uploads\/2024\/12\/PULSERA-DE-ANCLA-100x100.jpg",100,100,true],"variation_swatches_image_size":["https:\/\/genios-gt.com\/wp-content\/uploads\/2024\/12\/PULSERA-DE-ANCLA-50x50.jpg",50,50,true],"variation_swatches_tooltip_size":["https:\/\/genios-gt.com\/wp-content\/uploads\/2024\/12\/PULSERA-DE-ANCLA-100x100.jpg",100,100,true],"thaps-thumb-img":["https:\/\/genios-gt.com\/wp-content\/uploads\/2024\/12\/PULSERA-DE-ANCLA-48x59.jpg",48,59,true]},"uagb_author_info":{"display_name":"Yemito","author_link":"https:\/\/genios-gt.com\/index.php\/author\/"},"uagb_comment_info":0,"uagb_excerpt":"\u2714\ufe0fMaterial: Acero inoxidable \u2714\ufe0fDise\u00f1o: Transado e insignia de Ancla marina \u2714\ufe0fEstilo: Juvenil Elegante. \ud83d\udcb5\u00a0En la compra de 2 o mas Envi\u00f3 Gratis. \ud83c\uddec\ud83c\uddf9\u00a0Env\u00edos a todo el pais. \ud83d\ude9a\u00a0Pagas al recibir.","_links":{"self":[{"href":"https:\/\/genios-gt.com\/index.php\/wp-json\/wp\/v2\/product\/3889"}],"collection":[{"href":"https:\/\/genios-gt.com\/index.php\/wp-json\/wp\/v2\/product"}],"about":[{"href":"https:\/\/genios-gt.com\/index.php\/wp-json\/wp\/v2\/types\/product"}],"replies":[{"embeddable":true,"href":"https:\/\/genios-gt.com\/index.php\/wp-json\/wp\/v2\/comments?post=3889"}],"wp:featuredmedia":[{"embeddable":true,"href":"https:\/\/genios-gt.com\/index.php\/wp-json\/wp\/v2\/media\/3890"}],"wp:attachment":[{"href":"https:\/\/genios-gt.com\/index.php\/wp-json\/wp\/v2\/media?parent=3889"}],"wp:term":[{"taxonomy":"product_cat","embeddable":true,"href":"https:\/\/genios-gt.com\/index.php\/wp-json\/wp\/v2\/product_cat?post=3889"},{"taxonomy":"product_tag","embeddable":true,"href":"https:\/\/genios-gt.com\/index.php\/wp-json\/wp\/v2\/product_tag?post=3889"}],"curies":[{"name":"wp","href":"https:\/\/api.w.org\/{rel}","templated":true}]}}