{"id":3850,"date":"2024-11-29T17:19:49","date_gmt":"2024-11-29T23:19:49","guid":{"rendered":"https:\/\/genios-gt.com\/?post_type=product&#038;p=3850"},"modified":"2024-12-01T10:25:37","modified_gmt":"2024-12-01T16:25:37","slug":"pulsera-delgada-diamantada-g161","status":"publish","type":"product","link":"https:\/\/genios-gt.com\/index.php\/producto\/pulsera-delgada-diamantada-g161\/","title":{"rendered":"PULSERA DELGADA DIAMANTADA G161"},"content":{"rendered":"<p><span class=\"AnswerParser_TextContainer__z_Iiv\" data-testid=\"youchat-text\"><strong>Pulsera Diamantada Color Dorada con Dise\u00f1o de Cadena Personalizada y Broche en Acero 316L<\/strong><\/span><\/p>\n<p><span class=\"AnswerParser_TextContainer__z_Iiv\" data-testid=\"youchat-text\">Esta\u00a0<strong>pulsera diamantada color dorada<\/strong>\u00a0destaca por su\u00a0<strong>dise\u00f1o de cadena personalizada<\/strong>, elaborada en\u00a0<strong>acero 316L<\/strong>, conocido por su\u00a0<strong>alta calidad<\/strong>, resistencia a la corrosi\u00f3n y durabilidad. Su acabado brillante y pulido resalta la belleza de cada eslab\u00f3n, creando un efecto deslumbrante que captura la luz. El\u00a0<strong>broche<\/strong>\u00a0de seguridad asegura un ajuste c\u00f3modo y fiable, permitiendo que la pulsera se mantenga en su lugar durante todo el d\u00eda. <\/span><\/p>\n<p><span class=\"AnswerParser_TextContainer__z_Iiv\" data-testid=\"youchat-text\">Ideal para ocasiones especiales o para a\u00f1adir un toque de sofisticaci\u00f3n a tu look diario, esta pulsera es un accesorio imprescindible para quienes buscan destacar con un estilo \u00fanico y personalizado.<\/span><\/p>\n","protected":false},"excerpt":{"rendered":"<p>\u2714\ufe0fMaterial: Acero inoxidable 316L<\/p>\n<p>\u2714\ufe0fTalla 21.5cm.<\/p>\n<p>\u2714\ufe0fDise\u00f1o: Cadena dorada con diamantes.<\/p>\n<p>\u2714\ufe0fEstilo: Pasera de eslabones y broche.<\/p>\n<p>\ud83d\udcb5\u00a0En la compra de 2 o mas Envi\u00f3 Gratis.<\/p>\n<p>\ud83c\uddec\ud83c\uddf9\u00a0Env\u00edos a todo el pais.<\/p>\n<p>\ud83d\ude9a\u00a0Pagas al recibir.<\/p>\n","protected":false},"featured_media":3851,"comment_status":"open","ping_status":"closed","template":"","meta":{"_uag_custom_page_level_css":""},"product_cat":[57],"product_tag":[],"jetpack_sharing_enabled":true,"uagb_featured_image_src":{"full":["https:\/\/genios-gt.com\/wp-content\/uploads\/2024\/11\/PULSERA-DIAMANTADA-AJUSTABLE.jpg",1000,1239,false],"thumbnail":["https:\/\/genios-gt.com\/wp-content\/uploads\/2024\/11\/PULSERA-DIAMANTADA-AJUSTABLE-150x150.jpg",150,150,true],"medium":["https:\/\/genios-gt.com\/wp-content\/uploads\/2024\/11\/PULSERA-DIAMANTADA-AJUSTABLE-242x300.jpg",242,300,true],"medium_large":["https:\/\/genios-gt.com\/wp-content\/uploads\/2024\/11\/PULSERA-DIAMANTADA-AJUSTABLE-768x952.jpg",640,793,true],"large":["https:\/\/genios-gt.com\/wp-content\/uploads\/2024\/11\/PULSERA-DIAMANTADA-AJUSTABLE-826x1024.jpg",640,793,true],"1536x1536":["https:\/\/genios-gt.com\/wp-content\/uploads\/2024\/11\/PULSERA-DIAMANTADA-AJUSTABLE.jpg",1000,1239,false],"2048x2048":["https:\/\/genios-gt.com\/wp-content\/uploads\/2024\/11\/PULSERA-DIAMANTADA-AJUSTABLE.jpg",1000,1239,false],"mailpoet_newsletter_max":["https:\/\/genios-gt.com\/wp-content\/uploads\/2024\/11\/PULSERA-DIAMANTADA-AJUSTABLE.jpg",1000,1239,false],"woocommerce_thumbnail":["https:\/\/genios-gt.com\/wp-content\/uploads\/2024\/11\/PULSERA-DIAMANTADA-AJUSTABLE-320x396.jpg",320,396,true],"woocommerce_single":["https:\/\/genios-gt.com\/wp-content\/uploads\/2024\/11\/PULSERA-DIAMANTADA-AJUSTABLE-600x743.jpg",600,743,true],"woocommerce_gallery_thumbnail":["https:\/\/genios-gt.com\/wp-content\/uploads\/2024\/11\/PULSERA-DIAMANTADA-AJUSTABLE-100x100.jpg",100,100,true],"variation_swatches_image_size":["https:\/\/genios-gt.com\/wp-content\/uploads\/2024\/11\/PULSERA-DIAMANTADA-AJUSTABLE-50x50.jpg",50,50,true],"variation_swatches_tooltip_size":["https:\/\/genios-gt.com\/wp-content\/uploads\/2024\/11\/PULSERA-DIAMANTADA-AJUSTABLE-100x100.jpg",100,100,true],"thaps-thumb-img":["https:\/\/genios-gt.com\/wp-content\/uploads\/2024\/11\/PULSERA-DIAMANTADA-AJUSTABLE-48x59.jpg",48,59,true]},"uagb_author_info":{"display_name":"Yemito","author_link":"https:\/\/genios-gt.com\/index.php\/author\/"},"uagb_comment_info":0,"uagb_excerpt":"\u2714\ufe0fMaterial: Acero inoxidable 316L \u2714\ufe0fTalla 21.5cm. \u2714\ufe0fDise\u00f1o: Cadena dorada con diamantes. \u2714\ufe0fEstilo: Pasera de eslabones y broche. \ud83d\udcb5\u00a0En la compra de 2 o mas Envi\u00f3 Gratis. \ud83c\uddec\ud83c\uddf9\u00a0Env\u00edos a todo el pais. \ud83d\ude9a\u00a0Pagas al recibir.","_links":{"self":[{"href":"https:\/\/genios-gt.com\/index.php\/wp-json\/wp\/v2\/product\/3850"}],"collection":[{"href":"https:\/\/genios-gt.com\/index.php\/wp-json\/wp\/v2\/product"}],"about":[{"href":"https:\/\/genios-gt.com\/index.php\/wp-json\/wp\/v2\/types\/product"}],"replies":[{"embeddable":true,"href":"https:\/\/genios-gt.com\/index.php\/wp-json\/wp\/v2\/comments?post=3850"}],"wp:featuredmedia":[{"embeddable":true,"href":"https:\/\/genios-gt.com\/index.php\/wp-json\/wp\/v2\/media\/3851"}],"wp:attachment":[{"href":"https:\/\/genios-gt.com\/index.php\/wp-json\/wp\/v2\/media?parent=3850"}],"wp:term":[{"taxonomy":"product_cat","embeddable":true,"href":"https:\/\/genios-gt.com\/index.php\/wp-json\/wp\/v2\/product_cat?post=3850"},{"taxonomy":"product_tag","embeddable":true,"href":"https:\/\/genios-gt.com\/index.php\/wp-json\/wp\/v2\/product_tag?post=3850"}],"curies":[{"name":"wp","href":"https:\/\/api.w.org\/{rel}","templated":true}]}}