{"id":3838,"date":"2024-11-29T13:24:26","date_gmt":"2024-11-29T19:24:26","guid":{"rendered":"https:\/\/genios-gt.com\/?post_type=product&#038;p=3838"},"modified":"2024-12-01T10:47:14","modified_gmt":"2024-12-01T16:47:14","slug":"pulsera-cabezas-de-serpiente-g150","status":"publish","type":"product","link":"https:\/\/genios-gt.com\/index.php\/producto\/pulsera-cabezas-de-serpiente-g150\/","title":{"rendered":"PULSERA CABEZAS DE SERPIENTE G150"},"content":{"rendered":"<p><span class=\"AnswerParser_TextContainer__z_Iiv\" data-testid=\"youchat-text\"><strong>Pulsera El\u00e1stica de Acero 316L con Cabezas de Serpientes Plateadas.<\/strong><\/span><\/p>\n<p><span class=\"AnswerParser_TextContainer__z_Iiv\" data-testid=\"youchat-text\">Esta\u00a0<strong>pulsera el\u00e1stica<\/strong>\u00a0est\u00e1 elaborada en\u00a0<strong>acero inoxidable 316L<\/strong>, conocido por su\u00a0<strong>alta resistencia a la corrosi\u00f3n<\/strong>\u00a0y durabilidad, lo que la convierte en una opci\u00f3n ideal para el uso diario.<\/span><\/p>\n<p><span class=\"AnswerParser_TextContainer__z_Iiv\" data-testid=\"youchat-text\"> El dise\u00f1o presenta\u00a0<strong>cabezas de serpientes plateadas<\/strong>\u00a0que a\u00f1aden un toque audaz y distintivo, simbolizando astucia y transformaci\u00f3n. <\/span><\/p>\n<p><span class=\"AnswerParser_TextContainer__z_Iiv\" data-testid=\"youchat-text\"><strong>Su construcci\u00f3n el\u00e1stica permite un ajuste c\u00f3modo<\/strong> y seguro en cualquier mu\u00f1eca de talla 22, asegurando que la pulsera se mantenga en su lugar sin sacrificar la comodidad. Esta pieza es perfecta para quienes buscan un accesorio que combine estilo y funcionalidad, ideal para cualquier ocasi\u00f3n.<\/span><\/p>\n","protected":false},"excerpt":{"rendered":"<p>\u2714\ufe0fMaterial: Acero inoxidable 316L<\/p>\n<p>\u2714\ufe0f Talla 22.<\/p>\n<p>\u2714\ufe0fDise\u00f1o: Cabezas de serpientes plateadas<\/p>\n<p>\u2714\ufe0fEstilo: Pulsera El\u00e1stica.<\/p>\n<p>\ud83d\udcb5\u00a0En la compra de 2 o mas Envi\u00f3 Gratis.<\/p>\n<p>\ud83c\uddec\ud83c\uddf9\u00a0Env\u00edos a todo el pais.<\/p>\n<p>\ud83d\ude9a\u00a0Pagas al recibir.<\/p>\n","protected":false},"featured_media":3839,"comment_status":"open","ping_status":"closed","template":"","meta":{"_uag_custom_page_level_css":""},"product_cat":[57],"product_tag":[],"jetpack_sharing_enabled":true,"uagb_featured_image_src":{"full":["https:\/\/genios-gt.com\/wp-content\/uploads\/2024\/11\/PULSERA-DE-SERPIENTE-ELSATICA.jpg",1000,1239,false],"thumbnail":["https:\/\/genios-gt.com\/wp-content\/uploads\/2024\/11\/PULSERA-DE-SERPIENTE-ELSATICA-150x150.jpg",150,150,true],"medium":["https:\/\/genios-gt.com\/wp-content\/uploads\/2024\/11\/PULSERA-DE-SERPIENTE-ELSATICA-242x300.jpg",242,300,true],"medium_large":["https:\/\/genios-gt.com\/wp-content\/uploads\/2024\/11\/PULSERA-DE-SERPIENTE-ELSATICA-768x952.jpg",640,793,true],"large":["https:\/\/genios-gt.com\/wp-content\/uploads\/2024\/11\/PULSERA-DE-SERPIENTE-ELSATICA-826x1024.jpg",640,793,true],"1536x1536":["https:\/\/genios-gt.com\/wp-content\/uploads\/2024\/11\/PULSERA-DE-SERPIENTE-ELSATICA.jpg",1000,1239,false],"2048x2048":["https:\/\/genios-gt.com\/wp-content\/uploads\/2024\/11\/PULSERA-DE-SERPIENTE-ELSATICA.jpg",1000,1239,false],"mailpoet_newsletter_max":["https:\/\/genios-gt.com\/wp-content\/uploads\/2024\/11\/PULSERA-DE-SERPIENTE-ELSATICA.jpg",1000,1239,false],"woocommerce_thumbnail":["https:\/\/genios-gt.com\/wp-content\/uploads\/2024\/11\/PULSERA-DE-SERPIENTE-ELSATICA-320x396.jpg",320,396,true],"woocommerce_single":["https:\/\/genios-gt.com\/wp-content\/uploads\/2024\/11\/PULSERA-DE-SERPIENTE-ELSATICA-600x743.jpg",600,743,true],"woocommerce_gallery_thumbnail":["https:\/\/genios-gt.com\/wp-content\/uploads\/2024\/11\/PULSERA-DE-SERPIENTE-ELSATICA-100x100.jpg",100,100,true],"variation_swatches_image_size":["https:\/\/genios-gt.com\/wp-content\/uploads\/2024\/11\/PULSERA-DE-SERPIENTE-ELSATICA-50x50.jpg",50,50,true],"variation_swatches_tooltip_size":["https:\/\/genios-gt.com\/wp-content\/uploads\/2024\/11\/PULSERA-DE-SERPIENTE-ELSATICA-100x100.jpg",100,100,true],"thaps-thumb-img":["https:\/\/genios-gt.com\/wp-content\/uploads\/2024\/11\/PULSERA-DE-SERPIENTE-ELSATICA-48x59.jpg",48,59,true]},"uagb_author_info":{"display_name":"Yemito","author_link":"https:\/\/genios-gt.com\/index.php\/author\/"},"uagb_comment_info":0,"uagb_excerpt":"\u2714\ufe0fMaterial: Acero inoxidable 316L \u2714\ufe0f Talla 22. \u2714\ufe0fDise\u00f1o: Cabezas de serpientes plateadas \u2714\ufe0fEstilo: Pulsera El\u00e1stica. \ud83d\udcb5\u00a0En la compra de 2 o mas Envi\u00f3 Gratis. \ud83c\uddec\ud83c\uddf9\u00a0Env\u00edos a todo el pais. \ud83d\ude9a\u00a0Pagas al recibir.","_links":{"self":[{"href":"https:\/\/genios-gt.com\/index.php\/wp-json\/wp\/v2\/product\/3838"}],"collection":[{"href":"https:\/\/genios-gt.com\/index.php\/wp-json\/wp\/v2\/product"}],"about":[{"href":"https:\/\/genios-gt.com\/index.php\/wp-json\/wp\/v2\/types\/product"}],"replies":[{"embeddable":true,"href":"https:\/\/genios-gt.com\/index.php\/wp-json\/wp\/v2\/comments?post=3838"}],"wp:featuredmedia":[{"embeddable":true,"href":"https:\/\/genios-gt.com\/index.php\/wp-json\/wp\/v2\/media\/3839"}],"wp:attachment":[{"href":"https:\/\/genios-gt.com\/index.php\/wp-json\/wp\/v2\/media?parent=3838"}],"wp:term":[{"taxonomy":"product_cat","embeddable":true,"href":"https:\/\/genios-gt.com\/index.php\/wp-json\/wp\/v2\/product_cat?post=3838"},{"taxonomy":"product_tag","embeddable":true,"href":"https:\/\/genios-gt.com\/index.php\/wp-json\/wp\/v2\/product_tag?post=3838"}],"curies":[{"name":"wp","href":"https:\/\/api.w.org\/{rel}","templated":true}]}}