{"id":3832,"date":"2024-11-29T12:52:28","date_gmt":"2024-11-29T18:52:28","guid":{"rendered":"https:\/\/genios-gt.com\/?post_type=product&#038;p=3832"},"modified":"2024-12-01T10:15:21","modified_gmt":"2024-12-01T16:15:21","slug":"pulsera-de-lobos-plateados","status":"publish","type":"product","link":"https:\/\/genios-gt.com\/index.php\/producto\/pulsera-de-lobos-plateados\/","title":{"rendered":"PULSERA DE LOBOS PLATEADOS"},"content":{"rendered":"<p><span class=\"AnswerParser_TextContainer__z_Iiv\" data-testid=\"youchat-text\"><strong>Pulsera de Cabezas de Lobos Plateados en Acero 316L con Lazo de Piel Trenzada.<\/strong><\/span><\/p>\n<p><span class=\"AnswerParser_TextContainer__z_Iiv\" data-testid=\"youchat-text\">Esta impresionante pulsera de\u00a0<strong>cabezas de lobos plateados<\/strong>\u00a0est\u00e1 elaborada en\u00a0<strong>acero inoxidable 316L<\/strong>, conocido por su\u00a0<strong>resistencia a la corrosi\u00f3n<\/strong>\u00a0y durabilidad, lo que garantiza que tu accesorio mantenga su brillo y calidad a lo largo del tiempo.<\/span><\/p>\n<p><span class=\"AnswerParser_TextContainer__z_Iiv\" data-testid=\"youchat-text\"> El dise\u00f1o trenzado con\u00a0<strong>lazo de piel entrelazada<\/strong>\u00a0no solo a\u00f1ade un toque de elegancia, sino que tambi\u00e9n proporciona una textura \u00fanica y un estilo distintivo. <strong>Las cabezas de lobo, s\u00edmbolo de lealtad y fuerza,<\/strong> est\u00e1n meticulosamente detalladas, haciendo de esta pulsera una pieza llamativa y significativa. <\/span><\/p>\n<p><span class=\"AnswerParser_TextContainer__z_Iiv\" data-testid=\"youchat-text\">Ideal para cualquier ocasi\u00f3n, esta pulsera combina robustez y sofisticaci\u00f3n, convirti\u00e9ndola en el complemento perfecto para tu estilo.<\/span><\/p>\n","protected":false},"excerpt":{"rendered":"<p>\u2714\ufe0fMaterial: Acero inoxidable<\/p>\n<p>\u2714\ufe0fTalla 19 y Talla 20.<\/p>\n<p>\u2714\ufe0fDise\u00f1o: Cabezas de lobos plateados<\/p>\n<p>\u2714\ufe0fEstilo: Trenzado con lazos de piel genuina.<\/p>\n<p>\ud83d\udcb5\u00a0En la compra de 2 o mas Envi\u00f3 Gratis.<\/p>\n<p>\ud83c\uddec\ud83c\uddf9\u00a0Env\u00edos a todo el pais.<\/p>\n<p>\ud83d\ude9a\u00a0Pagas al recibir.<\/p>\n","protected":false},"featured_media":3834,"comment_status":"open","ping_status":"closed","template":"","meta":{"_uag_custom_page_level_css":""},"product_cat":[57],"product_tag":[],"jetpack_sharing_enabled":true,"uagb_featured_image_src":{"full":["https:\/\/genios-gt.com\/wp-content\/uploads\/2024\/11\/PULSERA-DE-LOBOS-1.jpg",1000,1239,false],"thumbnail":["https:\/\/genios-gt.com\/wp-content\/uploads\/2024\/11\/PULSERA-DE-LOBOS-1-150x150.jpg",150,150,true],"medium":["https:\/\/genios-gt.com\/wp-content\/uploads\/2024\/11\/PULSERA-DE-LOBOS-1-242x300.jpg",242,300,true],"medium_large":["https:\/\/genios-gt.com\/wp-content\/uploads\/2024\/11\/PULSERA-DE-LOBOS-1-768x952.jpg",640,793,true],"large":["https:\/\/genios-gt.com\/wp-content\/uploads\/2024\/11\/PULSERA-DE-LOBOS-1-826x1024.jpg",640,793,true],"1536x1536":["https:\/\/genios-gt.com\/wp-content\/uploads\/2024\/11\/PULSERA-DE-LOBOS-1.jpg",1000,1239,false],"2048x2048":["https:\/\/genios-gt.com\/wp-content\/uploads\/2024\/11\/PULSERA-DE-LOBOS-1.jpg",1000,1239,false],"mailpoet_newsletter_max":["https:\/\/genios-gt.com\/wp-content\/uploads\/2024\/11\/PULSERA-DE-LOBOS-1.jpg",1000,1239,false],"woocommerce_thumbnail":["https:\/\/genios-gt.com\/wp-content\/uploads\/2024\/11\/PULSERA-DE-LOBOS-1-320x396.jpg",320,396,true],"woocommerce_single":["https:\/\/genios-gt.com\/wp-content\/uploads\/2024\/11\/PULSERA-DE-LOBOS-1-600x743.jpg",600,743,true],"woocommerce_gallery_thumbnail":["https:\/\/genios-gt.com\/wp-content\/uploads\/2024\/11\/PULSERA-DE-LOBOS-1-100x100.jpg",100,100,true],"variation_swatches_image_size":["https:\/\/genios-gt.com\/wp-content\/uploads\/2024\/11\/PULSERA-DE-LOBOS-1-50x50.jpg",50,50,true],"variation_swatches_tooltip_size":["https:\/\/genios-gt.com\/wp-content\/uploads\/2024\/11\/PULSERA-DE-LOBOS-1-100x100.jpg",100,100,true],"thaps-thumb-img":["https:\/\/genios-gt.com\/wp-content\/uploads\/2024\/11\/PULSERA-DE-LOBOS-1-48x59.jpg",48,59,true]},"uagb_author_info":{"display_name":"Yemito","author_link":"https:\/\/genios-gt.com\/index.php\/author\/"},"uagb_comment_info":0,"uagb_excerpt":"\u2714\ufe0fMaterial: Acero inoxidable \u2714\ufe0fTalla 19 y Talla 20. \u2714\ufe0fDise\u00f1o: Cabezas de lobos plateados \u2714\ufe0fEstilo: Trenzado con lazos de piel genuina. \ud83d\udcb5\u00a0En la compra de 2 o mas Envi\u00f3 Gratis. \ud83c\uddec\ud83c\uddf9\u00a0Env\u00edos a todo el pais. \ud83d\ude9a\u00a0Pagas al recibir.","_links":{"self":[{"href":"https:\/\/genios-gt.com\/index.php\/wp-json\/wp\/v2\/product\/3832"}],"collection":[{"href":"https:\/\/genios-gt.com\/index.php\/wp-json\/wp\/v2\/product"}],"about":[{"href":"https:\/\/genios-gt.com\/index.php\/wp-json\/wp\/v2\/types\/product"}],"replies":[{"embeddable":true,"href":"https:\/\/genios-gt.com\/index.php\/wp-json\/wp\/v2\/comments?post=3832"}],"wp:featuredmedia":[{"embeddable":true,"href":"https:\/\/genios-gt.com\/index.php\/wp-json\/wp\/v2\/media\/3834"}],"wp:attachment":[{"href":"https:\/\/genios-gt.com\/index.php\/wp-json\/wp\/v2\/media?parent=3832"}],"wp:term":[{"taxonomy":"product_cat","embeddable":true,"href":"https:\/\/genios-gt.com\/index.php\/wp-json\/wp\/v2\/product_cat?post=3832"},{"taxonomy":"product_tag","embeddable":true,"href":"https:\/\/genios-gt.com\/index.php\/wp-json\/wp\/v2\/product_tag?post=3832"}],"curies":[{"name":"wp","href":"https:\/\/api.w.org\/{rel}","templated":true}]}}