{"id":3829,"date":"2024-11-29T12:35:13","date_gmt":"2024-11-29T18:35:13","guid":{"rendered":"https:\/\/genios-gt.com\/?post_type=product&#038;p=3829"},"modified":"2024-12-01T10:39:27","modified_gmt":"2024-12-01T16:39:27","slug":"pulsera-de-leon-y-piel-ajustable-de-resorte","status":"publish","type":"product","link":"https:\/\/genios-gt.com\/index.php\/producto\/pulsera-de-leon-y-piel-ajustable-de-resorte\/","title":{"rendered":"PULSERA DE LEON Y PIEL AJUSTABLE DE RESORTE"},"content":{"rendered":"<p><span class=\"AnswerParser_TextContainer__z_Iiv\" data-testid=\"youchat-text\"><strong>Pulsera de Cabeza de Le\u00f3n Plateado Ajustable en Acero 316L con Lazos de Piel Negros y Resorte de Ajuste.<\/strong><\/span><\/p>\n<p><span class=\"AnswerParser_TextContainer__z_Iiv\" data-testid=\"youchat-text\">Esta elegante pulsera de\u00a0<strong>cabeza de le\u00f3n plateado<\/strong>\u00a0est\u00e1 fabricada en\u00a0<strong>acero inoxidable 316L<\/strong>, conocido por su\u00a0<strong>alta resistencia a la corrosi\u00f3n<\/strong>\u00a0y durabilidad. <\/span><\/p>\n<p><span class=\"AnswerParser_TextContainer__z_Iiv\" data-testid=\"youchat-text\">Los\u00a0<strong>lazos de piel en negro<\/strong>\u00a0a\u00f1aden un toque m\u00e1s elegante y sofisticado, equilibrando perfectamente el dise\u00f1o audaz de la cabeza de le\u00f3n. Adem\u00e1s, cuenta con un\u00a0<strong>resorte en la pulsera<\/strong>, lo que proporciona mayor comodidad en su ajuste y permite que se adapte con facilidad a diversas tallas.<\/span><\/p>\n<p><span class=\"AnswerParser_TextContainer__z_Iiv\" data-testid=\"youchat-text\"> La cabeza de le\u00f3n, s\u00edmbolo de fuerza y valent\u00eda, est\u00e1 meticulosamente elaborada, brindando un acabado brillante. Ideal para uso diario o para ocasiones especiales, esta pulsera combina estilo, versatilidad y un toque de distinci\u00f3n en un solo accesorio.<\/span><\/p>\n","protected":false},"excerpt":{"rendered":"<p>\u2714\ufe0fMaterial: Acero inoxidable<\/p>\n<p>\u2714\ufe0fDise\u00f1o: Cabeza de Le\u00f3n en relieve y piel genuina.<\/p>\n<p>\u2714\ufe0fEstilo: Ajustable<\/p>\n<p>\ud83d\udcb5\u00a0En la compra de 2 o mas Envi\u00f3 Gratis.<\/p>\n<p>\ud83c\uddec\ud83c\uddf9\u00a0Env\u00edos a todo el pais.<\/p>\n<p>\ud83d\ude9a\u00a0Pagas al recibir.<\/p>\n","protected":false},"featured_media":3831,"comment_status":"open","ping_status":"closed","template":"","meta":{"_uag_custom_page_level_css":""},"product_cat":[57],"product_tag":[],"jetpack_sharing_enabled":true,"uagb_featured_image_src":{"full":["https:\/\/genios-gt.com\/wp-content\/uploads\/2024\/11\/PULSERA-DE-LEON.jpg",1000,1239,false],"thumbnail":["https:\/\/genios-gt.com\/wp-content\/uploads\/2024\/11\/PULSERA-DE-LEON-150x150.jpg",150,150,true],"medium":["https:\/\/genios-gt.com\/wp-content\/uploads\/2024\/11\/PULSERA-DE-LEON-242x300.jpg",242,300,true],"medium_large":["https:\/\/genios-gt.com\/wp-content\/uploads\/2024\/11\/PULSERA-DE-LEON-768x952.jpg",640,793,true],"large":["https:\/\/genios-gt.com\/wp-content\/uploads\/2024\/11\/PULSERA-DE-LEON-826x1024.jpg",640,793,true],"1536x1536":["https:\/\/genios-gt.com\/wp-content\/uploads\/2024\/11\/PULSERA-DE-LEON.jpg",1000,1239,false],"2048x2048":["https:\/\/genios-gt.com\/wp-content\/uploads\/2024\/11\/PULSERA-DE-LEON.jpg",1000,1239,false],"mailpoet_newsletter_max":["https:\/\/genios-gt.com\/wp-content\/uploads\/2024\/11\/PULSERA-DE-LEON.jpg",1000,1239,false],"woocommerce_thumbnail":["https:\/\/genios-gt.com\/wp-content\/uploads\/2024\/11\/PULSERA-DE-LEON-320x396.jpg",320,396,true],"woocommerce_single":["https:\/\/genios-gt.com\/wp-content\/uploads\/2024\/11\/PULSERA-DE-LEON-600x743.jpg",600,743,true],"woocommerce_gallery_thumbnail":["https:\/\/genios-gt.com\/wp-content\/uploads\/2024\/11\/PULSERA-DE-LEON-100x100.jpg",100,100,true],"variation_swatches_image_size":["https:\/\/genios-gt.com\/wp-content\/uploads\/2024\/11\/PULSERA-DE-LEON-50x50.jpg",50,50,true],"variation_swatches_tooltip_size":["https:\/\/genios-gt.com\/wp-content\/uploads\/2024\/11\/PULSERA-DE-LEON-100x100.jpg",100,100,true],"thaps-thumb-img":["https:\/\/genios-gt.com\/wp-content\/uploads\/2024\/11\/PULSERA-DE-LEON-48x59.jpg",48,59,true]},"uagb_author_info":{"display_name":"Yemito","author_link":"https:\/\/genios-gt.com\/index.php\/author\/"},"uagb_comment_info":0,"uagb_excerpt":"\u2714\ufe0fMaterial: Acero inoxidable \u2714\ufe0fDise\u00f1o: Cabeza de Le\u00f3n en relieve y piel genuina. \u2714\ufe0fEstilo: Ajustable \ud83d\udcb5\u00a0En la compra de 2 o mas Envi\u00f3 Gratis. \ud83c\uddec\ud83c\uddf9\u00a0Env\u00edos a todo el pais. \ud83d\ude9a\u00a0Pagas al recibir.","_links":{"self":[{"href":"https:\/\/genios-gt.com\/index.php\/wp-json\/wp\/v2\/product\/3829"}],"collection":[{"href":"https:\/\/genios-gt.com\/index.php\/wp-json\/wp\/v2\/product"}],"about":[{"href":"https:\/\/genios-gt.com\/index.php\/wp-json\/wp\/v2\/types\/product"}],"replies":[{"embeddable":true,"href":"https:\/\/genios-gt.com\/index.php\/wp-json\/wp\/v2\/comments?post=3829"}],"wp:featuredmedia":[{"embeddable":true,"href":"https:\/\/genios-gt.com\/index.php\/wp-json\/wp\/v2\/media\/3831"}],"wp:attachment":[{"href":"https:\/\/genios-gt.com\/index.php\/wp-json\/wp\/v2\/media?parent=3829"}],"wp:term":[{"taxonomy":"product_cat","embeddable":true,"href":"https:\/\/genios-gt.com\/index.php\/wp-json\/wp\/v2\/product_cat?post=3829"},{"taxonomy":"product_tag","embeddable":true,"href":"https:\/\/genios-gt.com\/index.php\/wp-json\/wp\/v2\/product_tag?post=3829"}],"curies":[{"name":"wp","href":"https:\/\/api.w.org\/{rel}","templated":true}]}}