{"id":3764,"date":"2024-11-27T16:34:17","date_gmt":"2024-11-27T22:34:17","guid":{"rendered":"https:\/\/genios-gt.com\/?post_type=product&#038;p=3764"},"modified":"2024-11-27T16:34:17","modified_gmt":"2024-11-27T22:34:17","slug":"pulsera-de-roca-volcanica","status":"publish","type":"product","link":"https:\/\/genios-gt.com\/index.php\/producto\/pulsera-de-roca-volcanica\/","title":{"rendered":"PULSERA DE ROCA VOLCANICA"},"content":{"rendered":"<p>\u00a1Descubre el poder de la naturaleza para regular tu metabolismo y lucir fant\u00e1stico!<\/p>\n<p>Nuestros exclusivas pulseras est\u00e1n hechos con piedras naturales de roca volc\u00e1nica y obsidiana.<\/p>\n<p>cada pieza es una obra de arte \u00fanica creada con los m\u00e1s finos materiales org\u00e1nicos seleccionados con sumo cuidado.<\/p>\n<p>Cada una de estas gemas tiene propiedades \u00fanicas que pueden ayudarte a acelerar tu metabolismo y facilitar la p\u00e9rdida de peso, equilibrar tus niveles de energ\u00eda y vitalidad y proteger tu cuerpo de las radiaciones electromagn\u00e9ticas.<\/p>\n<p>Luce elegante y radiante mientras cuides de tu salud con nuestros accesorios 100% naturales.<\/p>\n<p>\u00a1Descubre el poder de la naturaleza hoy mismo!<\/p>\n","protected":false},"excerpt":{"rendered":"<p><span class=\"fe5nidar khvhiq1o r5qsrrlp i5tg98hk f9ovudaz przvwfww gx1rr48f gfz4du6o r7fjleex nz2484kf svot0ezm dcnh1tix sxl192xd t3g6t33p\"><span class=\"mpj7bzys xzlurrtv\">\u2714\ufe0f<\/span><\/span>Material: 100% Piedras Natural, con el mas fino acabado.<\/p>\n<p>\u2714\ufe0fDise\u00f1o: Combinaci\u00f3n de dos elementos<\/p>\n<p>\u2714\ufe0fEstilo: Elegante y Bohemio<\/p>\n<p>\ud83d\udcb5\u00a0En la compra de 2 o mas envi\u00f3 Gratis<\/p>\n<p>\ud83c\uddec\ud83c\uddf9\u00a0Env\u00edos a todo el pais.<\/p>\n<p>\ud83d\ude9a\u00a0Pagas al recibir.<\/p>\n","protected":false},"featured_media":3765,"comment_status":"open","ping_status":"closed","template":"","meta":{"_uag_custom_page_level_css":""},"product_cat":[119],"product_tag":[],"jetpack_sharing_enabled":true,"uagb_featured_image_src":{"full":["https:\/\/genios-gt.com\/wp-content\/uploads\/2024\/11\/ROCA-VOLCANICA-IMAGEN.jpg",1000,1239,false],"thumbnail":["https:\/\/genios-gt.com\/wp-content\/uploads\/2024\/11\/ROCA-VOLCANICA-IMAGEN-150x150.jpg",150,150,true],"medium":["https:\/\/genios-gt.com\/wp-content\/uploads\/2024\/11\/ROCA-VOLCANICA-IMAGEN-242x300.jpg",242,300,true],"medium_large":["https:\/\/genios-gt.com\/wp-content\/uploads\/2024\/11\/ROCA-VOLCANICA-IMAGEN-768x952.jpg",640,793,true],"large":["https:\/\/genios-gt.com\/wp-content\/uploads\/2024\/11\/ROCA-VOLCANICA-IMAGEN-826x1024.jpg",640,793,true],"1536x1536":["https:\/\/genios-gt.com\/wp-content\/uploads\/2024\/11\/ROCA-VOLCANICA-IMAGEN.jpg",1000,1239,false],"2048x2048":["https:\/\/genios-gt.com\/wp-content\/uploads\/2024\/11\/ROCA-VOLCANICA-IMAGEN.jpg",1000,1239,false],"mailpoet_newsletter_max":["https:\/\/genios-gt.com\/wp-content\/uploads\/2024\/11\/ROCA-VOLCANICA-IMAGEN.jpg",1000,1239,false],"woocommerce_thumbnail":["https:\/\/genios-gt.com\/wp-content\/uploads\/2024\/11\/ROCA-VOLCANICA-IMAGEN-320x396.jpg",320,396,true],"woocommerce_single":["https:\/\/genios-gt.com\/wp-content\/uploads\/2024\/11\/ROCA-VOLCANICA-IMAGEN-600x743.jpg",600,743,true],"woocommerce_gallery_thumbnail":["https:\/\/genios-gt.com\/wp-content\/uploads\/2024\/11\/ROCA-VOLCANICA-IMAGEN-100x100.jpg",100,100,true],"variation_swatches_image_size":["https:\/\/genios-gt.com\/wp-content\/uploads\/2024\/11\/ROCA-VOLCANICA-IMAGEN-50x50.jpg",50,50,true],"variation_swatches_tooltip_size":["https:\/\/genios-gt.com\/wp-content\/uploads\/2024\/11\/ROCA-VOLCANICA-IMAGEN-100x100.jpg",100,100,true],"thaps-thumb-img":["https:\/\/genios-gt.com\/wp-content\/uploads\/2024\/11\/ROCA-VOLCANICA-IMAGEN-48x59.jpg",48,59,true]},"uagb_author_info":{"display_name":"Yemito","author_link":"https:\/\/genios-gt.com\/index.php\/author\/"},"uagb_comment_info":0,"uagb_excerpt":"\u2714\ufe0fMaterial: 100% Piedras Natural, con el mas fino acabado. \u2714\ufe0fDise\u00f1o: Combinaci\u00f3n de dos elementos \u2714\ufe0fEstilo: Elegante y Bohemio \ud83d\udcb5\u00a0En la compra de 2 o mas envi\u00f3 Gratis \ud83c\uddec\ud83c\uddf9\u00a0Env\u00edos a todo el pais. \ud83d\ude9a\u00a0Pagas al recibir.","_links":{"self":[{"href":"https:\/\/genios-gt.com\/index.php\/wp-json\/wp\/v2\/product\/3764"}],"collection":[{"href":"https:\/\/genios-gt.com\/index.php\/wp-json\/wp\/v2\/product"}],"about":[{"href":"https:\/\/genios-gt.com\/index.php\/wp-json\/wp\/v2\/types\/product"}],"replies":[{"embeddable":true,"href":"https:\/\/genios-gt.com\/index.php\/wp-json\/wp\/v2\/comments?post=3764"}],"wp:featuredmedia":[{"embeddable":true,"href":"https:\/\/genios-gt.com\/index.php\/wp-json\/wp\/v2\/media\/3765"}],"wp:attachment":[{"href":"https:\/\/genios-gt.com\/index.php\/wp-json\/wp\/v2\/media?parent=3764"}],"wp:term":[{"taxonomy":"product_cat","embeddable":true,"href":"https:\/\/genios-gt.com\/index.php\/wp-json\/wp\/v2\/product_cat?post=3764"},{"taxonomy":"product_tag","embeddable":true,"href":"https:\/\/genios-gt.com\/index.php\/wp-json\/wp\/v2\/product_tag?post=3764"}],"curies":[{"name":"wp","href":"https:\/\/api.w.org\/{rel}","templated":true}]}}