{"id":3529,"date":"2024-08-22T11:21:40","date_gmt":"2024-08-22T17:21:40","guid":{"rendered":"https:\/\/genios-gt.com\/?post_type=product&#038;p=3529"},"modified":"2025-11-30T08:51:26","modified_gmt":"2025-11-30T14:51:26","slug":"reloj-de-macho-alfa-autentica-piel","status":"publish","type":"product","link":"https:\/\/genios-gt.com\/index.php\/producto\/reloj-de-macho-alfa-autentica-piel\/","title":{"rendered":"RELOJ PULSERA DE PIEL ESTILO VAQUERO  G082 \/ G083"},"content":{"rendered":"<p>video reloj Curren doble pulsera negro<\/p>\n<p><a href=\"https:\/\/www.youtube.com\/watch?v=XSJCaLBuN3Y\">https:\/\/www.youtube.com\/watch?v=XSJCaLBuN3Y<\/a><\/p>\n<p>\u00a0<\/p>\n<p>video reloj Curren doble pulsera negro<\/p>\n<p><a href=\"https:\/\/www.youtube.com\/watch?v=QHa9FxY5Nk8\">https:\/\/www.youtube.com\/watch?v=QHa9FxY5Nk8<\/a><\/p>\n<p>\u00a0<\/p>\n<p>\ud83d\udd25 Reloj de doble pulsera de aut\u00e9ntica piel \ud83d\udd25<br \/>\nDise\u00f1ado para el vaquero moderno que aprecia el estilo rudo y aut\u00e9ntico.<\/p>\n<p>Confeccionado en cuero genuino, este reloj no solo marca el tiempo, marca car\u00e1cter. Su doble correa le da un toque fuerte y varonil, ideal para quien vive con pasi\u00f3n el esp\u00edritu del oeste.<\/p>\n<p>Perfecto para combinar con botas, sombrero y actitud.<br \/>\n\u23f1\ufe0f \u00a1Luce como un verdadero vaquero, con elegancia y personalidad! \ud83e\udd20<\/p>\n","protected":false},"excerpt":{"rendered":"<p>\u2714\ufe0fMaterial: Acero Inoxidable y Doble\u00a0 pulsera de Piel Autentica.<\/p>\n<p>\u2714\ufe0fDise\u00f1o: Robusto Elegante.<\/p>\n<p>\u2714\ufe0fEstilo: Vaquero.<\/p>\n<p>\ud83d\udcb5\u00a0En la compra de 2 o mas obt\u00e9n un descuento especial<\/p>\n<p>\ud83c\uddec\ud83c\uddf9\u00a0Env\u00edos a todo el pais.<\/p>\n<p>\ud83d\ude9a\u00a0Pagas al recibir<\/p>\n","protected":false},"featured_media":4423,"comment_status":"open","ping_status":"closed","template":"","meta":{"_uag_custom_page_level_css":""},"product_cat":[38],"product_tag":[],"jetpack_sharing_enabled":true,"uagb_featured_image_src":{"full":["https:\/\/genios-gt.com\/wp-content\/uploads\/2024\/08\/RELOJ-PULSERA-DE-PIEL-CAFE-1-scaled.jpg",2560,2560,false],"thumbnail":["https:\/\/genios-gt.com\/wp-content\/uploads\/2024\/08\/RELOJ-PULSERA-DE-PIEL-CAFE-1-150x150.jpg",150,150,true],"medium":["https:\/\/genios-gt.com\/wp-content\/uploads\/2024\/08\/RELOJ-PULSERA-DE-PIEL-CAFE-1-300x300.jpg",300,300,true],"medium_large":["https:\/\/genios-gt.com\/wp-content\/uploads\/2024\/08\/RELOJ-PULSERA-DE-PIEL-CAFE-1-768x768.jpg",640,640,true],"large":["https:\/\/genios-gt.com\/wp-content\/uploads\/2024\/08\/RELOJ-PULSERA-DE-PIEL-CAFE-1-1024x1024.jpg",640,640,true],"1536x1536":["https:\/\/genios-gt.com\/wp-content\/uploads\/2024\/08\/RELOJ-PULSERA-DE-PIEL-CAFE-1-1536x1536.jpg",1536,1536,true],"2048x2048":["https:\/\/genios-gt.com\/wp-content\/uploads\/2024\/08\/RELOJ-PULSERA-DE-PIEL-CAFE-1-2048x2048.jpg",2048,2048,true],"mailpoet_newsletter_max":["https:\/\/genios-gt.com\/wp-content\/uploads\/2024\/08\/RELOJ-PULSERA-DE-PIEL-CAFE-1-1320x1320.jpg",1320,1320,true],"woocommerce_thumbnail":["https:\/\/genios-gt.com\/wp-content\/uploads\/2024\/08\/RELOJ-PULSERA-DE-PIEL-CAFE-1-320x320.jpg",320,320,true],"woocommerce_single":["https:\/\/genios-gt.com\/wp-content\/uploads\/2024\/08\/RELOJ-PULSERA-DE-PIEL-CAFE-1-600x600.jpg",600,600,true],"woocommerce_gallery_thumbnail":["https:\/\/genios-gt.com\/wp-content\/uploads\/2024\/08\/RELOJ-PULSERA-DE-PIEL-CAFE-1-100x100.jpg",100,100,true],"variation_swatches_image_size":["https:\/\/genios-gt.com\/wp-content\/uploads\/2024\/08\/RELOJ-PULSERA-DE-PIEL-CAFE-1-50x50.jpg",50,50,true],"variation_swatches_tooltip_size":["https:\/\/genios-gt.com\/wp-content\/uploads\/2024\/08\/RELOJ-PULSERA-DE-PIEL-CAFE-1-100x100.jpg",100,100,true],"thaps-thumb-img":["https:\/\/genios-gt.com\/wp-content\/uploads\/2024\/08\/RELOJ-PULSERA-DE-PIEL-CAFE-1-48x48.jpg",48,48,true]},"uagb_author_info":{"display_name":"Yemito","author_link":"https:\/\/genios-gt.com\/index.php\/author\/"},"uagb_comment_info":0,"uagb_excerpt":"\u2714\ufe0fMaterial: Acero Inoxidable y Doble\u00a0 pulsera de Piel Autentica. \u2714\ufe0fDise\u00f1o: Robusto Elegante. \u2714\ufe0fEstilo: Vaquero. \ud83d\udcb5\u00a0En la compra de 2 o mas obt\u00e9n un descuento especial \ud83c\uddec\ud83c\uddf9\u00a0Env\u00edos a todo el pais. \ud83d\ude9a\u00a0Pagas al recibir","_links":{"self":[{"href":"https:\/\/genios-gt.com\/index.php\/wp-json\/wp\/v2\/product\/3529"}],"collection":[{"href":"https:\/\/genios-gt.com\/index.php\/wp-json\/wp\/v2\/product"}],"about":[{"href":"https:\/\/genios-gt.com\/index.php\/wp-json\/wp\/v2\/types\/product"}],"replies":[{"embeddable":true,"href":"https:\/\/genios-gt.com\/index.php\/wp-json\/wp\/v2\/comments?post=3529"}],"wp:featuredmedia":[{"embeddable":true,"href":"https:\/\/genios-gt.com\/index.php\/wp-json\/wp\/v2\/media\/4423"}],"wp:attachment":[{"href":"https:\/\/genios-gt.com\/index.php\/wp-json\/wp\/v2\/media?parent=3529"}],"wp:term":[{"taxonomy":"product_cat","embeddable":true,"href":"https:\/\/genios-gt.com\/index.php\/wp-json\/wp\/v2\/product_cat?post=3529"},{"taxonomy":"product_tag","embeddable":true,"href":"https:\/\/genios-gt.com\/index.php\/wp-json\/wp\/v2\/product_tag?post=3529"}],"curies":[{"name":"wp","href":"https:\/\/api.w.org\/{rel}","templated":true}]}}