{"id":3489,"date":"2024-08-12T10:27:15","date_gmt":"2024-08-12T16:27:15","guid":{"rendered":"https:\/\/genios-gt.com\/?post_type=product&#038;p=3489"},"modified":"2024-10-28T23:43:54","modified_gmt":"2024-10-29T05:43:54","slug":"oido","status":"publish","type":"product","link":"https:\/\/genios-gt.com\/index.php\/producto\/oido\/","title":{"rendered":"LIMPIADOR DE OIDOS DIGITAL G85"},"content":{"rendered":"<div class=\"expand-collapse-header flex justify-between items-center w-100\">\n<p><iframe loading=\"lazy\" title=\"LIMPIADOR DE OIDO -ESTETOSCOPIA DIGITAL\" width=\"640\" height=\"480\" src=\"https:\/\/www.youtube.com\/embed\/PpM-K4Kj-Uc?feature=oembed\" frameborder=\"0\" allow=\"accelerometer; autoplay; clipboard-write; encrypted-media; gyroscope; picture-in-picture; web-share\" referrerpolicy=\"strict-origin-when-cross-origin\" allowfullscreen><\/iframe><\/p>\n<h3 aria-hidden=\"false\">\ud835\uddd8\ud835\uddf9 \ud835\uddf0\ud835\ude02\ud835\uddf6\ud835\uddf1\ud835\uddee\ud835\uddf1\ud835\uddfc \ud835\uddf1\ud835\uddf2 \ud835\ude01\ud835\ude02 \ud835\ude00\ud835\uddee\ud835\uddf9\ud835\ude02\ud835\uddf1 \ud835\uddf2\ud835\ude00 \ud835\uddf9\ud835\uddfc \ud835\uddfa\ud835\uddee\u0301\ud835\ude00 \ud835\uddf6\ud835\uddfa\ud835\uddfd\ud835\uddfc\ud835\uddff\ud835\ude01\ud835\uddee\ud835\uddfb\ud835\ude01\ud835\uddf2<\/h3>\n<div class=\"xdj266r x11i5rnm xat24cr x1mh8g0r x1vvkbs x126k92a\">\n<div dir=\"auto\">Este aparato con c\u00e1mara es especial para la limpieza y el cuidado de los o\u00eddos.<\/div>\n<\/div>\n<div class=\"x11i5rnm xat24cr x1mh8g0r x1vvkbs xtlvy1s x126k92a\">\n<div dir=\"auto\">Su potente microc\u00e1mara con luz led permite visualizar el interior del o\u00eddo, adem\u00e1s de incluir un juego de cucharitas para extraer la suciedad.<\/div>\n<\/div>\n<div class=\"x11i5rnm xat24cr x1mh8g0r x1vvkbs xtlvy1s x126k92a\">\n<div dir=\"auto\">Muy utilizado y recomendado por especialistas m\u00e9dicos.<\/div>\n<div dir=\"auto\"><\/div>\n<\/div>\n<div class=\"x11i5rnm xat24cr x1mh8g0r x1vvkbs xtlvy1s x126k92a\">\n<div dir=\"auto\">\ud835\udc04\ud835\udc2c \ud835\udfcf\ud835\udfce\ud835\udfce % \ud835\udc28\ud835\udc2b\ud835\udc22\ud835\udc20\ud835\udc22\ud835\udc27\ud835\udc1a\ud835\udc25.<\/div>\n<div dir=\"auto\">\u2014<\/div>\n<div dir=\"auto\"><span class=\"html-span xexx8yu x4uap5 x18d9i69 xkhd6sd x1hl2dhg x16tdsg8 x1vvkbs x3nfvp2 x1j61x8r x1fcty0u xdj266r xat24cr xgzva0m xhhsvwb xxymvpz xlup9mm x1kky2od\"><img loading=\"lazy\" decoding=\"async\" class=\"xz74otr\" src=\"https:\/\/static.xx.fbcdn.net\/images\/emoji.php\/v9\/tf3\/1\/16\/1f539.png\" alt=\"\ud83d\udd39\" width=\"16\" height=\"16\" \/><\/span>Podr\u00e1s vincular a cualquier tel\u00e9fono m\u00f3vil para utilizar su c\u00e1mara.<\/div>\n<div dir=\"auto\"><span class=\"html-span xexx8yu x4uap5 x18d9i69 xkhd6sd x1hl2dhg x16tdsg8 x1vvkbs x3nfvp2 x1j61x8r x1fcty0u xdj266r xat24cr xgzva0m xhhsvwb xxymvpz xlup9mm x1kky2od\"><img loading=\"lazy\" decoding=\"async\" class=\"xz74otr\" src=\"https:\/\/static.xx.fbcdn.net\/images\/emoji.php\/v9\/tf3\/1\/16\/1f539.png\" alt=\"\ud83d\udd39\" width=\"16\" height=\"16\" \/><\/span>Graba video y tomar fotograf\u00edas.<\/div>\n<div dir=\"auto\"><span class=\"html-span xexx8yu x4uap5 x18d9i69 xkhd6sd x1hl2dhg x16tdsg8 x1vvkbs x3nfvp2 x1j61x8r x1fcty0u xdj266r xat24cr xgzva0m xhhsvwb xxymvpz xlup9mm x1kky2od\"><img loading=\"lazy\" decoding=\"async\" class=\"xz74otr\" src=\"https:\/\/static.xx.fbcdn.net\/images\/emoji.php\/v9\/tf3\/1\/16\/1f539.png\" alt=\"\ud83d\udd39\" width=\"16\" height=\"16\" \/><\/span>Es impermeable<\/div>\n<div dir=\"auto\"><span class=\"html-span xexx8yu x4uap5 x18d9i69 xkhd6sd x1hl2dhg x16tdsg8 x1vvkbs x3nfvp2 x1j61x8r x1fcty0u xdj266r xat24cr xgzva0m xhhsvwb xxymvpz xlup9mm x1kky2od\"><img loading=\"lazy\" decoding=\"async\" class=\"xz74otr\" src=\"https:\/\/static.xx.fbcdn.net\/images\/emoji.php\/v9\/tf3\/1\/16\/1f539.png\" alt=\"\ud83d\udd39\" width=\"16\" height=\"16\" \/><\/span>Chip WIFI avanzado para una conexi\u00f3n visual WiFi r\u00e1pida y una se\u00f1al WiFi fuerte que evita demoras.<\/div>\n<div dir=\"auto\"><span class=\"html-span xexx8yu x4uap5 x18d9i69 xkhd6sd x1hl2dhg x16tdsg8 x1vvkbs x3nfvp2 x1j61x8r x1fcty0u xdj266r xat24cr xgzva0m xhhsvwb xxymvpz xlup9mm x1kky2od\"><img loading=\"lazy\" decoding=\"async\" class=\"xz74otr\" src=\"https:\/\/static.xx.fbcdn.net\/images\/emoji.php\/v9\/tf3\/1\/16\/1f539.png\" alt=\"\ud83d\udd39\" width=\"16\" height=\"16\" \/><\/span>Usa lentes \u00f3pticos y una c\u00e1mara de alto rendimiento de 3,5 mm y 8MP<\/div>\n<div dir=\"auto\"><span class=\"html-span xexx8yu x4uap5 x18d9i69 xkhd6sd x1hl2dhg x16tdsg8 x1vvkbs x3nfvp2 x1j61x8r x1fcty0u xdj266r xat24cr xgzva0m xhhsvwb xxymvpz xlup9mm x1kky2od\"><img loading=\"lazy\" decoding=\"async\" class=\"xz74otr\" src=\"https:\/\/static.xx.fbcdn.net\/images\/emoji.php\/v9\/tf3\/1\/16\/1f539.png\" alt=\"\ud83d\udd39\" width=\"16\" height=\"16\" \/><\/span>Bater\u00eda recargable incorporada de 180 mAh para un uso prolongado<\/div>\n<div dir=\"auto\"><span class=\"html-span xexx8yu x4uap5 x18d9i69 xkhd6sd x1hl2dhg x16tdsg8 x1vvkbs x3nfvp2 x1j61x8r x1fcty0u xdj266r xat24cr xgzva0m xhhsvwb xxymvpz xlup9mm x1kky2od\"><img loading=\"lazy\" decoding=\"async\" class=\"xz74otr\" src=\"https:\/\/static.xx.fbcdn.net\/images\/emoji.php\/v9\/tf3\/1\/16\/1f539.png\" alt=\"\ud83d\udd39\" width=\"16\" height=\"16\" \/><\/span> Orientaci\u00f3n inteligente de 6 ejes<\/div>\n<div dir=\"auto\"><span class=\"html-span xexx8yu x4uap5 x18d9i69 xkhd6sd x1hl2dhg x16tdsg8 x1vvkbs x3nfvp2 x1j61x8r x1fcty0u xdj266r xat24cr xgzva0m xhhsvwb xxymvpz xlup9mm x1kky2od\"><img loading=\"lazy\" decoding=\"async\" class=\"xz74otr\" src=\"https:\/\/static.xx.fbcdn.net\/images\/emoji.php\/v9\/tf3\/1\/16\/1f539.png\" alt=\"\ud83d\udd39\" width=\"16\" height=\"16\" \/><\/span>El chip inteligente de control de temperatura hace que tenga la misma temperatura que el cuerpo humano, evita quemarte las orejas<\/div>\n<div dir=\"auto\"><span class=\"html-span xexx8yu x4uap5 x18d9i69 xkhd6sd x1hl2dhg x16tdsg8 x1vvkbs x3nfvp2 x1j61x8r x1fcty0u xdj266r xat24cr xgzva0m xhhsvwb xxymvpz xlup9mm x1kky2od\"><img loading=\"lazy\" decoding=\"async\" class=\"xz74otr\" src=\"https:\/\/static.xx.fbcdn.net\/images\/emoji.php\/v9\/tf3\/1\/16\/1f539.png\" alt=\"\ud83d\udd39\" width=\"16\" height=\"16\" \/><\/span>La luz LED le permite una vista clara y brillante, evitando que la vista se vea borrosa y resulte en la limpieza de su o\u00eddo a ciegas.<\/div>\n<div dir=\"auto\"><span class=\"html-span xexx8yu x4uap5 x18d9i69 xkhd6sd x1hl2dhg x16tdsg8 x1vvkbs x3nfvp2 x1j61x8r x1fcty0u xdj266r xat24cr xgzva0m xhhsvwb xxymvpz xlup9mm x1kky2od\"><img loading=\"lazy\" decoding=\"async\" class=\"xz74otr\" src=\"https:\/\/static.xx.fbcdn.net\/images\/emoji.php\/v9\/tf3\/1\/16\/1f539.png\" alt=\"\ud83d\udd39\" width=\"16\" height=\"16\" \/><\/span>Universal para tel\u00e9fonos iOS y Android<\/div>\n<div dir=\"auto\"><span class=\"html-span xexx8yu x4uap5 x18d9i69 xkhd6sd x1hl2dhg x16tdsg8 x1vvkbs x3nfvp2 x1j61x8r x1fcty0u xdj266r xat24cr xgzva0m xhhsvwb xxymvpz xlup9mm x1kky2od\"><img loading=\"lazy\" decoding=\"async\" class=\"xz74otr\" src=\"https:\/\/static.xx.fbcdn.net\/images\/emoji.php\/v9\/tf3\/1\/16\/1f539.png\" alt=\"\ud83d\udd39\" width=\"16\" height=\"16\" \/> <\/span>Material: Pl\u00e1stico resistente y acero inoxidable.<\/div>\n<div dir=\"auto\">\u2014<\/div>\n<\/div>\n<\/div>\n<div class=\"w_zz0G expand-collapse-content\" data-testid=\"ui-collapse-panel\">\n<div class=\"ph3 pb4 pt1\">\n<div class=\"nb3\" data-testid=\"product-description-content\">\n<div class=\"mb3\">\n<div class=\"dangerous-html mb3\">\n<ul>\n<li><strong>\u00a0C\u00f3mo usar<\/strong><\/li>\n<li>1. Saca el palo y abre su tapa.<\/li>\n<li>(Retire la cubierta antes de la conexi\u00f3n Wi-Fi).<\/li>\n<li>2. Escanee el c\u00f3digo QR en el manual para descargar la aplicaci\u00f3n Bebird<\/li>\n<li>(O descargue la aplicaci\u00f3n en Google Play\/App Store)<\/li>\n<li>3. Encienda el Wi-Fi de su tel\u00e9fono, con\u00e9ctelo y comience a usarlo.<\/li>\n<li>Nombre de Wi-Fi: bebird-XXXX<\/li>\n<li>(El Wi-Fi se conectar\u00e1 autom\u00e1ticamente despu\u00e9s de la primera conexi\u00f3n exitosa<\/li>\n<\/ul>\n<p>\u2013<\/p>\n<ul>\n<li><strong>Nota:<\/strong><\/li>\n<li>* La duraci\u00f3n real de la bater\u00eda puede diferir debido a la frecuencia de uso.<\/li>\n<li>* No lo use para el beb\u00e9.<\/li>\n<li>El uso real puede ser ligeramente diferente dependiendo de la situaci\u00f3n espec\u00edfica<\/li>\n<li>El color del elemento que se muestra en las fotos puede mostrarse ligeramente diferente en el monitor de su computadora, ya que los monitores no est\u00e1n calibrados de la misma manera.<\/li>\n<li><strong>Lista de paquetes:<\/strong><\/li>\n<li>1 * Otoscopio bebird R1+S<\/li>\n<li>1 * micro cable USB<\/li>\n<li>1 * Manual<\/li>\n<li>3 * Cucharitas removedores de cera<\/li>\n<\/ul>\n<\/div>\n<\/div>\n<\/div>\n<\/div>\n<\/div>\n","protected":false},"excerpt":{"rendered":"<p><span class=\"x3nfvp2 x1j61x8r x1fcty0u xdj266r xhhsvwb xat24cr xgzva0m xxymvpz xlup9mm x1kky2od\"><img loading=\"lazy\" decoding=\"async\" src=\"https:\/\/static.xx.fbcdn.net\/images\/emoji.php\/v9\/t51\/1\/16\/2714.png\" alt=\"\u2714\ufe0f\" width=\"16\" height=\"16\" \/><\/span>Precio oferta unidad: Q135<br \/>\n<span class=\"x3nfvp2 x1j61x8r x1fcty0u xdj266r xhhsvwb xat24cr xgzva0m xxymvpz xlup9mm x1kky2od\"><img loading=\"lazy\" decoding=\"async\" src=\"https:\/\/static.xx.fbcdn.net\/images\/emoji.php\/v9\/t51\/1\/16\/2714.png\" alt=\"\u2714\ufe0f\" width=\"16\" height=\"16\" \/>PRECIO DE LIQUIDACI\u00d3N!<\/span><\/p>\n<p>\ud83c\uddec\ud83c\uddf9\u00a0Enviamos a toda Guatemala!<\/p>\n<p><span class=\"x19la9d6 x1fc57z9 x6ikm8r x10wlt62 x19co3pv x1g5zs5t xfibh0p xiy17q3 x1xsqp64 x1lkfr7t xexx8yu x4uap5 x18d9i69 xkhd6sd\"><span class=\"xrtxmta x1bhl96m\">\ud83d\ude9b<\/span><\/span>Costo de envio Q35<br \/>\n\ud83d\udce6\u00a0Pagas al recibir!\u00a0\ud83d\udcb6<\/p>\n","protected":false},"featured_media":3511,"comment_status":"open","ping_status":"closed","template":"","meta":{"_uag_custom_page_level_css":""},"product_cat":[19],"product_tag":[],"jetpack_sharing_enabled":true,"uagb_featured_image_src":{"full":["https:\/\/genios-gt.com\/wp-content\/uploads\/2024\/08\/oido22.jpg",1000,1239,false],"thumbnail":["https:\/\/genios-gt.com\/wp-content\/uploads\/2024\/08\/oido22-150x150.jpg",150,150,true],"medium":["https:\/\/genios-gt.com\/wp-content\/uploads\/2024\/08\/oido22-242x300.jpg",242,300,true],"medium_large":["https:\/\/genios-gt.com\/wp-content\/uploads\/2024\/08\/oido22-768x952.jpg",640,793,true],"large":["https:\/\/genios-gt.com\/wp-content\/uploads\/2024\/08\/oido22-826x1024.jpg",640,793,true],"1536x1536":["https:\/\/genios-gt.com\/wp-content\/uploads\/2024\/08\/oido22.jpg",1000,1239,false],"2048x2048":["https:\/\/genios-gt.com\/wp-content\/uploads\/2024\/08\/oido22.jpg",1000,1239,false],"mailpoet_newsletter_max":["https:\/\/genios-gt.com\/wp-content\/uploads\/2024\/08\/oido22.jpg",1000,1239,false],"woocommerce_thumbnail":["https:\/\/genios-gt.com\/wp-content\/uploads\/2024\/08\/oido22-320x396.jpg",320,396,true],"woocommerce_single":["https:\/\/genios-gt.com\/wp-content\/uploads\/2024\/08\/oido22-600x743.jpg",600,743,true],"woocommerce_gallery_thumbnail":["https:\/\/genios-gt.com\/wp-content\/uploads\/2024\/08\/oido22-100x100.jpg",100,100,true],"variation_swatches_image_size":["https:\/\/genios-gt.com\/wp-content\/uploads\/2024\/08\/oido22-50x50.jpg",50,50,true],"variation_swatches_tooltip_size":["https:\/\/genios-gt.com\/wp-content\/uploads\/2024\/08\/oido22-100x100.jpg",100,100,true],"thaps-thumb-img":["https:\/\/genios-gt.com\/wp-content\/uploads\/2024\/08\/oido22-48x59.jpg",48,59,true]},"uagb_author_info":{"display_name":"Yemito","author_link":"https:\/\/genios-gt.com\/index.php\/author\/"},"uagb_comment_info":1,"uagb_excerpt":"Precio oferta unidad: Q135 PRECIO DE LIQUIDACI\u00d3N! \ud83c\uddec\ud83c\uddf9\u00a0Enviamos a toda Guatemala! \ud83d\ude9bCosto de envio Q35 \ud83d\udce6\u00a0Pagas al recibir!\u00a0\ud83d\udcb6","_links":{"self":[{"href":"https:\/\/genios-gt.com\/index.php\/wp-json\/wp\/v2\/product\/3489"}],"collection":[{"href":"https:\/\/genios-gt.com\/index.php\/wp-json\/wp\/v2\/product"}],"about":[{"href":"https:\/\/genios-gt.com\/index.php\/wp-json\/wp\/v2\/types\/product"}],"replies":[{"embeddable":true,"href":"https:\/\/genios-gt.com\/index.php\/wp-json\/wp\/v2\/comments?post=3489"}],"wp:featuredmedia":[{"embeddable":true,"href":"https:\/\/genios-gt.com\/index.php\/wp-json\/wp\/v2\/media\/3511"}],"wp:attachment":[{"href":"https:\/\/genios-gt.com\/index.php\/wp-json\/wp\/v2\/media?parent=3489"}],"wp:term":[{"taxonomy":"product_cat","embeddable":true,"href":"https:\/\/genios-gt.com\/index.php\/wp-json\/wp\/v2\/product_cat?post=3489"},{"taxonomy":"product_tag","embeddable":true,"href":"https:\/\/genios-gt.com\/index.php\/wp-json\/wp\/v2\/product_tag?post=3489"}],"curies":[{"name":"wp","href":"https:\/\/api.w.org\/{rel}","templated":true}]}}