{"id":3410,"date":"2024-06-29T15:12:17","date_gmt":"2024-06-29T21:12:17","guid":{"rendered":"https:\/\/genios-gt.com\/?post_type=product&#038;p=3410"},"modified":"2025-11-30T13:19:09","modified_gmt":"2025-11-30T19:19:09","slug":"reloj-a-corazon-abierto-cuadrado","status":"publish","type":"product","link":"https:\/\/genios-gt.com\/index.php\/producto\/reloj-a-corazon-abierto-cuadrado\/","title":{"rendered":"RELOJ CORAZON ABIERTO NEGRO ACERO TOTAL G076"},"content":{"rendered":"<p>\ud83d\udd70\ufe0f RELOJ VIAJERO DEL TIEMPO<br \/>\nUn dise\u00f1o \u00fanico que mezcla elegancia futurista con un toque cl\u00e1sico.<\/p>\n<p>\u2714\ufe0f 100% acero inoxidable en caja y pulsera<br \/>\n\u2714\ufe0f Mecanismo visible estilo esqueleto<br \/>\n\u2714\ufe0f Producto de importaci\u00f3n<br \/>\n\u2714\ufe0f Ideal para quienes marcan la diferencia con su estilo<\/p>\n<p>C\u00f3digo: G076<\/p>\n<p>\ud83d\udcac M\u00e1s info o pedidos:<br \/>\n\ud83d\udcf2 WhatsApp 5814-4154<br \/>\n\ud83c\udf10 www.genios-gt.com<br \/>\n\ud83d\ude9a Pago contra entrega disponible<\/p>\n","protected":false},"excerpt":{"rendered":"<p>\u2714\ufe0fMaterial: Reloj y pulsera de Acero Inoxidable<\/p>\n<p>\u2714\ufe0fDise\u00f1o: Autom\u00e1tico.<\/p>\n<p>\u2714\ufe0fEstilo: Coraz\u00f3n Abierto Cuadrado.<\/p>\n<p>\ud83d\udcb5\u00a0En la compra de 2 o mas obt\u00e9n un descuento especial<\/p>\n<p>\ud83c\uddec\ud83c\uddf9\u00a0Env\u00edos a todo el pais.<\/p>\n<p>\ud83d\ude9a\u00a0Pagas al recibir<\/p>\n","protected":false},"featured_media":4431,"comment_status":"open","ping_status":"closed","template":"","meta":{"_uag_custom_page_level_css":""},"product_cat":[38],"product_tag":[],"jetpack_sharing_enabled":true,"uagb_featured_image_src":{"full":["https:\/\/genios-gt.com\/wp-content\/uploads\/2024\/06\/RELOJ-VIAJERO-DEL-TIEMPO-CUADRADO-scaled.jpg",2560,2560,false],"thumbnail":["https:\/\/genios-gt.com\/wp-content\/uploads\/2024\/06\/RELOJ-VIAJERO-DEL-TIEMPO-CUADRADO-150x150.jpg",150,150,true],"medium":["https:\/\/genios-gt.com\/wp-content\/uploads\/2024\/06\/RELOJ-VIAJERO-DEL-TIEMPO-CUADRADO-300x300.jpg",300,300,true],"medium_large":["https:\/\/genios-gt.com\/wp-content\/uploads\/2024\/06\/RELOJ-VIAJERO-DEL-TIEMPO-CUADRADO-768x768.jpg",640,640,true],"large":["https:\/\/genios-gt.com\/wp-content\/uploads\/2024\/06\/RELOJ-VIAJERO-DEL-TIEMPO-CUADRADO-1024x1024.jpg",640,640,true],"1536x1536":["https:\/\/genios-gt.com\/wp-content\/uploads\/2024\/06\/RELOJ-VIAJERO-DEL-TIEMPO-CUADRADO-1536x1536.jpg",1536,1536,true],"2048x2048":["https:\/\/genios-gt.com\/wp-content\/uploads\/2024\/06\/RELOJ-VIAJERO-DEL-TIEMPO-CUADRADO-2048x2048.jpg",2048,2048,true],"mailpoet_newsletter_max":["https:\/\/genios-gt.com\/wp-content\/uploads\/2024\/06\/RELOJ-VIAJERO-DEL-TIEMPO-CUADRADO-1320x1320.jpg",1320,1320,true],"woocommerce_thumbnail":["https:\/\/genios-gt.com\/wp-content\/uploads\/2024\/06\/RELOJ-VIAJERO-DEL-TIEMPO-CUADRADO-320x320.jpg",320,320,true],"woocommerce_single":["https:\/\/genios-gt.com\/wp-content\/uploads\/2024\/06\/RELOJ-VIAJERO-DEL-TIEMPO-CUADRADO-600x600.jpg",600,600,true],"woocommerce_gallery_thumbnail":["https:\/\/genios-gt.com\/wp-content\/uploads\/2024\/06\/RELOJ-VIAJERO-DEL-TIEMPO-CUADRADO-100x100.jpg",100,100,true],"variation_swatches_image_size":["https:\/\/genios-gt.com\/wp-content\/uploads\/2024\/06\/RELOJ-VIAJERO-DEL-TIEMPO-CUADRADO-50x50.jpg",50,50,true],"variation_swatches_tooltip_size":["https:\/\/genios-gt.com\/wp-content\/uploads\/2024\/06\/RELOJ-VIAJERO-DEL-TIEMPO-CUADRADO-100x100.jpg",100,100,true],"thaps-thumb-img":["https:\/\/genios-gt.com\/wp-content\/uploads\/2024\/06\/RELOJ-VIAJERO-DEL-TIEMPO-CUADRADO-48x48.jpg",48,48,true]},"uagb_author_info":{"display_name":"Yemito","author_link":"https:\/\/genios-gt.com\/index.php\/author\/"},"uagb_comment_info":0,"uagb_excerpt":"\u2714\ufe0fMaterial: Reloj y pulsera de Acero Inoxidable \u2714\ufe0fDise\u00f1o: Autom\u00e1tico. \u2714\ufe0fEstilo: Coraz\u00f3n Abierto Cuadrado. \ud83d\udcb5\u00a0En la compra de 2 o mas obt\u00e9n un descuento especial \ud83c\uddec\ud83c\uddf9\u00a0Env\u00edos a todo el pais. \ud83d\ude9a\u00a0Pagas al recibir","_links":{"self":[{"href":"https:\/\/genios-gt.com\/index.php\/wp-json\/wp\/v2\/product\/3410"}],"collection":[{"href":"https:\/\/genios-gt.com\/index.php\/wp-json\/wp\/v2\/product"}],"about":[{"href":"https:\/\/genios-gt.com\/index.php\/wp-json\/wp\/v2\/types\/product"}],"replies":[{"embeddable":true,"href":"https:\/\/genios-gt.com\/index.php\/wp-json\/wp\/v2\/comments?post=3410"}],"wp:featuredmedia":[{"embeddable":true,"href":"https:\/\/genios-gt.com\/index.php\/wp-json\/wp\/v2\/media\/4431"}],"wp:attachment":[{"href":"https:\/\/genios-gt.com\/index.php\/wp-json\/wp\/v2\/media?parent=3410"}],"wp:term":[{"taxonomy":"product_cat","embeddable":true,"href":"https:\/\/genios-gt.com\/index.php\/wp-json\/wp\/v2\/product_cat?post=3410"},{"taxonomy":"product_tag","embeddable":true,"href":"https:\/\/genios-gt.com\/index.php\/wp-json\/wp\/v2\/product_tag?post=3410"}],"curies":[{"name":"wp","href":"https:\/\/api.w.org\/{rel}","templated":true}]}}