{"id":3357,"date":"2024-06-14T17:36:16","date_gmt":"2024-06-14T23:36:16","guid":{"rendered":"https:\/\/genios-gt.com\/?post_type=product&#038;p=3357"},"modified":"2024-12-10T16:20:11","modified_gmt":"2024-12-10T22:20:11","slug":"anillo-corona-de-rey-labrado","status":"publish","type":"product","link":"https:\/\/genios-gt.com\/index.php\/producto\/anillo-corona-de-rey-labrado\/","title":{"rendered":"ANILLO DE REY LABRADO PLATA Y ORO  G1"},"content":{"rendered":"<div class=\"flex-shrink-0 flex flex-col relative items-end\">\n<div>\n<div class=\"pt-0\">\n<div class=\"gizmo-bot-avatar flex h-8 w-8 items-center justify-center overflow-hidden rounded-full\">\n<div class=\"relative p-1 rounded-sm flex items-center justify-center bg-token-main-surface-primary text-token-text-primary h-8 w-8\"><\/div>\n<\/div>\n<\/div>\n<\/div>\n<\/div>\n<div class=\"group\/conversation-turn relative flex w-full min-w-0 flex-col agent-turn\">\n<div class=\"flex-col gap-1 md:gap-3\">\n<div class=\"flex max-w-full flex-col flex-grow\">\n<div class=\"min-h-8 text-message flex w-full flex-col items-end gap-2 whitespace-normal break-words text-start [.text-message+&]:mt-5\" dir=\"auto\" data-message-author-role=\"assistant\" data-message-id=\"8be090eb-c129-489e-9ae6-66407b6deec1\" data-message-model-slug=\"gpt-4o-mini\">\n<div class=\"flex w-full flex-col gap-1 empty:hidden first:pt-[3px]\">\n<div class=\"markdown prose w-full break-words dark:prose-invert light\">\n<p>\u00a0<\/p>\n<hr \/>\n<p><strong>Anillo de Circ\u00f3n Vintage de Lujo para Hombre \u2013 Joyer\u00eda Masculina de Estilo Europeo y Americano<\/strong><\/p>\n<p>Descubre el lujo y la elegancia con nuestro exclusivo anillo de circ\u00f3n, dise\u00f1ado para hombres con estilo. Este anillo de lujo combina lo mejor de las tendencias vintage europeas y americanas, ofreciendo un toque sofisticado para cualquier ocasi\u00f3n. Fabricado con piedras preciosas de imitaci\u00f3n de alta calidad, el circ\u00f3n brilla como un diamante, brindando un resplandor \u00fanico que capturar\u00e1 todas las miradas.<\/p>\n<p>Con un dise\u00f1o robusto y detalles meticulosamente elaborados, este anillo es el accesorio perfecto para aquellos que buscan resaltar su personalidad y destacar en cualquier evento. Ideal para ocasiones especiales o para el uso diario, nuestro anillo de circ\u00f3n es la pieza esencial en la joyer\u00eda masculina moderna.<\/p>\n<p><strong>Caracter\u00edsticas:<\/strong><\/p>\n<ul>\n<li><strong>Piedra:<\/strong> Circ\u00f3n de alta calidad, con brillo y claridad excepcionales.<\/li>\n<li><strong>Dise\u00f1o:<\/strong> Estilo vintage y lujo, inspirado en las tendencias europeas y americanas.<\/li>\n<li><strong>Material:<\/strong> Aleaci\u00f3n met\u00e1lica duradera con acabado pulido.<\/li>\n<li><strong>Tama\u00f1o:<\/strong> Disponible en varias tallas para un ajuste perfecto.<\/li>\n<\/ul>\n<p>\u00a1No dejes pasar la oportunidad de lucir un anillo que exude distinci\u00f3n y elegancia! \u00a1Haz tu pedido ahora y lleva tu estilo al siguiente nivel con nuestro anillo de circ\u00f3n de lujo!<\/p>\n<\/div>\n<\/div>\n<\/div>\n<\/div>\n<\/div>\n<\/div>\n<p style=\"text-align: left\" title=\"Anillos de piedras preciosas de imitaci\u00f3n Vintage de lujo a la moda europea y americana para hombre, joyer\u00eda masculina, anillo de circ\u00f3n, joyer\u00eda\" data-spm-anchor-id=\"a2700.wholesale.0.i52.e9385f5a4lR5rW\">.<\/p>\n","protected":false},"excerpt":{"rendered":"<p>\u2714\ufe0fMaterial: Aleaci\u00f3n.<\/p>\n<p>\u2714\ufe0fDise\u00f1o; Elegante corona de Rey .<\/p>\n<p>\u2714\ufe0fEstilo: Europeo vintage.<\/p>\n<p>\ud83d\udcb5 En la compra de 2 o mas obt\u00e9n un descuento especial<\/p>\n<p>\ud83c\uddec\ud83c\uddf9 Env\u00edos a todo el pais.<\/p>\n","protected":false},"featured_media":3358,"comment_status":"open","ping_status":"closed","template":"","meta":{"_uag_custom_page_level_css":""},"product_cat":[21],"product_tag":[],"jetpack_sharing_enabled":true,"uagb_featured_image_src":{"full":["https:\/\/genios-gt.com\/wp-content\/uploads\/2024\/06\/Anotacion-2024-06-14-173044.jpg",960,932,false],"thumbnail":["https:\/\/genios-gt.com\/wp-content\/uploads\/2024\/06\/Anotacion-2024-06-14-173044-150x150.jpg",150,150,true],"medium":["https:\/\/genios-gt.com\/wp-content\/uploads\/2024\/06\/Anotacion-2024-06-14-173044-300x291.jpg",300,291,true],"medium_large":["https:\/\/genios-gt.com\/wp-content\/uploads\/2024\/06\/Anotacion-2024-06-14-173044-768x746.jpg",640,622,true],"large":["https:\/\/genios-gt.com\/wp-content\/uploads\/2024\/06\/Anotacion-2024-06-14-173044.jpg",640,621,false],"1536x1536":["https:\/\/genios-gt.com\/wp-content\/uploads\/2024\/06\/Anotacion-2024-06-14-173044.jpg",960,932,false],"2048x2048":["https:\/\/genios-gt.com\/wp-content\/uploads\/2024\/06\/Anotacion-2024-06-14-173044.jpg",960,932,false],"mailpoet_newsletter_max":["https:\/\/genios-gt.com\/wp-content\/uploads\/2024\/06\/Anotacion-2024-06-14-173044.jpg",960,932,false],"woocommerce_thumbnail":["https:\/\/genios-gt.com\/wp-content\/uploads\/2024\/06\/Anotacion-2024-06-14-173044-320x311.jpg",320,311,true],"woocommerce_single":["https:\/\/genios-gt.com\/wp-content\/uploads\/2024\/06\/Anotacion-2024-06-14-173044-600x583.jpg",600,583,true],"woocommerce_gallery_thumbnail":["https:\/\/genios-gt.com\/wp-content\/uploads\/2024\/06\/Anotacion-2024-06-14-173044-100x100.jpg",100,100,true],"variation_swatches_image_size":["https:\/\/genios-gt.com\/wp-content\/uploads\/2024\/06\/Anotacion-2024-06-14-173044-50x50.jpg",50,50,true],"variation_swatches_tooltip_size":["https:\/\/genios-gt.com\/wp-content\/uploads\/2024\/06\/Anotacion-2024-06-14-173044-100x100.jpg",100,100,true],"thaps-thumb-img":["https:\/\/genios-gt.com\/wp-content\/uploads\/2024\/06\/Anotacion-2024-06-14-173044-48x47.jpg",48,47,true]},"uagb_author_info":{"display_name":"Yemito","author_link":"https:\/\/genios-gt.com\/index.php\/author\/"},"uagb_comment_info":0,"uagb_excerpt":"\u2714\ufe0fMaterial: Aleaci\u00f3n. \u2714\ufe0fDise\u00f1o; Elegante corona de Rey . \u2714\ufe0fEstilo: Europeo vintage. \ud83d\udcb5 En la compra de 2 o mas obt\u00e9n un descuento especial \ud83c\uddec\ud83c\uddf9 Env\u00edos a todo el pais.","_links":{"self":[{"href":"https:\/\/genios-gt.com\/index.php\/wp-json\/wp\/v2\/product\/3357"}],"collection":[{"href":"https:\/\/genios-gt.com\/index.php\/wp-json\/wp\/v2\/product"}],"about":[{"href":"https:\/\/genios-gt.com\/index.php\/wp-json\/wp\/v2\/types\/product"}],"replies":[{"embeddable":true,"href":"https:\/\/genios-gt.com\/index.php\/wp-json\/wp\/v2\/comments?post=3357"}],"wp:featuredmedia":[{"embeddable":true,"href":"https:\/\/genios-gt.com\/index.php\/wp-json\/wp\/v2\/media\/3358"}],"wp:attachment":[{"href":"https:\/\/genios-gt.com\/index.php\/wp-json\/wp\/v2\/media?parent=3357"}],"wp:term":[{"taxonomy":"product_cat","embeddable":true,"href":"https:\/\/genios-gt.com\/index.php\/wp-json\/wp\/v2\/product_cat?post=3357"},{"taxonomy":"product_tag","embeddable":true,"href":"https:\/\/genios-gt.com\/index.php\/wp-json\/wp\/v2\/product_tag?post=3357"}],"curies":[{"name":"wp","href":"https:\/\/api.w.org\/{rel}","templated":true}]}}