{"id":3263,"date":"2024-02-07T14:16:53","date_gmt":"2024-02-07T20:16:53","guid":{"rendered":"https:\/\/genios-gt.com\/?post_type=product&#038;p=3263"},"modified":"2024-09-27T20:59:18","modified_gmt":"2024-09-28T02:59:18","slug":"corbata-de-aguila","status":"publish","type":"product","link":"https:\/\/genios-gt.com\/index.php\/producto\/corbata-de-aguila\/","title":{"rendered":"CORBATA DE AGUILA"},"content":{"rendered":"<p>TE CONSEDEMOS EL DESEO DE VERTE BIEN!<br \/>\n<!--more--><\/p>\n<p>Dist\u00ednguete por tu forma de vestir, olv\u00eddate de las corbatas tradicionales y aburridas, marca la diferencia con los dise\u00f1os que te aran lucir mejor. Recuerda vivimos en una sociedad que como te ven te tratan!<\/p>\n<h2>Acerca de este art\u00edculo<\/h2>\n<ul>\n<li><strong>Material de alta calidad:<\/strong> nuestra corbata unisex de alta calidad y durabilidad, con acero inoxidable est\u00e1 de moda y se siente muy c\u00f3moda.<\/li>\n<li>Tama\u00f1o ajustable: la longitud de la cuerda es de 103 cm, la longitud de la punta es de 3,3 cm; di\u00e1metro del colgante de 3,3 cm, puedes deslizar el colgante para ajustar la longitud de la corbata.<\/li>\n<li><strong>Estilo Vintage:<\/strong> este producto especial es ideal como un collar de cuero moderno y se puede llevar como desees. Con un dise\u00f1o Retro pero a la vez moderno, la cuerda de la corbata Bolo se puede ajustar libremente para darte un aspecto perfectamente complementario.<\/li>\n<li><strong>Regalo ideal:<\/strong> nuestra corbata dorada es un art\u00edculo de regalo perfecto y apreciado para los fans de Bolo Tie y cualquier persona moderna que aprecie dise\u00f1os \u00fanicos. Las joyas vintage son ideales para cumplea\u00f1os, graduaciones, vacaciones, Navidad, aniversario, fiesta o cualquier ocasi\u00f3n de regalo.<\/li>\n<li><strong>Compra 100% segura:<\/strong> nos esforzamos en cumplir tus deseos con productos que te satisfagan completamente, incluso a los clientes m\u00e1s exigentes y estamos orgullosos y seguros de todo lo que creamos. Por eso, te damos la oportunidad de probar nuestra corbata de cuero Bolo Tie y si por cualquier raz\u00f3n crees que no es adecuada para ti, estaremos encantados de reembolsar cada centavo<\/li>\n<\/ul>\n<p>\u00a0<\/p>\n<p>Detalles del art\u00edculo<\/p>\n<ul>\n<li>Producto de importaci\u00f3n<\/li>\n<li>bolo vintage para hombre y mujer<\/li>\n<li>collar ovalado con piedra turquesa cord\u00f3n trenzado de cuero legitimo<\/li>\n<\/ul>\n<ul>\n<li>Descripci\u00f3n:<\/li>\n<li>Longitud de la cuerda: 100 cm (39 pulgadas)<\/li>\n<li>Tama\u00f1o del producto principal: 4.8\u00d75.2cm (1.9x2inch)<\/li>\n<li>Metal: piedra turquesa , cuerda de cuero tejida a mano, aleaci\u00f3n de zinc<\/li>\n<li>Uso: ajuste la hebilla en la parte posterior del collar. \u00daselo con camisas, trajes y ropa casual.<\/li>\n<li>Regalo para Navidad, cumplea\u00f1os, d\u00eda , d\u00eda de acci\u00f3n de gracias, aniversario, boda, etc.<\/li>\n<li>El paquete incluye:<\/li>\n<li>Bolo de 1 pieza<\/li>\n<li>Nota:<\/li>\n<li>1.Debido a la iluminaci\u00f3n y la pantalla, habr\u00e1 una peque\u00f1a diferencia de color.<\/li>\n<li>2.Se mide manualmente. Permita una diferencia de 2-3 cm con respecto a la tabla de tallas.<\/li>\n<\/ul>\n<p>\u00a0<\/p>\n","protected":false},"excerpt":{"rendered":"<p><span class=\"fe5nidar khvhiq1o r5qsrrlp i5tg98hk f9ovudaz przvwfww gx1rr48f gfz4du6o r7fjleex nz2484kf svot0ezm dcnh1tix sxl192xd t3g6t33p\"><span class=\"mpj7bzys xzlurrtv\">\u2714\ufe0f<\/span><\/span>Material: Cord\u00f3n de Cuero.\u00a0 Puntas y Bot\u00f3n: Acero, Metal.<\/p>\n<p>\u2714\ufe0fDise\u00f1o; Bot\u00f3n de \u00c1guila.<\/p>\n<p>\u2714\ufe0fEstilo: Retro Vintage.<\/p>\n<p>\ud83d\udcb5\u00a0En la compra de 2 o mas obt\u00e9n un descuento especial<\/p>\n<p>\ud83c\uddec\ud83c\uddf9\u00a0Env\u00edos a todo el pais.<\/p>\n<p>&nbsp;<\/p>\n","protected":false},"featured_media":3610,"comment_status":"open","ping_status":"closed","template":"","meta":{"_uag_custom_page_level_css":""},"product_cat":[68],"product_tag":[],"jetpack_sharing_enabled":true,"uagb_featured_image_src":{"full":["https:\/\/genios-gt.com\/wp-content\/uploads\/2024\/02\/AGUILAS-GRANDES.jpg",1000,1239,false],"thumbnail":["https:\/\/genios-gt.com\/wp-content\/uploads\/2024\/02\/AGUILAS-GRANDES-150x150.jpg",150,150,true],"medium":["https:\/\/genios-gt.com\/wp-content\/uploads\/2024\/02\/AGUILAS-GRANDES-242x300.jpg",242,300,true],"medium_large":["https:\/\/genios-gt.com\/wp-content\/uploads\/2024\/02\/AGUILAS-GRANDES-768x952.jpg",640,793,true],"large":["https:\/\/genios-gt.com\/wp-content\/uploads\/2024\/02\/AGUILAS-GRANDES-826x1024.jpg",640,793,true],"1536x1536":["https:\/\/genios-gt.com\/wp-content\/uploads\/2024\/02\/AGUILAS-GRANDES.jpg",1000,1239,false],"2048x2048":["https:\/\/genios-gt.com\/wp-content\/uploads\/2024\/02\/AGUILAS-GRANDES.jpg",1000,1239,false],"mailpoet_newsletter_max":["https:\/\/genios-gt.com\/wp-content\/uploads\/2024\/02\/AGUILAS-GRANDES.jpg",1000,1239,false],"woocommerce_thumbnail":["https:\/\/genios-gt.com\/wp-content\/uploads\/2024\/02\/AGUILAS-GRANDES-320x396.jpg",320,396,true],"woocommerce_single":["https:\/\/genios-gt.com\/wp-content\/uploads\/2024\/02\/AGUILAS-GRANDES-600x743.jpg",600,743,true],"woocommerce_gallery_thumbnail":["https:\/\/genios-gt.com\/wp-content\/uploads\/2024\/02\/AGUILAS-GRANDES-100x100.jpg",100,100,true],"variation_swatches_image_size":["https:\/\/genios-gt.com\/wp-content\/uploads\/2024\/02\/AGUILAS-GRANDES-50x50.jpg",50,50,true],"variation_swatches_tooltip_size":["https:\/\/genios-gt.com\/wp-content\/uploads\/2024\/02\/AGUILAS-GRANDES-100x100.jpg",100,100,true],"thaps-thumb-img":["https:\/\/genios-gt.com\/wp-content\/uploads\/2024\/02\/AGUILAS-GRANDES-48x59.jpg",48,59,true]},"uagb_author_info":{"display_name":"Yemito","author_link":"https:\/\/genios-gt.com\/index.php\/author\/"},"uagb_comment_info":0,"uagb_excerpt":"\u2714\ufe0fMaterial: Cord\u00f3n de Cuero.\u00a0 Puntas y Bot\u00f3n: Acero, Metal. \u2714\ufe0fDise\u00f1o; Bot\u00f3n de \u00c1guila. \u2714\ufe0fEstilo: Retro Vintage. \ud83d\udcb5\u00a0En la compra de 2 o mas obt\u00e9n un descuento especial \ud83c\uddec\ud83c\uddf9\u00a0Env\u00edos a todo el pais. &nbsp;","_links":{"self":[{"href":"https:\/\/genios-gt.com\/index.php\/wp-json\/wp\/v2\/product\/3263"}],"collection":[{"href":"https:\/\/genios-gt.com\/index.php\/wp-json\/wp\/v2\/product"}],"about":[{"href":"https:\/\/genios-gt.com\/index.php\/wp-json\/wp\/v2\/types\/product"}],"replies":[{"embeddable":true,"href":"https:\/\/genios-gt.com\/index.php\/wp-json\/wp\/v2\/comments?post=3263"}],"wp:featuredmedia":[{"embeddable":true,"href":"https:\/\/genios-gt.com\/index.php\/wp-json\/wp\/v2\/media\/3610"}],"wp:attachment":[{"href":"https:\/\/genios-gt.com\/index.php\/wp-json\/wp\/v2\/media?parent=3263"}],"wp:term":[{"taxonomy":"product_cat","embeddable":true,"href":"https:\/\/genios-gt.com\/index.php\/wp-json\/wp\/v2\/product_cat?post=3263"},{"taxonomy":"product_tag","embeddable":true,"href":"https:\/\/genios-gt.com\/index.php\/wp-json\/wp\/v2\/product_tag?post=3263"}],"curies":[{"name":"wp","href":"https:\/\/api.w.org\/{rel}","templated":true}]}}